{"id":220,"date":"2019-07-03T13:27:05","date_gmt":"2019-07-03T12:27:05","guid":{"rendered":"https:\/\/test.www.planetgv.si\/?page_id=220"},"modified":"2026-03-10T13:50:48","modified_gmt":"2026-03-10T12:50:48","slug":"prijava","status":"publish","type":"page","link":"https:\/\/www.planetgv.si\/zrf\/prijava\/","title":{"rendered":"Prijava"},"content":{"rendered":"<div id='av_section_1'  class='avia-section av-lv3m-111327a077a42f254663cf2db71e2475 main_color avia-section-large avia-no-border-styling  avia-builder-el-0  el_before_av_section  avia-builder-el-first  banner avia-bg-style-scroll av-minimum-height av-minimum-height-custom av-height-custom  container_wrap fullsize'   data-av_minimum_height_px='470'><div class='container av-section-cont-open' style='height:470px'><main  role=\"main\" itemprop=\"mainContentOfPage\"  class='template-page content  av-content-full alpha units'><div class='post-entry post-entry-type-page post-entry-220'><div class='entry-content-wrapper clearfix'>\n\n<style type=\"text\/css\" data-created_by=\"avia_inline_auto\" id=\"style-css-av-23ru-7ef61b0891ec58b174515093af5ef491\">\n.flex_column.av-23ru-7ef61b0891ec58b174515093af5ef491{\nborder-radius:0px 0px 0px 0px;\npadding:0px 0px 0px 0px;\n}\n<\/style>\n<div  class='flex_column av-23ru-7ef61b0891ec58b174515093af5ef491 av_one_full  avia-builder-el-1  avia-builder-el-no-sibling  first flex_column_div av-zero-column-padding  '     ><section  class='av_textblock_section av-jxk287n1-daf6901d14470a303e5a4d6391051a5d '   itemscope=\"itemscope\" itemtype=\"https:\/\/schema.org\/CreativeWork\" ><div class='avia_textblock ow-text-light'  itemprop=\"text\" ><h1>Prijavite se<\/h1>\n<\/div><\/section><\/div>\n\n<\/div><\/div><\/main><!-- close content main element --><\/div><\/div><div id='av_section_2'  class='avia-section av-jxn7q2om-ee6715b1d591b03e220726f501c12e41 main_color avia-section-default avia-no-border-styling  avia-builder-el-3  el_after_av_section  el_before_av_textblock  ow-text-light p-100 ow-bg-dark avia-bg-style-scroll container_wrap fullsize'  ><div class='container av-section-cont-open' ><div class='template-page content  av-content-full alpha units'><div class='post-entry post-entry-type-page post-entry-220'><div class='entry-content-wrapper clearfix'>\n\n<style type=\"text\/css\" data-created_by=\"avia_inline_auto\" id=\"style-css-av-kl7y8dv4-9f97a9efd10b8c3f5bbed6b712922130\">\n#top .hr.hr-invisible.av-kl7y8dv4-9f97a9efd10b8c3f5bbed6b712922130{\nheight:50px;\n}\n<\/style>\n<div  class='hr av-kl7y8dv4-9f97a9efd10b8c3f5bbed6b712922130 hr-invisible  avia-builder-el-4  el_before_av_textblock  avia-builder-el-first '><span class='hr-inner '><span class=\"hr-inner-style\"><\/span><\/span><\/div>\n<section  class='av_textblock_section av-jxn7kr0g-429cb46c7933956a8666a04b4d847184 '   itemscope=\"itemscope\" itemtype=\"https:\/\/schema.org\/CreativeWork\" ><div class='avia_textblock'  itemprop=\"text\" ><p style=\"text-align: center\">Zdravstveni razvojni forum bo potekal hibridno!<\/p>\n<p style=\"text-align: center\">Na dogodku se nam boste lahko pridru\u017eili v \u017eivo 4. in 5. marca 2027 v Grand Hotelu Bernardin, v Portoro\u017eu. Ponujamo pa vam tudi mo\u017enost, da dogodek spremljate prek spleta.<\/p>\n<\/div><\/section>\n<section  class='av_textblock_section av-jxn7kr0g-11-7eb2bceecefc7f7c10f735fef276e440 '   itemscope=\"itemscope\" itemtype=\"https:\/\/schema.org\/CreativeWork\" ><div class='avia_textblock'  itemprop=\"text\" ><div class=\"ow-prices-wrap\"><div class=\"ow-single-price\"><div class=\"ow-single-price-content ow-bg-light ow-text-body\"><div class=\"ow-single-price-header text-center ow-bg-color\"><h3 class=\"ow-text-light\">Prva zgodnja prijava<\/h3><\/div><div class=\"ow-single-price-text\"><p>Kotizacija vklju\u010duje:<\/p>\n<ul>\n<li>vstop na vsa predavanja,<\/li>\n<li>pogostitve med odmori,<\/li>\n<li>ve\u010derno dru\u017eenje,<\/li>\n<li>e-zbornik gradiv,<\/li>\n<li>mre\u017eenje s 150+ udele\u017eenci in predavatelji,<\/li>\n<li>potrdilo o udele\u017ebi.<\/li>\n<\/ul>\n<p>V ceno ni vklju\u010den DDV.<\/p>\n<p>Cena zgodnje prijave je na voljo le \u0161e do 31. 10. 2026<\/p><\/div><div class=\"ow-single-price-footer\"><div class=\"ow-price-wrap text-center\" data-early = \"1\"><span class=\"ow-early-bird-price\">460&euro;<\/span><span class=\"ow-regular-price\">510&euro;<\/span><\/div><div class=\"ow-text-light\"><div  class='avia-button-wrap av-av_button-6b9789a2bd76fb8639261474122090c6-wrap avia-button-center '><a href='https:\/\/www.planetgv.si\/zrf\/checkout\/?add-to-cart=1344&variation_id=4626&quantity=1&attr-type=tip-prijave'  class='avia-button av-av_button-6b9789a2bd76fb8639261474122090c6 av-link-btn avia-icon_select-yes-left-icon avia-size-large avia-position-center avia-color-pink'   aria-label=\"\u017delim se prijaviti\"><span class='avia_button_icon avia_button_icon_left avia-svg-icon avia-font-svg_entypo-fontello' data-av_svg_icon='' data-av_iconset='svg_entypo-fontello'><\/span><span class='avia_iconbox_title' >\u017delim se prijaviti<\/span><\/a><\/div><\/div><\/div><\/div><\/div><\/div>\n<\/div><\/section>\n<\/div><\/div><\/div><!-- close content main div --><\/div><\/div><div id='after_section_2'  class='main_color av_default_container_wrap container_wrap fullsize'  ><div class='container av-section-cont-open' ><div class='template-page content  av-content-full alpha units'><div class='post-entry post-entry-type-page post-entry-220'><div class='entry-content-wrapper clearfix'><section  class='av_textblock_section av-jxn7kr0g-10-d810660b6901a108320ca2d954d77b6d '   itemscope=\"itemscope\" itemtype=\"https:\/\/schema.org\/CreativeWork\" ><div class='av-desktop-hide av-medium-hide av-small-hide av-mini-hide avia_textblock ow-text-color mt-100'  itemprop=\"text\" ><p style=\"text-align: center\"><strong>SKUPINSKI POPUSTI IN POSEBNE PRIJAVE:<br \/>\n<\/strong><\/p>\n<\/div><\/section><\/p>\n<section  class='av_textblock_section av-jxn7kr0g-9-e875a951ac09b4c99906f74c95fc2e17 '   itemscope=\"itemscope\" itemtype=\"https:\/\/schema.org\/CreativeWork\" ><div class='av-desktop-hide av-medium-hide av-small-hide av-mini-hide avia_textblock'  itemprop=\"text\" ><p style=\"text-align: center\">Za vas smo pripravili posebne skupinske pakete s popusti!<\/p>\n<ul style=\"text-align: center\">\n<li style=\"text-align: left\"><strong>Osnovni skupinski paket<\/strong>: Vklju\u010duje 2 pla\u010dljivi kotizaciji, ob tem pa prejmete dodatno 5 virtualnih kotizacij brezpla\u010dno.<\/li>\n<li style=\"text-align: left\"><strong>Raz\u0161irjeni skupinski paket<\/strong>: Ta paket obsega 4 pla\u010dljive kotizacije, poleg tega pa vam nudimo 1 dodatno brezpla\u010dno kotizacijo v \u017eivo in 10 brezpla\u010dnih virtualnih kotizacij.<\/li>\n<li style=\"text-align: left\"><strong>Premium skupinski paket<\/strong>: Zajema 6 pla\u010dljivih kotizacij in vam prina\u0161a 2 brezpla\u010dni kotizaciji ter 20 brezpla\u010dnih virtualnih kotizacij.<\/li>\n<li style=\"text-align: left\"><strong>Brezmejni skupinski paket<\/strong>: Zajema 9\u00a0pla\u010dljivih kotizacij in vam prina\u0161a 3 brezpla\u010dni kotizaciji ter neomejeno \u0161tevilo brezpla\u010dnih virtualnih kotizacij.<\/li>\n<\/ul>\n<p style=\"text-align: center\">\n<p style=\"text-align: center\">Vsi zgoraj navedeni popusti se obra\u010dunajo ro\u010dno po oddani prijavi. Komentarje vpi\u0161ite v opombe.<\/p>\n<p style=\"text-align: center\">Za redne \u0161tudente, ki so stari do vklju\u010dno 26 let, je na voljo \u0161tudentska kotizacija, ki zna\u0161a 90 EUR z DDV. Ob prijavi v opombe vpi\u0161ite \u0160TUDENT ter po\u0161ljite pisno dokazilo na mail prijave@planetgv.si.<\/p>\n<\/div><\/section>\n<section  class='av_textblock_section av-jxn7kr0g-8-6fd09e00dad267ce9e5534d725d35075 '   itemscope=\"itemscope\" itemtype=\"https:\/\/schema.org\/CreativeWork\" ><div class='avia_textblock ow-text-color mt-100'  itemprop=\"text\" ><p style=\"text-align: center\"><strong>POGOJI PRIJAVE IN ODJAVE:<\/strong><\/p>\n<\/div><\/section>\n<section  class='av_textblock_section av-jxn7kr0g-7-6999cd1b3750f48a5fdbcd458361b73f '   itemscope=\"itemscope\" itemtype=\"https:\/\/schema.org\/CreativeWork\" ><div class='avia_textblock'  itemprop=\"text\" ><p style=\"text-align: center\">Ugodnej\u0161e cene kotizacij veljajo ob prijavi in pla\u010dilu kotizacije do navedenega datuma.<br \/>\nNepla\u010dilo predra\u010duna in\/ali neudele\u017eba na konferenci ne pomeni avtomatske odjave s konference. V primeru, da se \u017eelite odjaviti morate to pisno sporo\u010diti na prijave@planetgv.si<br \/>\nOdjava z dogodka brez stro\u0161kov je mo\u017ena do 4 delovne dni pred dogodkom. Zadnji dan za odjavo brez stro\u0161kov je 1. marec 2026 do 23:59.<br \/>\nPri odjavi, ki bo posredovana po tem datumu, vam bomo kotizacijo zara\u010dunali v celoti.<br \/>\n\u010ce udele\u017eba \u017ee prijavljene osebe ni mo\u017ena, lahko prijavite nadomestnega udele\u017eenca.<\/p>\n<p style=\"text-align: center\">\n<\/div><\/section>\n<section  class='av_textblock_section av-jxn7kr0g-6-6d56795e095577841863db608d503804 '   itemscope=\"itemscope\" itemtype=\"https:\/\/schema.org\/CreativeWork\" ><div class='av-desktop-hide av-medium-hide av-small-hide av-mini-hide avia_textblock ow-text-color mt-100'  itemprop=\"text\" ><p style=\"text-align: center\"><strong>POSAMEZNI DNEVI<br \/>\n<\/strong><\/p>\n<\/div><\/section>\n<section  class='av_textblock_section av-jxn7kr0g-5-1679893a62ce5016d335e8abffbc90da '   itemscope=\"itemscope\" itemtype=\"https:\/\/schema.org\/CreativeWork\" ><div class='av-desktop-hide av-medium-hide av-small-hide av-mini-hide avia_textblock'  itemprop=\"text\" ><div class=\"ow-prices-wrap\"><div class=\"ow-single-price\"><div class=\"ow-single-price-content ow-bg-light ow-text-body\"><div class=\"ow-single-price-header text-center ow-bg-dark\"><h3 class=\"ow-text-light\">Prva zgodnja prijava<\/h3><\/div><div class=\"ow-single-price-text\"><p>Kotizacija vklju\u010duje:<\/p>\n<ul>\n<li>vstop na vsa predavanja,<\/li>\n<li>pogostitve med odmori,<\/li>\n<li>ve\u010derno dru\u017eenje,<\/li>\n<li>e-zbornik gradiv,<\/li>\n<li>mre\u017eenje s 150+ udele\u017eenci in predavatelji,<\/li>\n<li>potrdilo o udele\u017ebi.<\/li>\n<\/ul>\n<p>V ceno ni vklju\u010den DDV.<\/p>\n<p>Cena zgodnje prijave je na voljo le \u0161e do 31. 10. 2026<\/p><\/div><div class=\"ow-single-price-footer\"><div class=\"ow-price-wrap text-center\" data-early = \"1\"><span class=\"ow-early-bird-price\">460&euro;<\/span><span class=\"ow-regular-price\">510&euro;<\/span><\/div><div class=\"ow-text-light\"><div  class='avia-button-wrap av-av_button-6b9789a2bd76fb8639261474122090c6-wrap avia-button-center '><a href='https:\/\/www.planetgv.si\/zrf\/checkout\/?add-to-cart=1344&variation_id=4626&quantity=1&attr-type=tip-prijave'  class='avia-button av-av_button-6b9789a2bd76fb8639261474122090c6 av-link-btn avia-icon_select-yes-left-icon avia-size-large avia-position-center avia-color-pink'   aria-label=\"\u017delim se prijaviti\"><span class='avia_button_icon avia_button_icon_left avia-svg-icon avia-font-svg_entypo-fontello' data-av_svg_icon='' data-av_iconset='svg_entypo-fontello'><\/span><span class='avia_iconbox_title' >\u017delim se prijaviti<\/span><\/a><\/div><\/div><\/div><\/div><\/div><\/div>\n<\/div><\/section>\n<\/div><\/div><\/div><!-- close content main div --><\/div><\/div><div id='av_section_3'  class='avia-section av-jxn7q2om-12-9ca1a4efa770ad251a0e287ab8d840bf main_color avia-section-default avia-no-border-styling  avia-builder-el-13  el_after_av_textblock  el_before_av_textblock  av-desktop-hide av-medium-hide av-small-hide av-mini-hide avia-bg-style-scroll container_wrap fullsize'  ><div class='container av-section-cont-open' ><div class='template-page content  av-content-full alpha units'><div class='post-entry post-entry-type-page post-entry-220'><div class='entry-content-wrapper clearfix'>\n<section  class='av_textblock_section av-jxn7kr0g-4-ec73a7e17ff38f35ff69f7051968806d '   itemscope=\"itemscope\" itemtype=\"https:\/\/schema.org\/CreativeWork\" ><div class='avia_textblock'  itemprop=\"text\" ><\/div><\/section>\n<section  class='av_textblock_section av-jxn7kr0g-3-7e44841da14e06be588f1521d1866286 '   itemscope=\"itemscope\" itemtype=\"https:\/\/schema.org\/CreativeWork\" ><div class='avia_textblock ow-text-color mt-100'  itemprop=\"text\" ><p style=\"text-align: center\"><strong>NE SPREGLEJTE POSEBNE PONUDBE<\/strong><\/p>\n<\/div><\/section>\n<section  class='av_textblock_section av-jxn7kr0g-2-a7e110ddbb40b940dff7bcee899ee1d8 '   itemscope=\"itemscope\" itemtype=\"https:\/\/schema.org\/CreativeWork\" ><div class='avia_textblock'  itemprop=\"text\" ><h2 style=\"text-align: center\">Combo paket &#8211; 2 dogodka 1 cena<\/h2>\n<p style=\"text-align: center\">Combo paket je vezan na podjetje, ne na osebo.<\/p>\n<\/div><\/section>\n<section  class='av_textblock_section av-jxn7kr0g-1-d97ecfd479dc87568c7eef6a51f68584 '   itemscope=\"itemscope\" itemtype=\"https:\/\/schema.org\/CreativeWork\" ><div class='avia_textblock mb-100'  itemprop=\"text\" ><div class=\"ow-prices-wrap\"><div class=\"ow-single-price\"><div class=\"ow-single-price-content ow-bg-light ow-text-body\"><div class=\"ow-single-price-header text-center ow-bg-dark\"><h3 class=\"ow-text-light\">Prva zgodnja prijava<\/h3><\/div><div class=\"ow-single-price-text\"><p>Kotizacija vklju\u010duje:<\/p>\n<ul>\n<li>vstop na vsa predavanja,<\/li>\n<li>pogostitve med odmori,<\/li>\n<li>ve\u010derno dru\u017eenje,<\/li>\n<li>e-zbornik gradiv,<\/li>\n<li>mre\u017eenje s 150+ udele\u017eenci in predavatelji,<\/li>\n<li>potrdilo o udele\u017ebi.<\/li>\n<\/ul>\n<p>V ceno ni vklju\u010den DDV.<\/p>\n<p>Cena zgodnje prijave je na voljo le \u0161e do 31. 10. 2026<\/p><\/div><div class=\"ow-single-price-footer\"><div class=\"ow-price-wrap text-center\" data-early = \"1\"><span class=\"ow-early-bird-price\">460&euro;<\/span><span class=\"ow-regular-price\">510&euro;<\/span><\/div><div class=\"ow-text-light\"><div  class='avia-button-wrap av-av_button-6b9789a2bd76fb8639261474122090c6-wrap avia-button-center '><a href='https:\/\/www.planetgv.si\/zrf\/checkout\/?add-to-cart=1344&variation_id=4626&quantity=1&attr-type=tip-prijave'  class='avia-button av-av_button-6b9789a2bd76fb8639261474122090c6 av-link-btn avia-icon_select-yes-left-icon avia-size-large avia-position-center avia-color-pink'   aria-label=\"\u017delim se prijaviti\"><span class='avia_button_icon avia_button_icon_left avia-svg-icon avia-font-svg_entypo-fontello' data-av_svg_icon='' data-av_iconset='svg_entypo-fontello'><\/span><span class='avia_iconbox_title' >\u017delim se prijaviti<\/span><\/a><\/div><\/div><\/div><\/div><\/div><\/div>\n<\/div><\/section>\n<\/div><\/div><\/div><!-- close content main div --><\/div><\/div><div id='after_section_3'  class='main_color av_default_container_wrap container_wrap fullsize'  ><div class='container av-section-cont-open' ><div class='template-page content  av-content-full alpha units'><div class='post-entry post-entry-type-page post-entry-220'><div class='entry-content-wrapper clearfix'>\n<section  class='av_textblock_section av-k3a8nkzm-dfd7d85e2fbf86c79f12ed3816ddcfd2 '   itemscope=\"itemscope\" itemtype=\"https:\/\/schema.org\/CreativeWork\" ><div class='av-desktop-hide av-medium-hide av-small-hide av-mini-hide avia_textblock'  itemprop=\"text\" ><p style=\"text-align: center\">Odjava z dogodka brez stro\u0161kov je mo\u017ena do 4 delovne dni pred dogodkom. Odjava mora biti poslana v pisni obliki na naslov prijave@planetgv.si . \u010ce se boste odjavili 3 delovne dni pred dogodkom, vam bomo zara\u010dunali administrativne stro\u0161ke v vi\u0161ini 30 % kotizacije. Pri poznej\u0161i odjavi ali v primeru, da odjava ni bila pisno poslana vam bomo kotizacijo zara\u010dunali v celoti.<\/p>\n<\/div><\/section>\n","protected":false},"excerpt":{"rendered":"","protected":false},"author":1,"featured_media":6855,"parent":0,"menu_order":0,"comment_status":"closed","ping_status":"closed","template":"","meta":{"footnotes":""},"acf":[],"yoast_head":"<!-- This site is optimized with the Yoast SEO plugin v22.6 - https:\/\/yoast.com\/wordpress\/plugins\/seo\/ -->\n<title>Prijava - Zdravstveni razvojni forum<\/title>\n<meta name=\"robots\" content=\"index, follow, max-snippet:-1, max-image-preview:large, max-video-preview:-1\" \/>\n<link rel=\"canonical\" href=\"https:\/\/www.planetgv.si\/zrf\/prijava\/\" \/>\n<meta property=\"og:locale\" content=\"sl_SI\" \/>\n<meta property=\"og:type\" content=\"article\" \/>\n<meta property=\"og:title\" content=\"Prijava - Zdravstveni razvojni forum\" \/>\n<meta property=\"og:url\" content=\"https:\/\/www.planetgv.si\/zrf\/prijava\/\" \/>\n<meta property=\"og:site_name\" content=\"Zdravstveni razvojni forum\" \/>\n<meta property=\"article:modified_time\" content=\"2026-03-10T12:50:48+00:00\" \/>\n<meta property=\"og:image\" content=\"https:\/\/www.planetgv.si\/wp-content\/uploads\/sites\/14\/2025\/03\/ZRF26_OG-Image_1200x630px-1.png\" \/>\n\t<meta property=\"og:image:width\" content=\"1200\" \/>\n\t<meta property=\"og:image:height\" content=\"630\" \/>\n\t<meta property=\"og:image:type\" content=\"image\/png\" \/>\n<meta name=\"twitter:card\" content=\"summary_large_image\" \/>\n<meta name=\"twitter:label1\" content=\"Est. reading time\" \/>\n\t<meta name=\"twitter:data1\" content=\"2 minuti\" \/>\n<script type=\"application\/ld+json\" class=\"yoast-schema-graph\">{\"@context\":\"https:\/\/schema.org\",\"@graph\":[{\"@type\":\"WebPage\",\"@id\":\"https:\/\/www.planetgv.si\/zrf\/prijava\/\",\"url\":\"https:\/\/www.planetgv.si\/zrf\/prijava\/\",\"name\":\"Prijava - Zdravstveni razvojni forum\",\"isPartOf\":{\"@id\":\"https:\/\/www.planetgv.si\/zrf\/#website\"},\"primaryImageOfPage\":{\"@id\":\"https:\/\/www.planetgv.si\/zrf\/prijava\/#primaryimage\"},\"image\":{\"@id\":\"https:\/\/www.planetgv.si\/zrf\/prijava\/#primaryimage\"},\"thumbnailUrl\":\"https:\/\/www.planetgv.si\/wp-content\/uploads\/sites\/14\/2026\/03\/ZRF27_OG-Image_1200x630px.png\",\"datePublished\":\"2019-07-03T12:27:05+00:00\",\"dateModified\":\"2026-03-10T12:50:48+00:00\",\"breadcrumb\":{\"@id\":\"https:\/\/www.planetgv.si\/zrf\/prijava\/#breadcrumb\"},\"inLanguage\":\"sl-SI\",\"potentialAction\":[{\"@type\":\"ReadAction\",\"target\":[\"https:\/\/www.planetgv.si\/zrf\/prijava\/\"]}]},{\"@type\":\"ImageObject\",\"inLanguage\":\"sl-SI\",\"@id\":\"https:\/\/www.planetgv.si\/zrf\/prijava\/#primaryimage\",\"url\":\"https:\/\/www.planetgv.si\/wp-content\/uploads\/sites\/14\/2026\/03\/ZRF27_OG-Image_1200x630px.png\",\"contentUrl\":\"https:\/\/www.planetgv.si\/wp-content\/uploads\/sites\/14\/2026\/03\/ZRF27_OG-Image_1200x630px.png\",\"width\":5000,\"height\":2625},{\"@type\":\"BreadcrumbList\",\"@id\":\"https:\/\/www.planetgv.si\/zrf\/prijava\/#breadcrumb\",\"itemListElement\":[{\"@type\":\"ListItem\",\"position\":1,\"name\":\"Home\",\"item\":\"https:\/\/www.planetgv.si\/zrf\/homepage\/\"},{\"@type\":\"ListItem\",\"position\":2,\"name\":\"Prijava\"}]},{\"@type\":\"WebSite\",\"@id\":\"https:\/\/www.planetgv.si\/zrf\/#website\",\"url\":\"https:\/\/www.planetgv.si\/zrf\/\",\"name\":\"Zdravstveni razvojni forum\",\"description\":\"Zdravstveni razvojni forum\",\"publisher\":{\"@id\":\"https:\/\/www.planetgv.si\/zrf\/#organization\"},\"potentialAction\":[{\"@type\":\"SearchAction\",\"target\":{\"@type\":\"EntryPoint\",\"urlTemplate\":\"https:\/\/www.planetgv.si\/zrf\/?s={search_term_string}\"},\"query-input\":\"required name=search_term_string\"}],\"inLanguage\":\"sl-SI\"},{\"@type\":\"Organization\",\"@id\":\"https:\/\/www.planetgv.si\/zrf\/#organization\",\"name\":\"Zdravstveni razvojni forum\",\"url\":\"https:\/\/www.planetgv.si\/zrf\/\",\"logo\":{\"@type\":\"ImageObject\",\"inLanguage\":\"sl-SI\",\"@id\":\"https:\/\/www.planetgv.si\/zrf\/#\/schema\/logo\/image\/\",\"url\":\"https:\/\/www.planetgv.si\/zrf\/wp-content\/uploads\/sites\/14\/2021\/01\/ZRF_logo_400_400.jpg\",\"contentUrl\":\"https:\/\/www.planetgv.si\/zrf\/wp-content\/uploads\/sites\/14\/2021\/01\/ZRF_logo_400_400.jpg\",\"width\":400,\"height\":400,\"caption\":\"Zdravstveni razvojni forum\"},\"image\":{\"@id\":\"https:\/\/www.planetgv.si\/zrf\/#\/schema\/logo\/image\/\"}}]}<\/script>\n<!-- \/ Yoast SEO plugin. -->","yoast_head_json":{"title":"Prijava - Zdravstveni razvojni forum","robots":{"index":"index","follow":"follow","max-snippet":"max-snippet:-1","max-image-preview":"max-image-preview:large","max-video-preview":"max-video-preview:-1"},"canonical":"https:\/\/www.planetgv.si\/zrf\/prijava\/","og_locale":"sl_SI","og_type":"article","og_title":"Prijava - Zdravstveni razvojni forum","og_url":"https:\/\/www.planetgv.si\/zrf\/prijava\/","og_site_name":"Zdravstveni razvojni forum","article_modified_time":"2026-03-10T12:50:48+00:00","og_image":[{"width":1200,"height":630,"url":"https:\/\/www.planetgv.si\/wp-content\/uploads\/sites\/14\/2025\/03\/ZRF26_OG-Image_1200x630px-1.png","type":"image\/png"}],"twitter_card":"summary_large_image","twitter_misc":{"Est. reading time":"2 minuti"},"schema":{"@context":"https:\/\/schema.org","@graph":[{"@type":"WebPage","@id":"https:\/\/www.planetgv.si\/zrf\/prijava\/","url":"https:\/\/www.planetgv.si\/zrf\/prijava\/","name":"Prijava - Zdravstveni razvojni forum","isPartOf":{"@id":"https:\/\/www.planetgv.si\/zrf\/#website"},"primaryImageOfPage":{"@id":"https:\/\/www.planetgv.si\/zrf\/prijava\/#primaryimage"},"image":{"@id":"https:\/\/www.planetgv.si\/zrf\/prijava\/#primaryimage"},"thumbnailUrl":"https:\/\/www.planetgv.si\/wp-content\/uploads\/sites\/14\/2026\/03\/ZRF27_OG-Image_1200x630px.png","datePublished":"2019-07-03T12:27:05+00:00","dateModified":"2026-03-10T12:50:48+00:00","breadcrumb":{"@id":"https:\/\/www.planetgv.si\/zrf\/prijava\/#breadcrumb"},"inLanguage":"sl-SI","potentialAction":[{"@type":"ReadAction","target":["https:\/\/www.planetgv.si\/zrf\/prijava\/"]}]},{"@type":"ImageObject","inLanguage":"sl-SI","@id":"https:\/\/www.planetgv.si\/zrf\/prijava\/#primaryimage","url":"https:\/\/www.planetgv.si\/wp-content\/uploads\/sites\/14\/2026\/03\/ZRF27_OG-Image_1200x630px.png","contentUrl":"https:\/\/www.planetgv.si\/wp-content\/uploads\/sites\/14\/2026\/03\/ZRF27_OG-Image_1200x630px.png","width":5000,"height":2625},{"@type":"BreadcrumbList","@id":"https:\/\/www.planetgv.si\/zrf\/prijava\/#breadcrumb","itemListElement":[{"@type":"ListItem","position":1,"name":"Home","item":"https:\/\/www.planetgv.si\/zrf\/homepage\/"},{"@type":"ListItem","position":2,"name":"Prijava"}]},{"@type":"WebSite","@id":"https:\/\/www.planetgv.si\/zrf\/#website","url":"https:\/\/www.planetgv.si\/zrf\/","name":"Zdravstveni razvojni forum","description":"Zdravstveni razvojni forum","publisher":{"@id":"https:\/\/www.planetgv.si\/zrf\/#organization"},"potentialAction":[{"@type":"SearchAction","target":{"@type":"EntryPoint","urlTemplate":"https:\/\/www.planetgv.si\/zrf\/?s={search_term_string}"},"query-input":"required name=search_term_string"}],"inLanguage":"sl-SI"},{"@type":"Organization","@id":"https:\/\/www.planetgv.si\/zrf\/#organization","name":"Zdravstveni razvojni forum","url":"https:\/\/www.planetgv.si\/zrf\/","logo":{"@type":"ImageObject","inLanguage":"sl-SI","@id":"https:\/\/www.planetgv.si\/zrf\/#\/schema\/logo\/image\/","url":"https:\/\/www.planetgv.si\/zrf\/wp-content\/uploads\/sites\/14\/2021\/01\/ZRF_logo_400_400.jpg","contentUrl":"https:\/\/www.planetgv.si\/zrf\/wp-content\/uploads\/sites\/14\/2021\/01\/ZRF_logo_400_400.jpg","width":400,"height":400,"caption":"Zdravstveni razvojni forum"},"image":{"@id":"https:\/\/www.planetgv.si\/zrf\/#\/schema\/logo\/image\/"}}]}},"_links":{"self":[{"href":"https:\/\/www.planetgv.si\/zrf\/wp-json\/wp\/v2\/pages\/220"}],"collection":[{"href":"https:\/\/www.planetgv.si\/zrf\/wp-json\/wp\/v2\/pages"}],"about":[{"href":"https:\/\/www.planetgv.si\/zrf\/wp-json\/wp\/v2\/types\/page"}],"author":[{"embeddable":true,"href":"https:\/\/www.planetgv.si\/zrf\/wp-json\/wp\/v2\/users\/1"}],"replies":[{"embeddable":true,"href":"https:\/\/www.planetgv.si\/zrf\/wp-json\/wp\/v2\/comments?post=220"}],"version-history":[{"count":5,"href":"https:\/\/www.planetgv.si\/zrf\/wp-json\/wp\/v2\/pages\/220\/revisions"}],"predecessor-version":[{"id":6925,"href":"https:\/\/www.planetgv.si\/zrf\/wp-json\/wp\/v2\/pages\/220\/revisions\/6925"}],"wp:featuredmedia":[{"embeddable":true,"href":"https:\/\/www.planetgv.si\/zrf\/wp-json\/wp\/v2\/media\/6855"}],"wp:attachment":[{"href":"https:\/\/www.planetgv.si\/zrf\/wp-json\/wp\/v2\/media?parent=220"}],"curies":[{"name":"wp","href":"https:\/\/api.w.org\/{rel}","templated":true}]}}