{"id":430,"date":"2019-07-05T08:24:12","date_gmt":"2019-07-05T07:24:12","guid":{"rendered":"https:\/\/test.www.planetgv.si\/?page_id=430"},"modified":"2025-01-16T09:08:09","modified_gmt":"2025-01-16T08:08:09","slug":"dosedanje-nagrajenke","status":"publish","type":"page","link":"https:\/\/www.planetgv.si\/zlati-kamen\/dosedanje-nagrajenke\/","title":{"rendered":"Dosedanji nagrajenci"},"content":{"rendered":"<div id='av_section_1'  class='avia-section av-lv3m-111327a077a42f254663cf2db71e2475 main_color avia-section-large avia-no-border-styling  avia-builder-el-0  el_before_av_section  avia-builder-el-first  banner avia-bg-style-scroll av-minimum-height av-minimum-height-custom av-height-custom  container_wrap fullsize'   data-av_minimum_height_px='470'><div class='container av-section-cont-open' style='height:470px'><main  role=\"main\" itemprop=\"mainContentOfPage\"  class='template-page content  av-content-full alpha units'><div class='post-entry post-entry-type-page post-entry-430'><div class='entry-content-wrapper clearfix'>\n\n<style type=\"text\/css\" data-created_by=\"avia_inline_auto\" id=\"style-css-av-23ru-7ef61b0891ec58b174515093af5ef491\">\n.flex_column.av-23ru-7ef61b0891ec58b174515093af5ef491{\nborder-radius:0px 0px 0px 0px;\npadding:0px 0px 0px 0px;\n}\n<\/style>\n<div  class='flex_column av-23ru-7ef61b0891ec58b174515093af5ef491 av_one_full  avia-builder-el-1  avia-builder-el-no-sibling  first flex_column_div av-zero-column-padding  '     ><section  class='av_textblock_section av-jxk287n1-daf6901d14470a303e5a4d6391051a5d '   itemscope=\"itemscope\" itemtype=\"https:\/\/schema.org\/CreativeWork\" ><div class='avia_textblock ow-text-light'  itemprop=\"text\" ><h1>Dosedanji nagrajenci<\/h1>\n<\/div><\/section><\/div>\n\n<\/div><\/div><\/main><!-- close content main element --><\/div><\/div><div id='av_section_2'  class='avia-section av-jxpr9moa-d18b444c98b4c2e7d38abfa055154728 main_color avia-section-huge avia-no-border-styling  avia-builder-el-3  el_after_av_section  el_before_av_section  ow-nagrajenci-wrap avia-bg-style-scroll container_wrap fullsize'  ><div class='container av-section-cont-open' ><div class='template-page content  av-content-full alpha units'><div class='post-entry post-entry-type-page post-entry-430'><div class='entry-content-wrapper clearfix'>\n\n<style type=\"text\/css\" data-created_by=\"avia_inline_auto\" id=\"style-css-av-2kjfb-bf5ffbfe03d03c8dcb593d6fda86ffd9\">\n.flex_column.av-2kjfb-bf5ffbfe03d03c8dcb593d6fda86ffd9{\nborder-radius:0px 0px 0px 0px;\npadding:0px 0px 0px 0px;\n}\n<\/style>\n<div  class='flex_column av-2kjfb-bf5ffbfe03d03c8dcb593d6fda86ffd9 av_one_full  avia-builder-el-4  el_before_av_one_full  avia-builder-el-first  inline-content first flex_column_div av-zero-column-padding  '     ><p>\n<style type=\"text\/css\" data-created_by=\"avia_inline_auto\" id=\"style-css-av-jxpqlra6-c774556890e57cfa68bbbbdb63401c52\">\n.avia-image-container.av-jxpqlra6-c774556890e57cfa68bbbbdb63401c52 img.avia_image{\nbox-shadow:none;\n}\n.avia-image-container.av-jxpqlra6-c774556890e57cfa68bbbbdb63401c52 .av-image-caption-overlay-center{\ncolor:#ffffff;\n}\n<\/style>\n<div  class='avia-image-container av-jxpqlra6-c774556890e57cfa68bbbbdb63401c52 av-styling-no-styling avia-align-left  avia-builder-el-5  el_before_av_textblock  avia-builder-el-first  img-float'   itemprop=\"image\" itemscope=\"itemscope\" itemtype=\"https:\/\/schema.org\/ImageObject\" ><div class=\"avia-image-container-inner\"><div class=\"avia-image-overlay-wrap\"><img decoding=\"async\" fetchpriority=\"high\" class='wp-image- avia-img-lazy-loading-not- avia_image ' src=\"https:\/\/www.planetgv.si\/zlati-kamen\/wp-content\/uploads\/sites\/12\/2019\/11\/KKK_4717.jpg\" alt='' title=''   itemprop=\"thumbnailUrl\"  \/><\/div><\/div><\/div><br \/>\n<section  class='av_textblock_section av-jxpsgzmc-6d7a92093b74abe0ce439db87e4630c4 '   itemscope=\"itemscope\" itemtype=\"https:\/\/schema.org\/CreativeWork\" ><div class='avia_textblock'  itemprop=\"text\" ><p>Najprodornej\u0161a ob\u010dina leta 2019 je ob\u010dina Novo mesto. Po regijah so zmagale \u0161e ob\u010dine Pivka, \u0160marje pri Jel\u0161ah in Grad.<\/p>\n<\/div><\/section><br \/>\n<section  class='av_textblock_section av-jxpsh5eg-d9a0ff78a2c4d0f9001d4a12ca5f83d8 '   itemscope=\"itemscope\" itemtype=\"https:\/\/schema.org\/CreativeWork\" ><div class='avia_textblock'  itemprop=\"text\" ><p>Zlati kamen je edino in najuglednej\u0161e priznanje na podro\u010dju lokalne samouprave.<\/p>\n<p>Nagrado Zlati kamen podeljujemo razvojno najbolj prodorni ob\u010dini: torej tisti, ki zaradi svoje razvojne, v prihodnost in v dobro vseh ob\u010danov usmerjene dejavnosti pomeni primer dobre prakse in zgled za ostale. Nagrado podeljujemo letno, prvi\u010d pa smo jo podelili leta 2012.<\/p>\n<p><a href=\"http:\/\/www.zlatikamen.si\/clanki\/dobre-prakse\/kako-smo-izbirali-zmagovalca\/\">Podrobnej\u0161a predstavitev kriterijev za izbor je na tej povezavi.<\/a><\/p>\n<\/div><\/section><br \/>\n<section  class='av_textblock_section av-jxpsh5eg-d9a0ff78a2c4d0f9001d4a12ca5f83d8 '   itemscope=\"itemscope\" itemtype=\"https:\/\/schema.org\/CreativeWork\" ><div class='avia_textblock'  itemprop=\"text\" ><p>Ob najbolj ugledni ob\u010dinski nagradi Zlati kamen, na dogodku podeljujemo tudi certifikate za razvojno odli\u010dnost in doseganje standarda ob\u010dine dobrega \u017eivljenja.<\/p>\n<p>Certifikat ISSO Zlati kamen lahko pridobijo ob\u010dine, ki ponujajo prebivalcem kakovostno raven \u017eivljenja, torej jih odlikuje solidna in uravnote\u017eena stopnja dose\u017eenega razvoja.<\/p>\n<p>Izhodi\u0161\u010de za podelitev certifikata so konkretni in merljivi podatki, zdru\u017eeni v Indeks ISSO. Zlati certifikat lahko pridobijo ob\u010dine, ki sodijo po skupni vrednosti sestavljenega indeksa v zgornjo tretjino med vsemi ob\u010dinami v Sloveniji.<\/p>\n<\/div><\/section><br \/>\n\n<style type=\"text\/css\" data-created_by=\"avia_inline_auto\" id=\"style-css-av-jxpqzopw-ad1c5d87c6a4612eb15b0fc4086c12d4\">\n#top .hr.hr-invisible.av-jxpqzopw-ad1c5d87c6a4612eb15b0fc4086c12d4{\nheight:50px;\n}\n<\/style>\n<div  class='hr av-jxpqzopw-ad1c5d87c6a4612eb15b0fc4086c12d4 hr-invisible  avia-builder-el-9  el_after_av_textblock  el_before_av_hr '><span class='hr-inner '><span class=\"hr-inner-style\"><\/span><\/span><\/div><br \/>\n\n<style type=\"text\/css\" data-created_by=\"avia_inline_auto\" id=\"style-css-av-jxpqzopw-ad1c5d87c6a4612eb15b0fc4086c12d4\">\n#top .hr.hr-invisible.av-jxpqzopw-ad1c5d87c6a4612eb15b0fc4086c12d4{\nheight:50px;\n}\n<\/style>\n<div  class='hr av-jxpqzopw-ad1c5d87c6a4612eb15b0fc4086c12d4 hr-invisible  avia-builder-el-10  el_after_av_hr  avia-builder-el-last '><span class='hr-inner '><span class=\"hr-inner-style\"><\/span><\/span><\/div><\/p><\/div>\n<style type=\"text\/css\" data-created_by=\"avia_inline_auto\" id=\"style-css-av-290zv-73e2a927651518d7d09863fb99209fc8\">\n.flex_column.av-290zv-73e2a927651518d7d09863fb99209fc8{\nborder-radius:0px 0px 0px 0px;\npadding:0px 0px 0px 0px;\n}\n<\/style>\n<div  class='flex_column av-290zv-73e2a927651518d7d09863fb99209fc8 av_one_full  avia-builder-el-11  el_after_av_one_full  avia-builder-el-last  first no_margin flex_column_div av-zero-column-padding  column-top-margin'     ><p><section  class='av_textblock_section av-jxpqmcmg-4406a3545e94f1b35ba6a9b35af2a287 '   itemscope=\"itemscope\" itemtype=\"https:\/\/schema.org\/CreativeWork\" ><div class='avia_textblock'  itemprop=\"text\" ><\/div><\/section><br \/>\n<section  class='av_textblock_section av-jxpqmcmg-4406a3545e94f1b35ba6a9b35af2a287 '   itemscope=\"itemscope\" itemtype=\"https:\/\/schema.org\/CreativeWork\" ><div class='avia_textblock'  itemprop=\"text\" ><h2>Dosedanji prejemniki Zlatega kamna<\/h2>\n<\/div><\/section><br \/>\n<div  id=\"avia-timeline-1\"  class='avia-timeline-container av-p3aum-82daaae8390e063d99ddcfa8966f49af av-slideshow-ui  avia-builder-el-14  el_after_av_textblock  el_before_av_button  simple-timeline load-more' ><ul class='avia-timeline avia-timeline-vertical av-milestone-placement-left avia-timeline- avia_animate_when_almost_visible avia-timeline-animate'>\n<li  class='av-milestone av-1gy1m6-297af302d7826c0a8696bf5058782370 av-animated-generic fade-in av-milestone-valign-baseline av-milestone-odd'><h2 class='av-milestone-date ' id='milestone-2019' ><strong>2019<span class='av-milestone-indicator'><\/span><\/strong><\/h2><div class=\"av-milestone-icon-wrap\"><span class='av-milestone-icon milestone_icon avia-font-entypo-fontello'><span class='av-milestone-icon-inner milestone_inner'><i class='milestone-char avia-iconfont avia-font-entypo-fontello' data-av_icon='\ue89a' data-av_iconfont='entypo-fontello' ><\/i><\/span><\/span><\/div><article class='av-milestone-content-wrap'><div class='av-milestone-contentbox'><header class=\"entry-content-header\" aria-label=\"Milestone: Novo mesto\"><h4 class='av-milestone-title '>Novo mesto<\/h4><\/header><div class='av-milestone-content'><\/div><\/div><footer class='av-milestone-article-footer entry-footer'><\/footer><\/article><\/li>\n<li  class='av-milestone av-19e0em-37ec0b562eb18255e48970193d0da3a9 av-animated-generic fade-in av-milestone-valign-baseline av-milestone-even'><h2 class='av-milestone-date ' id='milestone-2018' ><strong>2018<span class='av-milestone-indicator'><\/span><\/strong><\/h2><div class=\"av-milestone-icon-wrap\"><span class='av-milestone-icon milestone_icon avia-font-entypo-fontello'><span class='av-milestone-icon-inner milestone_inner'><i class='milestone-char avia-iconfont avia-font-entypo-fontello' data-av_icon='\ue89a' data-av_iconfont='entypo-fontello' ><\/i><\/span><\/span><\/div><article class='av-milestone-content-wrap'><div class='av-milestone-contentbox'><header class=\"entry-content-header\" aria-label=\"Milestone: Ko\u010devje\"><h4 class='av-milestone-title '>Ko\u010devje<\/h4><\/header><div class='av-milestone-content'><\/div><\/div><footer class='av-milestone-article-footer entry-footer'><\/footer><\/article><\/li>\n<li  class='av-milestone av-157jqm-a5a96e6f2e5641aae9e12fede6abd58c av-animated-generic fade-in av-milestone-valign-baseline av-milestone-odd'><h2 class='av-milestone-date ' id='milestone-2017' ><strong>2017<span class='av-milestone-indicator'><\/span><\/strong><\/h2><div class=\"av-milestone-icon-wrap\"><span class='av-milestone-icon milestone_icon avia-font-entypo-fontello'><span class='av-milestone-icon-inner milestone_inner'><i class='milestone-char avia-iconfont avia-font-entypo-fontello' data-av_icon='\ue89a' data-av_iconfont='entypo-fontello' ><\/i><\/span><\/span><\/div><article class='av-milestone-content-wrap'><div class='av-milestone-contentbox'><header class=\"entry-content-header\" aria-label=\"Milestone: Pod\u010detrtek\"><h4 class='av-milestone-title '>Pod\u010detrtek<\/h4><\/header><div class='av-milestone-content'><\/div><\/div><footer class='av-milestone-article-footer entry-footer'><\/footer><\/article><\/li>\n<li  class='av-milestone av-zemwm-88d638f982c7f33aba40b861ed05ece3 av-animated-generic fade-in av-milestone-valign-baseline av-milestone-even'><h2 class='av-milestone-date ' id='milestone-2016' ><strong>2016<span class='av-milestone-indicator'><\/span><\/strong><\/h2><div class=\"av-milestone-icon-wrap\"><span class='av-milestone-icon milestone_icon avia-font-entypo-fontello'><span class='av-milestone-icon-inner milestone_inner'><i class='milestone-char avia-iconfont avia-font-entypo-fontello' data-av_icon='\ue89a' data-av_iconfont='entypo-fontello' ><\/i><\/span><\/span><\/div><article class='av-milestone-content-wrap'><div class='av-milestone-contentbox'><header class=\"entry-content-header\" aria-label=\"Milestone: Ljubljana\"><h4 class='av-milestone-title '>Ljubljana<\/h4><\/header><div class='av-milestone-content'><\/div><\/div><footer class='av-milestone-article-footer entry-footer'><\/footer><\/article><\/li>\n<li  class='av-milestone av-ppkjq-0ad9830599845c0e5c03a55e9888afc4 av-animated-generic fade-in av-milestone-valign-baseline av-milestone-odd'><h2 class='av-milestone-date ' id='milestone-2015' ><strong>2015<span class='av-milestone-indicator'><\/span><\/strong><\/h2><div class=\"av-milestone-icon-wrap\"><span class='av-milestone-icon milestone_icon avia-font-entypo-fontello'><span class='av-milestone-icon-inner milestone_inner'><i class='milestone-char avia-iconfont avia-font-entypo-fontello' data-av_icon='\ue89a' data-av_iconfont='entypo-fontello' ><\/i><\/span><\/span><\/div><article class='av-milestone-content-wrap'><div class='av-milestone-contentbox'><header class=\"entry-content-header\" aria-label=\"Milestone: \u0160entrupert\"><h4 class='av-milestone-title '>\u0160entrupert<\/h4><\/header><div class='av-milestone-content'><\/div><\/div><footer class='av-milestone-article-footer entry-footer'><\/footer><\/article><\/li>\n<li  class='av-milestone av-jmo5a-7374e1d79b084dea10a41f6731cadb39 av-animated-generic fade-in av-milestone-valign-baseline av-milestone-even'><h2 class='av-milestone-date ' id='milestone-2014' ><strong>2014<span class='av-milestone-indicator'><\/span><\/strong><\/h2><div class=\"av-milestone-icon-wrap\"><span class='av-milestone-icon milestone_icon avia-font-entypo-fontello'><span class='av-milestone-icon-inner milestone_inner'><i class='milestone-char avia-iconfont avia-font-entypo-fontello' data-av_icon='\ue89a' data-av_iconfont='entypo-fontello' ><\/i><\/span><\/span><\/div><article class='av-milestone-content-wrap'><div class='av-milestone-contentbox'><header class=\"entry-content-header\" aria-label=\"Milestone: \u0160kofja Loka\"><h4 class='av-milestone-title '>\u0160kofja Loka<\/h4><\/header><div class='av-milestone-content'><\/div><\/div><footer class='av-milestone-article-footer entry-footer'><\/footer><\/article><\/li>\n<li  class='av-milestone av-gflee-78c0f006afea199739ac24c476886e62 av-animated-generic fade-in av-milestone-valign-baseline av-milestone-odd'><h2 class='av-milestone-date ' id='milestone-2013' ><strong>2013<span class='av-milestone-indicator'><\/span><\/strong><\/h2><div class=\"av-milestone-icon-wrap\"><span class='av-milestone-icon milestone_icon avia-font-entypo-fontello'><span class='av-milestone-icon-inner milestone_inner'><i class='milestone-char avia-iconfont avia-font-entypo-fontello' data-av_icon='\ue89a' data-av_iconfont='entypo-fontello' ><\/i><\/span><\/span><\/div><article class='av-milestone-content-wrap'><div class='av-milestone-contentbox'><header class=\"entry-content-header\" aria-label=\"Milestone: Postojna\"><h4 class='av-milestone-title '>Postojna<\/h4><\/header><div class='av-milestone-content'><\/div><\/div><footer class='av-milestone-article-footer entry-footer'><\/footer><\/article><\/li>\n<li  class='av-milestone av-ty9i-c9c07ede8bacfab152c2a7e76f9b75ce av-animated-generic fade-in av-milestone-valign-baseline av-milestone-even'><h2 class='av-milestone-date ' id='milestone-2012' ><strong>2012<span class='av-milestone-indicator'><\/span><\/strong><\/h2><div class=\"av-milestone-icon-wrap\"><span class='av-milestone-icon milestone_icon avia-font-entypo-fontello'><span class='av-milestone-icon-inner milestone_inner'><i class='milestone-char avia-iconfont avia-font-entypo-fontello' data-av_icon='\ue89a' data-av_iconfont='entypo-fontello' ><\/i><\/span><\/span><\/div><article class='av-milestone-content-wrap'><div class='av-milestone-contentbox'><header class=\"entry-content-header\" aria-label=\"Milestone: Sol\u010dava\"><h4 class='av-milestone-title '>Sol\u010dava<\/h4><\/header><div class='av-milestone-content'><\/div><\/div><footer class='av-milestone-article-footer entry-footer'><\/footer><\/article><\/li>\n<\/ul><\/div><br \/>\n<div  class='avia-button-wrap av-jxpwa10i-7bef8583b47f1bdd95ba033814db9ee0-wrap avia-button-left  avia-builder-el-15  el_after_av_timeline  avia-builder-el-last  timeline-load-more ow-bg-transparent'><a href='#load-more'  class='avia-button av-jxpwa10i-7bef8583b47f1bdd95ba033814db9ee0 av-link-btn avia-icon_select-no avia-size-small avia-position-left avia-color-dark'   aria-label=\"Oglejte si pretekle nagrajence\"><span class='avia_iconbox_title' >Oglejte si pretekle nagrajence<\/span><\/a><\/div><\/p><\/div>\n\n<\/div><\/div><\/div><!-- close content main div --><\/div><\/div><div id='av_section_3'  class='avia-section av-jxpr94ss-08bf7421a97483a16942575014082f96 alternate_color avia-section-huge avia-no-border-styling  avia-builder-el-16  el_after_av_section  avia-builder-el-last  ow-bg-dark avia-bg-style-scroll container_wrap fullsize'  ><div class='container av-section-cont-open' ><div class='template-page content  av-content-full alpha units'><div class='post-entry post-entry-type-page post-entry-430'><div class='entry-content-wrapper clearfix'>\n\n<style type=\"text\/css\" data-created_by=\"avia_inline_auto\" id=\"style-css-av-290zv-73e2a927651518d7d09863fb99209fc8\">\n.flex_column.av-290zv-73e2a927651518d7d09863fb99209fc8{\nborder-radius:0px 0px 0px 0px;\npadding:0px 0px 0px 0px;\n}\n<\/style>\n<div  class='flex_column av-290zv-73e2a927651518d7d09863fb99209fc8 av_one_fifth  avia-builder-el-17  el_before_av_three_fifth  avia-builder-el-first  first no_margin flex_column_div av-zero-column-padding  '     ><\/div>\n<style type=\"text\/css\" data-created_by=\"avia_inline_auto\" id=\"style-css-av-1p40r-8f24a999994f583ccf3ff78009c69280\">\n.flex_column.av-1p40r-8f24a999994f583ccf3ff78009c69280{\nborder-radius:0px 0px 0px 0px;\npadding:0px 0px 0px 0px;\n}\n<\/style>\n<div  class='flex_column av-1p40r-8f24a999994f583ccf3ff78009c69280 av_three_fifth  avia-builder-el-18  el_after_av_one_fifth  el_before_av_one_fifth  no_margin flex_column_div av-zero-column-padding  '     ><\/div>\n<style type=\"text\/css\" data-created_by=\"avia_inline_auto\" id=\"style-css-av-w46z-5f4c5391e8f2ce799afd3ebade12bed7\">\n.flex_column.av-w46z-5f4c5391e8f2ce799afd3ebade12bed7{\nborder-radius:0px 0px 0px 0px;\npadding:0px 0px 0px 0px;\n}\n<\/style>\n<div  class='flex_column av-w46z-5f4c5391e8f2ce799afd3ebade12bed7 av_one_fifth  avia-builder-el-20  el_after_av_three_fifth  avia-builder-el-last  first flex_column_div av-zero-column-padding  '     ><\/div>\n","protected":false},"excerpt":{"rendered":"","protected":false},"author":1,"featured_media":5036,"parent":0,"menu_order":0,"comment_status":"closed","ping_status":"closed","template":"","meta":{"footnotes":""},"acf":[],"yoast_head":"<!-- This site is optimized with the Yoast SEO plugin v22.6 - https:\/\/yoast.com\/wordpress\/plugins\/seo\/ -->\n<title>Dosedanji nagrajenci - Zlati kamen<\/title>\n<meta name=\"robots\" content=\"index, follow, max-snippet:-1, max-image-preview:large, max-video-preview:-1\" \/>\n<link rel=\"canonical\" href=\"https:\/\/www.planetgv.si\/zlati-kamen\/dosedanje-nagrajenke\/\" \/>\n<meta property=\"og:locale\" content=\"sl_SI\" \/>\n<meta property=\"og:type\" content=\"article\" \/>\n<meta property=\"og:title\" content=\"Dosedanji nagrajenci - Zlati kamen\" \/>\n<meta property=\"og:url\" content=\"https:\/\/www.planetgv.si\/zlati-kamen\/dosedanje-nagrajenke\/\" \/>\n<meta property=\"og:site_name\" content=\"Zlati kamen\" \/>\n<meta property=\"article:modified_time\" content=\"2025-01-16T08:08:09+00:00\" \/>\n<meta property=\"og:image\" content=\"https:\/\/www.planetgv.si\/zlati-kamen\/wp-content\/uploads\/sites\/12\/2024\/12\/ZK25_OG-Image_1200x630px.png\" \/>\n\t<meta property=\"og:image:width\" content=\"1200\" \/>\n\t<meta property=\"og:image:height\" content=\"630\" \/>\n\t<meta property=\"og:image:type\" content=\"image\/png\" \/>\n<meta name=\"twitter:card\" content=\"summary_large_image\" \/>\n<meta name=\"twitter:label1\" content=\"Est. reading time\" \/>\n\t<meta name=\"twitter:data1\" content=\"2 minuti\" \/>\n<script type=\"application\/ld+json\" class=\"yoast-schema-graph\">{\"@context\":\"https:\/\/schema.org\",\"@graph\":[{\"@type\":\"WebPage\",\"@id\":\"https:\/\/www.planetgv.si\/zlati-kamen\/dosedanje-nagrajenke\/\",\"url\":\"https:\/\/www.planetgv.si\/zlati-kamen\/dosedanje-nagrajenke\/\",\"name\":\"Dosedanji nagrajenci - Zlati kamen\",\"isPartOf\":{\"@id\":\"https:\/\/www.planetgv.si\/zlati-kamen\/#website\"},\"primaryImageOfPage\":{\"@id\":\"https:\/\/www.planetgv.si\/zlati-kamen\/dosedanje-nagrajenke\/#primaryimage\"},\"image\":{\"@id\":\"https:\/\/www.planetgv.si\/zlati-kamen\/dosedanje-nagrajenke\/#primaryimage\"},\"thumbnailUrl\":\"https:\/\/www.planetgv.si\/wp-content\/uploads\/sites\/12\/2024\/12\/ZK25_OG-Image_1200x630px.png\",\"datePublished\":\"2019-07-05T07:24:12+00:00\",\"dateModified\":\"2025-01-16T08:08:09+00:00\",\"breadcrumb\":{\"@id\":\"https:\/\/www.planetgv.si\/zlati-kamen\/dosedanje-nagrajenke\/#breadcrumb\"},\"inLanguage\":\"sl-SI\",\"potentialAction\":[{\"@type\":\"ReadAction\",\"target\":[\"https:\/\/www.planetgv.si\/zlati-kamen\/dosedanje-nagrajenke\/\"]}]},{\"@type\":\"ImageObject\",\"inLanguage\":\"sl-SI\",\"@id\":\"https:\/\/www.planetgv.si\/zlati-kamen\/dosedanje-nagrajenke\/#primaryimage\",\"url\":\"https:\/\/www.planetgv.si\/wp-content\/uploads\/sites\/12\/2024\/12\/ZK25_OG-Image_1200x630px.png\",\"contentUrl\":\"https:\/\/www.planetgv.si\/wp-content\/uploads\/sites\/12\/2024\/12\/ZK25_OG-Image_1200x630px.png\",\"width\":1200,\"height\":630,\"caption\":\"ZK25_OG-Image_1200x630px\"},{\"@type\":\"BreadcrumbList\",\"@id\":\"https:\/\/www.planetgv.si\/zlati-kamen\/dosedanje-nagrajenke\/#breadcrumb\",\"itemListElement\":[{\"@type\":\"ListItem\",\"position\":1,\"name\":\"Home\",\"item\":\"https:\/\/www.planetgv.si\/zlati-kamen\/homepage\/\"},{\"@type\":\"ListItem\",\"position\":2,\"name\":\"Dosedanji nagrajenci\"}]},{\"@type\":\"WebSite\",\"@id\":\"https:\/\/www.planetgv.si\/zlati-kamen\/#website\",\"url\":\"https:\/\/www.planetgv.si\/zlati-kamen\/\",\"name\":\"Zlati kamen\",\"description\":\"Zlati kamen\",\"potentialAction\":[{\"@type\":\"SearchAction\",\"target\":{\"@type\":\"EntryPoint\",\"urlTemplate\":\"https:\/\/www.planetgv.si\/zlati-kamen\/?s={search_term_string}\"},\"query-input\":\"required name=search_term_string\"}],\"inLanguage\":\"sl-SI\"}]}<\/script>\n<!-- \/ Yoast SEO plugin. -->","yoast_head_json":{"title":"Dosedanji nagrajenci - Zlati kamen","robots":{"index":"index","follow":"follow","max-snippet":"max-snippet:-1","max-image-preview":"max-image-preview:large","max-video-preview":"max-video-preview:-1"},"canonical":"https:\/\/www.planetgv.si\/zlati-kamen\/dosedanje-nagrajenke\/","og_locale":"sl_SI","og_type":"article","og_title":"Dosedanji nagrajenci - Zlati kamen","og_url":"https:\/\/www.planetgv.si\/zlati-kamen\/dosedanje-nagrajenke\/","og_site_name":"Zlati kamen","article_modified_time":"2025-01-16T08:08:09+00:00","og_image":[{"width":1200,"height":630,"url":"https:\/\/www.planetgv.si\/zlati-kamen\/wp-content\/uploads\/sites\/12\/2024\/12\/ZK25_OG-Image_1200x630px.png","type":"image\/png"}],"twitter_card":"summary_large_image","twitter_misc":{"Est. reading time":"2 minuti"},"schema":{"@context":"https:\/\/schema.org","@graph":[{"@type":"WebPage","@id":"https:\/\/www.planetgv.si\/zlati-kamen\/dosedanje-nagrajenke\/","url":"https:\/\/www.planetgv.si\/zlati-kamen\/dosedanje-nagrajenke\/","name":"Dosedanji nagrajenci - Zlati kamen","isPartOf":{"@id":"https:\/\/www.planetgv.si\/zlati-kamen\/#website"},"primaryImageOfPage":{"@id":"https:\/\/www.planetgv.si\/zlati-kamen\/dosedanje-nagrajenke\/#primaryimage"},"image":{"@id":"https:\/\/www.planetgv.si\/zlati-kamen\/dosedanje-nagrajenke\/#primaryimage"},"thumbnailUrl":"https:\/\/www.planetgv.si\/wp-content\/uploads\/sites\/12\/2024\/12\/ZK25_OG-Image_1200x630px.png","datePublished":"2019-07-05T07:24:12+00:00","dateModified":"2025-01-16T08:08:09+00:00","breadcrumb":{"@id":"https:\/\/www.planetgv.si\/zlati-kamen\/dosedanje-nagrajenke\/#breadcrumb"},"inLanguage":"sl-SI","potentialAction":[{"@type":"ReadAction","target":["https:\/\/www.planetgv.si\/zlati-kamen\/dosedanje-nagrajenke\/"]}]},{"@type":"ImageObject","inLanguage":"sl-SI","@id":"https:\/\/www.planetgv.si\/zlati-kamen\/dosedanje-nagrajenke\/#primaryimage","url":"https:\/\/www.planetgv.si\/wp-content\/uploads\/sites\/12\/2024\/12\/ZK25_OG-Image_1200x630px.png","contentUrl":"https:\/\/www.planetgv.si\/wp-content\/uploads\/sites\/12\/2024\/12\/ZK25_OG-Image_1200x630px.png","width":1200,"height":630,"caption":"ZK25_OG-Image_1200x630px"},{"@type":"BreadcrumbList","@id":"https:\/\/www.planetgv.si\/zlati-kamen\/dosedanje-nagrajenke\/#breadcrumb","itemListElement":[{"@type":"ListItem","position":1,"name":"Home","item":"https:\/\/www.planetgv.si\/zlati-kamen\/homepage\/"},{"@type":"ListItem","position":2,"name":"Dosedanji nagrajenci"}]},{"@type":"WebSite","@id":"https:\/\/www.planetgv.si\/zlati-kamen\/#website","url":"https:\/\/www.planetgv.si\/zlati-kamen\/","name":"Zlati kamen","description":"Zlati kamen","potentialAction":[{"@type":"SearchAction","target":{"@type":"EntryPoint","urlTemplate":"https:\/\/www.planetgv.si\/zlati-kamen\/?s={search_term_string}"},"query-input":"required name=search_term_string"}],"inLanguage":"sl-SI"}]}},"_links":{"self":[{"href":"https:\/\/www.planetgv.si\/zlati-kamen\/wp-json\/wp\/v2\/pages\/430"}],"collection":[{"href":"https:\/\/www.planetgv.si\/zlati-kamen\/wp-json\/wp\/v2\/pages"}],"about":[{"href":"https:\/\/www.planetgv.si\/zlati-kamen\/wp-json\/wp\/v2\/types\/page"}],"author":[{"embeddable":true,"href":"https:\/\/www.planetgv.si\/zlati-kamen\/wp-json\/wp\/v2\/users\/1"}],"replies":[{"embeddable":true,"href":"https:\/\/www.planetgv.si\/zlati-kamen\/wp-json\/wp\/v2\/comments?post=430"}],"version-history":[{"count":0,"href":"https:\/\/www.planetgv.si\/zlati-kamen\/wp-json\/wp\/v2\/pages\/430\/revisions"}],"wp:featuredmedia":[{"embeddable":true,"href":"https:\/\/www.planetgv.si\/zlati-kamen\/wp-json\/wp\/v2\/media\/5036"}],"wp:attachment":[{"href":"https:\/\/www.planetgv.si\/zlati-kamen\/wp-json\/wp\/v2\/media?parent=430"}],"curies":[{"name":"wp","href":"https:\/\/api.w.org\/{rel}","templated":true}]}}