{"id":220,"date":"2019-07-03T13:27:05","date_gmt":"2019-07-03T12:27:05","guid":{"rendered":"https:\/\/test.www.planetgv.si\/?page_id=220"},"modified":"2025-10-27T12:59:21","modified_gmt":"2025-10-27T11:59:21","slug":"prijava","status":"publish","type":"page","link":"https:\/\/www.planetgv.si\/zlati-kamen\/prijava\/","title":{"rendered":"Prijava"},"content":{"rendered":"<div id='av_section_1'  class='avia-section av-lv3m-111327a077a42f254663cf2db71e2475 main_color avia-section-large avia-no-border-styling  avia-builder-el-0  el_before_av_hr  avia-builder-el-first  banner avia-bg-style-scroll av-minimum-height av-minimum-height-custom av-height-custom  container_wrap fullsize'   data-av_minimum_height_px='470'><div class='container av-section-cont-open' style='height:470px'><main  role=\"main\" itemprop=\"mainContentOfPage\"  class='template-page content  av-content-full alpha units'><div class='post-entry post-entry-type-page post-entry-220'><div class='entry-content-wrapper clearfix'>\n\n<style type=\"text\/css\" data-created_by=\"avia_inline_auto\" id=\"style-css-av-23ru-7ef61b0891ec58b174515093af5ef491\">\n.flex_column.av-23ru-7ef61b0891ec58b174515093af5ef491{\nborder-radius:0px 0px 0px 0px;\npadding:0px 0px 0px 0px;\n}\n<\/style>\n<div  class='flex_column av-23ru-7ef61b0891ec58b174515093af5ef491 av_one_full  avia-builder-el-1  avia-builder-el-no-sibling  first flex_column_div av-zero-column-padding  '     ><section  class='av_textblock_section av-jxk287n1-daf6901d14470a303e5a4d6391051a5d '   itemscope=\"itemscope\" itemtype=\"https:\/\/schema.org\/CreativeWork\" ><div class='avia_textblock ow-text-light'  itemprop=\"text\" ><h1>Prijavite se<\/h1>\n<\/div><\/section><\/div>\n<\/div><\/div><\/main><!-- close content main element --><\/div><\/div><div id='after_section_1'  class='main_color av_default_container_wrap container_wrap fullsize'  ><div class='container av-section-cont-open' ><div class='template-page content  av-content-full alpha units'><div class='post-entry post-entry-type-page post-entry-220'><div class='entry-content-wrapper clearfix'>\n\n<style type=\"text\/css\" data-created_by=\"avia_inline_auto\" id=\"style-css-av-m875n4pl-7db7eef7d02d35cda3554108b161f964\">\n#top .hr.hr-invisible.av-m875n4pl-7db7eef7d02d35cda3554108b161f964{\nheight:80px;\n}\n<\/style>\n<div  class='hr av-m875n4pl-7db7eef7d02d35cda3554108b161f964 hr-invisible  avia-builder-el-3  el_after_av_section  el_before_av_textblock  avia-builder-el-first '><span class='hr-inner '><span class=\"hr-inner-style\"><\/span><\/span><\/div>\n<section  class='av_textblock_section av-jxn7kr0g-9-187535d8bd11e4da1374b650f907b0e5 '   itemscope=\"itemscope\" itemtype=\"https:\/\/schema.org\/CreativeWork\" ><div class='avia_textblock mb-100'  itemprop=\"text\" ><div class=\"disabled-tickets\" style=\"text-align:center;\"><p><p>Prijava trenutno ni mogo\u010da.<\/p>\n<\/p><\/div>\n<\/div><\/section>\n<\/div><\/div><\/div><!-- close content main div --><\/div><\/div><div id='av_section_2'  class='avia-section av-jxn7q2om-01abe34467872b8bbed8519d7587ef30 main_color avia-section-default avia-no-border-styling  avia-builder-el-5  el_after_av_textblock  el_before_av_section  ow-text-light p-100 ow-bg-dark av-desktop-hide av-medium-hide av-small-hide av-mini-hide avia-bg-style-scroll container_wrap fullsize'  ><div class='container av-section-cont-open' ><div class='template-page content  av-content-full alpha units'><div class='post-entry post-entry-type-page post-entry-220'><div class='entry-content-wrapper clearfix'>\n<section  class='av_textblock_section av-lrt8gul1-8813288d9bc51b1b50c2922129238a91 '   itemscope=\"itemscope\" itemtype=\"https:\/\/schema.org\/CreativeWork\" ><div class='avia_textblock'  itemprop=\"text\" ><p style=\"text-align: center\">Konferenca Zlati kamen bo potekala 11. marca 2025, v Murski Soboti.<\/p>\n<\/div><\/section>\n<section  class='av_textblock_section av-jxn7kr0g-f3119159540799d7e43dc44343a2805f '   itemscope=\"itemscope\" itemtype=\"https:\/\/schema.org\/CreativeWork\" ><div class='avia_textblock'  itemprop=\"text\" ><div class=\"disabled-tickets\" style=\"text-align:center;\"><p><p>Prijava trenutno ni mogo\u010da.<\/p>\n<\/p><\/div>\n<\/div><\/section>\n\n<style type=\"text\/css\" data-created_by=\"avia_inline_auto\" id=\"style-css-av-kx4bin2q-a3abf3fd3172c7f684b7beb9690026b6\">\n#top .hr.hr-invisible.av-kx4bin2q-a3abf3fd3172c7f684b7beb9690026b6{\nheight:50px;\n}\n<\/style>\n<div  class='hr av-kx4bin2q-a3abf3fd3172c7f684b7beb9690026b6 hr-invisible  avia-builder-el-8  el_after_av_textblock  el_before_av_textblock '><span class='hr-inner '><span class=\"hr-inner-style\"><\/span><\/span><\/div>\n<section  class='av_textblock_section av-k5gw5ll6-2c7b2d7ab7688cea00cba78d6a093de2 '   itemscope=\"itemscope\" itemtype=\"https:\/\/schema.org\/CreativeWork\" ><div class='avia_textblock'  itemprop=\"text\" ><h3>Pogoji prijave in odjave<\/h3>\n<ul>\n<li>Nepla\u010dilo predra\u010duna in\/ali neudele\u017eba na konferenci ne pomeni avtomatske odjave s konference. V primeru, da se \u017eelite odjaviti, morate to pisno sporo\u010diti na prijave@planetgv.si.<\/li>\n<li>Odjava z dogodka brez stro\u0161kov je mo\u017ena do 4 delovne dni pred dogodkom. Zadnji dan za odjavo brez stro\u0161kov je sreda, 5. marec 2025, do 23:59.<\/li>\n<li>Pri odjavi, ki bo posredovana po tem datumu, vam bomo kotizacijo zara\u010dunali v celoti.<\/li>\n<li>\u010ce udele\u017eba \u017ee prijavljene osebe ni mo\u017ena, lahko prijavite nadomestnega udele\u017eenca.<\/li>\n<\/ul>\n<\/div><\/section>\n\n<\/div><\/div><\/div><!-- close content main div --><\/div><\/div><div id='av_section_3'  class='avia-section av-d6l2-bc4ee5ec5fea76f77873a674d983c8f9 main_color avia-section-default avia-no-border-styling  avia-builder-el-10  el_after_av_section  el_before_av_textblock  av-desktop-hide av-medium-hide av-small-hide av-mini-hide avia-bg-style-scroll container_wrap fullsize'  ><div class='container av-section-cont-open' ><div class='template-page content  av-content-full alpha units'><div class='post-entry post-entry-type-page post-entry-220'><div class='entry-content-wrapper clearfix'>\n\n<style type=\"text\/css\" data-created_by=\"avia_inline_auto\" id=\"style-css-av-beny-84b1c345bfdd7a43f739f5d7f7a9ef45\">\n.flex_column.av-beny-84b1c345bfdd7a43f739f5d7f7a9ef45{\nborder-radius:0px 0px 0px 0px;\npadding:0px 0px 0px 0px;\n}\n<\/style>\n<div  class='flex_column av-beny-84b1c345bfdd7a43f739f5d7f7a9ef45 av_one_full  avia-builder-el-11  el_before_av_one_third  avia-builder-el-first  first flex_column_div av-zero-column-padding  '     ><section  class='av_textblock_section av-k5qye9ir-30c3ca6f6ab16146a45298b5557bd2df '   itemscope=\"itemscope\" itemtype=\"https:\/\/schema.org\/CreativeWork\" ><div class='avia_textblock'  itemprop=\"text\" ><h2 style=\"text-align: center\"><strong><span style=\"color: #000000\">PAKETI ZA OB\u010cINE 2024<\/span><\/strong><\/h2>\n<\/div><\/section><\/div>\n<style type=\"text\/css\" data-created_by=\"avia_inline_auto\" id=\"style-css-av-6o1g-26a7d0e0be07a3e8fb827bbfdf7eeb93\">\n.flex_column.av-6o1g-26a7d0e0be07a3e8fb827bbfdf7eeb93{\nborder-radius:0px 0px 0px 0px;\npadding:0px 0px 0px 0px;\n}\n<\/style>\n<div  class='flex_column av-6o1g-26a7d0e0be07a3e8fb827bbfdf7eeb93 av_one_third  avia-builder-el-13  el_after_av_one_full  el_before_av_one_third  bullets-top-left small first flex_column_div av-zero-column-padding  column-top-margin'     ><section  class='av_textblock_section av-jxk6xafv-b3f9a9e880ac0f9df76c5a83fae23ebc '   itemscope=\"itemscope\" itemtype=\"https:\/\/schema.org\/CreativeWork\" ><div class='avia_textblock'  itemprop=\"text\" ><h4>ZLATI ISSO CERTIFIKAT<\/h4>\n<p>ZLATI ISSO certifikat vklju\u010duje:<\/p>\n<ul>\n<li>priznanje zlati certifikat v PDF-obliki,<\/li>\n<li>e-zna\u010dka zlati certifikat za spletno stran,<\/li>\n<li>logotip ob\u010dine na spletni strani konference in portalu Zlati kamen v sklopu Podporniki razvoja slovenskih ob\u010din,<\/li>\n<li>1x kotizacija za udele\u017ebo predstavnika ob\u010dine na konferenci Zlati kamen,<\/li>\n<li>Mo\u017enost dokupa:\n<ul>\n<li>Stenska plaketa ZLATI certifikat: 50 \u20ac + DDV<\/li>\n<\/ul>\n<\/li>\n<\/ul>\n<h5>Vrednost: 390 \u20ac + DDV<\/h5>\n<\/div><\/section><\/div>\n<style type=\"text\/css\" data-created_by=\"avia_inline_auto\" id=\"style-css-av-6o1g-8-d3c55fba9af84547c9886bd8d2c5c91e\">\n.flex_column.av-6o1g-8-d3c55fba9af84547c9886bd8d2c5c91e{\nborder-radius:0px 0px 0px 0px;\npadding:0px 0px 0px 0px;\n}\n<\/style>\n<div  class='flex_column av-6o1g-8-d3c55fba9af84547c9886bd8d2c5c91e av_one_third  avia-builder-el-15  el_after_av_one_third  el_before_av_one_third  bullets-top-left small flex_column_div av-zero-column-padding  column-top-margin'     ><section  class='av_textblock_section av-jxk6xafv-7-460d66450d8d9639e73b13dcb1c6ede2 '   itemscope=\"itemscope\" itemtype=\"https:\/\/schema.org\/CreativeWork\" ><div class='avia_textblock'  itemprop=\"text\" ><h4>SREBRNI ali BRONASTI ISSO CERTIFIKAT<\/h4>\n<p>SREBRNI ali BRONASTI ISSO certifikat vklju\u010duje:<\/p>\n<ul>\n<li>priznanje srebrni ali bronasti certifikat v PDF-obliki,<\/li>\n<li>e-zna\u010dka srebrni ali bronasti certifikat za spletno stran,<\/li>\n<li>logotip ob\u010dine na spletni strani konference in portalu Zlati kamen v sklopu Podporniki razvoja slovenskih ob\u010din,<\/li>\n<li>1x kotizacija za udele\u017ebo predstavnika ob\u010dine na konferenci Zlati kamen,<\/li>\n<li>Mo\u017enost dokupa:\n<ul>\n<li>Stenska plaketa ZLATI certifikat: 50 \u20ac + DDV<\/li>\n<\/ul>\n<\/li>\n<\/ul>\n<h5>Vrednost: 390 \u20ac + DDV<\/h5>\n<\/div><\/section><\/div>\n<style type=\"text\/css\" data-created_by=\"avia_inline_auto\" id=\"style-css-av-6o1g-6-4c24f6901f17b96762668dd2f75a827c\">\n.flex_column.av-6o1g-6-4c24f6901f17b96762668dd2f75a827c{\nborder-radius:0px 0px 0px 0px;\npadding:0px 0px 0px 0px;\n}\n<\/style>\n<div  class='flex_column av-6o1g-6-4c24f6901f17b96762668dd2f75a827c av_one_third  avia-builder-el-17  el_after_av_one_third  el_before_av_one_third  bullets-top-left small flex_column_div av-zero-column-padding  column-top-margin'     ><section  class='av_textblock_section av-jxk6xafv-5-e4e765171685db1d030857ee5bcff6dd '   itemscope=\"itemscope\" itemtype=\"https:\/\/schema.org\/CreativeWork\" ><div class='avia_textblock'  itemprop=\"text\" ><h4>MEDIJSKI PAKET<\/h4>\n<p>MEDIJSKI paket vklju\u010duje:<\/p>\n<ul>\n<li>priznanje certifikat v PDF-obliki,<\/li>\n<li>e-zna\u010dka certifikat za spletno stran,<\/li>\n<li>mini ISSO analiza<\/li>\n<li>logotip ob\u010dine na spletni strani konference in portalu Zlati kamen v sklopu Podporniki razvoja slovenskih ob\u010din,<\/li>\n<li>stenska plaketa certifikata,<\/li>\n<li>1x kotizacija za udele\u017ebo predstavnika ob\u010dine na konferenci Zlati kamen,<\/li>\n<li>kratko sporo\u010dilo za javnost,<\/li>\n<li>paket uradnih fotografij s podelitve certifikata,<\/li>\n<li>portretna slika \u017eupana ob\u010dine ali njenega predstavnika.<\/li>\n<\/ul>\n<h5>Vrednost: 590 \u20ac + DDV<\/h5>\n<p>(Naro\u010dilo medijskega paketa je mo\u017eno le <strong>do 5.3.2025.<\/strong>)<\/p>\n<\/div><\/section><\/div>\n<style type=\"text\/css\" data-created_by=\"avia_inline_auto\" id=\"style-css-av-8zgi-9bae1662e58a81fb79e4ba2cbd947dc2\">\n.flex_column.av-8zgi-9bae1662e58a81fb79e4ba2cbd947dc2{\nborder-radius:0px 0px 0px 0px;\npadding:0px 0px 0px 0px;\n}\n<\/style>\n<div  class='flex_column av-8zgi-9bae1662e58a81fb79e4ba2cbd947dc2 av_one_third  avia-builder-el-19  el_after_av_one_third  el_before_av_one_third  bullets-top-left small first flex_column_div av-zero-column-padding  column-top-margin'     ><section  class='av_textblock_section av-jxk6wxle-35fddea9d9dc1fd388381def26b27352 '   itemscope=\"itemscope\" itemtype=\"https:\/\/schema.org\/CreativeWork\" ><div class='avia_textblock'  itemprop=\"text\" ><h4>ZLATI PAKET<\/h4>\n<p>Zlati paket vklju\u010duje:<\/p>\n<ul>\n<li>3 kotizacije za udele\u017ebo predstavnika ob\u010dine na konferenci Zlati kamen (11. marec 2025).<\/li>\n<li>objava intervjuja ali promocijskega \u010dlanka na portalu zlatikamen.si,<\/li>\n<li>logotip ob\u010dine na spletni strani konference in portalu Zlati kamen v sklopu Podporniki razvoja slovenskih ob\u010din.<\/li>\n<li>ISSO analiza,<\/li>\n<li>analiza PRO ISSO,<\/li>\n<li>mini ISSO analiza,<\/li>\n<li>e-zna\u010dka certifikat za spletno stran,<\/li>\n<li>priznanje certifikat v PDF-obliki,<\/li>\n<li>stenska plaketa,<\/li>\n<li>kratko sporo\u010dilo za javnost.<\/li>\n<\/ul>\n<h4>Vrednost: 2.500 \u20ac + DDV<\/h4>\n<\/div><\/section><\/div>\n<style type=\"text\/css\" data-created_by=\"avia_inline_auto\" id=\"style-css-av-6o1g-4-5442b747acc7d89b3df3479c6ff8cf5c\">\n.flex_column.av-6o1g-4-5442b747acc7d89b3df3479c6ff8cf5c{\nborder-radius:0px 0px 0px 0px;\npadding:0px 0px 0px 0px;\n}\n<\/style>\n<div  class='flex_column av-6o1g-4-5442b747acc7d89b3df3479c6ff8cf5c av_one_third  avia-builder-el-21  el_after_av_one_third  el_before_av_one_third  bullets-top-left small flex_column_div av-zero-column-padding  column-top-margin'     ><section  class='av_textblock_section av-jxk6xafv-3-3506c71907b456032ea0e84f972de994 '   itemscope=\"itemscope\" itemtype=\"https:\/\/schema.org\/CreativeWork\" ><div class='avia_textblock'  itemprop=\"text\" ><h4>SREBRNI PAKET<\/h4>\n<p>Srebrni paket vklju\u010duje:<\/p>\n<ul>\n<li>2 kotizacije za udele\u017ebo predstavnika ob\u010dine na konferenci Zlati kamen (11. marec 2025).<\/li>\n<li>objava intervjuja ali promocijskega \u010dlanka na portalu zlatikamen.si,<\/li>\n<li>logotip ob\u010dine na spletni strani konference in portalu Zlati kamen v sklopu Podporniki razvoja slovenskih ob\u010din.<\/li>\n<li>ISSO analiza,<\/li>\n<li>mini ISSO analiza,<\/li>\n<li>e-zna\u010dka certifikat za spletno stran,<\/li>\n<li>priznanje certifikat v PDF-obliki,<\/li>\n<li>kratko sporo\u010dilo za javnost.<\/li>\n<\/ul>\n<h4>Vrednost: 1.600 \u20ac + DDV<\/h4>\n<\/div><\/section><\/div>\n<style type=\"text\/css\" data-created_by=\"avia_inline_auto\" id=\"style-css-av-8zgi-2-aa7d78f16691c90abfa1b6c21e847f29\">\n.flex_column.av-8zgi-2-aa7d78f16691c90abfa1b6c21e847f29{\nborder-radius:0px 0px 0px 0px;\npadding:0px 0px 0px 0px;\n}\n<\/style>\n<div  class='flex_column av-8zgi-2-aa7d78f16691c90abfa1b6c21e847f29 av_one_third  avia-builder-el-23  el_after_av_one_third  avia-builder-el-last  bullets-top-left small flex_column_div av-zero-column-padding  column-top-margin'     ><section  class='av_textblock_section av-jxk6wxle-1-ff761d22234f124a493e86430d081397 '   itemscope=\"itemscope\" itemtype=\"https:\/\/schema.org\/CreativeWork\" ><div class='avia_textblock'  itemprop=\"text\" ><h4>BRONASTI PAKET<\/h4>\n<p>Bronasti paket vklju\u010duje:<\/p>\n<ul>\n<li>2 kotizaciji za udele\u017ebo predstavnika ob\u010dine na konferenci Zlati kamen (11. marec 2025).<\/li>\n<li>objava intervjuja ali promocijskega \u010dlanka na portalu zlatikamen.si,<\/li>\n<li>logotip ob\u010dine na spletni strani konference in portalu Zlati kamen v sklopu Podporniki razvoja slovenskih ob\u010din.<\/li>\n<li>mini ISSO analiza,<\/li>\n<li>e-zna\u010dka certifikat za spletno stran,<\/li>\n<li>priznanje certifikat v PDF-obliki,<\/li>\n<li>kratko sporo\u010dilo za javnost.<\/li>\n<\/ul>\n<h4>Vrednost: 800 \u20ac + DDV<\/h4>\n<\/div><\/section><\/div>\n<\/div><\/div><\/div><!-- close content main div --><\/div><\/div><div id='after_section_3'  class='main_color av_default_container_wrap container_wrap fullsize'  ><div class='container av-section-cont-open' ><div class='template-page content  av-content-full alpha units'><div class='post-entry post-entry-type-page post-entry-220'><div class='entry-content-wrapper clearfix'>\n<section  class='av_textblock_section av-k5gw6x2p-f7e86cc3d71a13524344c12e2bc15a7f '   itemscope=\"itemscope\" itemtype=\"https:\/\/schema.org\/CreativeWork\" ><div class='avia_textblock'  itemprop=\"text\" ><p style=\"text-align: center\">Za ve\u010d informacij po\u0161ljite sporo\u010dilo <a href=\"mailto:zlatikamen@planetgv.si\">zlatikamen@planetgv.si<\/a><\/p>\n<\/div><\/section>\n<\/div><\/div><\/div><!-- close content main div --><\/div><\/div><div id='av_section_4'  class='avia-section av-jxn7q2om-10-f570f4d1f17d95a2c8761ef29c0680f0 main_color avia-section-default avia-no-border-styling  avia-builder-el-26  el_after_av_textblock  avia-builder-el-last  av-desktop-hide av-medium-hide av-small-hide av-mini-hide avia-bg-style-scroll container_wrap fullsize'  ><div class='container av-section-cont-open' ><div class='template-page content  av-content-full alpha units'><div class='post-entry post-entry-type-page post-entry-220'><div class='entry-content-wrapper clearfix'>\n\n","protected":false},"excerpt":{"rendered":"","protected":false},"author":1,"featured_media":5214,"parent":0,"menu_order":0,"comment_status":"closed","ping_status":"closed","template":"","meta":{"footnotes":""},"acf":[],"yoast_head":"<!-- This site is optimized with the Yoast SEO plugin v22.6 - https:\/\/yoast.com\/wordpress\/plugins\/seo\/ -->\n<title>Prijava - Zlati kamen<\/title>\n<meta name=\"robots\" content=\"index, follow, max-snippet:-1, max-image-preview:large, max-video-preview:-1\" \/>\n<link rel=\"canonical\" href=\"https:\/\/www.planetgv.si\/zlati-kamen\/prijava\/\" \/>\n<meta property=\"og:locale\" content=\"sl_SI\" \/>\n<meta property=\"og:type\" content=\"article\" \/>\n<meta property=\"og:title\" content=\"Prijava - Zlati kamen\" \/>\n<meta property=\"og:url\" content=\"https:\/\/www.planetgv.si\/zlati-kamen\/prijava\/\" \/>\n<meta property=\"og:site_name\" content=\"Zlati kamen\" \/>\n<meta property=\"article:modified_time\" content=\"2025-10-27T11:59:21+00:00\" \/>\n<meta property=\"og:image\" content=\"https:\/\/www.planetgv.si\/wp-content\/uploads\/sites\/12\/2025\/03\/ZK25_OG-Image_1200x630px.png\" \/>\n\t<meta property=\"og:image:width\" content=\"1200\" \/>\n\t<meta property=\"og:image:height\" content=\"630\" \/>\n\t<meta property=\"og:image:type\" content=\"image\/png\" \/>\n<meta name=\"twitter:card\" content=\"summary_large_image\" \/>\n<meta name=\"twitter:label1\" content=\"Est. reading time\" \/>\n\t<meta name=\"twitter:data1\" content=\"3 minute\" \/>\n<script type=\"application\/ld+json\" class=\"yoast-schema-graph\">{\"@context\":\"https:\/\/schema.org\",\"@graph\":[{\"@type\":\"WebPage\",\"@id\":\"https:\/\/www.planetgv.si\/zlati-kamen\/prijava\/\",\"url\":\"https:\/\/www.planetgv.si\/zlati-kamen\/prijava\/\",\"name\":\"Prijava - Zlati kamen\",\"isPartOf\":{\"@id\":\"https:\/\/www.planetgv.si\/zlati-kamen\/#website\"},\"primaryImageOfPage\":{\"@id\":\"https:\/\/www.planetgv.si\/zlati-kamen\/prijava\/#primaryimage\"},\"image\":{\"@id\":\"https:\/\/www.planetgv.si\/zlati-kamen\/prijava\/#primaryimage\"},\"thumbnailUrl\":\"https:\/\/www.planetgv.si\/wp-content\/uploads\/sites\/12\/2025\/03\/ZK25_OG-Image_1200x630px.png\",\"datePublished\":\"2019-07-03T12:27:05+00:00\",\"dateModified\":\"2025-10-27T11:59:21+00:00\",\"breadcrumb\":{\"@id\":\"https:\/\/www.planetgv.si\/zlati-kamen\/prijava\/#breadcrumb\"},\"inLanguage\":\"sl-SI\",\"potentialAction\":[{\"@type\":\"ReadAction\",\"target\":[\"https:\/\/www.planetgv.si\/zlati-kamen\/prijava\/\"]}]},{\"@type\":\"ImageObject\",\"inLanguage\":\"sl-SI\",\"@id\":\"https:\/\/www.planetgv.si\/zlati-kamen\/prijava\/#primaryimage\",\"url\":\"https:\/\/www.planetgv.si\/wp-content\/uploads\/sites\/12\/2025\/03\/ZK25_OG-Image_1200x630px.png\",\"contentUrl\":\"https:\/\/www.planetgv.si\/wp-content\/uploads\/sites\/12\/2025\/03\/ZK25_OG-Image_1200x630px.png\",\"width\":1200,\"height\":630},{\"@type\":\"BreadcrumbList\",\"@id\":\"https:\/\/www.planetgv.si\/zlati-kamen\/prijava\/#breadcrumb\",\"itemListElement\":[{\"@type\":\"ListItem\",\"position\":1,\"name\":\"Home\",\"item\":\"https:\/\/www.planetgv.si\/zlati-kamen\/homepage\/\"},{\"@type\":\"ListItem\",\"position\":2,\"name\":\"Prijava\"}]},{\"@type\":\"WebSite\",\"@id\":\"https:\/\/www.planetgv.si\/zlati-kamen\/#website\",\"url\":\"https:\/\/www.planetgv.si\/zlati-kamen\/\",\"name\":\"Zlati kamen\",\"description\":\"Zlati kamen\",\"potentialAction\":[{\"@type\":\"SearchAction\",\"target\":{\"@type\":\"EntryPoint\",\"urlTemplate\":\"https:\/\/www.planetgv.si\/zlati-kamen\/?s={search_term_string}\"},\"query-input\":\"required name=search_term_string\"}],\"inLanguage\":\"sl-SI\"}]}<\/script>\n<!-- \/ Yoast SEO plugin. -->","yoast_head_json":{"title":"Prijava - Zlati kamen","robots":{"index":"index","follow":"follow","max-snippet":"max-snippet:-1","max-image-preview":"max-image-preview:large","max-video-preview":"max-video-preview:-1"},"canonical":"https:\/\/www.planetgv.si\/zlati-kamen\/prijava\/","og_locale":"sl_SI","og_type":"article","og_title":"Prijava - Zlati kamen","og_url":"https:\/\/www.planetgv.si\/zlati-kamen\/prijava\/","og_site_name":"Zlati kamen","article_modified_time":"2025-10-27T11:59:21+00:00","og_image":[{"width":1200,"height":630,"url":"https:\/\/www.planetgv.si\/wp-content\/uploads\/sites\/12\/2025\/03\/ZK25_OG-Image_1200x630px.png","type":"image\/png"}],"twitter_card":"summary_large_image","twitter_misc":{"Est. reading time":"3 minute"},"schema":{"@context":"https:\/\/schema.org","@graph":[{"@type":"WebPage","@id":"https:\/\/www.planetgv.si\/zlati-kamen\/prijava\/","url":"https:\/\/www.planetgv.si\/zlati-kamen\/prijava\/","name":"Prijava - Zlati kamen","isPartOf":{"@id":"https:\/\/www.planetgv.si\/zlati-kamen\/#website"},"primaryImageOfPage":{"@id":"https:\/\/www.planetgv.si\/zlati-kamen\/prijava\/#primaryimage"},"image":{"@id":"https:\/\/www.planetgv.si\/zlati-kamen\/prijava\/#primaryimage"},"thumbnailUrl":"https:\/\/www.planetgv.si\/wp-content\/uploads\/sites\/12\/2025\/03\/ZK25_OG-Image_1200x630px.png","datePublished":"2019-07-03T12:27:05+00:00","dateModified":"2025-10-27T11:59:21+00:00","breadcrumb":{"@id":"https:\/\/www.planetgv.si\/zlati-kamen\/prijava\/#breadcrumb"},"inLanguage":"sl-SI","potentialAction":[{"@type":"ReadAction","target":["https:\/\/www.planetgv.si\/zlati-kamen\/prijava\/"]}]},{"@type":"ImageObject","inLanguage":"sl-SI","@id":"https:\/\/www.planetgv.si\/zlati-kamen\/prijava\/#primaryimage","url":"https:\/\/www.planetgv.si\/wp-content\/uploads\/sites\/12\/2025\/03\/ZK25_OG-Image_1200x630px.png","contentUrl":"https:\/\/www.planetgv.si\/wp-content\/uploads\/sites\/12\/2025\/03\/ZK25_OG-Image_1200x630px.png","width":1200,"height":630},{"@type":"BreadcrumbList","@id":"https:\/\/www.planetgv.si\/zlati-kamen\/prijava\/#breadcrumb","itemListElement":[{"@type":"ListItem","position":1,"name":"Home","item":"https:\/\/www.planetgv.si\/zlati-kamen\/homepage\/"},{"@type":"ListItem","position":2,"name":"Prijava"}]},{"@type":"WebSite","@id":"https:\/\/www.planetgv.si\/zlati-kamen\/#website","url":"https:\/\/www.planetgv.si\/zlati-kamen\/","name":"Zlati kamen","description":"Zlati kamen","potentialAction":[{"@type":"SearchAction","target":{"@type":"EntryPoint","urlTemplate":"https:\/\/www.planetgv.si\/zlati-kamen\/?s={search_term_string}"},"query-input":"required name=search_term_string"}],"inLanguage":"sl-SI"}]}},"_links":{"self":[{"href":"https:\/\/www.planetgv.si\/zlati-kamen\/wp-json\/wp\/v2\/pages\/220"}],"collection":[{"href":"https:\/\/www.planetgv.si\/zlati-kamen\/wp-json\/wp\/v2\/pages"}],"about":[{"href":"https:\/\/www.planetgv.si\/zlati-kamen\/wp-json\/wp\/v2\/types\/page"}],"author":[{"embeddable":true,"href":"https:\/\/www.planetgv.si\/zlati-kamen\/wp-json\/wp\/v2\/users\/1"}],"replies":[{"embeddable":true,"href":"https:\/\/www.planetgv.si\/zlati-kamen\/wp-json\/wp\/v2\/comments?post=220"}],"version-history":[{"count":1,"href":"https:\/\/www.planetgv.si\/zlati-kamen\/wp-json\/wp\/v2\/pages\/220\/revisions"}],"predecessor-version":[{"id":5293,"href":"https:\/\/www.planetgv.si\/zlati-kamen\/wp-json\/wp\/v2\/pages\/220\/revisions\/5293"}],"wp:featuredmedia":[{"embeddable":true,"href":"https:\/\/www.planetgv.si\/zlati-kamen\/wp-json\/wp\/v2\/media\/5214"}],"wp:attachment":[{"href":"https:\/\/www.planetgv.si\/zlati-kamen\/wp-json\/wp\/v2\/media?parent=220"}],"curies":[{"name":"wp","href":"https:\/\/api.w.org\/{rel}","templated":true}]}}