{"id":220,"date":"2019-07-03T13:27:05","date_gmt":"2019-07-03T12:27:05","guid":{"rendered":"https:\/\/test.www.planetgv.si\/?page_id=220"},"modified":"2026-05-14T09:52:02","modified_gmt":"2026-05-14T08:52:02","slug":"prijava","status":"publish","type":"page","link":"https:\/\/www.planetgv.si\/preplet-festival\/prijava\/","title":{"rendered":"Prijavite se"},"content":{"rendered":"\n<style type=\"text\/css\" data-created_by=\"avia_inline_auto\" id=\"style-css-av-lv3m-eacdf217e478ac841c9b3181d27a6735\">\n.avia-section.av-lv3m-eacdf217e478ac841c9b3181d27a6735{\nmargin-top:-50px;\n}\n<\/style>\n<div id='av_section_1'  class='avia-section av-lv3m-eacdf217e478ac841c9b3181d27a6735 main_color avia-section-no-padding avia-no-border-styling  avia-builder-el-0  el_before_av_section  avia-builder-el-first  banner avia-bg-style-scroll av-minimum-height av-minimum-height-50 av-height-50  container_wrap fullsize'   data-av_minimum_height_pc='50' data-av_min_height_opt='50'><div class='container av-section-cont-open' ><main  role=\"main\" itemprop=\"mainContentOfPage\"  class='template-page content  av-content-full alpha units'><div class='post-entry post-entry-type-page post-entry-220'><div class='entry-content-wrapper clearfix'>\n\n<style type=\"text\/css\" data-created_by=\"avia_inline_auto\" id=\"style-css-av-23ru-7ef61b0891ec58b174515093af5ef491\">\n.flex_column.av-23ru-7ef61b0891ec58b174515093af5ef491{\nborder-radius:0px 0px 0px 0px;\npadding:0px 0px 0px 0px;\n}\n<\/style>\n<div  class='flex_column av-23ru-7ef61b0891ec58b174515093af5ef491 av_one_full  avia-builder-el-1  avia-builder-el-no-sibling  first flex_column_div av-zero-column-padding  '     ><section  class='av_textblock_section av-jxk287n1-1c4c13aca62400cd0d7946742bac5086 '   itemscope=\"itemscope\" itemtype=\"https:\/\/schema.org\/CreativeWork\" ><div class='avia_textblock ow-text-light'  itemprop=\"text\" ><h1>Prijavite se<\/h1>\n<h4>Pre:plet festival bo potekal V \u017dIVO 22. septembra na Ekonomski fakulteti v Ljubljani<\/h4>\n<\/div><\/section><\/div>\n\n<\/div><\/div><\/main><!-- close content main element --><\/div><\/div>\n<style type=\"text\/css\" data-created_by=\"avia_inline_auto\" id=\"style-css-av-ku3uwc71-92162278eb961e43991f0340826b544d\">\n.avia-section.av-ku3uwc71-92162278eb961e43991f0340826b544d{\nbackground-color:#b68632;\nbackground-image:unset;\n}\n<\/style>\n<div id='av_section_2'  class='avia-section av-ku3uwc71-92162278eb961e43991f0340826b544d main_color avia-section-huge avia-no-border-styling  avia-builder-el-3  el_after_av_section  avia-builder-el-last  avia-bg-style-scroll container_wrap fullsize'  ><div class='container av-section-cont-open' ><div class='template-page content  av-content-full alpha units'><div class='post-entry post-entry-type-page post-entry-220'><div class='entry-content-wrapper clearfix'>\n\n<style type=\"text\/css\" data-created_by=\"avia_inline_auto\" id=\"style-css-av-mbgjnwsv-939fcfc1c34bad13a5804d1f6aee4ddb\">\n#top .hr.hr-invisible.av-mbgjnwsv-939fcfc1c34bad13a5804d1f6aee4ddb{\nheight:50px;\n}\n<\/style>\n<div  class='hr av-mbgjnwsv-939fcfc1c34bad13a5804d1f6aee4ddb hr-invisible  avia-builder-el-4  el_before_av_textblock  avia-builder-el-first '><span class='hr-inner '><span class=\"hr-inner-style\"><\/span><\/span><\/div>\n<section  class='av_textblock_section av-jxn7kr0g-f3119159540799d7e43dc44343a2805f '   itemscope=\"itemscope\" itemtype=\"https:\/\/schema.org\/CreativeWork\" ><div class='avia_textblock'  itemprop=\"text\" ><div class=\"ow-prices-wrap\"><div class=\"ow-single-price\"><div class=\"ow-single-price-content ow-bg-light ow-text-body\"><div class=\"ow-single-price-header text-center ow-bg-color\"><h3 class=\"ow-text-light\">Mega early bird Pre:plet - prvih 100<\/h3><\/div><div class=\"ow-single-price-text\"><p>Kotizacija vklju\u010duje:<\/p>\n<p>\u2022 Vstop na vsa predavanja<br \/>\n\u2022 Vstop na vse delavnice<br \/>\n\u2022 Mre\u017eenje z udele\u017eenci<\/p>\n<p>V ceno ni vklju\u010den DDV.<\/p>\n<p>Cena zgodnje prijave je na voljo le \u0161e do 18. 05. 2026<\/p><\/div><div class=\"ow-single-price-footer\"><div class=\"ow-price-wrap text-center\" data-early = \"1\"><span class=\"ow-early-bird-price\">80&euro;<\/span><span class=\"ow-regular-price\">250&euro;<\/span><\/div><div class=\"ow-text-light\"><div  class='avia-button-wrap av-av_button-7b4fe902cf661fb23f65ead0929fa214-wrap avia-button-center '><a href='https:\/\/www.planetgv.si\/preplet-festival\/checkout\/?add-to-cart=9222&variation_id=9223&quantity=1&attr-type=tip-prijave'  class='avia-button av-av_button-7b4fe902cf661fb23f65ead0929fa214 av-link-btn avia-icon_select-yes-left-icon avia-size-large avia-position-center avia-color-pink'   aria-label=\"\u017delim se prijaviti\"><span class='avia_button_icon avia_button_icon_left avia-svg-icon avia-font-svg_entypo-fontello' data-av_svg_icon='' data-av_iconset='svg_entypo-fontello'><\/span><span class='avia_iconbox_title' >\u017delim se prijaviti<\/span><\/a><\/div><\/div><\/div><\/div><\/div><\/div>\n<\/div><\/section>\n\n<style type=\"text\/css\" data-created_by=\"avia_inline_auto\" id=\"style-css-av-mbgjlzub-d91c5d7c16ebd2a1b8171407310ecc8f\">\n#top .av_textblock_section.av-mbgjlzub-d91c5d7c16ebd2a1b8171407310ecc8f .avia_textblock{\ncolor:#ffffff;\ntext-align:center;\n}\n<\/style>\n<section  class='av_textblock_section av-mbgjlzub-d91c5d7c16ebd2a1b8171407310ecc8f '   itemscope=\"itemscope\" itemtype=\"https:\/\/schema.org\/CreativeWork\" ><div class='avia_textblock av_inherit_color'  itemprop=\"text\" ><p style=\"color: #ffffff\">Nepla\u010dilo ali neudele\u017eba ne pomeni avtomatske odjave. Vse ostale pogoje prijave si lahko ogledate v <a style=\"color: #ffffff;text-decoration: underline\" href=\"https:\/\/www.planetgv.si\/splosni-pogoji\/\">Splo\u0161nih pogojih<\/a>.<\/p>\n<p style=\"color: #ffffff\">Komentarje lahko zapi\u0161ete v opombe. Dodatne informacije ali pomo\u010d pri prijavi: <strong style=\"color: #ffffff\">080\u202f33\u202f44<\/strong> | <a style=\"color: #ffffff;text-decoration: underline\" href=\"mailto:prijave@planetgv.si\">prijave@planetgv.si<\/a><\/p>\n<\/div><\/section>\n\n","protected":false},"excerpt":{"rendered":"","protected":false},"author":1,"featured_media":14718,"parent":0,"menu_order":0,"comment_status":"closed","ping_status":"closed","template":"","meta":{"footnotes":""},"acf":[],"yoast_head":"<!-- This site is optimized with the Yoast SEO plugin v22.6 - https:\/\/yoast.com\/wordpress\/plugins\/seo\/ -->\n<title>Prijavite se - Pre:plet Festival<\/title>\n<meta name=\"description\" content=\"Pre:plet festival je dinami\u010dni KADROVSKI in POSLOVNI festival znanja, inovacij in prihodnosti na podro\u010dju HRM, strate\u0161kega vodenja in tehnolo\u0161kih inovacij.\" \/>\n<meta name=\"robots\" content=\"index, follow, max-snippet:-1, max-image-preview:large, max-video-preview:-1\" \/>\n<link rel=\"canonical\" href=\"https:\/\/www.planetgv.si\/preplet-festival\/prijava\/\" \/>\n<meta property=\"og:locale\" content=\"sl_SI\" \/>\n<meta property=\"og:type\" content=\"article\" \/>\n<meta property=\"og:title\" content=\"HR&amp;M Festival\" \/>\n<meta property=\"og:description\" content=\"HR&amp;M festival je dinami\u010dni 24-urni KADROVSKI in POSLOVNI festival znanja, inovacij in prihodnosti na podro\u010dju HRM, strate\u0161kega vodenja in tehnolo\u0161kih inovacij.\" \/>\n<meta property=\"og:url\" content=\"https:\/\/www.planetgv.si\/preplet-festival\/prijava\/\" \/>\n<meta property=\"og:site_name\" content=\"Pre:plet Festival\" \/>\n<meta property=\"article:modified_time\" content=\"2026-05-14T08:52:02+00:00\" \/>\n<meta property=\"og:image\" content=\"https:\/\/www.planetgv.si\/wp-content\/uploads\/sites\/11\/2024\/04\/fHRM24_OG-Image_1200x630px.png\" \/>\n\t<meta property=\"og:image:width\" content=\"1201\" \/>\n\t<meta property=\"og:image:height\" content=\"631\" \/>\n\t<meta property=\"og:image:type\" content=\"image\/png\" \/>\n<meta name=\"twitter:card\" content=\"summary_large_image\" \/>\n<meta name=\"twitter:image\" content=\"https:\/\/www.planetgv.si\/wp-content\/uploads\/sites\/11\/2022\/12\/HRMk23_SpletnaStran_Naslovna_slika_1920x930px.png\" \/>\n<meta name=\"twitter:label1\" content=\"Est. reading time\" \/>\n\t<meta name=\"twitter:data1\" content=\"1 minuta\" \/>\n<script type=\"application\/ld+json\" class=\"yoast-schema-graph\">{\"@context\":\"https:\/\/schema.org\",\"@graph\":[{\"@type\":\"WebPage\",\"@id\":\"https:\/\/www.planetgv.si\/preplet-festival\/prijava\/\",\"url\":\"https:\/\/www.planetgv.si\/preplet-festival\/prijava\/\",\"name\":\"Prijavite se - Pre:plet Festival\",\"isPartOf\":{\"@id\":\"https:\/\/www.planetgv.si\/preplet-festival\/#website\"},\"primaryImageOfPage\":{\"@id\":\"https:\/\/www.planetgv.si\/preplet-festival\/prijava\/#primaryimage\"},\"image\":{\"@id\":\"https:\/\/www.planetgv.si\/preplet-festival\/prijava\/#primaryimage\"},\"thumbnailUrl\":\"https:\/\/www.planetgv.si\/wp-content\/uploads\/sites\/11\/2026\/02\/fPRPL26_OG-Image_1200x630px.jpg\",\"datePublished\":\"2019-07-03T12:27:05+00:00\",\"dateModified\":\"2026-05-14T08:52:02+00:00\",\"description\":\"Pre:plet festival je dinami\u010dni KADROVSKI in POSLOVNI festival znanja, inovacij in prihodnosti na podro\u010dju HRM, strate\u0161kega vodenja in tehnolo\u0161kih inovacij.\",\"breadcrumb\":{\"@id\":\"https:\/\/www.planetgv.si\/preplet-festival\/prijava\/#breadcrumb\"},\"inLanguage\":\"sl-SI\",\"potentialAction\":[{\"@type\":\"ReadAction\",\"target\":[\"https:\/\/www.planetgv.si\/preplet-festival\/prijava\/\"]}]},{\"@type\":\"ImageObject\",\"inLanguage\":\"sl-SI\",\"@id\":\"https:\/\/www.planetgv.si\/preplet-festival\/prijava\/#primaryimage\",\"url\":\"https:\/\/www.planetgv.si\/wp-content\/uploads\/sites\/11\/2026\/02\/fPRPL26_OG-Image_1200x630px.jpg\",\"contentUrl\":\"https:\/\/www.planetgv.si\/wp-content\/uploads\/sites\/11\/2026\/02\/fPRPL26_OG-Image_1200x630px.jpg\",\"width\":1920,\"height\":1008},{\"@type\":\"BreadcrumbList\",\"@id\":\"https:\/\/www.planetgv.si\/preplet-festival\/prijava\/#breadcrumb\",\"itemListElement\":[{\"@type\":\"ListItem\",\"position\":1,\"name\":\"Home\",\"item\":\"https:\/\/www.planetgv.si\/preplet-festival\/homepage\/\"},{\"@type\":\"ListItem\",\"position\":2,\"name\":\"Prijavite se\"}]},{\"@type\":\"WebSite\",\"@id\":\"https:\/\/www.planetgv.si\/preplet-festival\/#website\",\"url\":\"https:\/\/www.planetgv.si\/preplet-festival\/\",\"name\":\"Pre:plet Festival\",\"description\":\"Pre:plet Festival\",\"publisher\":{\"@id\":\"https:\/\/www.planetgv.si\/preplet-festival\/#organization\"},\"potentialAction\":[{\"@type\":\"SearchAction\",\"target\":{\"@type\":\"EntryPoint\",\"urlTemplate\":\"https:\/\/www.planetgv.si\/preplet-festival\/?s={search_term_string}\"},\"query-input\":\"required name=search_term_string\"}],\"inLanguage\":\"sl-SI\"},{\"@type\":\"Organization\",\"@id\":\"https:\/\/www.planetgv.si\/preplet-festival\/#organization\",\"name\":\"Pre:plet Festival\",\"url\":\"https:\/\/www.planetgv.si\/preplet-festival\/\",\"logo\":{\"@type\":\"ImageObject\",\"inLanguage\":\"sl-SI\",\"@id\":\"https:\/\/www.planetgv.si\/preplet-festival\/#\/schema\/logo\/image\/\",\"url\":\"https:\/\/www.planetgv.si\/wp-content\/uploads\/sites\/11\/2026\/02\/Predlogi_logotip_preplet_2.jpg\",\"contentUrl\":\"https:\/\/www.planetgv.si\/wp-content\/uploads\/sites\/11\/2026\/02\/Predlogi_logotip_preplet_2.jpg\",\"width\":889,\"height\":872,\"caption\":\"Pre:plet Festival\"},\"image\":{\"@id\":\"https:\/\/www.planetgv.si\/preplet-festival\/#\/schema\/logo\/image\/\"},\"sameAs\":[\"https:\/\/www.linkedin.com\/showcase\/hr-and-m\/\"]}]}<\/script>\n<!-- \/ Yoast SEO plugin. -->","yoast_head_json":{"title":"Prijavite se - Pre:plet Festival","description":"Pre:plet festival je dinami\u010dni KADROVSKI in POSLOVNI festival znanja, inovacij in prihodnosti na podro\u010dju HRM, strate\u0161kega vodenja in tehnolo\u0161kih inovacij.","robots":{"index":"index","follow":"follow","max-snippet":"max-snippet:-1","max-image-preview":"max-image-preview:large","max-video-preview":"max-video-preview:-1"},"canonical":"https:\/\/www.planetgv.si\/preplet-festival\/prijava\/","og_locale":"sl_SI","og_type":"article","og_title":"HR&M Festival","og_description":"HR&M festival je dinami\u010dni 24-urni KADROVSKI in POSLOVNI festival znanja, inovacij in prihodnosti na podro\u010dju HRM, strate\u0161kega vodenja in tehnolo\u0161kih inovacij.","og_url":"https:\/\/www.planetgv.si\/preplet-festival\/prijava\/","og_site_name":"Pre:plet Festival","article_modified_time":"2026-05-14T08:52:02+00:00","og_image":[{"width":1201,"height":631,"url":"https:\/\/www.planetgv.si\/wp-content\/uploads\/sites\/11\/2024\/04\/fHRM24_OG-Image_1200x630px.png","type":"image\/png"}],"twitter_card":"summary_large_image","twitter_image":"https:\/\/www.planetgv.si\/wp-content\/uploads\/sites\/11\/2022\/12\/HRMk23_SpletnaStran_Naslovna_slika_1920x930px.png","twitter_misc":{"Est. reading time":"1 minuta"},"schema":{"@context":"https:\/\/schema.org","@graph":[{"@type":"WebPage","@id":"https:\/\/www.planetgv.si\/preplet-festival\/prijava\/","url":"https:\/\/www.planetgv.si\/preplet-festival\/prijava\/","name":"Prijavite se - Pre:plet Festival","isPartOf":{"@id":"https:\/\/www.planetgv.si\/preplet-festival\/#website"},"primaryImageOfPage":{"@id":"https:\/\/www.planetgv.si\/preplet-festival\/prijava\/#primaryimage"},"image":{"@id":"https:\/\/www.planetgv.si\/preplet-festival\/prijava\/#primaryimage"},"thumbnailUrl":"https:\/\/www.planetgv.si\/wp-content\/uploads\/sites\/11\/2026\/02\/fPRPL26_OG-Image_1200x630px.jpg","datePublished":"2019-07-03T12:27:05+00:00","dateModified":"2026-05-14T08:52:02+00:00","description":"Pre:plet festival je dinami\u010dni KADROVSKI in POSLOVNI festival znanja, inovacij in prihodnosti na podro\u010dju HRM, strate\u0161kega vodenja in tehnolo\u0161kih inovacij.","breadcrumb":{"@id":"https:\/\/www.planetgv.si\/preplet-festival\/prijava\/#breadcrumb"},"inLanguage":"sl-SI","potentialAction":[{"@type":"ReadAction","target":["https:\/\/www.planetgv.si\/preplet-festival\/prijava\/"]}]},{"@type":"ImageObject","inLanguage":"sl-SI","@id":"https:\/\/www.planetgv.si\/preplet-festival\/prijava\/#primaryimage","url":"https:\/\/www.planetgv.si\/wp-content\/uploads\/sites\/11\/2026\/02\/fPRPL26_OG-Image_1200x630px.jpg","contentUrl":"https:\/\/www.planetgv.si\/wp-content\/uploads\/sites\/11\/2026\/02\/fPRPL26_OG-Image_1200x630px.jpg","width":1920,"height":1008},{"@type":"BreadcrumbList","@id":"https:\/\/www.planetgv.si\/preplet-festival\/prijava\/#breadcrumb","itemListElement":[{"@type":"ListItem","position":1,"name":"Home","item":"https:\/\/www.planetgv.si\/preplet-festival\/homepage\/"},{"@type":"ListItem","position":2,"name":"Prijavite se"}]},{"@type":"WebSite","@id":"https:\/\/www.planetgv.si\/preplet-festival\/#website","url":"https:\/\/www.planetgv.si\/preplet-festival\/","name":"Pre:plet Festival","description":"Pre:plet Festival","publisher":{"@id":"https:\/\/www.planetgv.si\/preplet-festival\/#organization"},"potentialAction":[{"@type":"SearchAction","target":{"@type":"EntryPoint","urlTemplate":"https:\/\/www.planetgv.si\/preplet-festival\/?s={search_term_string}"},"query-input":"required name=search_term_string"}],"inLanguage":"sl-SI"},{"@type":"Organization","@id":"https:\/\/www.planetgv.si\/preplet-festival\/#organization","name":"Pre:plet Festival","url":"https:\/\/www.planetgv.si\/preplet-festival\/","logo":{"@type":"ImageObject","inLanguage":"sl-SI","@id":"https:\/\/www.planetgv.si\/preplet-festival\/#\/schema\/logo\/image\/","url":"https:\/\/www.planetgv.si\/wp-content\/uploads\/sites\/11\/2026\/02\/Predlogi_logotip_preplet_2.jpg","contentUrl":"https:\/\/www.planetgv.si\/wp-content\/uploads\/sites\/11\/2026\/02\/Predlogi_logotip_preplet_2.jpg","width":889,"height":872,"caption":"Pre:plet Festival"},"image":{"@id":"https:\/\/www.planetgv.si\/preplet-festival\/#\/schema\/logo\/image\/"},"sameAs":["https:\/\/www.linkedin.com\/showcase\/hr-and-m\/"]}]}},"_links":{"self":[{"href":"https:\/\/www.planetgv.si\/preplet-festival\/wp-json\/wp\/v2\/pages\/220"}],"collection":[{"href":"https:\/\/www.planetgv.si\/preplet-festival\/wp-json\/wp\/v2\/pages"}],"about":[{"href":"https:\/\/www.planetgv.si\/preplet-festival\/wp-json\/wp\/v2\/types\/page"}],"author":[{"embeddable":true,"href":"https:\/\/www.planetgv.si\/preplet-festival\/wp-json\/wp\/v2\/users\/1"}],"replies":[{"embeddable":true,"href":"https:\/\/www.planetgv.si\/preplet-festival\/wp-json\/wp\/v2\/comments?post=220"}],"version-history":[{"count":20,"href":"https:\/\/www.planetgv.si\/preplet-festival\/wp-json\/wp\/v2\/pages\/220\/revisions"}],"predecessor-version":[{"id":14807,"href":"https:\/\/www.planetgv.si\/preplet-festival\/wp-json\/wp\/v2\/pages\/220\/revisions\/14807"}],"wp:featuredmedia":[{"embeddable":true,"href":"https:\/\/www.planetgv.si\/preplet-festival\/wp-json\/wp\/v2\/media\/14718"}],"wp:attachment":[{"href":"https:\/\/www.planetgv.si\/preplet-festival\/wp-json\/wp\/v2\/media?parent=220"}],"curies":[{"name":"wp","href":"https:\/\/api.w.org\/{rel}","templated":true}]}}