{"id":220,"date":"2019-07-03T13:27:05","date_gmt":"2019-07-03T12:27:05","guid":{"rendered":"https:\/\/www.planetgv.si\/uzsis\/?page_id=220"},"modified":"2025-06-04T10:50:02","modified_gmt":"2025-06-04T09:50:02","slug":"prijava","status":"publish","type":"page","link":"https:\/\/www.planetgv.si\/posvetvzdravstvu\/prijava\/","title":{"rendered":"Prijava"},"content":{"rendered":"<div id='av_section_1'  class='avia-section av-lv3m-111327a077a42f254663cf2db71e2475 main_color avia-section-large avia-no-border-styling  avia-builder-el-0  el_before_av_section  avia-builder-el-first  banner avia-bg-style-scroll av-minimum-height av-minimum-height-custom av-height-custom  container_wrap fullsize'   data-av_minimum_height_px='470'><div class='container av-section-cont-open' style='height:470px'><main  role=\"main\" itemprop=\"mainContentOfPage\"  class='template-page content  av-content-full alpha units'><div class='post-entry post-entry-type-page post-entry-220'><div class='entry-content-wrapper clearfix'>\n\n<style type=\"text\/css\" data-created_by=\"avia_inline_auto\" id=\"style-css-av-23ru-7ef61b0891ec58b174515093af5ef491\">\n.flex_column.av-23ru-7ef61b0891ec58b174515093af5ef491{\nborder-radius:0px 0px 0px 0px;\npadding:0px 0px 0px 0px;\n}\n<\/style>\n<div  class='flex_column av-23ru-7ef61b0891ec58b174515093af5ef491 av_one_full  avia-builder-el-1  avia-builder-el-no-sibling  first flex_column_div av-zero-column-padding  '     ><section  class='av_textblock_section av-jxk287n1-daf6901d14470a303e5a4d6391051a5d '   itemscope=\"itemscope\" itemtype=\"https:\/\/schema.org\/CreativeWork\" ><div class='avia_textblock ow-text-light'  itemprop=\"text\" ><h1>Prijava<\/h1>\n<\/div><\/section><\/div>\n\n<\/div><\/div><\/main><!-- close content main element --><\/div><\/div><div id='av_section_2'  class='avia-section av-jxn7q2om-ee6715b1d591b03e220726f501c12e41 main_color avia-section-default avia-no-border-styling  avia-builder-el-3  el_after_av_section  el_before_av_heading  ow-text-light p-100 ow-bg-dark avia-bg-style-scroll container_wrap fullsize'  ><div class='container av-section-cont-open' ><div class='template-page content  av-content-full alpha units'><div class='post-entry post-entry-type-page post-entry-220'><div class='entry-content-wrapper clearfix'>\n<section  class='av_textblock_section av-kvhwk9p3-4a9fb82030d8c3ec12614825a3c39421 '   itemscope=\"itemscope\" itemtype=\"https:\/\/schema.org\/CreativeWork\" ><div class='avia_textblock'  itemprop=\"text\" ><h4>Jesenski posvet v zdravstvu bo potekal hibridno!<\/h4>\n<p>Na dogodku se nam boste lahko pridru\u017eili v \u017eivo Kranjski Gori (Hotel Kompas) 2. in 3. oktobra 2025, ponujamo pa vam tudi mo\u017enost, da dogodek spremljate prek spletne platforme.<\/p>\n<\/div><\/section>\n<section  class='av_textblock_section av-jxn7kr0g-f3119159540799d7e43dc44343a2805f '   itemscope=\"itemscope\" itemtype=\"https:\/\/schema.org\/CreativeWork\" ><div class='avia_textblock'  itemprop=\"text\" ><div class=\"disabled-tickets\" style=\"text-align:center;\"><p><p>Prijava trenutno ni mogo\u010da.<\/p>\n<\/p><\/div>\n<\/div><\/section>\n<section  class='av_textblock_section av-kvhwj1ow-7534524c0537f1e94c1a034204f4c3df '   itemscope=\"itemscope\" itemtype=\"https:\/\/schema.org\/CreativeWork\" ><div class='av-desktop-hide av-medium-hide av-small-hide av-mini-hide avia_textblock'  itemprop=\"text\" ><p style=\"text-align: center\">Ob prijavi za en dan vam priznamo 25% popust na aktualno kotizacijo.<\/p>\n<\/div><\/section>\n<\/div><\/div><\/div><!-- close content main div --><\/div><\/div><div id='after_section_2'  class='main_color av_default_container_wrap container_wrap fullsize'  ><div class='container av-section-cont-open' ><div class='template-page content  av-content-full alpha units'><div class='post-entry post-entry-type-page post-entry-220'><div class='entry-content-wrapper clearfix'>\n<style type=\"text\/css\" data-created_by=\"avia_inline_auto\" id=\"style-css-av-f7v5w-56decc6bc41895af6af7fb33f5edcf09\">\n#top .av-special-heading.av-f7v5w-56decc6bc41895af6af7fb33f5edcf09{\npadding-bottom:10px;\ncolor:#003865;\n}\nbody .av-special-heading.av-f7v5w-56decc6bc41895af6af7fb33f5edcf09 .av-special-heading-tag .heading-char{\nfont-size:25px;\n}\n.av-special-heading.av-f7v5w-56decc6bc41895af6af7fb33f5edcf09 .special-heading-inner-border{\nborder-color:#003865;\n}\n.av-special-heading.av-f7v5w-56decc6bc41895af6af7fb33f5edcf09 .av-subheading{\nfont-size:15px;\n}\n<\/style>\n<div  class='av-special-heading av-f7v5w-56decc6bc41895af6af7fb33f5edcf09 av-special-heading-h3 custom-color-heading blockquote modern-quote modern-centered  avia-builder-el-7  el_after_av_section  el_before_av_textblock  avia-builder-el-first '><h3 class='av-special-heading-tag '  itemprop=\"headline\"  >SKUPINSKI POPUSTI<\/h3><div class=\"special-heading-border\"><div class=\"special-heading-inner-border\"><\/div><\/div><\/div><\/p>\n<section  class='av_textblock_section av-kvhwmqfq-15ab5270012463d90dd221d0ddffdcc9 '   itemscope=\"itemscope\" itemtype=\"https:\/\/schema.org\/CreativeWork\" ><div class='avia_textblock'  itemprop=\"text\" ><div class=\"ewa-rteLine\" style=\"text-align: center\">Za vas smo pripravili posebne skupinske pakete s popusti!<\/div>\n<div style=\"text-align: center\"><\/div>\n<ul style=\"text-align: center\">\n<li class=\"ewa-rteLine\"><strong>Osnovni skupinski paket:<\/strong> Vklju\u010duje 2 pla\u010dljivi kotizaciji, ob tem pa prejmete dodatno 5 virtualnih kotizacij brezpla\u010dno.<\/li>\n<li class=\"ewa-rteLine\"><strong>Raz\u0161irjeni skupinski paket:<\/strong> Ta paket obsega 4 pla\u010dljive kotizacije, poleg tega pa vam nudimo 1 dodatno brezpla\u010dno kotizacijo v \u017eivo in 10 brezpla\u010dnih virtualnih kotizacij.<\/li>\n<li class=\"ewa-rteLine\"><strong>Premium skupinski paket:<\/strong> Zajema 6 pla\u010dljivih kotizacij in vam prina\u0161a 2 brezpla\u010dni kotizaciji ter 20 brezpla\u010dnih virtualnih kotizacij.<\/li>\n<li class=\"ewa-rteLine\"><strong>Brezmejni skupinski paket:<\/strong> Zajema 9\u00a0pla\u010dljivih kotizacij in vam prina\u0161a 3 brezpla\u010dni kotizaciji ter neomejeno \u0161tevilo brezpla\u010dnih virtualnih kotizacij.<\/li>\n<\/ul>\n<div style=\"text-align: center\"><\/div>\n<div class=\"ewa-rteLine\" style=\"text-align: center\">Vsi zgoraj navedeni popusti se obra\u010dunajo ro\u010dno po oddani prijavi. Komentarje vpi\u0161ite v opombe.<\/div>\n<div style=\"text-align: center\"><\/div>\n<div class=\"ewa-rteLine\" style=\"text-align: center\">Za redne \u0161tudente, ki so stari do vklju\u010dno 26 let, je na voljo \u0161tudentska kotizacija, ki zna\u0161a 90 EUR z DDV. Ob prijavi v opombe vpi\u0161ite \u0160TUDENT ter po\u0161ljite pisno dokazilo na mail <a href=\"mailto:prijave@planetgv.si\">prijave@planetgv.si<\/a>.<\/div>\n<\/div><\/section>\n\n<style type=\"text\/css\" data-created_by=\"avia_inline_auto\" id=\"style-css-av-b4n0c-5038a305fd12a8c43f7b24c0467b13e5\">\n#top .av-special-heading.av-b4n0c-5038a305fd12a8c43f7b24c0467b13e5{\npadding-bottom:10px;\ncolor:#003865;\n}\nbody .av-special-heading.av-b4n0c-5038a305fd12a8c43f7b24c0467b13e5 .av-special-heading-tag .heading-char{\nfont-size:25px;\n}\n.av-special-heading.av-b4n0c-5038a305fd12a8c43f7b24c0467b13e5 .special-heading-inner-border{\nborder-color:#003865;\n}\n.av-special-heading.av-b4n0c-5038a305fd12a8c43f7b24c0467b13e5 .av-subheading{\nfont-size:15px;\n}\n<\/style>\n<div  class='av-special-heading av-b4n0c-5038a305fd12a8c43f7b24c0467b13e5 av-special-heading-h3 custom-color-heading blockquote modern-quote modern-centered  avia-builder-el-9  el_after_av_textblock  el_before_av_textblock '><h3 class='av-special-heading-tag '  itemprop=\"headline\"  >POGOJI PRIJAVE IN ODJAVE<\/h3><div class=\"special-heading-border\"><div class=\"special-heading-inner-border\"><\/div><\/div><\/div>\n<section  class='av_textblock_section av-kvhwmqfq-1-09c82ea6634e5793bab34ae15ef203f4 '   itemscope=\"itemscope\" itemtype=\"https:\/\/schema.org\/CreativeWork\" ><div class='avia_textblock'  itemprop=\"text\" ><p style=\"text-align: center\">Ugodnej\u0161e cene kotizacij veljajo ob prijavi in pla\u010dilu kotizacije do navedenega datuma.<br \/>\nNepla\u010dilo predra\u010duna in\/ali neudele\u017eba na konferenci ne pomeni avtomatske odjave s konference. V primeru, da se \u017eelite odjaviti, morate to pisno sporo\u010diti na prijave@planetgv.si<br \/>\nOdjava z dogodka brez stro\u0161kov je mo\u017ena do 4 delovne dni pred dogodkom. Zadnji dan za odjavo brez stro\u0161kov je v petek, 29. septembra 2025, do 23:59.<br \/>\nPri odjavi, ki bo posredovana po tem datumu, vam bomo kotizacijo zara\u010dunali v celoti.<br \/>\n\u010ce udele\u017eba \u017ee prijavljene osebe ni mo\u017ena, lahko prijavite nadomestnega udele\u017eenca.<\/p>\n<\/div><\/section>\n","protected":false},"excerpt":{"rendered":"","protected":false},"author":1,"featured_media":2705,"parent":0,"menu_order":0,"comment_status":"closed","ping_status":"closed","template":"","meta":{"footnotes":""},"acf":[],"yoast_head":"<!-- This site is optimized with the Yoast SEO plugin v22.6 - https:\/\/yoast.com\/wordpress\/plugins\/seo\/ -->\n<title>Prijava - Posvet v zdravstvu<\/title>\n<meta name=\"robots\" content=\"index, follow, max-snippet:-1, max-image-preview:large, max-video-preview:-1\" \/>\n<link rel=\"canonical\" href=\"https:\/\/www.planetgv.si\/posvetvzdravstvu\/prijava\/\" \/>\n<meta property=\"og:locale\" content=\"sl_SI\" \/>\n<meta property=\"og:type\" content=\"article\" \/>\n<meta property=\"og:title\" content=\"Prijava - Posvet v zdravstvu\" \/>\n<meta property=\"og:url\" content=\"https:\/\/www.planetgv.si\/posvetvzdravstvu\/prijava\/\" \/>\n<meta property=\"og:site_name\" content=\"Posvet v zdravstvu\" \/>\n<meta property=\"article:modified_time\" content=\"2025-06-04T09:50:02+00:00\" \/>\n<meta property=\"og:image\" content=\"https:\/\/www.planetgv.si\/posvetvzdravstvu\/wp-content\/uploads\/sites\/15\/2023\/06\/jZRF23_OG_IMAGE_1200x630px.png\" \/>\n\t<meta property=\"og:image:width\" content=\"1200\" \/>\n\t<meta property=\"og:image:height\" content=\"675\" \/>\n\t<meta property=\"og:image:type\" content=\"image\/png\" \/>\n<meta name=\"twitter:card\" content=\"summary_large_image\" \/>\n<meta name=\"twitter:label1\" content=\"Est. reading time\" \/>\n\t<meta name=\"twitter:data1\" content=\"2 minuti\" \/>\n<script type=\"application\/ld+json\" class=\"yoast-schema-graph\">{\"@context\":\"https:\/\/schema.org\",\"@graph\":[{\"@type\":\"WebPage\",\"@id\":\"https:\/\/www.planetgv.si\/posvetvzdravstvu\/prijava\/\",\"url\":\"https:\/\/www.planetgv.si\/posvetvzdravstvu\/prijava\/\",\"name\":\"Prijava - Posvet v zdravstvu\",\"isPartOf\":{\"@id\":\"https:\/\/www.planetgv.si\/posvetvzdravstvu\/#website\"},\"primaryImageOfPage\":{\"@id\":\"https:\/\/www.planetgv.si\/posvetvzdravstvu\/prijava\/#primaryimage\"},\"image\":{\"@id\":\"https:\/\/www.planetgv.si\/posvetvzdravstvu\/prijava\/#primaryimage\"},\"thumbnailUrl\":\"https:\/\/www.planetgv.si\/wp-content\/uploads\/sites\/15\/2023\/06\/jZRF23_OG_IMAGE_1200x630px.png\",\"datePublished\":\"2019-07-03T12:27:05+00:00\",\"dateModified\":\"2025-06-04T09:50:02+00:00\",\"breadcrumb\":{\"@id\":\"https:\/\/www.planetgv.si\/posvetvzdravstvu\/prijava\/#breadcrumb\"},\"inLanguage\":\"sl-SI\",\"potentialAction\":[{\"@type\":\"ReadAction\",\"target\":[\"https:\/\/www.planetgv.si\/posvetvzdravstvu\/prijava\/\"]}]},{\"@type\":\"ImageObject\",\"inLanguage\":\"sl-SI\",\"@id\":\"https:\/\/www.planetgv.si\/posvetvzdravstvu\/prijava\/#primaryimage\",\"url\":\"https:\/\/www.planetgv.si\/wp-content\/uploads\/sites\/15\/2023\/06\/jZRF23_OG_IMAGE_1200x630px.png\",\"contentUrl\":\"https:\/\/www.planetgv.si\/wp-content\/uploads\/sites\/15\/2023\/06\/jZRF23_OG_IMAGE_1200x630px.png\",\"width\":1200,\"height\":675},{\"@type\":\"BreadcrumbList\",\"@id\":\"https:\/\/www.planetgv.si\/posvetvzdravstvu\/prijava\/#breadcrumb\",\"itemListElement\":[{\"@type\":\"ListItem\",\"position\":1,\"name\":\"Home\",\"item\":\"https:\/\/www.planetgv.si\/posvetvzdravstvu\/homepage\/\"},{\"@type\":\"ListItem\",\"position\":2,\"name\":\"Prijava\"}]},{\"@type\":\"WebSite\",\"@id\":\"https:\/\/www.planetgv.si\/posvetvzdravstvu\/#website\",\"url\":\"https:\/\/www.planetgv.si\/posvetvzdravstvu\/\",\"name\":\"Posvet v zdravstvu\",\"description\":\"Posvet v zdravstvu\",\"potentialAction\":[{\"@type\":\"SearchAction\",\"target\":{\"@type\":\"EntryPoint\",\"urlTemplate\":\"https:\/\/www.planetgv.si\/posvetvzdravstvu\/?s={search_term_string}\"},\"query-input\":\"required name=search_term_string\"}],\"inLanguage\":\"sl-SI\"}]}<\/script>\n<!-- \/ Yoast SEO plugin. -->","yoast_head_json":{"title":"Prijava - Posvet v zdravstvu","robots":{"index":"index","follow":"follow","max-snippet":"max-snippet:-1","max-image-preview":"max-image-preview:large","max-video-preview":"max-video-preview:-1"},"canonical":"https:\/\/www.planetgv.si\/posvetvzdravstvu\/prijava\/","og_locale":"sl_SI","og_type":"article","og_title":"Prijava - Posvet v zdravstvu","og_url":"https:\/\/www.planetgv.si\/posvetvzdravstvu\/prijava\/","og_site_name":"Posvet v zdravstvu","article_modified_time":"2025-06-04T09:50:02+00:00","og_image":[{"width":1200,"height":675,"url":"https:\/\/www.planetgv.si\/posvetvzdravstvu\/wp-content\/uploads\/sites\/15\/2023\/06\/jZRF23_OG_IMAGE_1200x630px.png","type":"image\/png"}],"twitter_card":"summary_large_image","twitter_misc":{"Est. reading time":"2 minuti"},"schema":{"@context":"https:\/\/schema.org","@graph":[{"@type":"WebPage","@id":"https:\/\/www.planetgv.si\/posvetvzdravstvu\/prijava\/","url":"https:\/\/www.planetgv.si\/posvetvzdravstvu\/prijava\/","name":"Prijava - Posvet v zdravstvu","isPartOf":{"@id":"https:\/\/www.planetgv.si\/posvetvzdravstvu\/#website"},"primaryImageOfPage":{"@id":"https:\/\/www.planetgv.si\/posvetvzdravstvu\/prijava\/#primaryimage"},"image":{"@id":"https:\/\/www.planetgv.si\/posvetvzdravstvu\/prijava\/#primaryimage"},"thumbnailUrl":"https:\/\/www.planetgv.si\/wp-content\/uploads\/sites\/15\/2023\/06\/jZRF23_OG_IMAGE_1200x630px.png","datePublished":"2019-07-03T12:27:05+00:00","dateModified":"2025-06-04T09:50:02+00:00","breadcrumb":{"@id":"https:\/\/www.planetgv.si\/posvetvzdravstvu\/prijava\/#breadcrumb"},"inLanguage":"sl-SI","potentialAction":[{"@type":"ReadAction","target":["https:\/\/www.planetgv.si\/posvetvzdravstvu\/prijava\/"]}]},{"@type":"ImageObject","inLanguage":"sl-SI","@id":"https:\/\/www.planetgv.si\/posvetvzdravstvu\/prijava\/#primaryimage","url":"https:\/\/www.planetgv.si\/wp-content\/uploads\/sites\/15\/2023\/06\/jZRF23_OG_IMAGE_1200x630px.png","contentUrl":"https:\/\/www.planetgv.si\/wp-content\/uploads\/sites\/15\/2023\/06\/jZRF23_OG_IMAGE_1200x630px.png","width":1200,"height":675},{"@type":"BreadcrumbList","@id":"https:\/\/www.planetgv.si\/posvetvzdravstvu\/prijava\/#breadcrumb","itemListElement":[{"@type":"ListItem","position":1,"name":"Home","item":"https:\/\/www.planetgv.si\/posvetvzdravstvu\/homepage\/"},{"@type":"ListItem","position":2,"name":"Prijava"}]},{"@type":"WebSite","@id":"https:\/\/www.planetgv.si\/posvetvzdravstvu\/#website","url":"https:\/\/www.planetgv.si\/posvetvzdravstvu\/","name":"Posvet v zdravstvu","description":"Posvet v zdravstvu","potentialAction":[{"@type":"SearchAction","target":{"@type":"EntryPoint","urlTemplate":"https:\/\/www.planetgv.si\/posvetvzdravstvu\/?s={search_term_string}"},"query-input":"required name=search_term_string"}],"inLanguage":"sl-SI"}]}},"_links":{"self":[{"href":"https:\/\/www.planetgv.si\/posvetvzdravstvu\/wp-json\/wp\/v2\/pages\/220"}],"collection":[{"href":"https:\/\/www.planetgv.si\/posvetvzdravstvu\/wp-json\/wp\/v2\/pages"}],"about":[{"href":"https:\/\/www.planetgv.si\/posvetvzdravstvu\/wp-json\/wp\/v2\/types\/page"}],"author":[{"embeddable":true,"href":"https:\/\/www.planetgv.si\/posvetvzdravstvu\/wp-json\/wp\/v2\/users\/1"}],"replies":[{"embeddable":true,"href":"https:\/\/www.planetgv.si\/posvetvzdravstvu\/wp-json\/wp\/v2\/comments?post=220"}],"version-history":[{"count":3,"href":"https:\/\/www.planetgv.si\/posvetvzdravstvu\/wp-json\/wp\/v2\/pages\/220\/revisions"}],"predecessor-version":[{"id":4426,"href":"https:\/\/www.planetgv.si\/posvetvzdravstvu\/wp-json\/wp\/v2\/pages\/220\/revisions\/4426"}],"wp:featuredmedia":[{"embeddable":true,"href":"https:\/\/www.planetgv.si\/posvetvzdravstvu\/wp-json\/wp\/v2\/media\/2705"}],"wp:attachment":[{"href":"https:\/\/www.planetgv.si\/posvetvzdravstvu\/wp-json\/wp\/v2\/media?parent=220"}],"curies":[{"name":"wp","href":"https:\/\/api.w.org\/{rel}","templated":true}]}}