{"id":33,"date":"2019-07-01T09:55:13","date_gmt":"2019-07-01T08:55:13","guid":{"rendered":"https:\/\/www.planetgv.si\/europrotocol\/?page_id=33"},"modified":"2019-12-11T14:27:42","modified_gmt":"2019-12-11T13:27:42","slug":"footer","status":"publish","type":"page","link":"https:\/\/www.planetgv.si\/pik\/footer\/","title":{"rendered":"Footer"},"content":{"rendered":"\n<style type=\"text\/css\" data-created_by=\"avia_inline_auto\" id=\"style-css-av-jxk5edc2-c9f9fbf9994387faa745d63711f6e425\">\n.avia-section.av-jxk5edc2-c9f9fbf9994387faa745d63711f6e425{\nbackground-color:#f9f9f9;\nbackground-image:unset;\n}\n<\/style>\n<div id='av_section_1'  class='avia-section av-jxk5edc2-c9f9fbf9994387faa745d63711f6e425 main_color avia-section-large avia-no-border-styling  avia-builder-el-0  avia-builder-el-no-sibling  bullets-left-right footer-section avia-bg-style-scroll container_wrap fullsize'  ><div class='container av-section-cont-open' ><main  role=\"main\" itemprop=\"mainContentOfPage\"  class='template-page content  av-content-full alpha units'><div class='post-entry post-entry-type-page post-entry-33'><div class='entry-content-wrapper clearfix'>\n\n<style type=\"text\/css\" data-created_by=\"avia_inline_auto\" id=\"style-css-av-jxk5ff1o-6dddfdaf6c937aac9c6b5ca8d9c34583\">\n.flex_column.av-jxk5ff1o-6dddfdaf6c937aac9c6b5ca8d9c34583{\nborder-radius:0px 0px 0px 0px;\npadding:0px 10% 0px 10%;\n}\n<\/style>\n<div  class='flex_column av-jxk5ff1o-6dddfdaf6c937aac9c6b5ca8d9c34583 av_one_full  avia-builder-el-1  avia-builder-el-no-sibling  container-690 first flex_column_div  '     ><section  class='av_textblock_section av-jxk5hgyk-e5889f4e754e3baf06a4c08b9fdb0218 '   itemscope=\"itemscope\" itemtype=\"https:\/\/schema.org\/CreativeWork\" ><div class='avia_textblock'  itemprop=\"text\" ><h2 style=\"text-align: center\">\u0160tevilo mest je omejeno, zagotovite si svoje!<\/h2>\n<p style=\"text-align: center\">Udele\u017eenci prejmete tudi Delovni zvezek za usposabljanje in dodatno u\u010dno gradivo z izro\u010dki, ki vam bodo v pomo\u010d pri sre\u010devanju z vsakodnevnimi izzivi!<\/p>\n<\/div><\/section><br \/>\n<div  class='avia-button-wrap av-jxk5m4yh-cd3ee63146ceda06a10254ebb2726bf7-wrap avia-button-center  avia-builder-el-3  el_after_av_textblock  avia-builder-el-last '><a href='https:\/\/www.planetgv.si\/pik\/'  class='avia-button av-jxk5m4yh-cd3ee63146ceda06a10254ebb2726bf7 av-link-btn avia-icon_select-no avia-size-large avia-position-center avia-color-pink'  target=\"_blank\"  rel=\"noopener noreferrer\"  aria-label=\"Prijava\"><span class='avia_iconbox_title' >Prijava<\/span><\/a><\/div><\/p><\/div>\n","protected":false},"excerpt":{"rendered":"","protected":false},"author":1,"featured_media":0,"parent":0,"menu_order":0,"comment_status":"closed","ping_status":"closed","template":"","meta":{"footnotes":""},"acf":[],"yoast_head":"<!-- This site is optimized with the Yoast SEO plugin v22.6 - https:\/\/yoast.com\/wordpress\/plugins\/seo\/ -->\n<title>Footer - PIK<\/title>\n<meta name=\"robots\" content=\"index, follow, max-snippet:-1, max-image-preview:large, max-video-preview:-1\" \/>\n<link rel=\"canonical\" href=\"https:\/\/www.planetgv.si\/pik\/footer\/\" \/>\n<meta property=\"og:locale\" content=\"sl_SI\" \/>\n<meta property=\"og:type\" content=\"article\" \/>\n<meta property=\"og:title\" content=\"Footer - PIK\" \/>\n<meta property=\"og:url\" content=\"https:\/\/www.planetgv.si\/pik\/footer\/\" \/>\n<meta property=\"og:site_name\" content=\"PIK\" \/>\n<meta property=\"article:modified_time\" content=\"2019-12-11T13:27:42+00:00\" \/>\n<meta name=\"twitter:card\" content=\"summary_large_image\" \/>\n<meta name=\"twitter:label1\" content=\"Est. reading time\" \/>\n\t<meta name=\"twitter:data1\" content=\"2 minuti\" \/>\n<script type=\"application\/ld+json\" class=\"yoast-schema-graph\">{\"@context\":\"https:\/\/schema.org\",\"@graph\":[{\"@type\":\"WebPage\",\"@id\":\"https:\/\/www.planetgv.si\/pik\/footer\/\",\"url\":\"https:\/\/www.planetgv.si\/pik\/footer\/\",\"name\":\"Footer - PIK\",\"isPartOf\":{\"@id\":\"https:\/\/www.planetgv.si\/pik\/#website\"},\"datePublished\":\"2019-07-01T08:55:13+00:00\",\"dateModified\":\"2019-12-11T13:27:42+00:00\",\"breadcrumb\":{\"@id\":\"https:\/\/www.planetgv.si\/pik\/footer\/#breadcrumb\"},\"inLanguage\":\"sl-SI\",\"potentialAction\":[{\"@type\":\"ReadAction\",\"target\":[\"https:\/\/www.planetgv.si\/pik\/footer\/\"]}]},{\"@type\":\"BreadcrumbList\",\"@id\":\"https:\/\/www.planetgv.si\/pik\/footer\/#breadcrumb\",\"itemListElement\":[{\"@type\":\"ListItem\",\"position\":1,\"name\":\"Home\",\"item\":\"https:\/\/www.planetgv.si\/pik\/\"},{\"@type\":\"ListItem\",\"position\":2,\"name\":\"Footer\"}]},{\"@type\":\"WebSite\",\"@id\":\"https:\/\/www.planetgv.si\/pik\/#website\",\"url\":\"https:\/\/www.planetgv.si\/pik\/\",\"name\":\"PIK\",\"description\":\"Poslovna investicijska konferenca\",\"potentialAction\":[{\"@type\":\"SearchAction\",\"target\":{\"@type\":\"EntryPoint\",\"urlTemplate\":\"https:\/\/www.planetgv.si\/pik\/?s={search_term_string}\"},\"query-input\":\"required name=search_term_string\"}],\"inLanguage\":\"sl-SI\"}]}<\/script>\n<!-- \/ Yoast SEO plugin. -->","yoast_head_json":{"title":"Footer - PIK","robots":{"index":"index","follow":"follow","max-snippet":"max-snippet:-1","max-image-preview":"max-image-preview:large","max-video-preview":"max-video-preview:-1"},"canonical":"https:\/\/www.planetgv.si\/pik\/footer\/","og_locale":"sl_SI","og_type":"article","og_title":"Footer - PIK","og_url":"https:\/\/www.planetgv.si\/pik\/footer\/","og_site_name":"PIK","article_modified_time":"2019-12-11T13:27:42+00:00","twitter_card":"summary_large_image","twitter_misc":{"Est. reading time":"2 minuti"},"schema":{"@context":"https:\/\/schema.org","@graph":[{"@type":"WebPage","@id":"https:\/\/www.planetgv.si\/pik\/footer\/","url":"https:\/\/www.planetgv.si\/pik\/footer\/","name":"Footer - PIK","isPartOf":{"@id":"https:\/\/www.planetgv.si\/pik\/#website"},"datePublished":"2019-07-01T08:55:13+00:00","dateModified":"2019-12-11T13:27:42+00:00","breadcrumb":{"@id":"https:\/\/www.planetgv.si\/pik\/footer\/#breadcrumb"},"inLanguage":"sl-SI","potentialAction":[{"@type":"ReadAction","target":["https:\/\/www.planetgv.si\/pik\/footer\/"]}]},{"@type":"BreadcrumbList","@id":"https:\/\/www.planetgv.si\/pik\/footer\/#breadcrumb","itemListElement":[{"@type":"ListItem","position":1,"name":"Home","item":"https:\/\/www.planetgv.si\/pik\/"},{"@type":"ListItem","position":2,"name":"Footer"}]},{"@type":"WebSite","@id":"https:\/\/www.planetgv.si\/pik\/#website","url":"https:\/\/www.planetgv.si\/pik\/","name":"PIK","description":"Poslovna investicijska konferenca","potentialAction":[{"@type":"SearchAction","target":{"@type":"EntryPoint","urlTemplate":"https:\/\/www.planetgv.si\/pik\/?s={search_term_string}"},"query-input":"required name=search_term_string"}],"inLanguage":"sl-SI"}]}},"_links":{"self":[{"href":"https:\/\/www.planetgv.si\/pik\/wp-json\/wp\/v2\/pages\/33"}],"collection":[{"href":"https:\/\/www.planetgv.si\/pik\/wp-json\/wp\/v2\/pages"}],"about":[{"href":"https:\/\/www.planetgv.si\/pik\/wp-json\/wp\/v2\/types\/page"}],"author":[{"embeddable":true,"href":"https:\/\/www.planetgv.si\/pik\/wp-json\/wp\/v2\/users\/1"}],"replies":[{"embeddable":true,"href":"https:\/\/www.planetgv.si\/pik\/wp-json\/wp\/v2\/comments?post=33"}],"version-history":[{"count":0,"href":"https:\/\/www.planetgv.si\/pik\/wp-json\/wp\/v2\/pages\/33\/revisions"}],"wp:attachment":[{"href":"https:\/\/www.planetgv.si\/pik\/wp-json\/wp\/v2\/media?parent=33"}],"curies":[{"name":"wp","href":"https:\/\/api.w.org\/{rel}","templated":true}]}}