{"id":220,"date":"2019-07-03T13:27:05","date_gmt":"2019-07-03T12:27:05","guid":{"rendered":"https:\/\/www.planetgv.si\/europrotocol\/?page_id=220"},"modified":"2026-05-15T11:19:20","modified_gmt":"2026-05-15T10:19:20","slug":"prijava","status":"publish","type":"page","link":"https:\/\/www.planetgv.si\/pik\/","title":{"rendered":"Prijava"},"content":{"rendered":"<div id='av_section_1'  class='avia-section av-lv3m-111327a077a42f254663cf2db71e2475 main_color avia-section-large avia-no-border-styling  avia-builder-el-0  el_before_av_section  avia-builder-el-first  banner avia-bg-style-scroll av-minimum-height av-minimum-height-custom av-height-custom  container_wrap fullsize'   data-av_minimum_height_px='470'><div class='container av-section-cont-open' style='height:470px'><main  role=\"main\" itemprop=\"mainContentOfPage\"  class='template-page content  av-content-full alpha units'><div class='post-entry post-entry-type-page post-entry-220'><div class='entry-content-wrapper clearfix'>\n\n<style type=\"text\/css\" data-created_by=\"avia_inline_auto\" id=\"style-css-av-23ru-7ef61b0891ec58b174515093af5ef491\">\n.flex_column.av-23ru-7ef61b0891ec58b174515093af5ef491{\nborder-radius:0px 0px 0px 0px;\npadding:0px 0px 0px 0px;\n}\n<\/style>\n<div  class='flex_column av-23ru-7ef61b0891ec58b174515093af5ef491 av_one_full  avia-builder-el-1  avia-builder-el-no-sibling  first flex_column_div av-zero-column-padding  '     ><section  class='av_textblock_section av-jxk287n1-daf6901d14470a303e5a4d6391051a5d '   itemscope=\"itemscope\" itemtype=\"https:\/\/schema.org\/CreativeWork\" ><div class='avia_textblock ow-text-light'  itemprop=\"text\" ><h1>Prijavite se<\/h1>\n<\/div><\/section><\/div>\n\n<\/div><\/div><\/main><!-- close content main element --><\/div><\/div><div id='av_section_2'  class='avia-section av-jxn7q2om-ee6715b1d591b03e220726f501c12e41 main_color avia-section-default avia-no-border-styling  avia-builder-el-3  el_after_av_section  avia-builder-el-last  ow-text-light p-100 ow-bg-dark avia-bg-style-scroll container_wrap fullsize'  ><div class='container av-section-cont-open' ><div class='template-page content  av-content-full alpha units'><div class='post-entry post-entry-type-page post-entry-220'><div class='entry-content-wrapper clearfix'>\n<section  class='av_textblock_section av-jxn7kr0g-f3119159540799d7e43dc44343a2805f '   itemscope=\"itemscope\" itemtype=\"https:\/\/schema.org\/CreativeWork\" ><div class='avia_textblock'  itemprop=\"text\" ><h2 style=\"text-align: center;\">Ugodnej\u0161e prijave do 20. marca 2020<\/h2>\n<\/div><\/section>\n<section  class='av_textblock_section av-jxn7kr0g-f3119159540799d7e43dc44343a2805f '   itemscope=\"itemscope\" itemtype=\"https:\/\/schema.org\/CreativeWork\" ><div class='avia_textblock'  itemprop=\"text\" ><div class=\"ow-prices-wrap\"><div class=\"ow-single-price\"><div class=\"ow-single-price-content ow-bg-light ow-text-body\"><div class=\"ow-single-price-header text-center ow-bg-color\"><h3 class=\"ow-text-light\">Zgodnja prijava<\/h3><\/div><div class=\"ow-single-price-text\"><p>Kotizacija vklju\u010duje:<\/p>\n<ul>\n<li>delovni zvezek<\/li>\n<li>dodatna e-gradiva<\/li>\n<li>delovno kosilo<\/li>\n<li>pogostitev med odmori<\/li>\n<li>mednarodno priznan certifikat: International Business &amp; Diplomatic Protocol\u00ae<\/li>\n<\/ul>\n<\/div><div class=\"ow-single-price-footer\"><div class=\"ow-price-wrap text-center\" data-early = \"0\"><span class=\"ow-regular-price\">870&euro;<\/span><\/div><div class=\"ow-text-light\"><div  class='avia-button-wrap av-av_button-ab1bf4abbcc42755d32ba63f35ce4ed1-wrap avia-button-center '><a href='https:\/\/www.planetgv.si\/pik\/checkout\/?add-to-cart=1310&variation_id=1311&quantity=1&attr-type=tip-prijave'  class='avia-button av-av_button-ab1bf4abbcc42755d32ba63f35ce4ed1 av-link-btn avia-icon_select-yes-left-icon avia-size-large avia-position-center avia-color-pink'   aria-label=\"\u017delim se prijaviti\"><span class='avia_button_icon avia_button_icon_left avia-svg-icon avia-font-svg_entypo-fontello' data-av_svg_icon='' data-av_iconset='svg_entypo-fontello'><\/span><span class='avia_iconbox_title' >\u017delim se prijaviti<\/span><\/a><\/div><\/div><\/div><\/div><\/div><div class=\"ow-single-price\"><div class=\"ow-single-price-content ow-bg-light ow-text-body\"><div class=\"ow-single-price-header text-center ow-bg-color\"><h3 class=\"ow-text-light\">Redna prijava<\/h3><\/div><div class=\"ow-single-price-text\"><p>Kotizacija vklju\u010duje:<\/p>\n<ul>\n<li>delovni zvezek<\/li>\n<li>dodatna e-gradiva<\/li>\n<li>delovno kosilo<\/li>\n<li>pogostitev med odmori<\/li>\n<li>mednarodno priznan certifikat: International Business &amp; Diplomatic Protocol\u00ae<\/li>\n<\/ul>\n<\/div><div class=\"ow-single-price-footer\"><div class=\"ow-price-wrap text-center\" data-early = \"0\"><span class=\"ow-regular-price\">870&euro;<\/span><\/div><div class=\"ow-text-light\"><div  class='avia-button-wrap av-av_button-339397af9ed0202683b0bfd82713a0ce-wrap avia-button-center '><a href='https:\/\/www.planetgv.si\/pik\/checkout\/?add-to-cart=1310&variation_id=1312&quantity=1&attr-type=tip-prijave'  class='avia-button av-av_button-339397af9ed0202683b0bfd82713a0ce av-link-btn avia-icon_select-yes-left-icon avia-size-large avia-position-center avia-color-pink'   aria-label=\"\u017delim se prijaviti\"><span class='avia_button_icon avia_button_icon_left avia-svg-icon avia-font-svg_entypo-fontello' data-av_svg_icon='' data-av_iconset='svg_entypo-fontello'><\/span><span class='avia_iconbox_title' >\u017delim se prijaviti<\/span><\/a><\/div><\/div><\/div><\/div><\/div><div class=\"ow-single-price\"><div class=\"ow-single-price-content ow-bg-light ow-text-body\"><div class=\"ow-single-price-header text-center ow-bg-color\"><h3 class=\"ow-text-light\">Prijava za 2 osebi<\/h3><\/div><div class=\"ow-single-price-text\"><p>Kotizacija vklju\u010duje:<\/p>\n<ul>\n<li>delovni zvezek<\/li>\n<li>dodatna e-gradiva<\/li>\n<li>delovno kosilo<\/li>\n<li>pogostitev med odmori<\/li>\n<li>mednarodno priznan certifikat: International Business &amp; Diplomatic Protocol\u00ae<\/li>\n<\/ul>\n<\/div><div class=\"ow-single-price-footer\"><div class=\"ow-price-wrap text-center\" data-early = \"1\"><span class=\"ow-early-bird-price\">740&euro;<\/span><span class=\"ow-regular-price\">870&euro;<\/span><\/div><div class=\"ow-text-light\"><div  class='avia-button-wrap av-av_button-65c590e8c244df63fb51e42c8afb2c79-wrap avia-button-center '><a href='https:\/\/www.planetgv.si\/pik\/checkout\/?add-to-cart=1310&variation_id=1313&quantity=1&attr-type=tip-prijave'  class='avia-button av-av_button-65c590e8c244df63fb51e42c8afb2c79 av-link-btn avia-icon_select-yes-left-icon avia-size-large avia-position-center avia-color-pink'   aria-label=\"\u017delim se prijaviti\"><span class='avia_button_icon avia_button_icon_left avia-svg-icon avia-font-svg_entypo-fontello' data-av_svg_icon='' data-av_iconset='svg_entypo-fontello'><\/span><span class='avia_iconbox_title' >\u017delim se prijaviti<\/span><\/a><\/div><\/div><\/div><\/div><\/div><div class=\"ow-single-price\"><div class=\"ow-single-price-content ow-bg-light ow-text-body\"><div class=\"ow-single-price-header text-center ow-bg-color\"><h3 class=\"ow-text-light\">Prijava za 3 osebe ali ve\u010d<\/h3><\/div><div class=\"ow-single-price-text\"><p>Kotizacija vklju\u010duje:<\/p>\n<ul>\n<li>delovni zvezek<\/li>\n<li>dodatna e-gradiva<\/li>\n<li>delovno kosilo<\/li>\n<li>pogostitev med odmori<\/li>\n<li>mednarodno priznan certifikat: International Business &amp; Diplomatic Protocol\u00ae<\/li>\n<\/ul>\n<\/div><div class=\"ow-single-price-footer\"><div class=\"ow-price-wrap text-center\" data-early = \"1\"><span class=\"ow-early-bird-price\">700&euro;<\/span><span class=\"ow-regular-price\">870&euro;<\/span><\/div><div class=\"ow-text-light\"><div  class='avia-button-wrap av-av_button-b3d91dffa7cbb1b68fcb20999231aed2-wrap avia-button-center '><a href='https:\/\/www.planetgv.si\/pik\/checkout\/?add-to-cart=1310&variation_id=1314&quantity=1&attr-type=tip-prijave'  class='avia-button av-av_button-b3d91dffa7cbb1b68fcb20999231aed2 av-link-btn avia-icon_select-yes-left-icon avia-size-large avia-position-center avia-color-pink'   aria-label=\"\u017delim se prijaviti\"><span class='avia_button_icon avia_button_icon_left avia-svg-icon avia-font-svg_entypo-fontello' data-av_svg_icon='' data-av_iconset='svg_entypo-fontello'><\/span><span class='avia_iconbox_title' >\u017delim se prijaviti<\/span><\/a><\/div><\/div><\/div><\/div><\/div><\/div>\n<\/div><\/section>\n<section  class='av_textblock_section av-k42ftvuu-abbdab3f2eeadd2318affa02177fbdf9 '   itemscope=\"itemscope\" itemtype=\"https:\/\/schema.org\/CreativeWork\" ><div class='avia_textblock'  itemprop=\"text\" ><h3 style=\"text-align: center;\">Odjava z dogodka<\/h3>\n<p style=\"text-align: center;\">Odjava z dogodka brez stro\u0161kov je mo\u017ena do 4 delovne dni pred dogodkom. Odjava mora biti poslana v pisni obliki na naslov <a href=\"mailto:prijave@planetgv.si\">prijave@planetgv.si<\/a>. \u010ce se boste odjavili 3 delovne dni pred dogodkom, vam bomo zara\u010dunali administrativne stro\u0161ke v vi\u0161ini 30 % kotizacije. Pri poznej\u0161i odjavi ali v primeru, da odjava ni bila pisno poslana vam bomo kotizacijo zara\u010dunali v celoti.<\/p>\n<\/div><\/section>\n<section  class='av_textblock_section av-jxn7kr0g-f3119159540799d7e43dc44343a2805f '   itemscope=\"itemscope\" itemtype=\"https:\/\/schema.org\/CreativeWork\" ><div class='avia_textblock'  itemprop=\"text\" ><\/div><\/section>\n\n","protected":false},"excerpt":{"rendered":"","protected":false},"author":1,"featured_media":0,"parent":0,"menu_order":0,"comment_status":"closed","ping_status":"closed","template":"","meta":{"footnotes":""},"acf":[],"yoast_head":"<!-- This site is optimized with the Yoast SEO plugin v22.6 - https:\/\/yoast.com\/wordpress\/plugins\/seo\/ -->\n<title>Prijava - PIK<\/title>\n<meta name=\"robots\" content=\"index, follow, max-snippet:-1, max-image-preview:large, max-video-preview:-1\" \/>\n<link rel=\"canonical\" href=\"https:\/\/www.planetgv.si\/pik\/\" \/>\n<meta property=\"og:locale\" content=\"sl_SI\" \/>\n<meta property=\"og:type\" content=\"article\" \/>\n<meta property=\"og:title\" content=\"Prijava - PIK\" \/>\n<meta property=\"og:url\" content=\"https:\/\/www.planetgv.si\/pik\/\" \/>\n<meta property=\"og:site_name\" content=\"PIK\" \/>\n<meta property=\"article:modified_time\" content=\"2026-05-15T10:19:20+00:00\" \/>\n<meta name=\"twitter:card\" content=\"summary_large_image\" \/>\n<meta name=\"twitter:label1\" content=\"Est. reading time\" \/>\n\t<meta name=\"twitter:data1\" content=\"1 minuta\" \/>\n<script type=\"application\/ld+json\" class=\"yoast-schema-graph\">{\"@context\":\"https:\/\/schema.org\",\"@graph\":[{\"@type\":\"WebPage\",\"@id\":\"https:\/\/www.planetgv.si\/pik\/\",\"url\":\"https:\/\/www.planetgv.si\/pik\/\",\"name\":\"Prijava - PIK\",\"isPartOf\":{\"@id\":\"https:\/\/www.planetgv.si\/pik\/#website\"},\"datePublished\":\"2019-07-03T12:27:05+00:00\",\"dateModified\":\"2026-05-15T10:19:20+00:00\",\"breadcrumb\":{\"@id\":\"https:\/\/www.planetgv.si\/pik\/#breadcrumb\"},\"inLanguage\":\"sl-SI\",\"potentialAction\":[{\"@type\":\"ReadAction\",\"target\":[\"https:\/\/www.planetgv.si\/pik\/\"]}]},{\"@type\":\"BreadcrumbList\",\"@id\":\"https:\/\/www.planetgv.si\/pik\/#breadcrumb\",\"itemListElement\":[{\"@type\":\"ListItem\",\"position\":1,\"name\":\"Home\",\"item\":\"https:\/\/www.planetgv.si\/pik\/\"},{\"@type\":\"ListItem\",\"position\":2,\"name\":\"Prijava\"}]},{\"@type\":\"WebSite\",\"@id\":\"https:\/\/www.planetgv.si\/pik\/#website\",\"url\":\"https:\/\/www.planetgv.si\/pik\/\",\"name\":\"PIK\",\"description\":\"Poslovna investicijska konferenca\",\"potentialAction\":[{\"@type\":\"SearchAction\",\"target\":{\"@type\":\"EntryPoint\",\"urlTemplate\":\"https:\/\/www.planetgv.si\/pik\/?s={search_term_string}\"},\"query-input\":\"required name=search_term_string\"}],\"inLanguage\":\"sl-SI\"}]}<\/script>\n<!-- \/ Yoast SEO plugin. -->","yoast_head_json":{"title":"Prijava - PIK","robots":{"index":"index","follow":"follow","max-snippet":"max-snippet:-1","max-image-preview":"max-image-preview:large","max-video-preview":"max-video-preview:-1"},"canonical":"https:\/\/www.planetgv.si\/pik\/","og_locale":"sl_SI","og_type":"article","og_title":"Prijava - PIK","og_url":"https:\/\/www.planetgv.si\/pik\/","og_site_name":"PIK","article_modified_time":"2026-05-15T10:19:20+00:00","twitter_card":"summary_large_image","twitter_misc":{"Est. reading time":"1 minuta"},"schema":{"@context":"https:\/\/schema.org","@graph":[{"@type":"WebPage","@id":"https:\/\/www.planetgv.si\/pik\/","url":"https:\/\/www.planetgv.si\/pik\/","name":"Prijava - PIK","isPartOf":{"@id":"https:\/\/www.planetgv.si\/pik\/#website"},"datePublished":"2019-07-03T12:27:05+00:00","dateModified":"2026-05-15T10:19:20+00:00","breadcrumb":{"@id":"https:\/\/www.planetgv.si\/pik\/#breadcrumb"},"inLanguage":"sl-SI","potentialAction":[{"@type":"ReadAction","target":["https:\/\/www.planetgv.si\/pik\/"]}]},{"@type":"BreadcrumbList","@id":"https:\/\/www.planetgv.si\/pik\/#breadcrumb","itemListElement":[{"@type":"ListItem","position":1,"name":"Home","item":"https:\/\/www.planetgv.si\/pik\/"},{"@type":"ListItem","position":2,"name":"Prijava"}]},{"@type":"WebSite","@id":"https:\/\/www.planetgv.si\/pik\/#website","url":"https:\/\/www.planetgv.si\/pik\/","name":"PIK","description":"Poslovna investicijska konferenca","potentialAction":[{"@type":"SearchAction","target":{"@type":"EntryPoint","urlTemplate":"https:\/\/www.planetgv.si\/pik\/?s={search_term_string}"},"query-input":"required name=search_term_string"}],"inLanguage":"sl-SI"}]}},"_links":{"self":[{"href":"https:\/\/www.planetgv.si\/pik\/wp-json\/wp\/v2\/pages\/220"}],"collection":[{"href":"https:\/\/www.planetgv.si\/pik\/wp-json\/wp\/v2\/pages"}],"about":[{"href":"https:\/\/www.planetgv.si\/pik\/wp-json\/wp\/v2\/types\/page"}],"author":[{"embeddable":true,"href":"https:\/\/www.planetgv.si\/pik\/wp-json\/wp\/v2\/users\/1"}],"replies":[{"embeddable":true,"href":"https:\/\/www.planetgv.si\/pik\/wp-json\/wp\/v2\/comments?post=220"}],"version-history":[{"count":7,"href":"https:\/\/www.planetgv.si\/pik\/wp-json\/wp\/v2\/pages\/220\/revisions"}],"predecessor-version":[{"id":1376,"href":"https:\/\/www.planetgv.si\/pik\/wp-json\/wp\/v2\/pages\/220\/revisions\/1376"}],"wp:attachment":[{"href":"https:\/\/www.planetgv.si\/pik\/wp-json\/wp\/v2\/media?parent=220"}],"curies":[{"name":"wp","href":"https:\/\/api.w.org\/{rel}","templated":true}]}}