{"id":1138,"date":"2019-09-20T07:03:45","date_gmt":"2019-09-20T06:03:45","guid":{"rendered":"https:\/\/www.planetgv.si\/europrotocol\/?page_id=1138"},"modified":"2019-12-12T11:26:44","modified_gmt":"2019-12-12T10:26:44","slug":"sponzorstvo","status":"publish","type":"page","link":"https:\/\/www.planetgv.si\/pik\/sponzorstvo\/","title":{"rendered":"Po meri"},"content":{"rendered":"<div id='av_section_1'  class='avia-section av-lv3m-111327a077a42f254663cf2db71e2475 main_color avia-section-large avia-no-border-styling  avia-builder-el-0  el_before_av_section  avia-builder-el-first  banner avia-bg-style-scroll av-minimum-height av-minimum-height-custom av-height-custom  container_wrap fullsize'   data-av_minimum_height_px='470'><div class='container av-section-cont-open' style='height:470px'><main  role=\"main\" itemprop=\"mainContentOfPage\"  class='template-page content  av-content-full alpha units'><div class='post-entry post-entry-type-page post-entry-1138'><div class='entry-content-wrapper clearfix'>\n\n<style type=\"text\/css\" data-created_by=\"avia_inline_auto\" id=\"style-css-av-23ru-7ef61b0891ec58b174515093af5ef491\">\n.flex_column.av-23ru-7ef61b0891ec58b174515093af5ef491{\nborder-radius:0px 0px 0px 0px;\npadding:0px 0px 0px 0px;\n}\n<\/style>\n<div  class='flex_column av-23ru-7ef61b0891ec58b174515093af5ef491 av_one_full  avia-builder-el-1  avia-builder-el-no-sibling  first flex_column_div av-zero-column-padding  '     ><section  class='av_textblock_section av-jxk287n1-daf6901d14470a303e5a4d6391051a5d '   itemscope=\"itemscope\" itemtype=\"https:\/\/schema.org\/CreativeWork\" ><div class='avia_textblock ow-text-light'  itemprop=\"text\" ><h1>Izobra\u017eevanje na klju\u010d<\/h1>\n<\/div><\/section><\/div>\n\n<\/div><\/div><\/main><!-- close content main element --><\/div><\/div><div id='av_section_2'  class='avia-section av-jxn7q2om-e23e4cd3e5d21c781f1f688f2c285b11 main_color avia-section-default avia-no-border-styling  avia-builder-el-3  el_after_av_section  avia-builder-el-last  pt-100 invalid-custom-class-found avia-bg-style-scroll container_wrap fullsize'  ><div class='container av-section-cont-open' ><div class='template-page content  av-content-full alpha units'><div class='post-entry post-entry-type-page post-entry-1138'><div class='entry-content-wrapper clearfix'>\n\n<style type=\"text\/css\" data-created_by=\"avia_inline_auto\" id=\"style-css-av-6uf4g2-cdf6a37d25188921bbdce23382185dbd\">\n.flex_column.av-6uf4g2-cdf6a37d25188921bbdce23382185dbd{\nborder-radius:0px 0px 0px 0px;\npadding:0px 0px 0px 0px;\n}\n<\/style>\n<div  class='flex_column av-6uf4g2-cdf6a37d25188921bbdce23382185dbd av_one_half  avia-builder-el-4  el_before_av_one_half  avia-builder-el-first  first flex_column_div av-zero-column-padding  '     ><section  class='av_textblock_section av-jxn7kr0g-f3119159540799d7e43dc44343a2805f '   itemscope=\"itemscope\" itemtype=\"https:\/\/schema.org\/CreativeWork\" ><div class='avia_textblock'  itemprop=\"text\" ><h2 style=\"text-align: left\" align=\"center\">Prejmite pomembna znanja in ve\u0161\u010dine, ki jih potrebujete za uspeh v poslovnem in tudi zasebnem \u017eivljenju!<\/h2>\n<\/div><\/section><br \/>\n<section  class='av_textblock_section av-jxn7kr0g-1305e2b02897430c532e3baaa8451d7e '   itemscope=\"itemscope\" itemtype=\"https:\/\/schema.org\/CreativeWork\" ><div class='avia_textblock ow-text'  itemprop=\"text\" ><p>Predavanja ali delavnice na temo mednarodnega protokola, poslovnega in diplomatskega protokola ter poslovne netikete in javnega nastopanja ter organizacije dogodkov izvajamo tudi za zaklju\u010dene skupine in organizacije na sede\u017eu va\u0161ega podjetja ali na lokaciji po va\u0161i izbiri.<br \/>\n<strong>Izku\u0161ena predavateljica s svojo karizmo in intelektualno \u0161irino svoje publike ne pusti ravnodu\u0161ne.<\/strong> Zagotavljamo vrhunsko izvedbo in nastop!<br \/>\nPredstavitev podro\u010dij:<br \/>\n\u2022 Mednarodno poslovanje<br \/>\n\u2022 Diplomatski protokol<br \/>\n\u2022 Upravljanje in organizacija dogodkov<br \/>\n\u2022 Profesionalni in dru\u017eabni bonton<br \/>\n\u2022 Medkulturna in medverska komunikacija<br \/>\n\u2022 Javno nastopanje<\/p>\n<p>Programe lahko prilagodimo va\u0161im potrebam in \u017eeljam. Izvajamo jih lahko kot kraj\u0161a predavanja, ki popestrijo va\u0161a poslovna sre\u010danja, ter kot enodnevna ali ve\u010ddnevna izobra\u017eevanja za va\u0161e zaposlene.<\/p>\n<p>Za ve\u010d informacij in prilagojeno ponudbo nas kontaktirajte na telefonsko \u0161tevilko 080 33 44, ali nam pi\u0161ite na elektronski naslov: <a href=\"mailto:izobrazevanje@planetgv.si\">izobrazevanje@planetgv.si<\/a><\/p>\n<\/div><\/section><\/p><\/div>\n<style type=\"text\/css\" data-created_by=\"avia_inline_auto\" id=\"style-css-av-6kttw2-8e3531c3eedd56e25929a4f7613bee89\">\n.flex_column.av-6kttw2-8e3531c3eedd56e25929a4f7613bee89{\nborder-radius:0px 0px 0px 0px;\npadding:0px 0px 0px 0px;\n}\n<\/style>\n<div  class='flex_column av-6kttw2-8e3531c3eedd56e25929a4f7613bee89 av_one_half  avia-builder-el-7  el_after_av_one_half  avia-builder-el-last  flex_column_div av-zero-column-padding  '     ><style type=\"text\/css\" data-created_by=\"avia_inline_auto\" id=\"style-css-av-k0rqivzn-252da191f78108b3627d5c8b2aac50cd\">\n.avia-image-container.av-k0rqivzn-252da191f78108b3627d5c8b2aac50cd img.avia_image{\nbox-shadow:none;\n}\n.avia-image-container.av-k0rqivzn-252da191f78108b3627d5c8b2aac50cd .av-image-caption-overlay-center{\ncolor:#ffffff;\n}\n<\/style>\n<div  class='avia-image-container av-k0rqivzn-252da191f78108b3627d5c8b2aac50cd av-styling- avia-align-center  avia-builder-el-8  avia-builder-el-no-sibling  bullets-top-left'   itemprop=\"image\" itemscope=\"itemscope\" itemtype=\"https:\/\/schema.org\/ImageObject\" ><div class=\"avia-image-container-inner\"><div class=\"avia-image-overlay-wrap\"><img decoding=\"async\" fetchpriority=\"high\" class='wp-image-1334 avia-img-lazy-loading-not-1334 avia_image ' src=\"https:\/\/www.planetgv.si\/wp-content\/uploads\/sites\/23\/2019\/12\/Euro_Sponzorstvo_630_420.png\" alt='' title='Euro_Sponzorstvo_630_420'  height=\"420\" width=\"630\"  itemprop=\"thumbnailUrl\" srcset=\"https:\/\/www.planetgv.si\/wp-content\/uploads\/sites\/23\/2019\/12\/Euro_Sponzorstvo_630_420.png 630w, https:\/\/www.planetgv.si\/wp-content\/uploads\/sites\/23\/2019\/12\/Euro_Sponzorstvo_630_420-300x200.png 300w, https:\/\/www.planetgv.si\/wp-content\/uploads\/sites\/23\/2019\/12\/Euro_Sponzorstvo_630_420-600x400.png 600w\" sizes=\"(max-width: 630px) 100vw, 630px\" \/><\/div><\/div><\/div><\/div>\n","protected":false},"excerpt":{"rendered":"","protected":false},"author":1,"featured_media":0,"parent":0,"menu_order":0,"comment_status":"closed","ping_status":"closed","template":"","meta":{"footnotes":""},"acf":[],"yoast_head":"<!-- This site is optimized with the Yoast SEO plugin v22.6 - https:\/\/yoast.com\/wordpress\/plugins\/seo\/ -->\n<title>Po meri - PIK<\/title>\n<meta name=\"robots\" content=\"index, follow, max-snippet:-1, max-image-preview:large, max-video-preview:-1\" \/>\n<link rel=\"canonical\" href=\"https:\/\/www.planetgv.si\/pik\/sponzorstvo\/\" \/>\n<meta property=\"og:locale\" content=\"sl_SI\" \/>\n<meta property=\"og:type\" content=\"article\" \/>\n<meta property=\"og:title\" content=\"Po meri - PIK\" \/>\n<meta property=\"og:url\" content=\"https:\/\/www.planetgv.si\/pik\/sponzorstvo\/\" \/>\n<meta property=\"og:site_name\" content=\"PIK\" \/>\n<meta property=\"article:modified_time\" content=\"2019-12-12T10:26:44+00:00\" \/>\n<meta name=\"twitter:card\" content=\"summary_large_image\" \/>\n<meta name=\"twitter:label1\" content=\"Est. reading time\" \/>\n\t<meta name=\"twitter:data1\" content=\"4 minute\" \/>\n<script type=\"application\/ld+json\" class=\"yoast-schema-graph\">{\"@context\":\"https:\/\/schema.org\",\"@graph\":[{\"@type\":\"WebPage\",\"@id\":\"https:\/\/www.planetgv.si\/pik\/sponzorstvo\/\",\"url\":\"https:\/\/www.planetgv.si\/pik\/sponzorstvo\/\",\"name\":\"Po meri - PIK\",\"isPartOf\":{\"@id\":\"https:\/\/www.planetgv.si\/pik\/#website\"},\"datePublished\":\"2019-09-20T06:03:45+00:00\",\"dateModified\":\"2019-12-12T10:26:44+00:00\",\"breadcrumb\":{\"@id\":\"https:\/\/www.planetgv.si\/pik\/sponzorstvo\/#breadcrumb\"},\"inLanguage\":\"sl-SI\",\"potentialAction\":[{\"@type\":\"ReadAction\",\"target\":[\"https:\/\/www.planetgv.si\/pik\/sponzorstvo\/\"]}]},{\"@type\":\"BreadcrumbList\",\"@id\":\"https:\/\/www.planetgv.si\/pik\/sponzorstvo\/#breadcrumb\",\"itemListElement\":[{\"@type\":\"ListItem\",\"position\":1,\"name\":\"Home\",\"item\":\"https:\/\/www.planetgv.si\/pik\/\"},{\"@type\":\"ListItem\",\"position\":2,\"name\":\"Po meri\"}]},{\"@type\":\"WebSite\",\"@id\":\"https:\/\/www.planetgv.si\/pik\/#website\",\"url\":\"https:\/\/www.planetgv.si\/pik\/\",\"name\":\"PIK\",\"description\":\"Poslovna investicijska konferenca\",\"potentialAction\":[{\"@type\":\"SearchAction\",\"target\":{\"@type\":\"EntryPoint\",\"urlTemplate\":\"https:\/\/www.planetgv.si\/pik\/?s={search_term_string}\"},\"query-input\":\"required name=search_term_string\"}],\"inLanguage\":\"sl-SI\"}]}<\/script>\n<!-- \/ Yoast SEO plugin. -->","yoast_head_json":{"title":"Po meri - PIK","robots":{"index":"index","follow":"follow","max-snippet":"max-snippet:-1","max-image-preview":"max-image-preview:large","max-video-preview":"max-video-preview:-1"},"canonical":"https:\/\/www.planetgv.si\/pik\/sponzorstvo\/","og_locale":"sl_SI","og_type":"article","og_title":"Po meri - PIK","og_url":"https:\/\/www.planetgv.si\/pik\/sponzorstvo\/","og_site_name":"PIK","article_modified_time":"2019-12-12T10:26:44+00:00","twitter_card":"summary_large_image","twitter_misc":{"Est. reading time":"4 minute"},"schema":{"@context":"https:\/\/schema.org","@graph":[{"@type":"WebPage","@id":"https:\/\/www.planetgv.si\/pik\/sponzorstvo\/","url":"https:\/\/www.planetgv.si\/pik\/sponzorstvo\/","name":"Po meri - PIK","isPartOf":{"@id":"https:\/\/www.planetgv.si\/pik\/#website"},"datePublished":"2019-09-20T06:03:45+00:00","dateModified":"2019-12-12T10:26:44+00:00","breadcrumb":{"@id":"https:\/\/www.planetgv.si\/pik\/sponzorstvo\/#breadcrumb"},"inLanguage":"sl-SI","potentialAction":[{"@type":"ReadAction","target":["https:\/\/www.planetgv.si\/pik\/sponzorstvo\/"]}]},{"@type":"BreadcrumbList","@id":"https:\/\/www.planetgv.si\/pik\/sponzorstvo\/#breadcrumb","itemListElement":[{"@type":"ListItem","position":1,"name":"Home","item":"https:\/\/www.planetgv.si\/pik\/"},{"@type":"ListItem","position":2,"name":"Po meri"}]},{"@type":"WebSite","@id":"https:\/\/www.planetgv.si\/pik\/#website","url":"https:\/\/www.planetgv.si\/pik\/","name":"PIK","description":"Poslovna investicijska konferenca","potentialAction":[{"@type":"SearchAction","target":{"@type":"EntryPoint","urlTemplate":"https:\/\/www.planetgv.si\/pik\/?s={search_term_string}"},"query-input":"required name=search_term_string"}],"inLanguage":"sl-SI"}]}},"_links":{"self":[{"href":"https:\/\/www.planetgv.si\/pik\/wp-json\/wp\/v2\/pages\/1138"}],"collection":[{"href":"https:\/\/www.planetgv.si\/pik\/wp-json\/wp\/v2\/pages"}],"about":[{"href":"https:\/\/www.planetgv.si\/pik\/wp-json\/wp\/v2\/types\/page"}],"author":[{"embeddable":true,"href":"https:\/\/www.planetgv.si\/pik\/wp-json\/wp\/v2\/users\/1"}],"replies":[{"embeddable":true,"href":"https:\/\/www.planetgv.si\/pik\/wp-json\/wp\/v2\/comments?post=1138"}],"version-history":[{"count":0,"href":"https:\/\/www.planetgv.si\/pik\/wp-json\/wp\/v2\/pages\/1138\/revisions"}],"wp:attachment":[{"href":"https:\/\/www.planetgv.si\/pik\/wp-json\/wp\/v2\/media?parent=1138"}],"curies":[{"name":"wp","href":"https:\/\/api.w.org\/{rel}","templated":true}]}}