{"id":220,"date":"2019-07-03T13:27:05","date_gmt":"2019-07-03T12:27:05","guid":{"rendered":"https:\/\/test.www.planetgv.si\/?page_id=220"},"modified":"2026-01-09T11:14:55","modified_gmt":"2026-01-09T10:14:55","slug":"prijava","status":"publish","type":"page","link":"https:\/\/www.planetgv.si\/nabavna-konferenca\/prijava\/","title":{"rendered":"Prijava"},"content":{"rendered":"<div id='av_section_1'  class='avia-section av-lv3m-5603ab1c7ab93be6bafbb719ae656bbc main_color avia-section-large avia-no-border-styling  avia-builder-el-0  el_before_av_section  avia-builder-el-first  banner avia-bg-style-scroll av-minimum-height av-minimum-height-25 av-height-25  container_wrap fullsize'   data-av_minimum_height_pc='25' data-av_min_height_opt='25'><div class='container av-section-cont-open' ><main  role=\"main\" itemprop=\"mainContentOfPage\"  class='template-page content  av-content-full alpha units'><div class='post-entry post-entry-type-page post-entry-220'><div class='entry-content-wrapper clearfix'>\n\n<style type=\"text\/css\" data-created_by=\"avia_inline_auto\" id=\"style-css-av-23ru-7ef61b0891ec58b174515093af5ef491\">\n.flex_column.av-23ru-7ef61b0891ec58b174515093af5ef491{\nborder-radius:0px 0px 0px 0px;\npadding:0px 0px 0px 0px;\n}\n<\/style>\n<div  class='flex_column av-23ru-7ef61b0891ec58b174515093af5ef491 av_one_full  avia-builder-el-1  avia-builder-el-no-sibling  first flex_column_div av-zero-column-padding  '     ><section  class='av_textblock_section av-jxk287n1-daf6901d14470a303e5a4d6391051a5d '   itemscope=\"itemscope\" itemtype=\"https:\/\/schema.org\/CreativeWork\" ><div class='avia_textblock ow-text-light'  itemprop=\"text\" ><h1>Prijavite se<\/h1>\n<\/div><\/section><\/div>\n\n<\/div><\/div><\/main><!-- close content main element --><\/div><\/div><div id='av_section_2'  class='avia-section av-jxn7q2om-4ed051da4807821975dfb509a9cfcede main_color avia-section-default avia-no-border-styling  avia-builder-el-3  el_after_av_section  el_before_av_textblock  ow-text-light p-100 ow-bg-dark avia-bg-style-scroll container_wrap fullsize'  ><div class='container av-section-cont-open' ><div class='template-page content  av-content-full alpha units'><div class='post-entry post-entry-type-page post-entry-220'><div class='entry-content-wrapper clearfix'>\n<section  class='av_textblock_section av-jxn7kr0g-429cb46c7933956a8666a04b4d847184 '   itemscope=\"itemscope\" itemtype=\"https:\/\/schema.org\/CreativeWork\" ><div class='avia_textblock'  itemprop=\"text\" ><h3 style=\"text-align: center\">Nabavna konferenca bo potekala 7. in 8. maja v Grand hotelu Bernardin, Portoro\u017e!<\/h3>\n<\/div><\/section>\n<section  class='av_textblock_section av-jxn7kr0g-8-8d36a00eed5d8eb48a6d6e15f6100d85 '   itemscope=\"itemscope\" itemtype=\"https:\/\/schema.org\/CreativeWork\" ><div class='avia_textblock'  itemprop=\"text\" ><div class=\"ow-prices-wrap\"><div class=\"ow-single-price\"><div class=\"ow-single-price-content ow-bg-light ow-text-body\"><div class=\"ow-single-price-header text-center ow-bg-color\"><h3 class=\"ow-text-light\">Redna kotizacija<\/h3><\/div><div class=\"ow-single-price-text\"><p><strong>Vklju\u010duje:<\/strong><\/p>\n<ul>\n<li>Vstop na vsa predavanja<\/li>\n<li>Okrep\u010dila med odmori<\/li>\n<li>Zabava<\/li>\n<li>Konferen\u010dna vre\u010dka z darili sponzorjev<\/li>\n<li>E-zbornik gradiv<\/li>\n<li>Mre\u017eenje z 250+ udele\u017eenci in predavatelji<\/li>\n<li>Potrdilo o udele\u017ebi<\/li>\n<\/ul>\n<p>V ceno ni vklju\u010den DDV.<\/p>\n<\/div><div class=\"ow-single-price-footer\"><div class=\"ow-price-wrap text-center\" data-early = \"0\"><span class=\"ow-regular-price\">602&euro;<\/span><\/div><div class=\"ow-text-light\"><div  class='avia-button-wrap av-av_button-7f2ca1502f14dc6144f2df0730f63a6e-wrap avia-button-center '><a href='https:\/\/www.planetgv.si\/nabavna-konferenca\/checkout\/?add-to-cart=1353&variation_id=4402&quantity=1&attr-type=tip-prijave'  class='avia-button av-av_button-7f2ca1502f14dc6144f2df0730f63a6e av-link-btn avia-icon_select-yes-left-icon avia-size-large avia-position-center avia-color-pink'   aria-label=\"\u017delim se prijaviti\"><span class='avia_button_icon avia_button_icon_left avia-svg-icon avia-font-svg_entypo-fontello' data-av_svg_icon='' data-av_iconset='svg_entypo-fontello'><\/span><span class='avia_iconbox_title' >\u017delim se prijaviti<\/span><\/a><\/div><\/div><\/div><\/div><\/div><div class=\"ow-single-price\"><div class=\"ow-single-price-content ow-bg-light ow-text-body\"><div class=\"ow-single-price-header text-center ow-bg-color\"><h3 class=\"ow-text-light\">Enodnevna kotizacija<\/h3><\/div><div class=\"ow-single-price-text\"><p><strong>Vklju\u010duje:<\/strong><\/p>\n<ul>\n<li>Vstop na vsa predavanja izbranega dne<\/li>\n<li>Okrep\u010dila med odmori<\/li>\n<li>Zabava ob zaklju\u010dku 1. dne dogodka<\/li>\n<li>Konferen\u010dna vre\u010dka z darili sponzorjev<\/li>\n<li>E-zbornik gradiv<\/li>\n<li>Mre\u017eenje z 250+ udele\u017eenci in predavatelji<\/li>\n<li>Potrdilo o udele\u017ebi<\/li>\n<\/ul>\n<p>V ceno ni vklju\u010den DDV.<\/p>\n<p>Prosimo, da v opombe vpi\u0161ete, kateri dan se boste udele\u017eili dogodka.<\/p>\n<\/div><div class=\"ow-single-price-footer\"><div class=\"ow-price-wrap text-center\" data-early = \"0\"><span class=\"ow-regular-price\">362&euro;<\/span><\/div><div class=\"ow-text-light\"><div  class='avia-button-wrap av-av_button-d5a7581eaad82e0b2b7a92f79ef5e609-wrap avia-button-center '><a href='https:\/\/www.planetgv.si\/nabavna-konferenca\/checkout\/?add-to-cart=1353&variation_id=4404&quantity=1&attr-type=tip-prijave'  class='avia-button av-av_button-d5a7581eaad82e0b2b7a92f79ef5e609 av-link-btn avia-icon_select-yes-left-icon avia-size-large avia-position-center avia-color-pink'   aria-label=\"\u017delim se prijaviti\"><span class='avia_button_icon avia_button_icon_left avia-svg-icon avia-font-svg_entypo-fontello' data-av_svg_icon='' data-av_iconset='svg_entypo-fontello'><\/span><span class='avia_iconbox_title' >\u017delim se prijaviti<\/span><\/a><\/div><\/div><\/div><\/div><\/div><div class=\"ow-single-price\"><div class=\"ow-single-price-content ow-bg-light ow-text-body\"><div class=\"ow-single-price-header text-center ow-bg-color\"><h3 class=\"ow-text-light\">Enodnevna kotizacija - oder Javno naro\u010danje<\/h3><\/div><div class=\"ow-single-price-text\"><p><strong>Vklju\u010duje:<\/strong><\/p>\n<ul>\n<li>Vstop na vsa predavanja odra Javno naro\u010danje (petek, 8. 5. 2026)<\/li>\n<li>Okrep\u010dila med odmori<\/li>\n<li>Konferen\u010dna vre\u010dka z darili sponzorjev<\/li>\n<li>E-zbornik gradiv<\/li>\n<li>Mre\u017eenje z 250+ udele\u017eenci in predavatelji<\/li>\n<li>Potrdilo o udele\u017ebi<\/li>\n<\/ul>\n<p>V ceno ni vklju\u010den DDV.<\/p>\n<p>Prosimo, da v opombe vpi\u0161ete, kateri dan se boste udele\u017eili dogodka.<\/p>\n<\/div><div class=\"ow-single-price-footer\"><div class=\"ow-price-wrap text-center\" data-early = \"0\"><span class=\"ow-regular-price\">362&euro;<\/span><\/div><div class=\"ow-text-light\"><div  class='avia-button-wrap av-av_button-d4168bb9e864d4fe937a00c74ddf0db0-wrap avia-button-center '><a href='https:\/\/www.planetgv.si\/nabavna-konferenca\/checkout\/?add-to-cart=1353&variation_id=7997&quantity=1&attr-type=tip-prijave'  class='avia-button av-av_button-d4168bb9e864d4fe937a00c74ddf0db0 av-link-btn avia-icon_select-yes-left-icon avia-size-large avia-position-center avia-color-pink'   aria-label=\"\u017delim se prijaviti\"><span class='avia_button_icon avia_button_icon_left avia-svg-icon avia-font-svg_entypo-fontello' data-av_svg_icon='' data-av_iconset='svg_entypo-fontello'><\/span><span class='avia_iconbox_title' >\u017delim se prijaviti<\/span><\/a><\/div><\/div><\/div><\/div><\/div><div class=\"ow-single-price\"><div class=\"ow-single-price-content ow-bg-light ow-text-body\"><div class=\"ow-single-price-header text-center ow-bg-color\"><h3 class=\"ow-text-light\">Virtualna kotizacija<\/h3><\/div><div class=\"ow-single-price-text\"><p><strong>Vklju\u010duje:<\/strong><\/p>\n<ul>\n<li>Dostop do vseh predavanj glavnega odra<\/li>\n<li>E-zbornik gradiv<\/li>\n<li>Potrdilo o udele\u017ebi<\/li>\n<\/ul>\n<p>V ceno ni vklju\u010den DDV.<\/p>\n<\/div><div class=\"ow-single-price-footer\"><div class=\"ow-price-wrap text-center\" data-early = \"0\"><span class=\"ow-regular-price\">382&euro;<\/span><\/div><div class=\"ow-text-light\"><div  class='avia-button-wrap av-av_button-a47d05e55cff69e3feaa38f2b09f740c-wrap avia-button-center '><a href='https:\/\/www.planetgv.si\/nabavna-konferenca\/checkout\/?add-to-cart=1353&variation_id=7863&quantity=1&attr-type=tip-prijave'  class='avia-button av-av_button-a47d05e55cff69e3feaa38f2b09f740c av-link-btn avia-icon_select-yes-left-icon avia-size-large avia-position-center avia-color-pink'   aria-label=\"\u017delim se prijaviti\"><span class='avia_button_icon avia_button_icon_left avia-svg-icon avia-font-svg_entypo-fontello' data-av_svg_icon='' data-av_iconset='svg_entypo-fontello'><\/span><span class='avia_iconbox_title' >\u017delim se prijaviti<\/span><\/a><\/div><\/div><\/div><\/div><\/div><\/div>\n<\/div><\/section>\n<\/div><\/div><\/div><!-- close content main div --><\/div><\/div><div id='after_section_2'  class='main_color av_default_container_wrap container_wrap fullsize'  ><div class='container av-section-cont-open' ><div class='template-page content  av-content-full alpha units'><div class='post-entry post-entry-type-page post-entry-220'><div class='entry-content-wrapper clearfix'>\n<section  class='av_textblock_section av-jxn7kr0g-7-891ed58c0b6fb3fc11ed287a0fa66225 '   itemscope=\"itemscope\" itemtype=\"https:\/\/schema.org\/CreativeWork\" ><div class='av-desktop-hide av-medium-hide av-small-hide av-mini-hide avia_textblock'  itemprop=\"text\" ><h2 style=\"text-align: center\">OPOMBA:<\/h2>\n<\/div><\/section>\n<section  class='av_textblock_section av-jxn7kr0g-6-8b481ded8799e445d7eda0a9ae9347e8 '   itemscope=\"itemscope\" itemtype=\"https:\/\/schema.org\/CreativeWork\" ><div class='avia_textblock ow-text-color mt-100'  itemprop=\"text\" ><p style=\"text-align: center\"><strong>SKUPINSKI POPUSTI IN POSEBNE PRIJAVE:<\/strong><\/p>\n<\/div><\/section>\n<section  class='av_textblock_section av-k3a98v6h-5-40f03ff3c8c08850259362131dcfeff2 '   itemscope=\"itemscope\" itemtype=\"https:\/\/schema.org\/CreativeWork\" ><div class='avia_textblock'  itemprop=\"text\" ><div style=\"text-align: center\"><b>Popust za \u010dlane zdru\u017eenj<\/b><\/div>\n<p style=\"font-weight: 400;text-align: center\">\u010clanom Zdru\u017eenja nabavnikov Slovenije in \u010dlanom Gospodarske zbornice Dolenjske in Bele krajine priznavamo 10% popust na aktualno kotizacijo. <br class=\"avia-permanent-lb\" \/><br class=\"avia-permanent-lb\" \/><\/p>\n<div style=\"text-align: center\"><b>Skupinski popust<\/b><\/div>\n<div style=\"text-align: center\">\n<p style=\"font-weight: 400\">Ob hkratni prijavi 3 ali ve\u010d oseb iz istega podjetja vam priznamo dodatni 5% popust na aktualne kotizacije. \u010ce pri skupinski prijavi eno ali ve\u010d oseb odjavite, bomo popuste prilagodili skladno z veljavno cenovno politiko. <br class=\"avia-permanent-lb\" \/><br class=\"avia-permanent-lb\" \/><\/p>\n<\/div>\n<div style=\"text-align: center\"><b>\u0160tudentska kotizacija<\/b><\/div>\n<div>\n<p style=\"font-weight: 400;text-align: center\">Za redne \u0161tudente do vklju\u010dno 26 let je na voljo \u0161tudentska kotizacija v vi\u0161ini 90 EUR z DDV. Ob prijavi v opombe vpi\u0161ite &#8220;\u0160TUDENT&#8221; in po\u0161ljite pisno dokazilo na\u00a0<a href=\"mailto:prijave@planetgv.si\">prijave@planetgv.si<\/a>. <br class=\"avia-permanent-lb\" \/><br class=\"avia-permanent-lb\" \/><\/p>\n<p style=\"font-weight: 400;text-align: center\">Popusti se med seboj ne se\u0161tevajo. Vsi zgoraj navedeni popusti se obra\u010dunajo ro\u010dno po oddani prijavi. Komentarje glede popustov vpi\u0161ite v opombe.<br \/>\nNa kotizacijo Prvih 10 se popusti ne upo\u0161tevajo.<\/p>\n<\/div>\n<\/div><\/section>\n<section  class='av_textblock_section av-m4qz90jp-eab69cce673b46e65b7d29ad7513a15d '   itemscope=\"itemscope\" itemtype=\"https:\/\/schema.org\/CreativeWork\" ><div class='avia_textblock ow-text-color mt-100'  itemprop=\"text\" ><p style=\"text-align: center\"><strong>POGOJI ODJAVE:<\/strong><\/p>\n<\/div><\/section>\n<section  class='av_textblock_section av-k3a98v6h-3-520cd73cca5d9167b2fae760ab840acf '   itemscope=\"itemscope\" itemtype=\"https:\/\/schema.org\/CreativeWork\" ><div class='avia_textblock'  itemprop=\"text\" ><p style=\"font-weight: 400;text-align: center\">Ugodnej\u0161e cene kotizacij veljajo ob prijavi in pla\u010dilu kotizacije do navedenega datuma. Nepla\u010dilo predra\u010duna in\/ali neudele\u017eba na konferenci ne pomeni avtomatske odjave. <br class=\"avia-permanent-lb\" \/><br class=\"avia-permanent-lb\" \/><\/p>\n<p style=\"font-weight: 400;text-align: center\">Odjavo je treba pisno sporo\u010diti na\u00a0<a href=\"mailto:prijave@planetgv.si\">prijave@planetgv.si<\/a>. Mo\u017ena je do 4 delovne dni pred dogodkom, najkasneje do petka, 1. maja 2026, do 23:59. Pri odjavi po navedenem datumu se kotizacija zara\u010duna v celoti. <br class=\"avia-permanent-lb\" \/><br class=\"avia-permanent-lb\" \/><\/p>\n<p style=\"font-weight: 400;text-align: center\">\u010ce prijavljena oseba ne more sodelovati, lahko prijavite nadomestnega udele\u017eenca.<\/p>\n<\/div><\/section>\n","protected":false},"excerpt":{"rendered":"","protected":false},"author":1,"featured_media":7873,"parent":0,"menu_order":0,"comment_status":"closed","ping_status":"closed","template":"","meta":{"footnotes":""},"acf":[],"yoast_head":"<!-- This site is optimized with the Yoast SEO plugin v22.6 - https:\/\/yoast.com\/wordpress\/plugins\/seo\/ -->\n<title>Prijava - Nabavna konferenca<\/title>\n<meta name=\"description\" content=\"Nabavna konferenca 2026 bo potekal hibridno! Na dogodku se nam boste lahko pridru\u017eili v \u017eivo v GH Bernardin ali pa virtualno, prek spleta.\" \/>\n<meta name=\"robots\" content=\"index, follow, max-snippet:-1, max-image-preview:large, max-video-preview:-1\" \/>\n<link rel=\"canonical\" href=\"https:\/\/www.planetgv.si\/nabavna-konferenca\/prijava\/\" \/>\n<meta property=\"og:locale\" content=\"sl_SI\" \/>\n<meta property=\"og:type\" content=\"article\" \/>\n<meta property=\"og:title\" content=\"Prijava - Nabavna konferenca\" \/>\n<meta property=\"og:description\" content=\"Nabavna konferenca 2026 bo potekal hibridno! Na dogodku se nam boste lahko pridru\u017eili v \u017eivo v GH Bernardin ali pa virtualno, prek spleta.\" \/>\n<meta property=\"og:url\" content=\"https:\/\/www.planetgv.si\/nabavna-konferenca\/prijava\/\" \/>\n<meta property=\"og:site_name\" content=\"Nabavna konferenca\" \/>\n<meta property=\"article:modified_time\" content=\"2026-01-09T10:14:55+00:00\" \/>\n<meta property=\"og:image\" content=\"https:\/\/www.planetgv.si\/wp-content\/uploads\/sites\/9\/2025\/12\/NK26_OG-Image_1200x630px.png\" \/>\n\t<meta property=\"og:image:width\" content=\"1200\" \/>\n\t<meta property=\"og:image:height\" content=\"630\" \/>\n\t<meta property=\"og:image:type\" content=\"image\/png\" \/>\n<meta name=\"twitter:card\" content=\"summary_large_image\" \/>\n<meta name=\"twitter:label1\" content=\"Est. reading time\" \/>\n\t<meta name=\"twitter:data1\" content=\"2 minuti\" \/>\n<script type=\"application\/ld+json\" class=\"yoast-schema-graph\">{\"@context\":\"https:\/\/schema.org\",\"@graph\":[{\"@type\":\"WebPage\",\"@id\":\"https:\/\/www.planetgv.si\/nabavna-konferenca\/prijava\/\",\"url\":\"https:\/\/www.planetgv.si\/nabavna-konferenca\/prijava\/\",\"name\":\"Prijava - Nabavna konferenca\",\"isPartOf\":{\"@id\":\"https:\/\/www.planetgv.si\/nabavna-konferenca\/#website\"},\"primaryImageOfPage\":{\"@id\":\"https:\/\/www.planetgv.si\/nabavna-konferenca\/prijava\/#primaryimage\"},\"image\":{\"@id\":\"https:\/\/www.planetgv.si\/nabavna-konferenca\/prijava\/#primaryimage\"},\"thumbnailUrl\":\"https:\/\/www.planetgv.si\/wp-content\/uploads\/sites\/9\/2025\/12\/NK26_OG-Image_1200x630px.png\",\"datePublished\":\"2019-07-03T12:27:05+00:00\",\"dateModified\":\"2026-01-09T10:14:55+00:00\",\"description\":\"Nabavna konferenca 2026 bo potekal hibridno! Na dogodku se nam boste lahko pridru\u017eili v \u017eivo v GH Bernardin ali pa virtualno, prek spleta.\",\"breadcrumb\":{\"@id\":\"https:\/\/www.planetgv.si\/nabavna-konferenca\/prijava\/#breadcrumb\"},\"inLanguage\":\"sl-SI\",\"potentialAction\":[{\"@type\":\"ReadAction\",\"target\":[\"https:\/\/www.planetgv.si\/nabavna-konferenca\/prijava\/\"]}]},{\"@type\":\"ImageObject\",\"inLanguage\":\"sl-SI\",\"@id\":\"https:\/\/www.planetgv.si\/nabavna-konferenca\/prijava\/#primaryimage\",\"url\":\"https:\/\/www.planetgv.si\/wp-content\/uploads\/sites\/9\/2025\/12\/NK26_OG-Image_1200x630px.png\",\"contentUrl\":\"https:\/\/www.planetgv.si\/wp-content\/uploads\/sites\/9\/2025\/12\/NK26_OG-Image_1200x630px.png\",\"width\":1200,\"height\":630},{\"@type\":\"BreadcrumbList\",\"@id\":\"https:\/\/www.planetgv.si\/nabavna-konferenca\/prijava\/#breadcrumb\",\"itemListElement\":[{\"@type\":\"ListItem\",\"position\":1,\"name\":\"Home\",\"item\":\"https:\/\/www.planetgv.si\/nabavna-konferenca\/homepage\/\"},{\"@type\":\"ListItem\",\"position\":2,\"name\":\"Prijava\"}]},{\"@type\":\"WebSite\",\"@id\":\"https:\/\/www.planetgv.si\/nabavna-konferenca\/#website\",\"url\":\"https:\/\/www.planetgv.si\/nabavna-konferenca\/\",\"name\":\"Nabavna konferenca\",\"description\":\"Nabavna konferenca\",\"publisher\":{\"@id\":\"https:\/\/www.planetgv.si\/nabavna-konferenca\/#organization\"},\"potentialAction\":[{\"@type\":\"SearchAction\",\"target\":{\"@type\":\"EntryPoint\",\"urlTemplate\":\"https:\/\/www.planetgv.si\/nabavna-konferenca\/?s={search_term_string}\"},\"query-input\":\"required name=search_term_string\"}],\"inLanguage\":\"sl-SI\"},{\"@type\":\"Organization\",\"@id\":\"https:\/\/www.planetgv.si\/nabavna-konferenca\/#organization\",\"name\":\"Nabavna konferenca\",\"url\":\"https:\/\/www.planetgv.si\/nabavna-konferenca\/\",\"logo\":{\"@type\":\"ImageObject\",\"inLanguage\":\"sl-SI\",\"@id\":\"https:\/\/www.planetgv.si\/nabavna-konferenca\/#\/schema\/logo\/image\/\",\"url\":\"https:\/\/www.planetgv.si\/nabavna-konferenca\/wp-content\/uploads\/sites\/9\/2021\/01\/PlanetGV_210_113_1.png\",\"contentUrl\":\"https:\/\/www.planetgv.si\/nabavna-konferenca\/wp-content\/uploads\/sites\/9\/2021\/01\/PlanetGV_210_113_1.png\",\"width\":210,\"height\":113,\"caption\":\"Nabavna konferenca\"},\"image\":{\"@id\":\"https:\/\/www.planetgv.si\/nabavna-konferenca\/#\/schema\/logo\/image\/\"}}]}<\/script>\n<!-- \/ Yoast SEO plugin. -->","yoast_head_json":{"title":"Prijava - Nabavna konferenca","description":"Nabavna konferenca 2026 bo potekal hibridno! Na dogodku se nam boste lahko pridru\u017eili v \u017eivo v GH Bernardin ali pa virtualno, prek spleta.","robots":{"index":"index","follow":"follow","max-snippet":"max-snippet:-1","max-image-preview":"max-image-preview:large","max-video-preview":"max-video-preview:-1"},"canonical":"https:\/\/www.planetgv.si\/nabavna-konferenca\/prijava\/","og_locale":"sl_SI","og_type":"article","og_title":"Prijava - Nabavna konferenca","og_description":"Nabavna konferenca 2026 bo potekal hibridno! Na dogodku se nam boste lahko pridru\u017eili v \u017eivo v GH Bernardin ali pa virtualno, prek spleta.","og_url":"https:\/\/www.planetgv.si\/nabavna-konferenca\/prijava\/","og_site_name":"Nabavna konferenca","article_modified_time":"2026-01-09T10:14:55+00:00","og_image":[{"width":1200,"height":630,"url":"https:\/\/www.planetgv.si\/wp-content\/uploads\/sites\/9\/2025\/12\/NK26_OG-Image_1200x630px.png","type":"image\/png"}],"twitter_card":"summary_large_image","twitter_misc":{"Est. reading time":"2 minuti"},"schema":{"@context":"https:\/\/schema.org","@graph":[{"@type":"WebPage","@id":"https:\/\/www.planetgv.si\/nabavna-konferenca\/prijava\/","url":"https:\/\/www.planetgv.si\/nabavna-konferenca\/prijava\/","name":"Prijava - Nabavna konferenca","isPartOf":{"@id":"https:\/\/www.planetgv.si\/nabavna-konferenca\/#website"},"primaryImageOfPage":{"@id":"https:\/\/www.planetgv.si\/nabavna-konferenca\/prijava\/#primaryimage"},"image":{"@id":"https:\/\/www.planetgv.si\/nabavna-konferenca\/prijava\/#primaryimage"},"thumbnailUrl":"https:\/\/www.planetgv.si\/wp-content\/uploads\/sites\/9\/2025\/12\/NK26_OG-Image_1200x630px.png","datePublished":"2019-07-03T12:27:05+00:00","dateModified":"2026-01-09T10:14:55+00:00","description":"Nabavna konferenca 2026 bo potekal hibridno! Na dogodku se nam boste lahko pridru\u017eili v \u017eivo v GH Bernardin ali pa virtualno, prek spleta.","breadcrumb":{"@id":"https:\/\/www.planetgv.si\/nabavna-konferenca\/prijava\/#breadcrumb"},"inLanguage":"sl-SI","potentialAction":[{"@type":"ReadAction","target":["https:\/\/www.planetgv.si\/nabavna-konferenca\/prijava\/"]}]},{"@type":"ImageObject","inLanguage":"sl-SI","@id":"https:\/\/www.planetgv.si\/nabavna-konferenca\/prijava\/#primaryimage","url":"https:\/\/www.planetgv.si\/wp-content\/uploads\/sites\/9\/2025\/12\/NK26_OG-Image_1200x630px.png","contentUrl":"https:\/\/www.planetgv.si\/wp-content\/uploads\/sites\/9\/2025\/12\/NK26_OG-Image_1200x630px.png","width":1200,"height":630},{"@type":"BreadcrumbList","@id":"https:\/\/www.planetgv.si\/nabavna-konferenca\/prijava\/#breadcrumb","itemListElement":[{"@type":"ListItem","position":1,"name":"Home","item":"https:\/\/www.planetgv.si\/nabavna-konferenca\/homepage\/"},{"@type":"ListItem","position":2,"name":"Prijava"}]},{"@type":"WebSite","@id":"https:\/\/www.planetgv.si\/nabavna-konferenca\/#website","url":"https:\/\/www.planetgv.si\/nabavna-konferenca\/","name":"Nabavna konferenca","description":"Nabavna konferenca","publisher":{"@id":"https:\/\/www.planetgv.si\/nabavna-konferenca\/#organization"},"potentialAction":[{"@type":"SearchAction","target":{"@type":"EntryPoint","urlTemplate":"https:\/\/www.planetgv.si\/nabavna-konferenca\/?s={search_term_string}"},"query-input":"required name=search_term_string"}],"inLanguage":"sl-SI"},{"@type":"Organization","@id":"https:\/\/www.planetgv.si\/nabavna-konferenca\/#organization","name":"Nabavna konferenca","url":"https:\/\/www.planetgv.si\/nabavna-konferenca\/","logo":{"@type":"ImageObject","inLanguage":"sl-SI","@id":"https:\/\/www.planetgv.si\/nabavna-konferenca\/#\/schema\/logo\/image\/","url":"https:\/\/www.planetgv.si\/nabavna-konferenca\/wp-content\/uploads\/sites\/9\/2021\/01\/PlanetGV_210_113_1.png","contentUrl":"https:\/\/www.planetgv.si\/nabavna-konferenca\/wp-content\/uploads\/sites\/9\/2021\/01\/PlanetGV_210_113_1.png","width":210,"height":113,"caption":"Nabavna konferenca"},"image":{"@id":"https:\/\/www.planetgv.si\/nabavna-konferenca\/#\/schema\/logo\/image\/"}}]}},"_links":{"self":[{"href":"https:\/\/www.planetgv.si\/nabavna-konferenca\/wp-json\/wp\/v2\/pages\/220"}],"collection":[{"href":"https:\/\/www.planetgv.si\/nabavna-konferenca\/wp-json\/wp\/v2\/pages"}],"about":[{"href":"https:\/\/www.planetgv.si\/nabavna-konferenca\/wp-json\/wp\/v2\/types\/page"}],"author":[{"embeddable":true,"href":"https:\/\/www.planetgv.si\/nabavna-konferenca\/wp-json\/wp\/v2\/users\/1"}],"replies":[{"embeddable":true,"href":"https:\/\/www.planetgv.si\/nabavna-konferenca\/wp-json\/wp\/v2\/comments?post=220"}],"version-history":[{"count":18,"href":"https:\/\/www.planetgv.si\/nabavna-konferenca\/wp-json\/wp\/v2\/pages\/220\/revisions"}],"predecessor-version":[{"id":8154,"href":"https:\/\/www.planetgv.si\/nabavna-konferenca\/wp-json\/wp\/v2\/pages\/220\/revisions\/8154"}],"wp:featuredmedia":[{"embeddable":true,"href":"https:\/\/www.planetgv.si\/nabavna-konferenca\/wp-json\/wp\/v2\/media\/7873"}],"wp:attachment":[{"href":"https:\/\/www.planetgv.si\/nabavna-konferenca\/wp-json\/wp\/v2\/media?parent=220"}],"curies":[{"name":"wp","href":"https:\/\/api.w.org\/{rel}","templated":true}]}}