{"id":45,"date":"2024-07-07T16:25:56","date_gmt":"2024-07-07T16:25:56","guid":{"rendered":"https:\/\/www.planetgv.si\/knjigarna\/?post_type=product&#038;p=45"},"modified":"2024-09-02T16:04:07","modified_gmt":"2024-09-02T16:04:07","slug":"psihologija-pogajanj-kako-doseci-kar-zelite-in-ohraniti-odnos-3-ponatis","status":"publish","type":"product","link":"https:\/\/www.planetgv.si\/knjigarna\/product\/psihologija-pogajanj-kako-doseci-kar-zelite-in-ohraniti-odnos-3-ponatis\/","title":{"rendered":"PSIHOLOGIJA POGAJANJ &#8211; Kako dose\u010di, kar \u017eelite in ohraniti odnos (3. ponatis!)"},"content":{"rendered":"<p>Avtor: Rudi Tav\u010dar, MBA<\/p>\n<p><strong><em>Uspe\u0161nica knjigarne Planet GV \u2013 3. ponatis!<\/em><\/strong><\/p>\n<p><strong>Predgovor k tretjemu ponatisu knjige Psihologije pogajanj<\/strong><\/p>\n<p>V dvanajstih letih, odkar je knjiga Psihologija pogajanj prvi\u010d zagledala lu\u010d sveta, se je na svetu marsikaj spremenilo. V \u0161tevilnih dr\u017eavah smo prebrodili politi\u010dne krize ali celo vojne pa tudi pripeljali do novih. Veliko podjetij je uspelo, \u0161e ve\u010d jih je propadlo, morda smo zamenjali slu\u017ebo ali dokon\u010dali \u0161tudij, se lo\u010dili ali poro\u010dili ali pa so na\u0161i otroci postali najstniki in samo \u010dakamo, kdaj bo puberteta minila \u2026 Skratka, novih situacij, v katerih se pogajamo, se je nabralo kar veliko.<\/p>\n<p>Knjiga Psihologija pogajanj je \u017ee pred \u010dasom po\u0161la in z zalo\u017enikom smo se \u017ee ve\u010dkrat pogovarjali, da bi izdali ponatis, morda celo novo dopolnjeno izdajo, saj je v tem \u010dasu toliko novega. Novega, res.<\/p>\n<p>Toda v \u010dem so nove pogajalske situacije zares druga\u010dne kot tiste pred dvanajstimi leti? Na zunaj in na videz so morda res druga\u010dna. Toda psiholo\u0161ki mehanizmi, ki se odvijajo v vsakem od nas, so ostali enaki. Vsi si \u017eelimo zadovoljiti potrebe po varnosti, bli\u017eini, zaupanju, mo\u010di, vidnosti, uveljavitvi, zabavi, svobodi \u2026<\/p>\n<p>In prav zato, ker se na\u0161a psiha v dvanajstih letih ni spremenila, je danes pred vami knjiga Psihologija pogajanj ponovno, v originalni obliki. Kako pogledati pod povr\u0161je, zares razumeti sebe in sogovornika ter se pogajati tako, da na koncu najdemo skupne re\u0161itve, so \u0161e vedno na\u010dela, ki nam pomagajo, da dose\u017eemo svoje, hkrati pa ohranimo odnos s tistimi, ki so nam pomembni.<\/p>\n<p>\u017delim vam zanimivo in predvsem uporabno branje.<\/p>\n<p><strong><em>Rudi Tav\u010dar<\/em><\/strong><\/p>\n<p><strong>Mnenje o knjigi <\/strong><\/p>\n<p>Knjiga Psihologija pogajanj je zanimiva predvsem zaradi svoje neposrednosti in no\u017eice \u017eivljenjskih primerov, ki jih je Rudi Tav\u010dar tako odkrito in slikovito opisal. Priporo\u010dam v branje vsakemu managerju, ki je pripravljen pobrskati tudi malo po sebi.<\/p>\n<p><strong><em>Prof. dr. Danica Purg, direktorica, IEDC \u2013 Poslovna \u0161ola Bled<\/em><\/strong><\/p>\n<p><strong>Knjigi na pot <\/strong><\/p>\n<p>Pogajanja so eden od na\u010dinov, kako v \u017eivljenju pridemo do stvari, ki jih nimamo, vendar si jih \u017eelimo.<\/p>\n<p>Zato se v \u017eivljenju nenehno pogajamo, pogosto na ve\u010d koncih hkrati. Pogajamo se s svojimi vrstniki, da nas sprejmejo medse. V \u0161oli prepri\u010dujemo u\u010ditelje, da zaslu\u017eimo dobre ocene. Pogajamo se s star\u0161i, da nam zve\u010der dovolijo ostati dlje zunaj, uporabljati njihov avto ali pa da nam kupijo novi glasbeni stolp.<\/p>\n<p>Vse \u017eivljenje uporabljamo nezavedno razli\u010dne elemente pogajanj: mo\u010d prepri\u010devanja, iskanje alternativnih mo\u017enosti, pa tudi temeljno najstni\u0161ko taktiko: \u00bbNikoli ne sprejmi \u203ane\u2039 za dokon\u010den odgovor.\u00ab<\/p>\n<p>Ko odrastemo, dobro vemo, kako se moramo postaviti, da bomo dosegli, kar ho\u010demo. Tudi takrat nadaljujemo svojo pogajalsko pot: kupujemo in prodajamo avto, hi\u0161o ali stanovanje. Od tega, kako dobri pogajalci smo, je precej odvisen na\u0161 obstoj. Zadnji\u010d se spontano pogajamo na zaposlitvenem intervjuju. Vemo, kako tr\u017eiti svoje sposobnosti in kako se pogajati, da dobimo slu\u017ebo. Nato se za\u010dne \u00bbnova\u00ab zgodba. Posadijo nas za pogajalsko mizo nasproti partnerjem in ne vemo, kaj bi.<\/p>\n<p>Pozabimo, kako se pogaja. Podvomimo v svoje sposobnosti za pogajanja. Metode, ki smo jih uporabljali vse \u017eivljenje, se nam nenadoma zdijo tuje in skrivnostne, kot da bi se jih morali prvi\u010d u\u010diti. Takrat za\u010dutimo, da potrebujemo napotke v kak\u0161ni knjigi.<\/p>\n<p>Na vzhodu, kjer je trgovanje \u010dislana dejavnost, so pogajanja del prodajnega postopka. Pri nas je to obi\u010dajno samo pri ve\u010djih poslih. Mogo\u010de ravno zato ljudje radi segamo po knjigah o pogajanjih. Imamo jih kar nekaj, a pri\u010dujo\u010da je nekaj posebnega. Je prva, ki ponuja celosten pogled na pogajanja. \u017de naslov obljublja nekaj ve\u010d. Kje \u0161e najdete v knjigi o pogajanjih poglavje o osebnosti pogajalca?<\/p>\n<p>\u017divljenje so torej ena sama pogajanja \u2013 s star\u0161i, vrstniki, sozakoncem, otroki, sodelavci, nadrejenimi in poslovnimi partnerji. Najve\u010dja vrednost te knjige je v tem, da jemlje primere pogajanj z zelo razli\u010dnih podro\u010dij. Avtor nam predstavi svoje bogate izku\u0161nje s pogajanj na razli\u010dnih podro\u010djih \u2013 kot o\u010de, poslovne\u017e, mediator in terapevt. Vaje in prakti\u010dni primeri pa odli\u010dno dopolnjujejo teorijo.<\/p>\n<p>Knjigo se spla\u010da za\u010deti brati na za\u010detku, saj nas avtor v zelo motivacijskem predgovoru prepri\u010da, da je vredno nadaljevati. Odkrili bomo veliko koristnih nasvetov. Nekaj je povsem novih, drugi zdru\u017eujejo razli\u010dne pristope \u2013 kontrolno teorijo in transakcijsko analizo \u2013, ve\u010dina pa samo potrjuje na\u0161e izku\u0161nje.<\/p>\n<p>Poudarjena je tudi bistvena sestavina pogajanj \u2013 po\u0161tenost. V zdaj\u0161njem poslovnem svetu se zdi to kot pravljica. Iz najstarej\u0161ih obdobij zgodovine so se ohranile le pravljice in legende. In seveda basni z moralnim naukom na koncu.<\/p>\n<p>V zvezi z nasveti o vodenju, komunikaciji in tudi pogajanjih pogosto sli\u0161imo o\u010ditek, da govorimo o teoriji, v \u017eivljenju pa je druga\u010de. Vse bolj spoznavamo, da je treba ljudi u\u010diti, kako naj bi bilo, ne samo opisovati, kako je. Vsak pa se odlo\u010di, kako bo ravnal.<\/p>\n<p>Vse bolj se tudi uveljavlja prepri\u010danje, da se po\u0161tenost ne izpla\u010da, saj je povsod okoli nas polno goljufij. Pozabljamo, da svet sestavljamo samo mi \u2013 ljudje. Spreminjamo ga torej samo tako, da ravnamo druga\u010de. Po\u010dasi, po kapljicah bomo obrnili svet na bolje. Ni velikih stvari, vse je sestavljeno iz majhnih, na katere lahko vplivamo.<\/p>\n<p>Ta knjiga se mi zdi dober prispevek k spreminjanju in razvijanju na\u0161ega pogleda na del sveta. Vzemite jo v roko in u\u017eivajte z njo \u2013 pri pogajanjih in v \u017eivljenju sploh. Saj veste: pogajamo se vse \u017eivljenje.<\/p>\n<p><strong><em>Mag. Peter Marki\u010d<\/em><\/strong><\/p>\n","protected":false},"excerpt":{"rendered":"<p>Knjiga Psihologija pogajanj je temeljno delo podro\u010dja poslovnih in osebnih pogajanj. Vsebuje mno\u017eico \u017eivljenjskih primerov. Obvezno branje za vse, ki \u017eelijo spoznati psihologijo, strategijo, taktike in ve\u0161\u010dine poslovnih pogajanj, uspe\u0161nega zaklju\u010devanja in grajenja trajnih odnosov.<\/p>\n","protected":false},"featured_media":59,"template":"","meta":[],"product_cat":[27,28],"product_tag":[],"acf":[],"yoast_head":"<!-- This site is optimized with the Yoast SEO plugin v22.6 - https:\/\/yoast.com\/wordpress\/plugins\/seo\/ -->\n<title>PSIHOLOGIJA POGAJANJ - Kako dose\u010di, kar \u017eelite in ohraniti odnos (3. ponatis!) - PlanetGV knjigarna<\/title>\n<meta name=\"robots\" content=\"index, follow, max-snippet:-1, max-image-preview:large, max-video-preview:-1\" \/>\n<link rel=\"canonical\" href=\"https:\/\/www.planetgv.si\/knjigarna\/product\/psihologija-pogajanj-kako-doseci-kar-zelite-in-ohraniti-odnos-3-ponatis\/\" \/>\n<meta property=\"og:locale\" content=\"sl_SI\" \/>\n<meta property=\"og:type\" content=\"article\" \/>\n<meta property=\"og:title\" content=\"PSIHOLOGIJA POGAJANJ - Kako dose\u010di, kar \u017eelite in ohraniti odnos (3. ponatis!) - PlanetGV knjigarna\" \/>\n<meta property=\"og:description\" content=\"Knjiga Psihologija pogajanj je temeljno delo podro\u010dja poslovnih in osebnih pogajanj. Vsebuje mno\u017eico \u017eivljenjskih primerov. Obvezno branje za vse, ki \u017eelijo spoznati psihologijo, strategijo, taktike in ve\u0161\u010dine poslovnih pogajanj, uspe\u0161nega zaklju\u010devanja in grajenja trajnih odnosov.\" \/>\n<meta property=\"og:url\" content=\"https:\/\/www.planetgv.si\/knjigarna\/product\/psihologija-pogajanj-kako-doseci-kar-zelite-in-ohraniti-odnos-3-ponatis\/\" \/>\n<meta property=\"og:site_name\" content=\"PlanetGV knjigarna\" \/>\n<meta property=\"article:modified_time\" content=\"2024-09-02T16:04:07+00:00\" \/>\n<meta property=\"og:image\" content=\"https:\/\/www.planetgv.si\/knjigarna\/wp-content\/uploads\/sites\/37\/2024\/07\/psihologija_pogajanj.jpg\" \/>\n\t<meta property=\"og:image:width\" content=\"600\" \/>\n\t<meta property=\"og:image:height\" content=\"600\" \/>\n\t<meta property=\"og:image:type\" content=\"image\/jpeg\" \/>\n<meta name=\"twitter:card\" content=\"summary_large_image\" \/>\n<meta name=\"twitter:label1\" content=\"Est. reading time\" \/>\n\t<meta name=\"twitter:data1\" content=\"5 minut\" \/>\n<script type=\"application\/ld+json\" class=\"yoast-schema-graph\">{\"@context\":\"https:\/\/schema.org\",\"@graph\":[{\"@type\":\"WebPage\",\"@id\":\"https:\/\/www.planetgv.si\/knjigarna\/product\/psihologija-pogajanj-kako-doseci-kar-zelite-in-ohraniti-odnos-3-ponatis\/\",\"url\":\"https:\/\/www.planetgv.si\/knjigarna\/product\/psihologija-pogajanj-kako-doseci-kar-zelite-in-ohraniti-odnos-3-ponatis\/\",\"name\":\"PSIHOLOGIJA POGAJANJ - Kako dose\u010di, kar \u017eelite in ohraniti odnos (3. ponatis!) - PlanetGV knjigarna\",\"isPartOf\":{\"@id\":\"https:\/\/www.planetgv.si\/knjigarna\/#website\"},\"primaryImageOfPage\":{\"@id\":\"https:\/\/www.planetgv.si\/knjigarna\/product\/psihologija-pogajanj-kako-doseci-kar-zelite-in-ohraniti-odnos-3-ponatis\/#primaryimage\"},\"image\":{\"@id\":\"https:\/\/www.planetgv.si\/knjigarna\/product\/psihologija-pogajanj-kako-doseci-kar-zelite-in-ohraniti-odnos-3-ponatis\/#primaryimage\"},\"thumbnailUrl\":\"https:\/\/www.planetgv.si\/wp-content\/uploads\/sites\/37\/2024\/07\/psihologija_pogajanj.jpg\",\"datePublished\":\"2024-07-07T16:25:56+00:00\",\"dateModified\":\"2024-09-02T16:04:07+00:00\",\"breadcrumb\":{\"@id\":\"https:\/\/www.planetgv.si\/knjigarna\/product\/psihologija-pogajanj-kako-doseci-kar-zelite-in-ohraniti-odnos-3-ponatis\/#breadcrumb\"},\"inLanguage\":\"sl-SI\",\"potentialAction\":[{\"@type\":\"ReadAction\",\"target\":[\"https:\/\/www.planetgv.si\/knjigarna\/product\/psihologija-pogajanj-kako-doseci-kar-zelite-in-ohraniti-odnos-3-ponatis\/\"]}]},{\"@type\":\"ImageObject\",\"inLanguage\":\"sl-SI\",\"@id\":\"https:\/\/www.planetgv.si\/knjigarna\/product\/psihologija-pogajanj-kako-doseci-kar-zelite-in-ohraniti-odnos-3-ponatis\/#primaryimage\",\"url\":\"https:\/\/www.planetgv.si\/wp-content\/uploads\/sites\/37\/2024\/07\/psihologija_pogajanj.jpg\",\"contentUrl\":\"https:\/\/www.planetgv.si\/wp-content\/uploads\/sites\/37\/2024\/07\/psihologija_pogajanj.jpg\",\"width\":600,\"height\":600},{\"@type\":\"BreadcrumbList\",\"@id\":\"https:\/\/www.planetgv.si\/knjigarna\/product\/psihologija-pogajanj-kako-doseci-kar-zelite-in-ohraniti-odnos-3-ponatis\/#breadcrumb\",\"itemListElement\":[{\"@type\":\"ListItem\",\"position\":1,\"name\":\"Home\",\"item\":\"https:\/\/www.planetgv.si\/knjigarna\/\"},{\"@type\":\"ListItem\",\"position\":2,\"name\":\"Domov\",\"item\":\"https:\/\/www.planetgv.si\/knjigarna\/\"},{\"@type\":\"ListItem\",\"position\":3,\"name\":\"PSIHOLOGIJA POGAJANJ &#8211; Kako dose\u010di, kar \u017eelite in ohraniti odnos (3. ponatis!)\"}]},{\"@type\":\"WebSite\",\"@id\":\"https:\/\/www.planetgv.si\/knjigarna\/#website\",\"url\":\"https:\/\/www.planetgv.si\/knjigarna\/\",\"name\":\"PlanetGV knjigarna\",\"description\":\"\",\"publisher\":{\"@id\":\"https:\/\/www.planetgv.si\/knjigarna\/#organization\"},\"potentialAction\":[{\"@type\":\"SearchAction\",\"target\":{\"@type\":\"EntryPoint\",\"urlTemplate\":\"https:\/\/www.planetgv.si\/knjigarna\/?s={search_term_string}\"},\"query-input\":\"required name=search_term_string\"}],\"inLanguage\":\"sl-SI\"},{\"@type\":\"Organization\",\"@id\":\"https:\/\/www.planetgv.si\/knjigarna\/#organization\",\"name\":\"PlanetGV knjigarna\",\"url\":\"https:\/\/www.planetgv.si\/knjigarna\/\",\"logo\":{\"@type\":\"ImageObject\",\"inLanguage\":\"sl-SI\",\"@id\":\"https:\/\/www.planetgv.si\/knjigarna\/#\/schema\/logo\/image\/\",\"url\":\"https:\/\/www.planetgv.si\/wp-content\/uploads\/sites\/37\/2024\/07\/cropped-planetgv_logo-512-2.jpg\",\"contentUrl\":\"https:\/\/www.planetgv.si\/wp-content\/uploads\/sites\/37\/2024\/07\/cropped-planetgv_logo-512-2.jpg\",\"width\":511,\"height\":120,\"caption\":\"PlanetGV knjigarna\"},\"image\":{\"@id\":\"https:\/\/www.planetgv.si\/knjigarna\/#\/schema\/logo\/image\/\"}}]}<\/script>\n<!-- \/ Yoast SEO plugin. -->","yoast_head_json":{"title":"PSIHOLOGIJA POGAJANJ - Kako dose\u010di, kar \u017eelite in ohraniti odnos (3. ponatis!) - PlanetGV knjigarna","robots":{"index":"index","follow":"follow","max-snippet":"max-snippet:-1","max-image-preview":"max-image-preview:large","max-video-preview":"max-video-preview:-1"},"canonical":"https:\/\/www.planetgv.si\/knjigarna\/product\/psihologija-pogajanj-kako-doseci-kar-zelite-in-ohraniti-odnos-3-ponatis\/","og_locale":"sl_SI","og_type":"article","og_title":"PSIHOLOGIJA POGAJANJ - Kako dose\u010di, kar \u017eelite in ohraniti odnos (3. ponatis!) - PlanetGV knjigarna","og_description":"Knjiga Psihologija pogajanj je temeljno delo podro\u010dja poslovnih in osebnih pogajanj. Vsebuje mno\u017eico \u017eivljenjskih primerov. Obvezno branje za vse, ki \u017eelijo spoznati psihologijo, strategijo, taktike in ve\u0161\u010dine poslovnih pogajanj, uspe\u0161nega zaklju\u010devanja in grajenja trajnih odnosov.","og_url":"https:\/\/www.planetgv.si\/knjigarna\/product\/psihologija-pogajanj-kako-doseci-kar-zelite-in-ohraniti-odnos-3-ponatis\/","og_site_name":"PlanetGV knjigarna","article_modified_time":"2024-09-02T16:04:07+00:00","og_image":[{"width":600,"height":600,"url":"https:\/\/www.planetgv.si\/knjigarna\/wp-content\/uploads\/sites\/37\/2024\/07\/psihologija_pogajanj.jpg","type":"image\/jpeg"}],"twitter_card":"summary_large_image","twitter_misc":{"Est. reading time":"5 minut"},"schema":{"@context":"https:\/\/schema.org","@graph":[{"@type":"WebPage","@id":"https:\/\/www.planetgv.si\/knjigarna\/product\/psihologija-pogajanj-kako-doseci-kar-zelite-in-ohraniti-odnos-3-ponatis\/","url":"https:\/\/www.planetgv.si\/knjigarna\/product\/psihologija-pogajanj-kako-doseci-kar-zelite-in-ohraniti-odnos-3-ponatis\/","name":"PSIHOLOGIJA POGAJANJ - Kako dose\u010di, kar \u017eelite in ohraniti odnos (3. ponatis!) - PlanetGV knjigarna","isPartOf":{"@id":"https:\/\/www.planetgv.si\/knjigarna\/#website"},"primaryImageOfPage":{"@id":"https:\/\/www.planetgv.si\/knjigarna\/product\/psihologija-pogajanj-kako-doseci-kar-zelite-in-ohraniti-odnos-3-ponatis\/#primaryimage"},"image":{"@id":"https:\/\/www.planetgv.si\/knjigarna\/product\/psihologija-pogajanj-kako-doseci-kar-zelite-in-ohraniti-odnos-3-ponatis\/#primaryimage"},"thumbnailUrl":"https:\/\/www.planetgv.si\/wp-content\/uploads\/sites\/37\/2024\/07\/psihologija_pogajanj.jpg","datePublished":"2024-07-07T16:25:56+00:00","dateModified":"2024-09-02T16:04:07+00:00","breadcrumb":{"@id":"https:\/\/www.planetgv.si\/knjigarna\/product\/psihologija-pogajanj-kako-doseci-kar-zelite-in-ohraniti-odnos-3-ponatis\/#breadcrumb"},"inLanguage":"sl-SI","potentialAction":[{"@type":"ReadAction","target":["https:\/\/www.planetgv.si\/knjigarna\/product\/psihologija-pogajanj-kako-doseci-kar-zelite-in-ohraniti-odnos-3-ponatis\/"]}]},{"@type":"ImageObject","inLanguage":"sl-SI","@id":"https:\/\/www.planetgv.si\/knjigarna\/product\/psihologija-pogajanj-kako-doseci-kar-zelite-in-ohraniti-odnos-3-ponatis\/#primaryimage","url":"https:\/\/www.planetgv.si\/wp-content\/uploads\/sites\/37\/2024\/07\/psihologija_pogajanj.jpg","contentUrl":"https:\/\/www.planetgv.si\/wp-content\/uploads\/sites\/37\/2024\/07\/psihologija_pogajanj.jpg","width":600,"height":600},{"@type":"BreadcrumbList","@id":"https:\/\/www.planetgv.si\/knjigarna\/product\/psihologija-pogajanj-kako-doseci-kar-zelite-in-ohraniti-odnos-3-ponatis\/#breadcrumb","itemListElement":[{"@type":"ListItem","position":1,"name":"Home","item":"https:\/\/www.planetgv.si\/knjigarna\/"},{"@type":"ListItem","position":2,"name":"Domov","item":"https:\/\/www.planetgv.si\/knjigarna\/"},{"@type":"ListItem","position":3,"name":"PSIHOLOGIJA POGAJANJ &#8211; Kako dose\u010di, kar \u017eelite in ohraniti odnos (3. ponatis!)"}]},{"@type":"WebSite","@id":"https:\/\/www.planetgv.si\/knjigarna\/#website","url":"https:\/\/www.planetgv.si\/knjigarna\/","name":"PlanetGV knjigarna","description":"","publisher":{"@id":"https:\/\/www.planetgv.si\/knjigarna\/#organization"},"potentialAction":[{"@type":"SearchAction","target":{"@type":"EntryPoint","urlTemplate":"https:\/\/www.planetgv.si\/knjigarna\/?s={search_term_string}"},"query-input":"required name=search_term_string"}],"inLanguage":"sl-SI"},{"@type":"Organization","@id":"https:\/\/www.planetgv.si\/knjigarna\/#organization","name":"PlanetGV knjigarna","url":"https:\/\/www.planetgv.si\/knjigarna\/","logo":{"@type":"ImageObject","inLanguage":"sl-SI","@id":"https:\/\/www.planetgv.si\/knjigarna\/#\/schema\/logo\/image\/","url":"https:\/\/www.planetgv.si\/wp-content\/uploads\/sites\/37\/2024\/07\/cropped-planetgv_logo-512-2.jpg","contentUrl":"https:\/\/www.planetgv.si\/wp-content\/uploads\/sites\/37\/2024\/07\/cropped-planetgv_logo-512-2.jpg","width":511,"height":120,"caption":"PlanetGV knjigarna"},"image":{"@id":"https:\/\/www.planetgv.si\/knjigarna\/#\/schema\/logo\/image\/"}}]}},"_links":{"self":[{"href":"https:\/\/www.planetgv.si\/knjigarna\/wp-json\/wp\/v2\/product\/45"}],"collection":[{"href":"https:\/\/www.planetgv.si\/knjigarna\/wp-json\/wp\/v2\/product"}],"about":[{"href":"https:\/\/www.planetgv.si\/knjigarna\/wp-json\/wp\/v2\/types\/product"}],"wp:featuredmedia":[{"embeddable":true,"href":"https:\/\/www.planetgv.si\/knjigarna\/wp-json\/wp\/v2\/media\/59"}],"wp:attachment":[{"href":"https:\/\/www.planetgv.si\/knjigarna\/wp-json\/wp\/v2\/media?parent=45"}],"wp:term":[{"taxonomy":"product_cat","embeddable":true,"href":"https:\/\/www.planetgv.si\/knjigarna\/wp-json\/wp\/v2\/product_cat?post=45"},{"taxonomy":"product_tag","embeddable":true,"href":"https:\/\/www.planetgv.si\/knjigarna\/wp-json\/wp\/v2\/product_tag?post=45"}],"curies":[{"name":"wp","href":"https:\/\/api.w.org\/{rel}","templated":true}]}}