{"id":43,"date":"2024-07-07T16:25:56","date_gmt":"2024-07-07T16:25:56","guid":{"rendered":"https:\/\/www.planetgv.si\/knjigarna\/?post_type=product&#038;p=43"},"modified":"2024-09-02T16:04:46","modified_gmt":"2024-09-02T16:04:46","slug":"mobing-prepoznajte-in-ukrepajte","status":"publish","type":"product","link":"https:\/\/www.planetgv.si\/knjigarna\/product\/mobing-prepoznajte-in-ukrepajte\/","title":{"rendered":"MOBING &#8211; PREPOZNAJTE IN UKREPAJTE"},"content":{"rendered":"<h1><strong>Mobing &#8211; prepoznajte in ukrepajte<\/strong><\/h1>\n<p><strong>DRUGA IZDAJA, KI VKLJU\u010cUJE TUDI POGLAVJE O VODENJU SVETOVALNEGA POGOVORA TER NI\u010cELNI TOLERANCI DO MOBINGA.<\/strong><\/p>\n<p>V primeru pojava mobinga je v organizaciji storjena nepopravljiva \u0161koda. Zato se dr\u017eimo reka: bolje prepre\u010diti kot zdraviti! Namen priro\u010dnika je v naj\u0161ir\u0161em pomenu besede in posamezniku odpreti pogled na raznovrstnost oblik in na\u010dinov zoperstavljanja mobingu z jasnim ciljem vi\u0161je kakovosti sobivanja.<\/p>\n<p>Knjigi so dodane tudi priloge: dnevnik za vodenje mobinga, vzorec internega pravilnika o prepre\u010devanju mobinga in seznam institucij za pomo\u010d \u017ertvam mobinga.<\/p>\n<p>Knjiga je sestavni del gradiva na usposabljanju \u00a0<a href=\"https:\/\/mobingpridelu.si\/\" target=\"_blank\" rel=\"noopener noreferrer\">MOBING &#8211; PREPOZNAJTE IN UKREPAJTE,<\/a>\u00a0na kateri vsak udele\u017eenec prejme tudi certifikat <strong>ZAUPNIK ZA PREPRE\u010cEVANJE MOBINGA<\/strong>.<\/p>\n<p>Kaj se boste nau\u010dili:<\/p>\n<ul>\n<li>kaj mobing je in kaj mobing ni<\/li>\n<li>prepoznavati najpogostej\u0161e pojavne oblike vedenj in ravnanj, ki jih uvr\u0161\u010damo v psihi\u010dno in \u010dustveno nasilje,<\/li>\n<li>lo\u010devati mobing od drugih negativnih pojavov na delovnem mestu,<\/li>\n<li>kako prepre\u010devati mobing na ravni organizacije in kako na ravni posameznika,<\/li>\n<li>implementirati in uresni\u010devati preventivne strategije v organizaciji,<\/li>\n<li>voditi svetovalni pogovor z osebami, ki do\u017eivele neprimerno vedenje in ravnanje<\/li>\n<li>zakonske regulative, ki urejajo podro\u010dje psihi\u010dnega in \u010dustvenega nasilja na delovnem mestu.<\/li>\n<\/ul>\n","protected":false},"excerpt":{"rendered":"<p>Dopolnjena 2. izdaja s poglobljenim pogledom na re\u0161evanje mobinga na delovnem mestu in dodano vsebino o vodenju svetovalnega pogovora ter ni\u010delni toleranci do mobinga.<\/p>\n<p>V primeru pojava mobinga je v organizaciji storjena nepopravljiva \u0161koda. Zato se dr\u017eimo reka: bolje prepre\u010diti kot zdraviti! Namen priro\u010dnika je v naj\u0161ir\u0161em pomenu besede in posamezniku odpreti pogled na raznovrstnost oblik in na\u010dinov zoperstavljanja mobingu z jasnim ciljem vi\u0161je kakovosti sobivanja.<\/p>\n","protected":false},"featured_media":58,"template":"","meta":[],"product_cat":[27],"product_tag":[],"acf":[],"yoast_head":"<!-- This site is optimized with the Yoast SEO plugin v22.6 - https:\/\/yoast.com\/wordpress\/plugins\/seo\/ -->\n<title>MOBING - PREPOZNAJTE IN UKREPAJTE - PlanetGV knjigarna<\/title>\n<meta name=\"robots\" content=\"index, follow, max-snippet:-1, max-image-preview:large, max-video-preview:-1\" \/>\n<link rel=\"canonical\" href=\"https:\/\/www.planetgv.si\/knjigarna\/product\/mobing-prepoznajte-in-ukrepajte\/\" \/>\n<meta property=\"og:locale\" content=\"sl_SI\" \/>\n<meta property=\"og:type\" content=\"article\" \/>\n<meta property=\"og:title\" content=\"MOBING - PREPOZNAJTE IN UKREPAJTE - PlanetGV knjigarna\" \/>\n<meta property=\"og:description\" content=\"Dopolnjena 2. izdaja s poglobljenim pogledom na re\u0161evanje mobinga na delovnem mestu in dodano vsebino o vodenju svetovalnega pogovora ter ni\u010delni toleranci do mobinga.  V primeru pojava mobinga je v organizaciji storjena nepopravljiva \u0161koda. Zato se dr\u017eimo reka: bolje prepre\u010diti kot zdraviti! Namen priro\u010dnika je v naj\u0161ir\u0161em pomenu besede in posamezniku odpreti pogled na raznovrstnost oblik in na\u010dinov zoperstavljanja mobingu z jasnim ciljem vi\u0161je kakovosti sobivanja.\" \/>\n<meta property=\"og:url\" content=\"https:\/\/www.planetgv.si\/knjigarna\/product\/mobing-prepoznajte-in-ukrepajte\/\" \/>\n<meta property=\"og:site_name\" content=\"PlanetGV knjigarna\" \/>\n<meta property=\"article:modified_time\" content=\"2024-09-02T16:04:46+00:00\" \/>\n<meta property=\"og:image\" content=\"https:\/\/www.planetgv.si\/knjigarna\/wp-content\/uploads\/sites\/37\/2024\/07\/Knjiga-Mobing-2024.png\" \/>\n\t<meta property=\"og:image:width\" content=\"600\" \/>\n\t<meta property=\"og:image:height\" content=\"600\" \/>\n\t<meta property=\"og:image:type\" content=\"image\/png\" \/>\n<meta name=\"twitter:card\" content=\"summary_large_image\" \/>\n<meta name=\"twitter:label1\" content=\"Est. reading time\" \/>\n\t<meta name=\"twitter:data1\" content=\"2 minuti\" \/>\n<script type=\"application\/ld+json\" class=\"yoast-schema-graph\">{\"@context\":\"https:\/\/schema.org\",\"@graph\":[{\"@type\":\"WebPage\",\"@id\":\"https:\/\/www.planetgv.si\/knjigarna\/product\/mobing-prepoznajte-in-ukrepajte\/\",\"url\":\"https:\/\/www.planetgv.si\/knjigarna\/product\/mobing-prepoznajte-in-ukrepajte\/\",\"name\":\"MOBING - PREPOZNAJTE IN UKREPAJTE - PlanetGV knjigarna\",\"isPartOf\":{\"@id\":\"https:\/\/www.planetgv.si\/knjigarna\/#website\"},\"primaryImageOfPage\":{\"@id\":\"https:\/\/www.planetgv.si\/knjigarna\/product\/mobing-prepoznajte-in-ukrepajte\/#primaryimage\"},\"image\":{\"@id\":\"https:\/\/www.planetgv.si\/knjigarna\/product\/mobing-prepoznajte-in-ukrepajte\/#primaryimage\"},\"thumbnailUrl\":\"https:\/\/www.planetgv.si\/wp-content\/uploads\/sites\/37\/2024\/07\/Knjiga-Mobing-2024.png\",\"datePublished\":\"2024-07-07T16:25:56+00:00\",\"dateModified\":\"2024-09-02T16:04:46+00:00\",\"breadcrumb\":{\"@id\":\"https:\/\/www.planetgv.si\/knjigarna\/product\/mobing-prepoznajte-in-ukrepajte\/#breadcrumb\"},\"inLanguage\":\"sl-SI\",\"potentialAction\":[{\"@type\":\"ReadAction\",\"target\":[\"https:\/\/www.planetgv.si\/knjigarna\/product\/mobing-prepoznajte-in-ukrepajte\/\"]}]},{\"@type\":\"ImageObject\",\"inLanguage\":\"sl-SI\",\"@id\":\"https:\/\/www.planetgv.si\/knjigarna\/product\/mobing-prepoznajte-in-ukrepajte\/#primaryimage\",\"url\":\"https:\/\/www.planetgv.si\/wp-content\/uploads\/sites\/37\/2024\/07\/Knjiga-Mobing-2024.png\",\"contentUrl\":\"https:\/\/www.planetgv.si\/wp-content\/uploads\/sites\/37\/2024\/07\/Knjiga-Mobing-2024.png\",\"width\":600,\"height\":600},{\"@type\":\"BreadcrumbList\",\"@id\":\"https:\/\/www.planetgv.si\/knjigarna\/product\/mobing-prepoznajte-in-ukrepajte\/#breadcrumb\",\"itemListElement\":[{\"@type\":\"ListItem\",\"position\":1,\"name\":\"Home\",\"item\":\"https:\/\/www.planetgv.si\/knjigarna\/\"},{\"@type\":\"ListItem\",\"position\":2,\"name\":\"Domov\",\"item\":\"https:\/\/www.planetgv.si\/knjigarna\/\"},{\"@type\":\"ListItem\",\"position\":3,\"name\":\"MOBING &#8211; PREPOZNAJTE IN UKREPAJTE\"}]},{\"@type\":\"WebSite\",\"@id\":\"https:\/\/www.planetgv.si\/knjigarna\/#website\",\"url\":\"https:\/\/www.planetgv.si\/knjigarna\/\",\"name\":\"PlanetGV knjigarna\",\"description\":\"\",\"publisher\":{\"@id\":\"https:\/\/www.planetgv.si\/knjigarna\/#organization\"},\"potentialAction\":[{\"@type\":\"SearchAction\",\"target\":{\"@type\":\"EntryPoint\",\"urlTemplate\":\"https:\/\/www.planetgv.si\/knjigarna\/?s={search_term_string}\"},\"query-input\":\"required name=search_term_string\"}],\"inLanguage\":\"sl-SI\"},{\"@type\":\"Organization\",\"@id\":\"https:\/\/www.planetgv.si\/knjigarna\/#organization\",\"name\":\"PlanetGV knjigarna\",\"url\":\"https:\/\/www.planetgv.si\/knjigarna\/\",\"logo\":{\"@type\":\"ImageObject\",\"inLanguage\":\"sl-SI\",\"@id\":\"https:\/\/www.planetgv.si\/knjigarna\/#\/schema\/logo\/image\/\",\"url\":\"https:\/\/www.planetgv.si\/wp-content\/uploads\/sites\/37\/2024\/07\/cropped-planetgv_logo-512-2.jpg\",\"contentUrl\":\"https:\/\/www.planetgv.si\/wp-content\/uploads\/sites\/37\/2024\/07\/cropped-planetgv_logo-512-2.jpg\",\"width\":511,\"height\":120,\"caption\":\"PlanetGV knjigarna\"},\"image\":{\"@id\":\"https:\/\/www.planetgv.si\/knjigarna\/#\/schema\/logo\/image\/\"}}]}<\/script>\n<!-- \/ Yoast SEO plugin. -->","yoast_head_json":{"title":"MOBING - PREPOZNAJTE IN UKREPAJTE - PlanetGV knjigarna","robots":{"index":"index","follow":"follow","max-snippet":"max-snippet:-1","max-image-preview":"max-image-preview:large","max-video-preview":"max-video-preview:-1"},"canonical":"https:\/\/www.planetgv.si\/knjigarna\/product\/mobing-prepoznajte-in-ukrepajte\/","og_locale":"sl_SI","og_type":"article","og_title":"MOBING - PREPOZNAJTE IN UKREPAJTE - PlanetGV knjigarna","og_description":"Dopolnjena 2. izdaja s poglobljenim pogledom na re\u0161evanje mobinga na delovnem mestu in dodano vsebino o vodenju svetovalnega pogovora ter ni\u010delni toleranci do mobinga.  V primeru pojava mobinga je v organizaciji storjena nepopravljiva \u0161koda. Zato se dr\u017eimo reka: bolje prepre\u010diti kot zdraviti! Namen priro\u010dnika je v naj\u0161ir\u0161em pomenu besede in posamezniku odpreti pogled na raznovrstnost oblik in na\u010dinov zoperstavljanja mobingu z jasnim ciljem vi\u0161je kakovosti sobivanja.","og_url":"https:\/\/www.planetgv.si\/knjigarna\/product\/mobing-prepoznajte-in-ukrepajte\/","og_site_name":"PlanetGV knjigarna","article_modified_time":"2024-09-02T16:04:46+00:00","og_image":[{"width":600,"height":600,"url":"https:\/\/www.planetgv.si\/knjigarna\/wp-content\/uploads\/sites\/37\/2024\/07\/Knjiga-Mobing-2024.png","type":"image\/png"}],"twitter_card":"summary_large_image","twitter_misc":{"Est. reading time":"2 minuti"},"schema":{"@context":"https:\/\/schema.org","@graph":[{"@type":"WebPage","@id":"https:\/\/www.planetgv.si\/knjigarna\/product\/mobing-prepoznajte-in-ukrepajte\/","url":"https:\/\/www.planetgv.si\/knjigarna\/product\/mobing-prepoznajte-in-ukrepajte\/","name":"MOBING - PREPOZNAJTE IN UKREPAJTE - PlanetGV knjigarna","isPartOf":{"@id":"https:\/\/www.planetgv.si\/knjigarna\/#website"},"primaryImageOfPage":{"@id":"https:\/\/www.planetgv.si\/knjigarna\/product\/mobing-prepoznajte-in-ukrepajte\/#primaryimage"},"image":{"@id":"https:\/\/www.planetgv.si\/knjigarna\/product\/mobing-prepoznajte-in-ukrepajte\/#primaryimage"},"thumbnailUrl":"https:\/\/www.planetgv.si\/wp-content\/uploads\/sites\/37\/2024\/07\/Knjiga-Mobing-2024.png","datePublished":"2024-07-07T16:25:56+00:00","dateModified":"2024-09-02T16:04:46+00:00","breadcrumb":{"@id":"https:\/\/www.planetgv.si\/knjigarna\/product\/mobing-prepoznajte-in-ukrepajte\/#breadcrumb"},"inLanguage":"sl-SI","potentialAction":[{"@type":"ReadAction","target":["https:\/\/www.planetgv.si\/knjigarna\/product\/mobing-prepoznajte-in-ukrepajte\/"]}]},{"@type":"ImageObject","inLanguage":"sl-SI","@id":"https:\/\/www.planetgv.si\/knjigarna\/product\/mobing-prepoznajte-in-ukrepajte\/#primaryimage","url":"https:\/\/www.planetgv.si\/wp-content\/uploads\/sites\/37\/2024\/07\/Knjiga-Mobing-2024.png","contentUrl":"https:\/\/www.planetgv.si\/wp-content\/uploads\/sites\/37\/2024\/07\/Knjiga-Mobing-2024.png","width":600,"height":600},{"@type":"BreadcrumbList","@id":"https:\/\/www.planetgv.si\/knjigarna\/product\/mobing-prepoznajte-in-ukrepajte\/#breadcrumb","itemListElement":[{"@type":"ListItem","position":1,"name":"Home","item":"https:\/\/www.planetgv.si\/knjigarna\/"},{"@type":"ListItem","position":2,"name":"Domov","item":"https:\/\/www.planetgv.si\/knjigarna\/"},{"@type":"ListItem","position":3,"name":"MOBING &#8211; PREPOZNAJTE IN UKREPAJTE"}]},{"@type":"WebSite","@id":"https:\/\/www.planetgv.si\/knjigarna\/#website","url":"https:\/\/www.planetgv.si\/knjigarna\/","name":"PlanetGV knjigarna","description":"","publisher":{"@id":"https:\/\/www.planetgv.si\/knjigarna\/#organization"},"potentialAction":[{"@type":"SearchAction","target":{"@type":"EntryPoint","urlTemplate":"https:\/\/www.planetgv.si\/knjigarna\/?s={search_term_string}"},"query-input":"required name=search_term_string"}],"inLanguage":"sl-SI"},{"@type":"Organization","@id":"https:\/\/www.planetgv.si\/knjigarna\/#organization","name":"PlanetGV knjigarna","url":"https:\/\/www.planetgv.si\/knjigarna\/","logo":{"@type":"ImageObject","inLanguage":"sl-SI","@id":"https:\/\/www.planetgv.si\/knjigarna\/#\/schema\/logo\/image\/","url":"https:\/\/www.planetgv.si\/wp-content\/uploads\/sites\/37\/2024\/07\/cropped-planetgv_logo-512-2.jpg","contentUrl":"https:\/\/www.planetgv.si\/wp-content\/uploads\/sites\/37\/2024\/07\/cropped-planetgv_logo-512-2.jpg","width":511,"height":120,"caption":"PlanetGV knjigarna"},"image":{"@id":"https:\/\/www.planetgv.si\/knjigarna\/#\/schema\/logo\/image\/"}}]}},"_links":{"self":[{"href":"https:\/\/www.planetgv.si\/knjigarna\/wp-json\/wp\/v2\/product\/43"}],"collection":[{"href":"https:\/\/www.planetgv.si\/knjigarna\/wp-json\/wp\/v2\/product"}],"about":[{"href":"https:\/\/www.planetgv.si\/knjigarna\/wp-json\/wp\/v2\/types\/product"}],"wp:featuredmedia":[{"embeddable":true,"href":"https:\/\/www.planetgv.si\/knjigarna\/wp-json\/wp\/v2\/media\/58"}],"wp:attachment":[{"href":"https:\/\/www.planetgv.si\/knjigarna\/wp-json\/wp\/v2\/media?parent=43"}],"wp:term":[{"taxonomy":"product_cat","embeddable":true,"href":"https:\/\/www.planetgv.si\/knjigarna\/wp-json\/wp\/v2\/product_cat?post=43"},{"taxonomy":"product_tag","embeddable":true,"href":"https:\/\/www.planetgv.si\/knjigarna\/wp-json\/wp\/v2\/product_tag?post=43"}],"curies":[{"name":"wp","href":"https:\/\/api.w.org\/{rel}","templated":true}]}}