{"id":42,"date":"2024-07-07T16:25:56","date_gmt":"2024-07-07T16:25:56","guid":{"rendered":"https:\/\/www.planetgv.si\/knjigarna\/?post_type=product&#038;p=42"},"modified":"2024-09-02T16:04:08","modified_gmt":"2024-09-02T16:04:08","slug":"javni-usluzbenec-napredovanje","status":"publish","type":"product","link":"https:\/\/www.planetgv.si\/knjigarna\/product\/javni-usluzbenec-napredovanje\/","title":{"rendered":"Javni uslu\u017ebenec &#8211; napredovanje"},"content":{"rendered":"<p>Priro\u010dnik vsebuje napotke za preverjanje izpolnjevanja pogojev in izvedbo napredovanj vseh javnih uslu\u017ebencev, za katere je zakonska podlaga dolo\u010dena v Zakonu o sistemu pla\u010d v javnem sektorju, ki dolo\u010da pravila o napredovanju zaposlenih za celoten javni sektor in v Uredbi o napredovanju javnih uslu\u017ebencev v pla\u010dne razrede, ki podrobneje dolo\u010da postopek in na\u010din preverjanja izpolnjevanja pogojev za napredovanje javnih uslu\u017ebencev za ve\u010dino zaposlenih v javnem sektorju.<\/p>\n<p>Knji\u017eica je va\u0161 prakti\u010dni vodnik po napredovanju, ki vsebuje:<\/p>\n<p>&nbsp;<\/p>\n<ul>\n<li>poljudno napisan \u010dlen oz. prakti\u010dno pojasnilo \u010dlena,<\/li>\n<li>opozorila na morebitne povezave z drugimi \u010dleni ali akti veljavne zakonodaje,<\/li>\n<li>dodatna prakti\u010dna pojasnila po posameznih odstavkih \u010dlenov glede izvedbe \u010dlena, ki temeljijo na izku\u0161njah pri pripravi odgovorov na vpra\u0161anja prora\u010dunskih uporabnikov za konkretne primere,<\/li>\n<li>spletne povezave na odgovore pristojnega ministrstva, glede na vsebino \u010dlena in<\/li>\n<li>prilogo, tabelo z obrazlo\u017eitvijo ter napotki za izvedbo napredovanj v \u010dasu interventnih ukrepov.<\/li>\n<\/ul>\n<p>&nbsp;<\/p>\n","protected":false},"excerpt":{"rendered":"<p>Priro\u010dnik vsebuje napotke za preverjanje izpolnjevanja pogojev in izvedbo napredovanj vseh javnih uslu\u017ebencev, za katere je zakonska podlaga dolo\u010dena v Zakonu o sistemu pla\u010d v javnem sektorju, ki dolo\u010da pravila o napredovanju zaposlenih za celoten javni sektor in v Uredbi o napredovanju javnih uslu\u017ebencev v pla\u010dne razrede, ki podrobneje dolo\u010da postopek in na\u010din preverjanja izpolnjevanja pogojev za napredovanje javnih uslu\u017ebencev za ve\u010dino zaposlenih v javnem sektorju.<\/p>\n","protected":false},"featured_media":57,"template":"","meta":[],"product_cat":[25],"product_tag":[],"acf":[],"yoast_head":"<!-- This site is optimized with the Yoast SEO plugin v22.6 - https:\/\/yoast.com\/wordpress\/plugins\/seo\/ -->\n<title>Javni uslu\u017ebenec - napredovanje - PlanetGV knjigarna<\/title>\n<meta name=\"robots\" content=\"index, follow, max-snippet:-1, max-image-preview:large, max-video-preview:-1\" \/>\n<link rel=\"canonical\" href=\"https:\/\/www.planetgv.si\/knjigarna\/product\/javni-usluzbenec-napredovanje\/\" \/>\n<meta property=\"og:locale\" content=\"sl_SI\" \/>\n<meta property=\"og:type\" content=\"article\" \/>\n<meta property=\"og:title\" content=\"Javni uslu\u017ebenec - napredovanje - PlanetGV knjigarna\" \/>\n<meta property=\"og:description\" content=\"Priro\u010dnik vsebuje napotke za preverjanje izpolnjevanja pogojev in izvedbo napredovanj vseh javnih uslu\u017ebencev, za katere je zakonska podlaga dolo\u010dena v Zakonu o sistemu pla\u010d v javnem sektorju, ki dolo\u010da pravila o napredovanju zaposlenih za celoten javni sektor in v Uredbi o napredovanju javnih uslu\u017ebencev v pla\u010dne razrede, ki podrobneje dolo\u010da postopek in na\u010din preverjanja izpolnjevanja pogojev za napredovanje javnih uslu\u017ebencev za ve\u010dino zaposlenih v javnem sektorju.\" \/>\n<meta property=\"og:url\" content=\"https:\/\/www.planetgv.si\/knjigarna\/product\/javni-usluzbenec-napredovanje\/\" \/>\n<meta property=\"og:site_name\" content=\"PlanetGV knjigarna\" \/>\n<meta property=\"article:modified_time\" content=\"2024-09-02T16:04:08+00:00\" \/>\n<meta property=\"og:image\" content=\"https:\/\/www.planetgv.si\/knjigarna\/wp-content\/uploads\/sites\/37\/2024\/07\/javni_usluzbenec_napredovanje.jpg\" \/>\n\t<meta property=\"og:image:width\" content=\"600\" \/>\n\t<meta property=\"og:image:height\" content=\"600\" \/>\n\t<meta property=\"og:image:type\" content=\"image\/jpeg\" \/>\n<meta name=\"twitter:card\" content=\"summary_large_image\" \/>\n<meta name=\"twitter:label1\" content=\"Est. reading time\" \/>\n\t<meta name=\"twitter:data1\" content=\"1 minuta\" \/>\n<script type=\"application\/ld+json\" class=\"yoast-schema-graph\">{\"@context\":\"https:\/\/schema.org\",\"@graph\":[{\"@type\":\"WebPage\",\"@id\":\"https:\/\/www.planetgv.si\/knjigarna\/product\/javni-usluzbenec-napredovanje\/\",\"url\":\"https:\/\/www.planetgv.si\/knjigarna\/product\/javni-usluzbenec-napredovanje\/\",\"name\":\"Javni uslu\u017ebenec - napredovanje - PlanetGV knjigarna\",\"isPartOf\":{\"@id\":\"https:\/\/www.planetgv.si\/knjigarna\/#website\"},\"primaryImageOfPage\":{\"@id\":\"https:\/\/www.planetgv.si\/knjigarna\/product\/javni-usluzbenec-napredovanje\/#primaryimage\"},\"image\":{\"@id\":\"https:\/\/www.planetgv.si\/knjigarna\/product\/javni-usluzbenec-napredovanje\/#primaryimage\"},\"thumbnailUrl\":\"https:\/\/www.planetgv.si\/wp-content\/uploads\/sites\/37\/2024\/07\/javni_usluzbenec_napredovanje.jpg\",\"datePublished\":\"2024-07-07T16:25:56+00:00\",\"dateModified\":\"2024-09-02T16:04:08+00:00\",\"breadcrumb\":{\"@id\":\"https:\/\/www.planetgv.si\/knjigarna\/product\/javni-usluzbenec-napredovanje\/#breadcrumb\"},\"inLanguage\":\"sl-SI\",\"potentialAction\":[{\"@type\":\"ReadAction\",\"target\":[\"https:\/\/www.planetgv.si\/knjigarna\/product\/javni-usluzbenec-napredovanje\/\"]}]},{\"@type\":\"ImageObject\",\"inLanguage\":\"sl-SI\",\"@id\":\"https:\/\/www.planetgv.si\/knjigarna\/product\/javni-usluzbenec-napredovanje\/#primaryimage\",\"url\":\"https:\/\/www.planetgv.si\/wp-content\/uploads\/sites\/37\/2024\/07\/javni_usluzbenec_napredovanje.jpg\",\"contentUrl\":\"https:\/\/www.planetgv.si\/wp-content\/uploads\/sites\/37\/2024\/07\/javni_usluzbenec_napredovanje.jpg\",\"width\":600,\"height\":600},{\"@type\":\"BreadcrumbList\",\"@id\":\"https:\/\/www.planetgv.si\/knjigarna\/product\/javni-usluzbenec-napredovanje\/#breadcrumb\",\"itemListElement\":[{\"@type\":\"ListItem\",\"position\":1,\"name\":\"Home\",\"item\":\"https:\/\/www.planetgv.si\/knjigarna\/\"},{\"@type\":\"ListItem\",\"position\":2,\"name\":\"Domov\",\"item\":\"https:\/\/www.planetgv.si\/knjigarna\/\"},{\"@type\":\"ListItem\",\"position\":3,\"name\":\"Javni uslu\u017ebenec &#8211; napredovanje\"}]},{\"@type\":\"WebSite\",\"@id\":\"https:\/\/www.planetgv.si\/knjigarna\/#website\",\"url\":\"https:\/\/www.planetgv.si\/knjigarna\/\",\"name\":\"PlanetGV knjigarna\",\"description\":\"\",\"publisher\":{\"@id\":\"https:\/\/www.planetgv.si\/knjigarna\/#organization\"},\"potentialAction\":[{\"@type\":\"SearchAction\",\"target\":{\"@type\":\"EntryPoint\",\"urlTemplate\":\"https:\/\/www.planetgv.si\/knjigarna\/?s={search_term_string}\"},\"query-input\":\"required name=search_term_string\"}],\"inLanguage\":\"sl-SI\"},{\"@type\":\"Organization\",\"@id\":\"https:\/\/www.planetgv.si\/knjigarna\/#organization\",\"name\":\"PlanetGV knjigarna\",\"url\":\"https:\/\/www.planetgv.si\/knjigarna\/\",\"logo\":{\"@type\":\"ImageObject\",\"inLanguage\":\"sl-SI\",\"@id\":\"https:\/\/www.planetgv.si\/knjigarna\/#\/schema\/logo\/image\/\",\"url\":\"https:\/\/www.planetgv.si\/wp-content\/uploads\/sites\/37\/2024\/07\/cropped-planetgv_logo-512-2.jpg\",\"contentUrl\":\"https:\/\/www.planetgv.si\/wp-content\/uploads\/sites\/37\/2024\/07\/cropped-planetgv_logo-512-2.jpg\",\"width\":511,\"height\":120,\"caption\":\"PlanetGV knjigarna\"},\"image\":{\"@id\":\"https:\/\/www.planetgv.si\/knjigarna\/#\/schema\/logo\/image\/\"}}]}<\/script>\n<!-- \/ Yoast SEO plugin. -->","yoast_head_json":{"title":"Javni uslu\u017ebenec - napredovanje - PlanetGV knjigarna","robots":{"index":"index","follow":"follow","max-snippet":"max-snippet:-1","max-image-preview":"max-image-preview:large","max-video-preview":"max-video-preview:-1"},"canonical":"https:\/\/www.planetgv.si\/knjigarna\/product\/javni-usluzbenec-napredovanje\/","og_locale":"sl_SI","og_type":"article","og_title":"Javni uslu\u017ebenec - napredovanje - PlanetGV knjigarna","og_description":"Priro\u010dnik vsebuje napotke za preverjanje izpolnjevanja pogojev in izvedbo napredovanj vseh javnih uslu\u017ebencev, za katere je zakonska podlaga dolo\u010dena v Zakonu o sistemu pla\u010d v javnem sektorju, ki dolo\u010da pravila o napredovanju zaposlenih za celoten javni sektor in v Uredbi o napredovanju javnih uslu\u017ebencev v pla\u010dne razrede, ki podrobneje dolo\u010da postopek in na\u010din preverjanja izpolnjevanja pogojev za napredovanje javnih uslu\u017ebencev za ve\u010dino zaposlenih v javnem sektorju.","og_url":"https:\/\/www.planetgv.si\/knjigarna\/product\/javni-usluzbenec-napredovanje\/","og_site_name":"PlanetGV knjigarna","article_modified_time":"2024-09-02T16:04:08+00:00","og_image":[{"width":600,"height":600,"url":"https:\/\/www.planetgv.si\/knjigarna\/wp-content\/uploads\/sites\/37\/2024\/07\/javni_usluzbenec_napredovanje.jpg","type":"image\/jpeg"}],"twitter_card":"summary_large_image","twitter_misc":{"Est. reading time":"1 minuta"},"schema":{"@context":"https:\/\/schema.org","@graph":[{"@type":"WebPage","@id":"https:\/\/www.planetgv.si\/knjigarna\/product\/javni-usluzbenec-napredovanje\/","url":"https:\/\/www.planetgv.si\/knjigarna\/product\/javni-usluzbenec-napredovanje\/","name":"Javni uslu\u017ebenec - napredovanje - PlanetGV knjigarna","isPartOf":{"@id":"https:\/\/www.planetgv.si\/knjigarna\/#website"},"primaryImageOfPage":{"@id":"https:\/\/www.planetgv.si\/knjigarna\/product\/javni-usluzbenec-napredovanje\/#primaryimage"},"image":{"@id":"https:\/\/www.planetgv.si\/knjigarna\/product\/javni-usluzbenec-napredovanje\/#primaryimage"},"thumbnailUrl":"https:\/\/www.planetgv.si\/wp-content\/uploads\/sites\/37\/2024\/07\/javni_usluzbenec_napredovanje.jpg","datePublished":"2024-07-07T16:25:56+00:00","dateModified":"2024-09-02T16:04:08+00:00","breadcrumb":{"@id":"https:\/\/www.planetgv.si\/knjigarna\/product\/javni-usluzbenec-napredovanje\/#breadcrumb"},"inLanguage":"sl-SI","potentialAction":[{"@type":"ReadAction","target":["https:\/\/www.planetgv.si\/knjigarna\/product\/javni-usluzbenec-napredovanje\/"]}]},{"@type":"ImageObject","inLanguage":"sl-SI","@id":"https:\/\/www.planetgv.si\/knjigarna\/product\/javni-usluzbenec-napredovanje\/#primaryimage","url":"https:\/\/www.planetgv.si\/wp-content\/uploads\/sites\/37\/2024\/07\/javni_usluzbenec_napredovanje.jpg","contentUrl":"https:\/\/www.planetgv.si\/wp-content\/uploads\/sites\/37\/2024\/07\/javni_usluzbenec_napredovanje.jpg","width":600,"height":600},{"@type":"BreadcrumbList","@id":"https:\/\/www.planetgv.si\/knjigarna\/product\/javni-usluzbenec-napredovanje\/#breadcrumb","itemListElement":[{"@type":"ListItem","position":1,"name":"Home","item":"https:\/\/www.planetgv.si\/knjigarna\/"},{"@type":"ListItem","position":2,"name":"Domov","item":"https:\/\/www.planetgv.si\/knjigarna\/"},{"@type":"ListItem","position":3,"name":"Javni uslu\u017ebenec &#8211; napredovanje"}]},{"@type":"WebSite","@id":"https:\/\/www.planetgv.si\/knjigarna\/#website","url":"https:\/\/www.planetgv.si\/knjigarna\/","name":"PlanetGV knjigarna","description":"","publisher":{"@id":"https:\/\/www.planetgv.si\/knjigarna\/#organization"},"potentialAction":[{"@type":"SearchAction","target":{"@type":"EntryPoint","urlTemplate":"https:\/\/www.planetgv.si\/knjigarna\/?s={search_term_string}"},"query-input":"required name=search_term_string"}],"inLanguage":"sl-SI"},{"@type":"Organization","@id":"https:\/\/www.planetgv.si\/knjigarna\/#organization","name":"PlanetGV knjigarna","url":"https:\/\/www.planetgv.si\/knjigarna\/","logo":{"@type":"ImageObject","inLanguage":"sl-SI","@id":"https:\/\/www.planetgv.si\/knjigarna\/#\/schema\/logo\/image\/","url":"https:\/\/www.planetgv.si\/wp-content\/uploads\/sites\/37\/2024\/07\/cropped-planetgv_logo-512-2.jpg","contentUrl":"https:\/\/www.planetgv.si\/wp-content\/uploads\/sites\/37\/2024\/07\/cropped-planetgv_logo-512-2.jpg","width":511,"height":120,"caption":"PlanetGV knjigarna"},"image":{"@id":"https:\/\/www.planetgv.si\/knjigarna\/#\/schema\/logo\/image\/"}}]}},"_links":{"self":[{"href":"https:\/\/www.planetgv.si\/knjigarna\/wp-json\/wp\/v2\/product\/42"}],"collection":[{"href":"https:\/\/www.planetgv.si\/knjigarna\/wp-json\/wp\/v2\/product"}],"about":[{"href":"https:\/\/www.planetgv.si\/knjigarna\/wp-json\/wp\/v2\/types\/product"}],"wp:featuredmedia":[{"embeddable":true,"href":"https:\/\/www.planetgv.si\/knjigarna\/wp-json\/wp\/v2\/media\/57"}],"wp:attachment":[{"href":"https:\/\/www.planetgv.si\/knjigarna\/wp-json\/wp\/v2\/media?parent=42"}],"wp:term":[{"taxonomy":"product_cat","embeddable":true,"href":"https:\/\/www.planetgv.si\/knjigarna\/wp-json\/wp\/v2\/product_cat?post=42"},{"taxonomy":"product_tag","embeddable":true,"href":"https:\/\/www.planetgv.si\/knjigarna\/wp-json\/wp\/v2\/product_tag?post=42"}],"curies":[{"name":"wp","href":"https:\/\/api.w.org\/{rel}","templated":true}]}}