{"id":39,"date":"2024-07-07T16:25:56","date_gmt":"2024-07-07T16:25:56","guid":{"rendered":"https:\/\/www.planetgv.si\/knjigarna\/?post_type=product&#038;p=39"},"modified":"2024-09-02T16:04:09","modified_gmt":"2024-09-02T16:04:09","slug":"na-pomoc-novinarji-prihajajo","status":"publish","type":"product","link":"https:\/\/www.planetgv.si\/knjigarna\/product\/na-pomoc-novinarji-prihajajo\/","title":{"rendered":"Na pomo\u010d, novinarji prihajajo!"},"content":{"rendered":"<p>Pri svojem dolgoletnem novinarskem delu za \u010dasopise, radio, televizijo in revije ugotavljam, da se ljudje novinarjev stra\u0161no bojijo \u2013 podobno kot odvetnikov in pristojnih in\u0161pekcijskih slu\u017eb. \u0160tevilni se pri svojem delu zato dr\u017eijo na\u010dela, da se je treba novinarjev izogibati. \u017dal pa zato tudi njihove <strong>dobre zgodbe, ki bi obogatile tako medijske vsebine kot tudi dru\u017ebo, ostajajo skrite.<\/strong> Veliko bolj stresni pa so tudi stiki tak\u0161nih akterjev z novinarji ob morebitnih neljubih dogodkih.<\/p>\n<p>Namen priro\u010dnika je kar najbolj pregledno podati <strong>odgovore na vpra\u0161anja in dileme<\/strong>, ki se ob stiku z novinarji (slednjega je po mojem mnenju dobro povzdigniti v odnos) porajajo. Ponuja kratka, jasna in u\u010dinkovita navodila za ravnanje, ki so jih \u0161tevilni zadovoljni uporabniki \u017ee preizkusili in presene\u010deni ugotovili, da delujejo. Teorije je med navodili le toliko, kolikor je je nujno potrebno za razumevanje novinarskega dela. Priro\u010dniku bi zlahka nadeli tudi oznako \u00bbinstant\u00ab, pa ga s tem ne bi prav ni\u010d u\u017ealili.<\/p>\n<p>Nikar ne mislite, da boste ob prebiranju in uporabi priro\u010dnika postali strokovnjaki za odnose z javnostmi. Sodelovanje z novinarji je le majhen, vendar \u0161e zdale\u010d ne zanemarljiv del tega obse\u017enega podro\u010dja. Zagotovo pa vas ob pismu ali klicu novinarja oziroma sre\u010danju z njim, \u010de boste upo\u0161tevali prakti\u010dne nasvete in navodila, ne bo ve\u010d bolela glava ali vam nagajal \u017eelodec.<\/p>\n<p>Petra Mlakar, avtorica priro\u010dnika in novinarka<\/p>\n","protected":false},"excerpt":{"rendered":"<p>To, dragi bralci, je <strong>pomo\u010d, ki jo i\u0161\u010dete, ko vas pokli\u010dejo, vam pi\u0161ejo ali vas obi\u0161\u010dejo novinarji.<\/strong> \u010ce imate veliko izku\u0161enj z njimi ali pa nanje naletite le sem in tja, veste, kako nadle\u017eni so \u2013 kar naprej spra\u0161ujejo. Ste vedeli, da boste s prispevkom po radiu, televiziji, na spletu, v \u010dasopisu ali reviji, v katerega vas \u017eelijo novinarji vklju\u010diti, precej bolj zadovoljni, \u010de jim boste tudi vi zastavili nekaj klju\u010dnih vpra\u0161anj? Katerih, boste izvedeli v priro\u010dniku, ki je pred vami. V njem boste na\u0161li tudi \u0161tevilne <strong>trike dobrega sodelovanja z novinarji. <\/strong><\/p>\n","protected":false},"featured_media":56,"template":"","meta":[],"product_cat":[27,28],"product_tag":[],"acf":[],"yoast_head":"<!-- This site is optimized with the Yoast SEO plugin v22.6 - https:\/\/yoast.com\/wordpress\/plugins\/seo\/ -->\n<title>Na pomo\u010d, novinarji prihajajo! - PlanetGV knjigarna<\/title>\n<meta name=\"robots\" content=\"index, follow, max-snippet:-1, max-image-preview:large, max-video-preview:-1\" \/>\n<link rel=\"canonical\" href=\"https:\/\/www.planetgv.si\/knjigarna\/product\/na-pomoc-novinarji-prihajajo\/\" \/>\n<meta property=\"og:locale\" content=\"sl_SI\" \/>\n<meta property=\"og:type\" content=\"article\" \/>\n<meta property=\"og:title\" content=\"Na pomo\u010d, novinarji prihajajo! - PlanetGV knjigarna\" \/>\n<meta property=\"og:description\" content=\"To, dragi bralci, je pomo\u010d, ki jo i\u0161\u010dete, ko vas pokli\u010dejo, vam pi\u0161ejo ali vas obi\u0161\u010dejo novinarji. \u010ce imate veliko izku\u0161enj z njimi ali pa nanje naletite le sem in tja, veste, kako nadle\u017eni so \u2013 kar naprej spra\u0161ujejo. Ste vedeli, da boste s prispevkom po radiu, televiziji, na spletu, v \u010dasopisu ali reviji, v katerega vas \u017eelijo novinarji vklju\u010diti, precej bolj zadovoljni, \u010de jim boste tudi vi zastavili nekaj klju\u010dnih vpra\u0161anj? Katerih, boste izvedeli v priro\u010dniku, ki je pred vami. V njem boste na\u0161li tudi \u0161tevilne trike dobrega sodelovanja z novinarji.\" \/>\n<meta property=\"og:url\" content=\"https:\/\/www.planetgv.si\/knjigarna\/product\/na-pomoc-novinarji-prihajajo\/\" \/>\n<meta property=\"og:site_name\" content=\"PlanetGV knjigarna\" \/>\n<meta property=\"article:modified_time\" content=\"2024-09-02T16:04:09+00:00\" \/>\n<meta property=\"og:image\" content=\"https:\/\/www.planetgv.si\/knjigarna\/wp-content\/uploads\/sites\/37\/2024\/07\/na_pomoc_novinarji_prihajajo.jpg\" \/>\n\t<meta property=\"og:image:width\" content=\"600\" \/>\n\t<meta property=\"og:image:height\" content=\"600\" \/>\n\t<meta property=\"og:image:type\" content=\"image\/jpeg\" \/>\n<meta name=\"twitter:card\" content=\"summary_large_image\" \/>\n<meta name=\"twitter:label1\" content=\"Est. reading time\" \/>\n\t<meta name=\"twitter:data1\" content=\"1 minuta\" \/>\n<script type=\"application\/ld+json\" class=\"yoast-schema-graph\">{\"@context\":\"https:\/\/schema.org\",\"@graph\":[{\"@type\":\"WebPage\",\"@id\":\"https:\/\/www.planetgv.si\/knjigarna\/product\/na-pomoc-novinarji-prihajajo\/\",\"url\":\"https:\/\/www.planetgv.si\/knjigarna\/product\/na-pomoc-novinarji-prihajajo\/\",\"name\":\"Na pomo\u010d, novinarji prihajajo! - PlanetGV knjigarna\",\"isPartOf\":{\"@id\":\"https:\/\/www.planetgv.si\/knjigarna\/#website\"},\"primaryImageOfPage\":{\"@id\":\"https:\/\/www.planetgv.si\/knjigarna\/product\/na-pomoc-novinarji-prihajajo\/#primaryimage\"},\"image\":{\"@id\":\"https:\/\/www.planetgv.si\/knjigarna\/product\/na-pomoc-novinarji-prihajajo\/#primaryimage\"},\"thumbnailUrl\":\"https:\/\/www.planetgv.si\/wp-content\/uploads\/sites\/37\/2024\/07\/na_pomoc_novinarji_prihajajo.jpg\",\"datePublished\":\"2024-07-07T16:25:56+00:00\",\"dateModified\":\"2024-09-02T16:04:09+00:00\",\"breadcrumb\":{\"@id\":\"https:\/\/www.planetgv.si\/knjigarna\/product\/na-pomoc-novinarji-prihajajo\/#breadcrumb\"},\"inLanguage\":\"sl-SI\",\"potentialAction\":[{\"@type\":\"ReadAction\",\"target\":[\"https:\/\/www.planetgv.si\/knjigarna\/product\/na-pomoc-novinarji-prihajajo\/\"]}]},{\"@type\":\"ImageObject\",\"inLanguage\":\"sl-SI\",\"@id\":\"https:\/\/www.planetgv.si\/knjigarna\/product\/na-pomoc-novinarji-prihajajo\/#primaryimage\",\"url\":\"https:\/\/www.planetgv.si\/wp-content\/uploads\/sites\/37\/2024\/07\/na_pomoc_novinarji_prihajajo.jpg\",\"contentUrl\":\"https:\/\/www.planetgv.si\/wp-content\/uploads\/sites\/37\/2024\/07\/na_pomoc_novinarji_prihajajo.jpg\",\"width\":600,\"height\":600},{\"@type\":\"BreadcrumbList\",\"@id\":\"https:\/\/www.planetgv.si\/knjigarna\/product\/na-pomoc-novinarji-prihajajo\/#breadcrumb\",\"itemListElement\":[{\"@type\":\"ListItem\",\"position\":1,\"name\":\"Home\",\"item\":\"https:\/\/www.planetgv.si\/knjigarna\/\"},{\"@type\":\"ListItem\",\"position\":2,\"name\":\"Domov\",\"item\":\"https:\/\/www.planetgv.si\/knjigarna\/\"},{\"@type\":\"ListItem\",\"position\":3,\"name\":\"Na pomo\u010d, novinarji prihajajo!\"}]},{\"@type\":\"WebSite\",\"@id\":\"https:\/\/www.planetgv.si\/knjigarna\/#website\",\"url\":\"https:\/\/www.planetgv.si\/knjigarna\/\",\"name\":\"PlanetGV knjigarna\",\"description\":\"\",\"publisher\":{\"@id\":\"https:\/\/www.planetgv.si\/knjigarna\/#organization\"},\"potentialAction\":[{\"@type\":\"SearchAction\",\"target\":{\"@type\":\"EntryPoint\",\"urlTemplate\":\"https:\/\/www.planetgv.si\/knjigarna\/?s={search_term_string}\"},\"query-input\":\"required name=search_term_string\"}],\"inLanguage\":\"sl-SI\"},{\"@type\":\"Organization\",\"@id\":\"https:\/\/www.planetgv.si\/knjigarna\/#organization\",\"name\":\"PlanetGV knjigarna\",\"url\":\"https:\/\/www.planetgv.si\/knjigarna\/\",\"logo\":{\"@type\":\"ImageObject\",\"inLanguage\":\"sl-SI\",\"@id\":\"https:\/\/www.planetgv.si\/knjigarna\/#\/schema\/logo\/image\/\",\"url\":\"https:\/\/www.planetgv.si\/wp-content\/uploads\/sites\/37\/2024\/07\/cropped-planetgv_logo-512-2.jpg\",\"contentUrl\":\"https:\/\/www.planetgv.si\/wp-content\/uploads\/sites\/37\/2024\/07\/cropped-planetgv_logo-512-2.jpg\",\"width\":511,\"height\":120,\"caption\":\"PlanetGV knjigarna\"},\"image\":{\"@id\":\"https:\/\/www.planetgv.si\/knjigarna\/#\/schema\/logo\/image\/\"}}]}<\/script>\n<!-- \/ Yoast SEO plugin. -->","yoast_head_json":{"title":"Na pomo\u010d, novinarji prihajajo! - PlanetGV knjigarna","robots":{"index":"index","follow":"follow","max-snippet":"max-snippet:-1","max-image-preview":"max-image-preview:large","max-video-preview":"max-video-preview:-1"},"canonical":"https:\/\/www.planetgv.si\/knjigarna\/product\/na-pomoc-novinarji-prihajajo\/","og_locale":"sl_SI","og_type":"article","og_title":"Na pomo\u010d, novinarji prihajajo! - PlanetGV knjigarna","og_description":"To, dragi bralci, je pomo\u010d, ki jo i\u0161\u010dete, ko vas pokli\u010dejo, vam pi\u0161ejo ali vas obi\u0161\u010dejo novinarji. \u010ce imate veliko izku\u0161enj z njimi ali pa nanje naletite le sem in tja, veste, kako nadle\u017eni so \u2013 kar naprej spra\u0161ujejo. Ste vedeli, da boste s prispevkom po radiu, televiziji, na spletu, v \u010dasopisu ali reviji, v katerega vas \u017eelijo novinarji vklju\u010diti, precej bolj zadovoljni, \u010de jim boste tudi vi zastavili nekaj klju\u010dnih vpra\u0161anj? Katerih, boste izvedeli v priro\u010dniku, ki je pred vami. V njem boste na\u0161li tudi \u0161tevilne trike dobrega sodelovanja z novinarji.","og_url":"https:\/\/www.planetgv.si\/knjigarna\/product\/na-pomoc-novinarji-prihajajo\/","og_site_name":"PlanetGV knjigarna","article_modified_time":"2024-09-02T16:04:09+00:00","og_image":[{"width":600,"height":600,"url":"https:\/\/www.planetgv.si\/knjigarna\/wp-content\/uploads\/sites\/37\/2024\/07\/na_pomoc_novinarji_prihajajo.jpg","type":"image\/jpeg"}],"twitter_card":"summary_large_image","twitter_misc":{"Est. reading time":"1 minuta"},"schema":{"@context":"https:\/\/schema.org","@graph":[{"@type":"WebPage","@id":"https:\/\/www.planetgv.si\/knjigarna\/product\/na-pomoc-novinarji-prihajajo\/","url":"https:\/\/www.planetgv.si\/knjigarna\/product\/na-pomoc-novinarji-prihajajo\/","name":"Na pomo\u010d, novinarji prihajajo! - PlanetGV knjigarna","isPartOf":{"@id":"https:\/\/www.planetgv.si\/knjigarna\/#website"},"primaryImageOfPage":{"@id":"https:\/\/www.planetgv.si\/knjigarna\/product\/na-pomoc-novinarji-prihajajo\/#primaryimage"},"image":{"@id":"https:\/\/www.planetgv.si\/knjigarna\/product\/na-pomoc-novinarji-prihajajo\/#primaryimage"},"thumbnailUrl":"https:\/\/www.planetgv.si\/wp-content\/uploads\/sites\/37\/2024\/07\/na_pomoc_novinarji_prihajajo.jpg","datePublished":"2024-07-07T16:25:56+00:00","dateModified":"2024-09-02T16:04:09+00:00","breadcrumb":{"@id":"https:\/\/www.planetgv.si\/knjigarna\/product\/na-pomoc-novinarji-prihajajo\/#breadcrumb"},"inLanguage":"sl-SI","potentialAction":[{"@type":"ReadAction","target":["https:\/\/www.planetgv.si\/knjigarna\/product\/na-pomoc-novinarji-prihajajo\/"]}]},{"@type":"ImageObject","inLanguage":"sl-SI","@id":"https:\/\/www.planetgv.si\/knjigarna\/product\/na-pomoc-novinarji-prihajajo\/#primaryimage","url":"https:\/\/www.planetgv.si\/wp-content\/uploads\/sites\/37\/2024\/07\/na_pomoc_novinarji_prihajajo.jpg","contentUrl":"https:\/\/www.planetgv.si\/wp-content\/uploads\/sites\/37\/2024\/07\/na_pomoc_novinarji_prihajajo.jpg","width":600,"height":600},{"@type":"BreadcrumbList","@id":"https:\/\/www.planetgv.si\/knjigarna\/product\/na-pomoc-novinarji-prihajajo\/#breadcrumb","itemListElement":[{"@type":"ListItem","position":1,"name":"Home","item":"https:\/\/www.planetgv.si\/knjigarna\/"},{"@type":"ListItem","position":2,"name":"Domov","item":"https:\/\/www.planetgv.si\/knjigarna\/"},{"@type":"ListItem","position":3,"name":"Na pomo\u010d, novinarji prihajajo!"}]},{"@type":"WebSite","@id":"https:\/\/www.planetgv.si\/knjigarna\/#website","url":"https:\/\/www.planetgv.si\/knjigarna\/","name":"PlanetGV knjigarna","description":"","publisher":{"@id":"https:\/\/www.planetgv.si\/knjigarna\/#organization"},"potentialAction":[{"@type":"SearchAction","target":{"@type":"EntryPoint","urlTemplate":"https:\/\/www.planetgv.si\/knjigarna\/?s={search_term_string}"},"query-input":"required name=search_term_string"}],"inLanguage":"sl-SI"},{"@type":"Organization","@id":"https:\/\/www.planetgv.si\/knjigarna\/#organization","name":"PlanetGV knjigarna","url":"https:\/\/www.planetgv.si\/knjigarna\/","logo":{"@type":"ImageObject","inLanguage":"sl-SI","@id":"https:\/\/www.planetgv.si\/knjigarna\/#\/schema\/logo\/image\/","url":"https:\/\/www.planetgv.si\/wp-content\/uploads\/sites\/37\/2024\/07\/cropped-planetgv_logo-512-2.jpg","contentUrl":"https:\/\/www.planetgv.si\/wp-content\/uploads\/sites\/37\/2024\/07\/cropped-planetgv_logo-512-2.jpg","width":511,"height":120,"caption":"PlanetGV knjigarna"},"image":{"@id":"https:\/\/www.planetgv.si\/knjigarna\/#\/schema\/logo\/image\/"}}]}},"_links":{"self":[{"href":"https:\/\/www.planetgv.si\/knjigarna\/wp-json\/wp\/v2\/product\/39"}],"collection":[{"href":"https:\/\/www.planetgv.si\/knjigarna\/wp-json\/wp\/v2\/product"}],"about":[{"href":"https:\/\/www.planetgv.si\/knjigarna\/wp-json\/wp\/v2\/types\/product"}],"wp:featuredmedia":[{"embeddable":true,"href":"https:\/\/www.planetgv.si\/knjigarna\/wp-json\/wp\/v2\/media\/56"}],"wp:attachment":[{"href":"https:\/\/www.planetgv.si\/knjigarna\/wp-json\/wp\/v2\/media?parent=39"}],"wp:term":[{"taxonomy":"product_cat","embeddable":true,"href":"https:\/\/www.planetgv.si\/knjigarna\/wp-json\/wp\/v2\/product_cat?post=39"},{"taxonomy":"product_tag","embeddable":true,"href":"https:\/\/www.planetgv.si\/knjigarna\/wp-json\/wp\/v2\/product_tag?post=39"}],"curies":[{"name":"wp","href":"https:\/\/api.w.org\/{rel}","templated":true}]}}