{"id":33,"date":"2024-07-07T16:25:55","date_gmt":"2024-07-07T16:25:55","guid":{"rendered":"https:\/\/www.planetgv.si\/knjigarna\/?post_type=product&#038;p=33"},"modified":"2024-09-02T16:04:13","modified_gmt":"2024-09-02T16:04:13","slug":"formule-uspeha-za-druzinska-podjetja-petdeset-nasvetov-za-pet-preskokov","status":"publish","type":"product","link":"https:\/\/www.planetgv.si\/knjigarna\/product\/formule-uspeha-za-druzinska-podjetja-petdeset-nasvetov-za-pet-preskokov\/","title":{"rendered":"Formule uspeha za dru\u017einska podjetja &#8211; Petdeset nasvetov za pet preskokov"},"content":{"rendered":"<p>Knjiga Sonje Vizjak in Dr. Andreja Vizjaka \u00bb<strong>Formule uspeha za dru\u017einska podjetja &#8211; Petdeset nasvetov za pet preskokov<\/strong>\u00ab je priro\u010dnik, ki bo pomagal slovenskim dru\u017einskim podjetjem\u00a0<strong>dose\u010di dolgoro\u010dno stabilno rast in donosnost<\/strong>.<\/p>\n<p>Dru\u017einska podjetja so\u00a0<strong>gonilna sila slovenskega gopodarstva<\/strong>. Pozitiven razvoj dru\u017einskih podjetjih bo torej omogo\u010dil pozitivni razvoj slovenskega gospodarstva.<\/p>\n<p>S pomo\u010djo te knjige boste lahko\u00a0<strong>analizirali, na kateri stopnji razvoja je va\u0161e podjetje in katera podro\u010dja lahko \u0161e izbolj\u0161ate<\/strong>. V njej boste na\u0161li koristne prakti\u010dne re\u0161itve za va\u0161e izzive.<\/p>\n<p>Avtorja knjige sta izku\u0161ena svetovalca, ki sta pomagala \u0161tevilnim tujim in slovenskim dru\u017einskim podjetjem pri uspe\u0161nem razvoju. Dr. Andrej Vizjak svoje svetovalne izku\u0161nje nadgrajuje \u0161e z vodstvenimi izku\u0161njami ter svojim akademskim znanjem kot profesor na Fakulteti za poslovodne znanosti v Ingolstadtu v Nem\u010diji. Je avtor svetovnih uspe\u0161nic \u00bbZmagovalci tr\u017enih ni\u0161\u00ab, \u00bbFormule uspeha na novo desetletje\u00ab in \u00bb(P)ostanite prvi na svetu\u00ab, ki so bile prevedene v \u0161tirinajst razli\u010dnih jezikov.<\/p>\n<p>Ob nakupu knjige <strong>brezpla\u010dno<\/strong> prejemete tudi:<\/p>\n<ul>\n<li><strong>2 uri spletnih konzultacij dr. Vizjaka <\/strong><\/li>\n<li>ogled posnetka spletne konference <strong>Formule uspeha za dru\u017einska podjetja, (P)ostanite najbolj\u0161i in za seboj pustite trajno sled<\/strong><\/li>\n<\/ul>\n<p><a href=\"https:\/\/www.youtube.com\/watch?v=d5eoBHC5DYQ\">Predstavitev knjige v pogovoru z uspe\u0161nima podjetnikoma<\/a> Robertom Klunom in Miranom Rauterjem &#8211; Mladinska knjiga, Knjigarna Konzorcij, 10. junij 2020.<\/p>\n","protected":false},"excerpt":{"rendered":"<p>Knjiga Sonje Vizjak in Dr. Andreja Vizjaka \u00bb<strong>Formule uspeha za dru\u017einska podjetja &#8211; Petdeset nasvetov za pet preskokov<\/strong>\u00ab je priro\u010dnik, ki bo pomagal slovenskim dru\u017einskim podjetjem\u00a0<strong>dose\u010di dolgoro\u010dno stabilno rast in donosnost<\/strong>.<\/p>\n<div>\n<p>Ob nakupu knjige <strong>brezpla\u010dno<\/strong> prejemete tudi:<\/p>\n<ul>\n<li><strong>2 uri spletnih konzultacij dr. Vizjaka <\/strong><\/li>\n<li>ogled posnetka spletne konference <strong>Formule uspeha za dru\u017einska podjetja, (P)ostanite najbolj\u0161i in za seboj pustite trajno sled<\/strong><\/li>\n<\/ul>\n<\/div>\n","protected":false},"featured_media":53,"template":"","meta":[],"product_cat":[27,28],"product_tag":[],"acf":[],"yoast_head":"<!-- This site is optimized with the Yoast SEO plugin v22.6 - https:\/\/yoast.com\/wordpress\/plugins\/seo\/ -->\n<title>Formule uspeha za dru\u017einska podjetja - Petdeset nasvetov za pet preskokov - PlanetGV knjigarna<\/title>\n<meta name=\"robots\" content=\"index, follow, max-snippet:-1, max-image-preview:large, max-video-preview:-1\" \/>\n<link rel=\"canonical\" href=\"https:\/\/www.planetgv.si\/knjigarna\/product\/formule-uspeha-za-druzinska-podjetja-petdeset-nasvetov-za-pet-preskokov\/\" \/>\n<meta property=\"og:locale\" content=\"sl_SI\" \/>\n<meta property=\"og:type\" content=\"article\" \/>\n<meta property=\"og:title\" content=\"Formule uspeha za dru\u017einska podjetja - Petdeset nasvetov za pet preskokov - PlanetGV knjigarna\" \/>\n<meta property=\"og:description\" content=\"Knjiga Sonje Vizjak in Dr. Andreja Vizjaka \u00bbFormule uspeha za dru\u017einska podjetja - Petdeset nasvetov za pet preskokov\u00ab je priro\u010dnik, ki bo pomagal slovenskim dru\u017einskim podjetjem\u00a0dose\u010di dolgoro\u010dno stabilno rast in donosnost.   Ob nakupu knjige brezpla\u010dno prejemete tudi:   2 uri spletnih konzultacij dr. Vizjaka   ogled posnetka spletne konference Formule uspeha za dru\u017einska podjetja, (P)ostanite najbolj\u0161i in za seboj pustite trajno sled\" \/>\n<meta property=\"og:url\" content=\"https:\/\/www.planetgv.si\/knjigarna\/product\/formule-uspeha-za-druzinska-podjetja-petdeset-nasvetov-za-pet-preskokov\/\" \/>\n<meta property=\"og:site_name\" content=\"PlanetGV knjigarna\" \/>\n<meta property=\"article:modified_time\" content=\"2024-09-02T16:04:13+00:00\" \/>\n<meta property=\"og:image\" content=\"https:\/\/www.planetgv.si\/knjigarna\/wp-content\/uploads\/sites\/37\/2024\/07\/formule_uspeha_za_druzinska_podjetja_600.jpg\" \/>\n\t<meta property=\"og:image:width\" content=\"600\" \/>\n\t<meta property=\"og:image:height\" content=\"600\" \/>\n\t<meta property=\"og:image:type\" content=\"image\/jpeg\" \/>\n<meta name=\"twitter:card\" content=\"summary_large_image\" \/>\n<meta name=\"twitter:label1\" content=\"Est. reading time\" \/>\n\t<meta name=\"twitter:data1\" content=\"1 minuta\" \/>\n<script type=\"application\/ld+json\" class=\"yoast-schema-graph\">{\"@context\":\"https:\/\/schema.org\",\"@graph\":[{\"@type\":\"WebPage\",\"@id\":\"https:\/\/www.planetgv.si\/knjigarna\/product\/formule-uspeha-za-druzinska-podjetja-petdeset-nasvetov-za-pet-preskokov\/\",\"url\":\"https:\/\/www.planetgv.si\/knjigarna\/product\/formule-uspeha-za-druzinska-podjetja-petdeset-nasvetov-za-pet-preskokov\/\",\"name\":\"Formule uspeha za dru\u017einska podjetja - Petdeset nasvetov za pet preskokov - PlanetGV knjigarna\",\"isPartOf\":{\"@id\":\"https:\/\/www.planetgv.si\/knjigarna\/#website\"},\"primaryImageOfPage\":{\"@id\":\"https:\/\/www.planetgv.si\/knjigarna\/product\/formule-uspeha-za-druzinska-podjetja-petdeset-nasvetov-za-pet-preskokov\/#primaryimage\"},\"image\":{\"@id\":\"https:\/\/www.planetgv.si\/knjigarna\/product\/formule-uspeha-za-druzinska-podjetja-petdeset-nasvetov-za-pet-preskokov\/#primaryimage\"},\"thumbnailUrl\":\"https:\/\/www.planetgv.si\/wp-content\/uploads\/sites\/37\/2024\/07\/formule_uspeha_za_druzinska_podjetja_600.jpg\",\"datePublished\":\"2024-07-07T16:25:55+00:00\",\"dateModified\":\"2024-09-02T16:04:13+00:00\",\"breadcrumb\":{\"@id\":\"https:\/\/www.planetgv.si\/knjigarna\/product\/formule-uspeha-za-druzinska-podjetja-petdeset-nasvetov-za-pet-preskokov\/#breadcrumb\"},\"inLanguage\":\"sl-SI\",\"potentialAction\":[{\"@type\":\"ReadAction\",\"target\":[\"https:\/\/www.planetgv.si\/knjigarna\/product\/formule-uspeha-za-druzinska-podjetja-petdeset-nasvetov-za-pet-preskokov\/\"]}]},{\"@type\":\"ImageObject\",\"inLanguage\":\"sl-SI\",\"@id\":\"https:\/\/www.planetgv.si\/knjigarna\/product\/formule-uspeha-za-druzinska-podjetja-petdeset-nasvetov-za-pet-preskokov\/#primaryimage\",\"url\":\"https:\/\/www.planetgv.si\/wp-content\/uploads\/sites\/37\/2024\/07\/formule_uspeha_za_druzinska_podjetja_600.jpg\",\"contentUrl\":\"https:\/\/www.planetgv.si\/wp-content\/uploads\/sites\/37\/2024\/07\/formule_uspeha_za_druzinska_podjetja_600.jpg\",\"width\":600,\"height\":600},{\"@type\":\"BreadcrumbList\",\"@id\":\"https:\/\/www.planetgv.si\/knjigarna\/product\/formule-uspeha-za-druzinska-podjetja-petdeset-nasvetov-za-pet-preskokov\/#breadcrumb\",\"itemListElement\":[{\"@type\":\"ListItem\",\"position\":1,\"name\":\"Home\",\"item\":\"https:\/\/www.planetgv.si\/knjigarna\/\"},{\"@type\":\"ListItem\",\"position\":2,\"name\":\"Domov\",\"item\":\"https:\/\/www.planetgv.si\/knjigarna\/\"},{\"@type\":\"ListItem\",\"position\":3,\"name\":\"Formule uspeha za dru\u017einska podjetja &#8211; Petdeset nasvetov za pet preskokov\"}]},{\"@type\":\"WebSite\",\"@id\":\"https:\/\/www.planetgv.si\/knjigarna\/#website\",\"url\":\"https:\/\/www.planetgv.si\/knjigarna\/\",\"name\":\"PlanetGV knjigarna\",\"description\":\"\",\"publisher\":{\"@id\":\"https:\/\/www.planetgv.si\/knjigarna\/#organization\"},\"potentialAction\":[{\"@type\":\"SearchAction\",\"target\":{\"@type\":\"EntryPoint\",\"urlTemplate\":\"https:\/\/www.planetgv.si\/knjigarna\/?s={search_term_string}\"},\"query-input\":\"required name=search_term_string\"}],\"inLanguage\":\"sl-SI\"},{\"@type\":\"Organization\",\"@id\":\"https:\/\/www.planetgv.si\/knjigarna\/#organization\",\"name\":\"PlanetGV knjigarna\",\"url\":\"https:\/\/www.planetgv.si\/knjigarna\/\",\"logo\":{\"@type\":\"ImageObject\",\"inLanguage\":\"sl-SI\",\"@id\":\"https:\/\/www.planetgv.si\/knjigarna\/#\/schema\/logo\/image\/\",\"url\":\"https:\/\/www.planetgv.si\/wp-content\/uploads\/sites\/37\/2024\/07\/cropped-planetgv_logo-512-2.jpg\",\"contentUrl\":\"https:\/\/www.planetgv.si\/wp-content\/uploads\/sites\/37\/2024\/07\/cropped-planetgv_logo-512-2.jpg\",\"width\":511,\"height\":120,\"caption\":\"PlanetGV knjigarna\"},\"image\":{\"@id\":\"https:\/\/www.planetgv.si\/knjigarna\/#\/schema\/logo\/image\/\"}}]}<\/script>\n<!-- \/ Yoast SEO plugin. -->","yoast_head_json":{"title":"Formule uspeha za dru\u017einska podjetja - Petdeset nasvetov za pet preskokov - PlanetGV knjigarna","robots":{"index":"index","follow":"follow","max-snippet":"max-snippet:-1","max-image-preview":"max-image-preview:large","max-video-preview":"max-video-preview:-1"},"canonical":"https:\/\/www.planetgv.si\/knjigarna\/product\/formule-uspeha-za-druzinska-podjetja-petdeset-nasvetov-za-pet-preskokov\/","og_locale":"sl_SI","og_type":"article","og_title":"Formule uspeha za dru\u017einska podjetja - Petdeset nasvetov za pet preskokov - PlanetGV knjigarna","og_description":"Knjiga Sonje Vizjak in Dr. Andreja Vizjaka \u00bbFormule uspeha za dru\u017einska podjetja - Petdeset nasvetov za pet preskokov\u00ab je priro\u010dnik, ki bo pomagal slovenskim dru\u017einskim podjetjem\u00a0dose\u010di dolgoro\u010dno stabilno rast in donosnost.   Ob nakupu knjige brezpla\u010dno prejemete tudi:   2 uri spletnih konzultacij dr. Vizjaka   ogled posnetka spletne konference Formule uspeha za dru\u017einska podjetja, (P)ostanite najbolj\u0161i in za seboj pustite trajno sled","og_url":"https:\/\/www.planetgv.si\/knjigarna\/product\/formule-uspeha-za-druzinska-podjetja-petdeset-nasvetov-za-pet-preskokov\/","og_site_name":"PlanetGV knjigarna","article_modified_time":"2024-09-02T16:04:13+00:00","og_image":[{"width":600,"height":600,"url":"https:\/\/www.planetgv.si\/knjigarna\/wp-content\/uploads\/sites\/37\/2024\/07\/formule_uspeha_za_druzinska_podjetja_600.jpg","type":"image\/jpeg"}],"twitter_card":"summary_large_image","twitter_misc":{"Est. reading time":"1 minuta"},"schema":{"@context":"https:\/\/schema.org","@graph":[{"@type":"WebPage","@id":"https:\/\/www.planetgv.si\/knjigarna\/product\/formule-uspeha-za-druzinska-podjetja-petdeset-nasvetov-za-pet-preskokov\/","url":"https:\/\/www.planetgv.si\/knjigarna\/product\/formule-uspeha-za-druzinska-podjetja-petdeset-nasvetov-za-pet-preskokov\/","name":"Formule uspeha za dru\u017einska podjetja - Petdeset nasvetov za pet preskokov - PlanetGV knjigarna","isPartOf":{"@id":"https:\/\/www.planetgv.si\/knjigarna\/#website"},"primaryImageOfPage":{"@id":"https:\/\/www.planetgv.si\/knjigarna\/product\/formule-uspeha-za-druzinska-podjetja-petdeset-nasvetov-za-pet-preskokov\/#primaryimage"},"image":{"@id":"https:\/\/www.planetgv.si\/knjigarna\/product\/formule-uspeha-za-druzinska-podjetja-petdeset-nasvetov-za-pet-preskokov\/#primaryimage"},"thumbnailUrl":"https:\/\/www.planetgv.si\/wp-content\/uploads\/sites\/37\/2024\/07\/formule_uspeha_za_druzinska_podjetja_600.jpg","datePublished":"2024-07-07T16:25:55+00:00","dateModified":"2024-09-02T16:04:13+00:00","breadcrumb":{"@id":"https:\/\/www.planetgv.si\/knjigarna\/product\/formule-uspeha-za-druzinska-podjetja-petdeset-nasvetov-za-pet-preskokov\/#breadcrumb"},"inLanguage":"sl-SI","potentialAction":[{"@type":"ReadAction","target":["https:\/\/www.planetgv.si\/knjigarna\/product\/formule-uspeha-za-druzinska-podjetja-petdeset-nasvetov-za-pet-preskokov\/"]}]},{"@type":"ImageObject","inLanguage":"sl-SI","@id":"https:\/\/www.planetgv.si\/knjigarna\/product\/formule-uspeha-za-druzinska-podjetja-petdeset-nasvetov-za-pet-preskokov\/#primaryimage","url":"https:\/\/www.planetgv.si\/wp-content\/uploads\/sites\/37\/2024\/07\/formule_uspeha_za_druzinska_podjetja_600.jpg","contentUrl":"https:\/\/www.planetgv.si\/wp-content\/uploads\/sites\/37\/2024\/07\/formule_uspeha_za_druzinska_podjetja_600.jpg","width":600,"height":600},{"@type":"BreadcrumbList","@id":"https:\/\/www.planetgv.si\/knjigarna\/product\/formule-uspeha-za-druzinska-podjetja-petdeset-nasvetov-za-pet-preskokov\/#breadcrumb","itemListElement":[{"@type":"ListItem","position":1,"name":"Home","item":"https:\/\/www.planetgv.si\/knjigarna\/"},{"@type":"ListItem","position":2,"name":"Domov","item":"https:\/\/www.planetgv.si\/knjigarna\/"},{"@type":"ListItem","position":3,"name":"Formule uspeha za dru\u017einska podjetja &#8211; Petdeset nasvetov za pet preskokov"}]},{"@type":"WebSite","@id":"https:\/\/www.planetgv.si\/knjigarna\/#website","url":"https:\/\/www.planetgv.si\/knjigarna\/","name":"PlanetGV knjigarna","description":"","publisher":{"@id":"https:\/\/www.planetgv.si\/knjigarna\/#organization"},"potentialAction":[{"@type":"SearchAction","target":{"@type":"EntryPoint","urlTemplate":"https:\/\/www.planetgv.si\/knjigarna\/?s={search_term_string}"},"query-input":"required name=search_term_string"}],"inLanguage":"sl-SI"},{"@type":"Organization","@id":"https:\/\/www.planetgv.si\/knjigarna\/#organization","name":"PlanetGV knjigarna","url":"https:\/\/www.planetgv.si\/knjigarna\/","logo":{"@type":"ImageObject","inLanguage":"sl-SI","@id":"https:\/\/www.planetgv.si\/knjigarna\/#\/schema\/logo\/image\/","url":"https:\/\/www.planetgv.si\/wp-content\/uploads\/sites\/37\/2024\/07\/cropped-planetgv_logo-512-2.jpg","contentUrl":"https:\/\/www.planetgv.si\/wp-content\/uploads\/sites\/37\/2024\/07\/cropped-planetgv_logo-512-2.jpg","width":511,"height":120,"caption":"PlanetGV knjigarna"},"image":{"@id":"https:\/\/www.planetgv.si\/knjigarna\/#\/schema\/logo\/image\/"}}]}},"_links":{"self":[{"href":"https:\/\/www.planetgv.si\/knjigarna\/wp-json\/wp\/v2\/product\/33"}],"collection":[{"href":"https:\/\/www.planetgv.si\/knjigarna\/wp-json\/wp\/v2\/product"}],"about":[{"href":"https:\/\/www.planetgv.si\/knjigarna\/wp-json\/wp\/v2\/types\/product"}],"wp:featuredmedia":[{"embeddable":true,"href":"https:\/\/www.planetgv.si\/knjigarna\/wp-json\/wp\/v2\/media\/53"}],"wp:attachment":[{"href":"https:\/\/www.planetgv.si\/knjigarna\/wp-json\/wp\/v2\/media?parent=33"}],"wp:term":[{"taxonomy":"product_cat","embeddable":true,"href":"https:\/\/www.planetgv.si\/knjigarna\/wp-json\/wp\/v2\/product_cat?post=33"},{"taxonomy":"product_tag","embeddable":true,"href":"https:\/\/www.planetgv.si\/knjigarna\/wp-json\/wp\/v2\/product_tag?post=33"}],"curies":[{"name":"wp","href":"https:\/\/api.w.org\/{rel}","templated":true}]}}