{"id":5,"date":"2024-05-17T18:12:01","date_gmt":"2024-05-17T18:12:01","guid":{"rendered":"https:\/\/www.planetgv.si\/knjigarna\/kosarica\/"},"modified":"2025-05-05T20:50:51","modified_gmt":"2025-05-05T20:50:51","slug":"kosarica","status":"publish","type":"page","link":"https:\/\/www.planetgv.si\/knjigarna\/kosarica\/","title":{"rendered":"Ko\u0161arica"},"content":{"rendered":"<div data-block-name=\"woocommerce\/cart\" class=\"wp-block-woocommerce-cart alignwide is-loading\"><div data-block-name=\"woocommerce\/filled-cart-block\" class=\"wp-block-woocommerce-filled-cart-block\"><div data-block-name=\"woocommerce\/cart-items-block\" class=\"wp-block-woocommerce-cart-items-block\"><div data-block-name=\"woocommerce\/cart-line-items-block\" class=\"wp-block-woocommerce-cart-line-items-block\">\u00a0<\/div>\r\n\r\n<div data-block-name=\"woocommerce\/cart-cross-sells-block\" class=\"wp-block-woocommerce-cart-cross-sells-block\">\r\n<h2 class=\"wp-block-heading has-large-font-size\">Mogo\u010de bi vas zanimalo &#8230;<\/h2>\r\n\r\n\r\n<div data-block-name=\"woocommerce\/cart-cross-sells-products-block\" class=\"wp-block-woocommerce-cart-cross-sells-products-block\">\u00a0<\/div><\/div><\/div>\r\n\r\n<div data-block-name=\"woocommerce\/cart-totals-block\" class=\"wp-block-woocommerce-cart-totals-block\"><div data-block-name=\"woocommerce\/cart-order-summary-block\" class=\"wp-block-woocommerce-cart-order-summary-block\"><div data-block-name=\"woocommerce\/cart-order-summary-heading-block\" class=\"wp-block-woocommerce-cart-order-summary-heading-block\">\u00a0<\/div>\r\n\r\n<div data-block-name=\"woocommerce\/cart-order-summary-coupon-form-block\" class=\"wp-block-woocommerce-cart-order-summary-coupon-form-block\">\u00a0<\/div>\r\n\r\n<div data-block-name=\"woocommerce\/cart-order-summary-subtotal-block\" class=\"wp-block-woocommerce-cart-order-summary-subtotal-block\">\u00a0<\/div>\r\n\r\n<div data-block-name=\"woocommerce\/cart-order-summary-fee-block\" class=\"wp-block-woocommerce-cart-order-summary-fee-block\">\u00a0<\/div>\r\n\r\n<div data-block-name=\"woocommerce\/cart-order-summary-discount-block\" class=\"wp-block-woocommerce-cart-order-summary-discount-block\">\u00a0<\/div>\r\n\r\n<div data-block-name=\"woocommerce\/cart-order-summary-shipping-block\" class=\"wp-block-woocommerce-cart-order-summary-shipping-block\">\u00a0<\/div>\r\n\r\n<div data-block-name=\"woocommerce\/cart-order-summary-taxes-block\" class=\"wp-block-woocommerce-cart-order-summary-taxes-block\">\u00a0<\/div><\/div>\r\n\r\n<div data-block-name=\"woocommerce\/cart-express-payment-block\" class=\"wp-block-woocommerce-cart-express-payment-block\">\u00a0<\/div>\r\n\r\n<div data-block-name=\"woocommerce\/proceed-to-checkout-block\" class=\"wp-block-woocommerce-proceed-to-checkout-block\">\u00a0<\/div>\r\n\r\n<div data-block-name=\"woocommerce\/cart-accepted-payment-methods-block\" class=\"wp-block-woocommerce-cart-accepted-payment-methods-block\">\u00a0<\/div><\/div><\/div>\r\n\r\n<div data-block-name=\"woocommerce\/empty-cart-block\" class=\"wp-block-woocommerce-empty-cart-block\">\r\n<h2 class=\"wp-block-heading has-text-align-center with-empty-cart-icon wc-block-cart__empty-cart__title\">Va\u0161a ko\u0161arica je trenutno prazna!<\/h2>\r\n\r\n\r\n<hr class=\"wp-block-separator has-alpha-channel-opacity is-style-dots\" \/>\r\n\r\n\r\n<h2 class=\"wp-block-heading has-text-align-center\">Novo v trgovini<\/h2>\r\n\r\n\r\n<div data-block-name=\"woocommerce\/product-new\" data-columns=\"4\" data-rows=\"1\" class=\"wc-block-grid wp-block-product-new wc-block-product-new has-4-columns\"><ul class=\"wc-block-grid__products\"><li class=\"wc-block-grid__product\">\n\t\t\t\t<a href=\"https:\/\/www.planetgv.si\/knjigarna\/product\/skrita-moc-sest-stebrov-uspesnega-kadrovanja\/\" class=\"wc-block-grid__product-link\">\n\t\t\t\t\t\n\t\t\t\t\t<div class=\"wc-block-grid__product-image\"><img loading=\"lazy\" width=\"324\" height=\"324\" src=\"https:\/\/www.planetgv.si\/wp-content\/uploads\/sites\/37\/2024\/07\/Skrita-moc-6-stebrov-400x400.png\" class=\"attachment-woocommerce_thumbnail size-woocommerce_thumbnail\" alt=\"Skrita mo\u010d \u2013 \u0161est stebrov uspe\u0161nega kadrovanja\" decoding=\"async\" srcset=\"https:\/\/www.planetgv.si\/wp-content\/uploads\/sites\/37\/2024\/07\/Skrita-moc-6-stebrov-400x400.png 400w, https:\/\/www.planetgv.si\/wp-content\/uploads\/sites\/37\/2024\/07\/Skrita-moc-6-stebrov-300x300.png 300w, https:\/\/www.planetgv.si\/wp-content\/uploads\/sites\/37\/2024\/07\/Skrita-moc-6-stebrov-80x80.png 80w, https:\/\/www.planetgv.si\/wp-content\/uploads\/sites\/37\/2024\/07\/Skrita-moc-6-stebrov-36x36.png 36w, https:\/\/www.planetgv.si\/wp-content\/uploads\/sites\/37\/2024\/07\/Skrita-moc-6-stebrov-180x180.png 180w, https:\/\/www.planetgv.si\/wp-content\/uploads\/sites\/37\/2024\/07\/Skrita-moc-6-stebrov-120x120.png 120w, https:\/\/www.planetgv.si\/wp-content\/uploads\/sites\/37\/2024\/07\/Skrita-moc-6-stebrov-450x450.png 450w, https:\/\/www.planetgv.si\/wp-content\/uploads\/sites\/37\/2024\/07\/Skrita-moc-6-stebrov-100x100.png 100w, https:\/\/www.planetgv.si\/wp-content\/uploads\/sites\/37\/2024\/07\/Skrita-moc-6-stebrov.png 600w\" sizes=\"(max-width: 324px) 100vw, 324px\" \/><\/div>\n\t\t\t\t\t<div class=\"wc-block-grid__product-title\">Skrita mo\u010d \u2013 \u0161est stebrov uspe\u0161nega kadrovanja<\/div>\n\t\t\t\t<\/a>\n\t\t\t\t<div class=\"wc-block-grid__product-price price\"><span class=\"woocommerce-Price-amount amount\">62,00&nbsp;<span class=\"woocommerce-Price-currencySymbol\">&euro;<\/span><\/span><\/div>\n\t\t\t\t\n\t\t\t\t<div class=\"wp-block-button wc-block-grid__product-add-to-cart\"><a href=\"?add-to-cart=52\" aria-label=\"Dodaj v ko\u0161arico: &ldquo;Skrita mo\u010d \u2013 \u0161est stebrov uspe\u0161nega kadrovanja&rdquo;\" data-quantity=\"1\" data-product_id=\"52\" data-product_sku=\"QFNNRM\" data-price=\"62\" rel=\"nofollow\" class=\"wp-block-button__link  add_to_cart_button ajax_add_to_cart\">Dodaj v ko\u0161arico<\/a><\/div>\n\t\t\t<\/li><li class=\"wc-block-grid__product\">\n\t\t\t\t<a href=\"https:\/\/www.planetgv.si\/knjigarna\/product\/psihologija-pogajanj-kako-doseci-kar-zelite-in-ohraniti-odnos-3-ponatis\/\" class=\"wc-block-grid__product-link\">\n\t\t\t\t\t\n\t\t\t\t\t<div class=\"wc-block-grid__product-image\"><img loading=\"lazy\" width=\"324\" height=\"324\" src=\"https:\/\/www.planetgv.si\/wp-content\/uploads\/sites\/37\/2024\/07\/psihologija_pogajanj-400x400.jpg\" class=\"attachment-woocommerce_thumbnail size-woocommerce_thumbnail\" alt=\"PSIHOLOGIJA POGAJANJ - Kako dose\u010di, kar \u017eelite in ohraniti odnos (3. ponatis!)\" decoding=\"async\" srcset=\"https:\/\/www.planetgv.si\/wp-content\/uploads\/sites\/37\/2024\/07\/psihologija_pogajanj-400x400.jpg 400w, https:\/\/www.planetgv.si\/wp-content\/uploads\/sites\/37\/2024\/07\/psihologija_pogajanj-300x300.jpg 300w, https:\/\/www.planetgv.si\/wp-content\/uploads\/sites\/37\/2024\/07\/psihologija_pogajanj-80x80.jpg 80w, https:\/\/www.planetgv.si\/wp-content\/uploads\/sites\/37\/2024\/07\/psihologija_pogajanj-36x36.jpg 36w, https:\/\/www.planetgv.si\/wp-content\/uploads\/sites\/37\/2024\/07\/psihologija_pogajanj-180x180.jpg 180w, https:\/\/www.planetgv.si\/wp-content\/uploads\/sites\/37\/2024\/07\/psihologija_pogajanj-120x120.jpg 120w, https:\/\/www.planetgv.si\/wp-content\/uploads\/sites\/37\/2024\/07\/psihologija_pogajanj-450x450.jpg 450w, https:\/\/www.planetgv.si\/wp-content\/uploads\/sites\/37\/2024\/07\/psihologija_pogajanj-100x100.jpg 100w, https:\/\/www.planetgv.si\/wp-content\/uploads\/sites\/37\/2024\/07\/psihologija_pogajanj.jpg 600w\" sizes=\"(max-width: 324px) 100vw, 324px\" \/><\/div>\n\t\t\t\t\t<div class=\"wc-block-grid__product-title\">PSIHOLOGIJA POGAJANJ &#8211; Kako dose\u010di, kar \u017eelite in ohraniti odnos (3. ponatis!)<\/div>\n\t\t\t\t<\/a>\n\t\t\t\t<div class=\"wc-block-grid__product-price price\"><span class=\"woocommerce-Price-amount amount\">35,00&nbsp;<span class=\"woocommerce-Price-currencySymbol\">&euro;<\/span><\/span><\/div>\n\t\t\t\t\n\t\t\t\t<div class=\"wp-block-button wc-block-grid__product-add-to-cart\"><a href=\"?add-to-cart=45\" aria-label=\"Dodaj v ko\u0161arico: &ldquo;PSIHOLOGIJA POGAJANJ - Kako dose\u010di, kar \u017eelite in ohraniti odnos (3. ponatis!)&rdquo;\" data-quantity=\"1\" data-product_id=\"45\" data-product_sku=\"261ZBL\" data-price=\"35\" rel=\"nofollow\" class=\"wp-block-button__link  add_to_cart_button ajax_add_to_cart\">Dodaj v ko\u0161arico<\/a><\/div>\n\t\t\t<\/li><li class=\"wc-block-grid__product\">\n\t\t\t\t<a href=\"https:\/\/www.planetgv.si\/knjigarna\/product\/mobing-prepoznajte-in-ukrepajte\/\" class=\"wc-block-grid__product-link\">\n\t\t\t\t\t\n\t\t\t\t\t<div class=\"wc-block-grid__product-image\"><img loading=\"lazy\" width=\"324\" height=\"324\" src=\"https:\/\/www.planetgv.si\/wp-content\/uploads\/sites\/37\/2024\/07\/Knjiga-Mobing-2024-400x400.png\" class=\"attachment-woocommerce_thumbnail size-woocommerce_thumbnail\" alt=\"MOBING - PREPOZNAJTE IN UKREPAJTE\" decoding=\"async\" srcset=\"https:\/\/www.planetgv.si\/wp-content\/uploads\/sites\/37\/2024\/07\/Knjiga-Mobing-2024-400x400.png 400w, https:\/\/www.planetgv.si\/wp-content\/uploads\/sites\/37\/2024\/07\/Knjiga-Mobing-2024-300x300.png 300w, https:\/\/www.planetgv.si\/wp-content\/uploads\/sites\/37\/2024\/07\/Knjiga-Mobing-2024-80x80.png 80w, https:\/\/www.planetgv.si\/wp-content\/uploads\/sites\/37\/2024\/07\/Knjiga-Mobing-2024-36x36.png 36w, https:\/\/www.planetgv.si\/wp-content\/uploads\/sites\/37\/2024\/07\/Knjiga-Mobing-2024-180x180.png 180w, https:\/\/www.planetgv.si\/wp-content\/uploads\/sites\/37\/2024\/07\/Knjiga-Mobing-2024-120x120.png 120w, https:\/\/www.planetgv.si\/wp-content\/uploads\/sites\/37\/2024\/07\/Knjiga-Mobing-2024-450x450.png 450w, https:\/\/www.planetgv.si\/wp-content\/uploads\/sites\/37\/2024\/07\/Knjiga-Mobing-2024-100x100.png 100w, https:\/\/www.planetgv.si\/wp-content\/uploads\/sites\/37\/2024\/07\/Knjiga-Mobing-2024.png 600w\" sizes=\"(max-width: 324px) 100vw, 324px\" \/><\/div>\n\t\t\t\t\t<div class=\"wc-block-grid__product-title\">MOBING &#8211; PREPOZNAJTE IN UKREPAJTE<\/div>\n\t\t\t\t<\/a>\n\t\t\t\t<div class=\"wc-block-grid__product-price price\"><span class=\"woocommerce-Price-amount amount\">34,00&nbsp;<span class=\"woocommerce-Price-currencySymbol\">&euro;<\/span><\/span><\/div>\n\t\t\t\t\n\t\t\t\t<div class=\"wp-block-button wc-block-grid__product-add-to-cart\"><a href=\"?add-to-cart=43\" aria-label=\"Dodaj v ko\u0161arico: &ldquo;MOBING - PREPOZNAJTE IN UKREPAJTE&rdquo;\" data-quantity=\"1\" data-product_id=\"43\" data-product_sku=\"7J2GFG\" data-price=\"34\" rel=\"nofollow\" class=\"wp-block-button__link  add_to_cart_button ajax_add_to_cart\">Dodaj v ko\u0161arico<\/a><\/div>\n\t\t\t<\/li><li class=\"wc-block-grid__product\">\n\t\t\t\t<a href=\"https:\/\/www.planetgv.si\/knjigarna\/product\/javni-usluzbenec-napredovanje\/\" class=\"wc-block-grid__product-link\">\n\t\t\t\t\t\n\t\t\t\t\t<div class=\"wc-block-grid__product-image\"><img loading=\"lazy\" width=\"324\" height=\"324\" src=\"https:\/\/www.planetgv.si\/wp-content\/uploads\/sites\/37\/2024\/07\/javni_usluzbenec_napredovanje-400x400.jpg\" class=\"attachment-woocommerce_thumbnail size-woocommerce_thumbnail\" alt=\"Javni uslu\u017ebenec - napredovanje\" decoding=\"async\" srcset=\"https:\/\/www.planetgv.si\/wp-content\/uploads\/sites\/37\/2024\/07\/javni_usluzbenec_napredovanje-400x400.jpg 400w, https:\/\/www.planetgv.si\/wp-content\/uploads\/sites\/37\/2024\/07\/javni_usluzbenec_napredovanje-300x300.jpg 300w, https:\/\/www.planetgv.si\/wp-content\/uploads\/sites\/37\/2024\/07\/javni_usluzbenec_napredovanje-80x80.jpg 80w, https:\/\/www.planetgv.si\/wp-content\/uploads\/sites\/37\/2024\/07\/javni_usluzbenec_napredovanje-36x36.jpg 36w, https:\/\/www.planetgv.si\/wp-content\/uploads\/sites\/37\/2024\/07\/javni_usluzbenec_napredovanje-180x180.jpg 180w, https:\/\/www.planetgv.si\/wp-content\/uploads\/sites\/37\/2024\/07\/javni_usluzbenec_napredovanje-120x120.jpg 120w, https:\/\/www.planetgv.si\/wp-content\/uploads\/sites\/37\/2024\/07\/javni_usluzbenec_napredovanje-450x450.jpg 450w, https:\/\/www.planetgv.si\/wp-content\/uploads\/sites\/37\/2024\/07\/javni_usluzbenec_napredovanje-100x100.jpg 100w, https:\/\/www.planetgv.si\/wp-content\/uploads\/sites\/37\/2024\/07\/javni_usluzbenec_napredovanje.jpg 600w\" sizes=\"(max-width: 324px) 100vw, 324px\" \/><\/div>\n\t\t\t\t\t<div class=\"wc-block-grid__product-title\">Javni uslu\u017ebenec &#8211; napredovanje<\/div>\n\t\t\t\t<\/a>\n\t\t\t\t<div class=\"wc-block-grid__product-price price\"><span class=\"woocommerce-Price-amount amount\">15,00&nbsp;<span class=\"woocommerce-Price-currencySymbol\">&euro;<\/span><\/span><\/div>\n\t\t\t\t\n\t\t\t\t<div class=\"wp-block-button wc-block-grid__product-add-to-cart\"><a href=\"?add-to-cart=42\" aria-label=\"Dodaj v ko\u0161arico: &ldquo;Javni uslu\u017ebenec - napredovanje&rdquo;\" data-quantity=\"1\" data-product_id=\"42\" data-product_sku=\"1OU8DS\" data-price=\"15\" rel=\"nofollow\" class=\"wp-block-button__link  add_to_cart_button ajax_add_to_cart\">Dodaj v ko\u0161arico<\/a><\/div>\n\t\t\t<\/li><\/ul><\/div><\/div><\/div>","protected":false},"excerpt":{"rendered":"","protected":false},"author":1,"featured_media":0,"parent":0,"menu_order":0,"comment_status":"closed","ping_status":"closed","template":"","meta":{"footnotes":""},"acf":[],"yoast_head":"<!-- This site is optimized with the Yoast SEO plugin v22.6 - https:\/\/yoast.com\/wordpress\/plugins\/seo\/ -->\n<title>Ko\u0161arica - PlanetGV knjigarna<\/title>\n<meta name=\"robots\" content=\"noindex, nofollow\" \/>\n<meta property=\"og:locale\" content=\"sl_SI\" \/>\n<meta property=\"og:type\" content=\"article\" \/>\n<meta property=\"og:title\" content=\"Ko\u0161arica - PlanetGV knjigarna\" \/>\n<meta property=\"og:url\" content=\"https:\/\/www.planetgv.si\/knjigarna\/kosarica\/\" \/>\n<meta property=\"og:site_name\" content=\"PlanetGV knjigarna\" \/>\n<meta property=\"article:modified_time\" content=\"2025-05-05T20:50:51+00:00\" \/>\n<meta name=\"twitter:card\" content=\"summary_large_image\" \/>\n<meta name=\"twitter:label1\" content=\"Est. reading time\" \/>\n\t<meta name=\"twitter:data1\" content=\"1 minuta\" \/>\n<script type=\"application\/ld+json\" class=\"yoast-schema-graph\">{\"@context\":\"https:\/\/schema.org\",\"@graph\":[{\"@type\":\"WebPage\",\"@id\":\"https:\/\/www.planetgv.si\/knjigarna\/kosarica\/\",\"url\":\"https:\/\/www.planetgv.si\/knjigarna\/kosarica\/\",\"name\":\"Ko\u0161arica - PlanetGV knjigarna\",\"isPartOf\":{\"@id\":\"https:\/\/www.planetgv.si\/knjigarna\/#website\"},\"datePublished\":\"2024-05-17T18:12:01+00:00\",\"dateModified\":\"2025-05-05T20:50:51+00:00\",\"breadcrumb\":{\"@id\":\"https:\/\/www.planetgv.si\/knjigarna\/kosarica\/#breadcrumb\"},\"inLanguage\":\"sl-SI\",\"potentialAction\":[{\"@type\":\"ReadAction\",\"target\":[\"https:\/\/www.planetgv.si\/knjigarna\/kosarica\/\"]}]},{\"@type\":\"BreadcrumbList\",\"@id\":\"https:\/\/www.planetgv.si\/knjigarna\/kosarica\/#breadcrumb\",\"itemListElement\":[{\"@type\":\"ListItem\",\"position\":1,\"name\":\"Home\",\"item\":\"https:\/\/www.planetgv.si\/knjigarna\/\"},{\"@type\":\"ListItem\",\"position\":2,\"name\":\"Ko\u0161arica\"}]},{\"@type\":\"WebSite\",\"@id\":\"https:\/\/www.planetgv.si\/knjigarna\/#website\",\"url\":\"https:\/\/www.planetgv.si\/knjigarna\/\",\"name\":\"PlanetGV knjigarna\",\"description\":\"\",\"publisher\":{\"@id\":\"https:\/\/www.planetgv.si\/knjigarna\/#organization\"},\"potentialAction\":[{\"@type\":\"SearchAction\",\"target\":{\"@type\":\"EntryPoint\",\"urlTemplate\":\"https:\/\/www.planetgv.si\/knjigarna\/?s={search_term_string}\"},\"query-input\":\"required name=search_term_string\"}],\"inLanguage\":\"sl-SI\"},{\"@type\":\"Organization\",\"@id\":\"https:\/\/www.planetgv.si\/knjigarna\/#organization\",\"name\":\"PlanetGV knjigarna\",\"url\":\"https:\/\/www.planetgv.si\/knjigarna\/\",\"logo\":{\"@type\":\"ImageObject\",\"inLanguage\":\"sl-SI\",\"@id\":\"https:\/\/www.planetgv.si\/knjigarna\/#\/schema\/logo\/image\/\",\"url\":\"https:\/\/www.planetgv.si\/wp-content\/uploads\/sites\/37\/2024\/07\/cropped-planetgv_logo-512-2.jpg\",\"contentUrl\":\"https:\/\/www.planetgv.si\/wp-content\/uploads\/sites\/37\/2024\/07\/cropped-planetgv_logo-512-2.jpg\",\"width\":511,\"height\":120,\"caption\":\"PlanetGV knjigarna\"},\"image\":{\"@id\":\"https:\/\/www.planetgv.si\/knjigarna\/#\/schema\/logo\/image\/\"}}]}<\/script>\n<!-- \/ Yoast SEO plugin. -->","yoast_head_json":{"title":"Ko\u0161arica - PlanetGV knjigarna","robots":{"index":"noindex","follow":"nofollow"},"og_locale":"sl_SI","og_type":"article","og_title":"Ko\u0161arica - PlanetGV knjigarna","og_url":"https:\/\/www.planetgv.si\/knjigarna\/kosarica\/","og_site_name":"PlanetGV knjigarna","article_modified_time":"2025-05-05T20:50:51+00:00","twitter_card":"summary_large_image","twitter_misc":{"Est. reading time":"1 minuta"},"schema":{"@context":"https:\/\/schema.org","@graph":[{"@type":"WebPage","@id":"https:\/\/www.planetgv.si\/knjigarna\/kosarica\/","url":"https:\/\/www.planetgv.si\/knjigarna\/kosarica\/","name":"Ko\u0161arica - PlanetGV knjigarna","isPartOf":{"@id":"https:\/\/www.planetgv.si\/knjigarna\/#website"},"datePublished":"2024-05-17T18:12:01+00:00","dateModified":"2025-05-05T20:50:51+00:00","breadcrumb":{"@id":"https:\/\/www.planetgv.si\/knjigarna\/kosarica\/#breadcrumb"},"inLanguage":"sl-SI","potentialAction":[{"@type":"ReadAction","target":["https:\/\/www.planetgv.si\/knjigarna\/kosarica\/"]}]},{"@type":"BreadcrumbList","@id":"https:\/\/www.planetgv.si\/knjigarna\/kosarica\/#breadcrumb","itemListElement":[{"@type":"ListItem","position":1,"name":"Home","item":"https:\/\/www.planetgv.si\/knjigarna\/"},{"@type":"ListItem","position":2,"name":"Ko\u0161arica"}]},{"@type":"WebSite","@id":"https:\/\/www.planetgv.si\/knjigarna\/#website","url":"https:\/\/www.planetgv.si\/knjigarna\/","name":"PlanetGV knjigarna","description":"","publisher":{"@id":"https:\/\/www.planetgv.si\/knjigarna\/#organization"},"potentialAction":[{"@type":"SearchAction","target":{"@type":"EntryPoint","urlTemplate":"https:\/\/www.planetgv.si\/knjigarna\/?s={search_term_string}"},"query-input":"required name=search_term_string"}],"inLanguage":"sl-SI"},{"@type":"Organization","@id":"https:\/\/www.planetgv.si\/knjigarna\/#organization","name":"PlanetGV knjigarna","url":"https:\/\/www.planetgv.si\/knjigarna\/","logo":{"@type":"ImageObject","inLanguage":"sl-SI","@id":"https:\/\/www.planetgv.si\/knjigarna\/#\/schema\/logo\/image\/","url":"https:\/\/www.planetgv.si\/wp-content\/uploads\/sites\/37\/2024\/07\/cropped-planetgv_logo-512-2.jpg","contentUrl":"https:\/\/www.planetgv.si\/wp-content\/uploads\/sites\/37\/2024\/07\/cropped-planetgv_logo-512-2.jpg","width":511,"height":120,"caption":"PlanetGV knjigarna"},"image":{"@id":"https:\/\/www.planetgv.si\/knjigarna\/#\/schema\/logo\/image\/"}}]}},"_links":{"self":[{"href":"https:\/\/www.planetgv.si\/knjigarna\/wp-json\/wp\/v2\/pages\/5"}],"collection":[{"href":"https:\/\/www.planetgv.si\/knjigarna\/wp-json\/wp\/v2\/pages"}],"about":[{"href":"https:\/\/www.planetgv.si\/knjigarna\/wp-json\/wp\/v2\/types\/page"}],"author":[{"embeddable":true,"href":"https:\/\/www.planetgv.si\/knjigarna\/wp-json\/wp\/v2\/users\/1"}],"replies":[{"embeddable":true,"href":"https:\/\/www.planetgv.si\/knjigarna\/wp-json\/wp\/v2\/comments?post=5"}],"version-history":[{"count":1,"href":"https:\/\/www.planetgv.si\/knjigarna\/wp-json\/wp\/v2\/pages\/5\/revisions"}],"predecessor-version":[{"id":332,"href":"https:\/\/www.planetgv.si\/knjigarna\/wp-json\/wp\/v2\/pages\/5\/revisions\/332"}],"wp:attachment":[{"href":"https:\/\/www.planetgv.si\/knjigarna\/wp-json\/wp\/v2\/media?parent=5"}],"curies":[{"name":"wp","href":"https:\/\/api.w.org\/{rel}","templated":true}]}}