{"id":4570,"date":"2025-03-26T10:02:22","date_gmt":"2025-03-26T09:02:22","guid":{"rendered":"https:\/\/www.planetgv.si\/forum-podatkovne-analitike\/?page_id=4570"},"modified":"2025-03-27T13:57:34","modified_gmt":"2025-03-27T12:57:34","slug":"partnerji-se-predstavijo","status":"publish","type":"page","link":"https:\/\/www.planetgv.si\/forum-podatkovne-analitike\/partnerji-se-predstavijo\/","title":{"rendered":"Partnerji se predstavijo"},"content":{"rendered":"<div id='av_section_1'  class='avia-section av-lv3m-111327a077a42f254663cf2db71e2475 main_color avia-section-large avia-no-border-styling  avia-builder-el-0  el_before_av_section  avia-builder-el-first  banner avia-bg-style-scroll av-minimum-height av-minimum-height-custom av-height-custom  container_wrap fullsize'   data-av_minimum_height_px='470'><div class='container av-section-cont-open' style='height:470px'><main  role=\"main\" itemprop=\"mainContentOfPage\"  class='template-page content  av-content-full alpha units'><div class='post-entry post-entry-type-page post-entry-4570'><div class='entry-content-wrapper clearfix'>\n\n<style type=\"text\/css\" data-created_by=\"avia_inline_auto\" id=\"style-css-av-23ru-7ef61b0891ec58b174515093af5ef491\">\n.flex_column.av-23ru-7ef61b0891ec58b174515093af5ef491{\nborder-radius:0px 0px 0px 0px;\npadding:0px 0px 0px 0px;\n}\n<\/style>\n<div  class='flex_column av-23ru-7ef61b0891ec58b174515093af5ef491 av_one_full  avia-builder-el-1  avia-builder-el-no-sibling  first flex_column_div av-zero-column-padding  '     ><section  class='av_textblock_section av-jxk287n1-1c4c13aca62400cd0d7946742bac5086 '   itemscope=\"itemscope\" itemtype=\"https:\/\/schema.org\/CreativeWork\" ><div class='avia_textblock ow-text-light'  itemprop=\"text\" ><h1>Povezujemo prilo\u017enosti<\/h1>\n<\/div><\/section><\/div>\n\n<\/div><\/div><\/main><!-- close content main element --><\/div><\/div><div id='av_section_2'  class='avia-section av-g93eui-ecbb416d42a4d2dd4852baed5553169b main_color avia-section-default avia-no-border-styling  avia-builder-el-3  el_after_av_section  el_before_av_section  avia-bg-style-scroll container_wrap fullsize'  ><div class='container av-section-cont-open' ><div class='template-page content  av-content-full alpha units'><div class='post-entry post-entry-type-page post-entry-4570'><div class='entry-content-wrapper clearfix'>\n<div  class='flex_column av-dqt8oa-b0f020fe1d4ac181e6a9e73a04e0bf7d av_one_third  avia-builder-el-4  el_before_av_two_third  avia-builder-el-first  first flex_column_div  '     ><section  class='av_textblock_section av-m8poqehc-e2f5d63de725614eee265e4a797021c0 '   itemscope=\"itemscope\" itemtype=\"https:\/\/schema.org\/CreativeWork\" ><div class='avia_textblock'  itemprop=\"text\" ><p><img decoding=\"async\" loading=\"lazy\" class=\"alignnone size-full wp-image-4571\" src=\"https:\/\/www.planetgv.si\/forum-podatkovne-analitike\/wp-content\/uploads\/sites\/13\/2025\/03\/DigiVrecka1-100-1.jpg\" alt=\"\" width=\"1000\" height=\"1000\" srcset=\"https:\/\/www.planetgv.si\/wp-content\/uploads\/sites\/13\/2025\/03\/DigiVrecka1-100-1.jpg 1000w, https:\/\/www.planetgv.si\/wp-content\/uploads\/sites\/13\/2025\/03\/DigiVrecka1-100-1-300x300.jpg 300w, https:\/\/www.planetgv.si\/wp-content\/uploads\/sites\/13\/2025\/03\/DigiVrecka1-100-1-80x80.jpg 80w, https:\/\/www.planetgv.si\/wp-content\/uploads\/sites\/13\/2025\/03\/DigiVrecka1-100-1-768x768.jpg 768w, https:\/\/www.planetgv.si\/wp-content\/uploads\/sites\/13\/2025\/03\/DigiVrecka1-100-1-36x36.jpg 36w, https:\/\/www.planetgv.si\/wp-content\/uploads\/sites\/13\/2025\/03\/DigiVrecka1-100-1-180x180.jpg 180w, https:\/\/www.planetgv.si\/wp-content\/uploads\/sites\/13\/2025\/03\/DigiVrecka1-100-1-705x705.jpg 705w, https:\/\/www.planetgv.si\/wp-content\/uploads\/sites\/13\/2025\/03\/DigiVrecka1-100-1-120x120.jpg 120w, https:\/\/www.planetgv.si\/wp-content\/uploads\/sites\/13\/2025\/03\/DigiVrecka1-100-1-450x450.jpg 450w, https:\/\/www.planetgv.si\/wp-content\/uploads\/sites\/13\/2025\/03\/DigiVrecka1-100-1-600x600.jpg 600w, https:\/\/www.planetgv.si\/wp-content\/uploads\/sites\/13\/2025\/03\/DigiVrecka1-100-1-100x100.jpg 100w, https:\/\/www.planetgv.si\/wp-content\/uploads\/sites\/13\/2025\/03\/DigiVrecka1-100-1-400x400.jpg 400w\" sizes=\"(max-width: 1000px) 100vw, 1000px\" \/><\/p>\n<\/div><\/section><\/div><div  class='flex_column av-cw74qy-48d52d771917057714306e6bd8f2ae14 av_two_third  avia-builder-el-6  el_after_av_one_third  avia-builder-el-last  flex_column_div  '     ><section  class='av_textblock_section av-m8por0c6-f9d7fe1026a1f813b38ad753b29cbde7 '   itemscope=\"itemscope\" itemtype=\"https:\/\/schema.org\/CreativeWork\" ><div class='avia_textblock'  itemprop=\"text\" ><h2 style=\"text-align: left\" align=\"center\"> Prilagojene podatkovne re\u0161itve za dinami\u010dno poslovno okolje<\/h2>\n<\/div><\/section><br \/>\n<section  class='av_textblock_section av-m8pow0b6-e09d830c5954604ba6e4f279239a5d77 '   itemscope=\"itemscope\" itemtype=\"https:\/\/schema.org\/CreativeWork\" ><div class='avia_textblock'  itemprop=\"text\" ><h3>Kontaktirajte jih\u0161e danes in odkrijte, kako lahko prilagojene re\u0161itve izbolj\u0161ajo va\u0161e poslovanje<\/h3>\n<p>Result je napredno tehnolo\u0161ko podjetje, ki razvija inovativne re\u0161itve na podlagi inteligentne rabe podatkov za odpornost gospodarstva in dobrobit \u010dlove\u0161tva. Na\u0161a po meri prilagojena orodja za obvladovanje podatkov omogo\u010dajo bolj\u0161o integracijo, fleksibilnost in ve\u010djo u\u010dinkovitost, kar podjetjem pomaga dose\u010di konkuren\u010dno prednost.<br \/>\n<br class=\"avia-permanent-lb\" \/><a href=\"https:\/\/www.planetgv.si\/forum-podatkovne-analitike\/wp-content\/uploads\/sites\/13\/2025\/03\/Result-Development-1.pdf\">Result Development<\/a><\/p>\n<\/div><\/section><br \/>\n<div  class='avia-button-wrap av-m8powqyh-efeea6ced35e3aee645c6cf2ab95bd98-wrap avia-button-left  avia-builder-el-9  el_after_av_textblock  avia-builder-el-last '><a href='https:\/\/www.result.si\/'  class='avia-button av-m8powqyh-efeea6ced35e3aee645c6cf2ab95bd98 av-link-btn avia-icon_select-no avia-size-small avia-position-left avia-color-theme-color'   aria-label=\"VE\u010c INFORMACIJ\"><span class='avia_iconbox_title' >VE\u010c INFORMACIJ<\/span><\/a><\/div><\/p><\/div><\/div><\/div><\/div><!-- close content main div --><\/div><\/div><div id='av_section_3'  class='avia-section av-a7lza2-a509dda86d3a6262cc98b4f3197e6e6b main_color avia-section-default avia-no-border-styling  avia-builder-el-10  el_after_av_section  el_before_av_section  avia-bg-style-scroll container_wrap fullsize'  ><div class='container av-section-cont-open' ><div class='template-page content  av-content-full alpha units'><div class='post-entry post-entry-type-page post-entry-4570'><div class='entry-content-wrapper clearfix'>\n<div  class='flex_column av-98kmbu-93053a7b258a24f8923a420b2bf082c0 av_two_third  avia-builder-el-11  el_before_av_one_third  avia-builder-el-first  first flex_column_div  '     ><section  class='av_textblock_section av-m8poyzh1-63c0ca07537ccc7d7687e80986afcad8 '   itemscope=\"itemscope\" itemtype=\"https:\/\/schema.org\/CreativeWork\" ><div class='avia_textblock'  itemprop=\"text\" ><h2 style=\"text-align: left\" align=\"center\">Fakulteta za informacijske \u0161tudije v Novem mestu (FI\u0160)<\/h2>\n<\/div><\/section><br \/>\n<section  class='av_textblock_section av-m8pozszi-def532973799be3cd309e7a55ee00249 '   itemscope=\"itemscope\" itemtype=\"https:\/\/schema.org\/CreativeWork\" ><div class='avia_textblock'  itemprop=\"text\" ><h3>FI\u0160 je vodilna izobra\u017eevalna institucija na podro\u010dju informacijsko-komunikacijskih tehnologij (IKT), ki z raznolikimi \u0161tudijskimi programi usposablja za poklice prihodnosti<\/h3>\n<p>Fakulteta za informacijske \u0161tudije izobra\u017euje na podro\u010dju ra\u010dunalni\u0161tva in spletnih tehnologij, informatike, podatkovnih znanosti, kibernetske varnosti, prava in vodenja, informacijske dru\u017ebe in informacijskih znanosti. Na FI\u0160 lahko \u0161tudirate v \u017eivo ali preko spleta, \u0161tudijski programi pa so zasnovani na na\u010din, da \u0161tudentom omogo\u010dajo pridobivanje najbolj aktualnih teoreti\u010dnih znanj in prakti\u010dnih izku\u0161enj, potrebnih za uspeh v dinami\u010dnem svetu IKT.<\/p>\n<\/div><\/section><br \/>\n<div  class='avia-button-wrap av-m8pp0gdy-4ca960f9b4c2a6561842dc43e65a2e39-wrap avia-button-left  avia-builder-el-14  el_after_av_textblock  avia-builder-el-last '><a href='https:\/\/www.fis.unm.si\/'  class='avia-button av-m8pp0gdy-4ca960f9b4c2a6561842dc43e65a2e39 av-link-btn avia-icon_select-no avia-size-small avia-position-left avia-color-theme-color'   aria-label=\"VE\u010c INFORMACIJ\"><span class='avia_iconbox_title' >VE\u010c INFORMACIJ<\/span><\/a><\/div><\/p><\/div><div  class='flex_column av-828hi2-f262f223d0798d2641eadf683dc83e47 av_one_third  avia-builder-el-15  el_after_av_two_third  avia-builder-el-last  flex_column_div  '     ><section  class='av_textblock_section av-m8poyp14-ff08897e048976aa2bab36ce4a817209 '   itemscope=\"itemscope\" itemtype=\"https:\/\/schema.org\/CreativeWork\" ><div class='avia_textblock'  itemprop=\"text\" ><p><img decoding=\"async\" loading=\"lazy\" class=\"alignnone size-full wp-image-4573\" src=\"https:\/\/www.planetgv.si\/forum-podatkovne-analitike\/wp-content\/uploads\/sites\/13\/2025\/03\/FPA-1.jpg\" alt=\"\" width=\"1000\" height=\"1000\" srcset=\"https:\/\/www.planetgv.si\/wp-content\/uploads\/sites\/13\/2025\/03\/FPA-1.jpg 1000w, https:\/\/www.planetgv.si\/wp-content\/uploads\/sites\/13\/2025\/03\/FPA-1-300x300.jpg 300w, https:\/\/www.planetgv.si\/wp-content\/uploads\/sites\/13\/2025\/03\/FPA-1-80x80.jpg 80w, https:\/\/www.planetgv.si\/wp-content\/uploads\/sites\/13\/2025\/03\/FPA-1-768x768.jpg 768w, https:\/\/www.planetgv.si\/wp-content\/uploads\/sites\/13\/2025\/03\/FPA-1-36x36.jpg 36w, https:\/\/www.planetgv.si\/wp-content\/uploads\/sites\/13\/2025\/03\/FPA-1-180x180.jpg 180w, https:\/\/www.planetgv.si\/wp-content\/uploads\/sites\/13\/2025\/03\/FPA-1-705x705.jpg 705w, https:\/\/www.planetgv.si\/wp-content\/uploads\/sites\/13\/2025\/03\/FPA-1-120x120.jpg 120w, https:\/\/www.planetgv.si\/wp-content\/uploads\/sites\/13\/2025\/03\/FPA-1-450x450.jpg 450w, https:\/\/www.planetgv.si\/wp-content\/uploads\/sites\/13\/2025\/03\/FPA-1-600x600.jpg 600w, https:\/\/www.planetgv.si\/wp-content\/uploads\/sites\/13\/2025\/03\/FPA-1-100x100.jpg 100w, https:\/\/www.planetgv.si\/wp-content\/uploads\/sites\/13\/2025\/03\/FPA-1-400x400.jpg 400w\" sizes=\"(max-width: 1000px) 100vw, 1000px\" \/><\/p>\n<\/div><\/section><\/div>\n<\/p>\n<\/div><\/div><\/div><!-- close content main div --><\/div><\/div><div id='av_section_4'  class='avia-section av-5qxq96-947bd638a020669312265f9afdedade0 main_color avia-section-default avia-no-border-styling  avia-builder-el-17  el_after_av_section  el_before_av_section  avia-bg-style-scroll container_wrap fullsize'  ><div class='container av-section-cont-open' ><div class='template-page content  av-content-full alpha units'><div class='post-entry post-entry-type-page post-entry-4570'><div class='entry-content-wrapper clearfix'>\n<div  class='flex_column av-4cxbfu-4f05b032f14e9f047fa3778bb6545132 av_one_third  avia-builder-el-18  el_before_av_two_third  avia-builder-el-first  first flex_column_div  '     ><section  class='av_textblock_section av-m8pp2kzb-8c9607584d53e7ab1ce8e4bbf3a12701 '   itemscope=\"itemscope\" itemtype=\"https:\/\/schema.org\/CreativeWork\" ><div class='avia_textblock'  itemprop=\"text\" ><p><img decoding=\"async\" loading=\"lazy\" class=\"alignnone size-full wp-image-4574\" src=\"https:\/\/www.planetgv.si\/forum-podatkovne-analitike\/wp-content\/uploads\/sites\/13\/2025\/03\/ALISA_AI_1000x1000_v2-1.png\" alt=\"\" width=\"1000\" height=\"1000\" srcset=\"https:\/\/www.planetgv.si\/wp-content\/uploads\/sites\/13\/2025\/03\/ALISA_AI_1000x1000_v2-1.png 1000w, https:\/\/www.planetgv.si\/wp-content\/uploads\/sites\/13\/2025\/03\/ALISA_AI_1000x1000_v2-1-300x300.png 300w, https:\/\/www.planetgv.si\/wp-content\/uploads\/sites\/13\/2025\/03\/ALISA_AI_1000x1000_v2-1-80x80.png 80w, https:\/\/www.planetgv.si\/wp-content\/uploads\/sites\/13\/2025\/03\/ALISA_AI_1000x1000_v2-1-768x768.png 768w, https:\/\/www.planetgv.si\/wp-content\/uploads\/sites\/13\/2025\/03\/ALISA_AI_1000x1000_v2-1-36x36.png 36w, https:\/\/www.planetgv.si\/wp-content\/uploads\/sites\/13\/2025\/03\/ALISA_AI_1000x1000_v2-1-180x180.png 180w, https:\/\/www.planetgv.si\/wp-content\/uploads\/sites\/13\/2025\/03\/ALISA_AI_1000x1000_v2-1-705x705.png 705w, https:\/\/www.planetgv.si\/wp-content\/uploads\/sites\/13\/2025\/03\/ALISA_AI_1000x1000_v2-1-120x120.png 120w, https:\/\/www.planetgv.si\/wp-content\/uploads\/sites\/13\/2025\/03\/ALISA_AI_1000x1000_v2-1-450x450.png 450w, https:\/\/www.planetgv.si\/wp-content\/uploads\/sites\/13\/2025\/03\/ALISA_AI_1000x1000_v2-1-600x600.png 600w, https:\/\/www.planetgv.si\/wp-content\/uploads\/sites\/13\/2025\/03\/ALISA_AI_1000x1000_v2-1-100x100.png 100w, https:\/\/www.planetgv.si\/wp-content\/uploads\/sites\/13\/2025\/03\/ALISA_AI_1000x1000_v2-1-400x400.png 400w\" sizes=\"(max-width: 1000px) 100vw, 1000px\" \/><\/p>\n<\/div><\/section><\/div><div  class='flex_column av-1yigp6-069e09cc7ca97509299406e8c664cdd0 av_two_third  avia-builder-el-20  el_after_av_one_third  avia-builder-el-last  flex_column_div  '     ><section  class='av_textblock_section av-m8pp3m0o-49f351aa9803c265bc340e8611c31bb7 '   itemscope=\"itemscope\" itemtype=\"https:\/\/schema.org\/CreativeWork\" ><div class='avia_textblock'  itemprop=\"text\" ><h2 style=\"text-align: left\" align=\"center\">Smarter Supply Chains with ALISA AI<\/h2>\n<\/div><\/section><br \/>\n<section  class='av_textblock_section av-m8pp4i13-6800d7fcb64018f0f026dcc591c659da '   itemscope=\"itemscope\" itemtype=\"https:\/\/schema.org\/CreativeWork\" ><div class='avia_textblock'  itemprop=\"text\" ><h3>Harness AI for seamless operations and strategic growth<\/h3>\n<p>ALISA AI transforms operational processes with intelligent automation and predictive analytics. Designed for industries seeking efficiency, it enhances logistics, supply chain optimization, and business planning. With AI-driven insights, ALISA AI ensures agility, accuracy, and a data-powered competitive edge.<\/p>\n<\/div><\/section><br \/>\n<div  class='avia-button-wrap av-m8pp4ry6-901b6f732f1d8bc624bfb26241db1386-wrap avia-button-left  avia-builder-el-23  el_after_av_textblock  avia-builder-el-last '><a href='https:\/\/www.be-terna.com\/solutions\/analytics-and-ai\/artificial-intelligence\/alisa-ai'  class='avia-button av-m8pp4ry6-901b6f732f1d8bc624bfb26241db1386 av-link-btn avia-icon_select-no avia-size-small avia-position-left avia-color-theme-color'   aria-label=\"VE\u010c INFORMACIJ\"><span class='avia_iconbox_title' >VE\u010c INFORMACIJ<\/span><\/a><\/div><\/p><\/div>\n\n<\/div><\/div><\/div><!-- close content main div --><\/div><\/div>\n<style type=\"text\/css\" data-created_by=\"avia_inline_auto\" id=\"style-css-av-jxls4417-23-9ef58d37d350ac7f7c2e1005f718cc21\">\n.avia-section.av-jxls4417-23-9ef58d37d350ac7f7c2e1005f718cc21{\nbackground-color:#f9f9f9;\nbackground-image:unset;\n}\n<\/style>\n<div id='av_section_5'  class='avia-section av-jxls4417-23-9ef58d37d350ac7f7c2e1005f718cc21 main_color avia-section-default avia-no-border-styling  avia-builder-el-24  el_after_av_section  avia-builder-el-last  ow-placeholder avia-bg-style-scroll container_wrap fullsize'  ><div class='container av-section-cont-open' ><div class='template-page content  av-content-full alpha units'><div class='post-entry post-entry-type-page post-entry-4570'><div class='entry-content-wrapper clearfix'>\n\n<style type=\"text\/css\" data-created_by=\"avia_inline_auto\" id=\"style-css-av-jxls2sqe-22-71d8a907064bfb1c542ca43706d9e765\">\n#top .hr.hr-invisible.av-jxls2sqe-22-71d8a907064bfb1c542ca43706d9e765{\nheight:30px;\n}\n<\/style>\n<div  class='hr av-jxls2sqe-22-71d8a907064bfb1c542ca43706d9e765 hr-invisible  avia-builder-el-25  avia-builder-el-no-sibling '><span class='hr-inner '><span class=\"hr-inner-style\"><\/span><\/span><\/div>\n\n","protected":false},"excerpt":{"rendered":"","protected":false},"author":59,"featured_media":3030,"parent":0,"menu_order":0,"comment_status":"closed","ping_status":"closed","template":"","meta":{"footnotes":""},"acf":[],"yoast_head":"<!-- This site is optimized with the Yoast SEO plugin v22.6 - https:\/\/yoast.com\/wordpress\/plugins\/seo\/ -->\n<title>Partnerji se predstavijo - Forum podatkovne analitike<\/title>\n<meta name=\"robots\" content=\"index, follow, max-snippet:-1, max-image-preview:large, max-video-preview:-1\" \/>\n<link rel=\"canonical\" href=\"https:\/\/www.planetgv.si\/forum-podatkovne-analitike\/partnerji-se-predstavijo\/\" \/>\n<meta property=\"og:locale\" content=\"sl_SI\" \/>\n<meta property=\"og:type\" content=\"article\" \/>\n<meta property=\"og:title\" content=\"Partnerji se predstavijo - Forum podatkovne analitike\" \/>\n<meta property=\"og:url\" content=\"https:\/\/www.planetgv.si\/forum-podatkovne-analitike\/partnerji-se-predstavijo\/\" \/>\n<meta property=\"og:site_name\" content=\"Forum podatkovne analitike\" \/>\n<meta property=\"article:modified_time\" content=\"2025-03-27T12:57:34+00:00\" \/>\n<meta property=\"og:image\" content=\"https:\/\/www.planetgv.si\/forum-podatkovne-analitike\/wp-content\/uploads\/sites\/13\/2022\/12\/FPA23_OG_Image_1200x630px.png\" \/>\n\t<meta property=\"og:image:width\" content=\"1200\" \/>\n\t<meta property=\"og:image:height\" content=\"630\" \/>\n\t<meta property=\"og:image:type\" content=\"image\/png\" \/>\n<meta name=\"twitter:card\" content=\"summary_large_image\" \/>\n<meta name=\"twitter:label1\" content=\"Est. reading time\" \/>\n\t<meta name=\"twitter:data1\" content=\"2 minuti\" \/>\n<script type=\"application\/ld+json\" class=\"yoast-schema-graph\">{\"@context\":\"https:\/\/schema.org\",\"@graph\":[{\"@type\":\"WebPage\",\"@id\":\"https:\/\/www.planetgv.si\/forum-podatkovne-analitike\/partnerji-se-predstavijo\/\",\"url\":\"https:\/\/www.planetgv.si\/forum-podatkovne-analitike\/partnerji-se-predstavijo\/\",\"name\":\"Partnerji se predstavijo - Forum podatkovne analitike\",\"isPartOf\":{\"@id\":\"https:\/\/www.planetgv.si\/forum-podatkovne-analitike\/#website\"},\"primaryImageOfPage\":{\"@id\":\"https:\/\/www.planetgv.si\/forum-podatkovne-analitike\/partnerji-se-predstavijo\/#primaryimage\"},\"image\":{\"@id\":\"https:\/\/www.planetgv.si\/forum-podatkovne-analitike\/partnerji-se-predstavijo\/#primaryimage\"},\"thumbnailUrl\":\"https:\/\/www.planetgv.si\/wp-content\/uploads\/sites\/13\/2022\/12\/FPA23_OG_Image_1200x630px.png\",\"datePublished\":\"2025-03-26T09:02:22+00:00\",\"dateModified\":\"2025-03-27T12:57:34+00:00\",\"breadcrumb\":{\"@id\":\"https:\/\/www.planetgv.si\/forum-podatkovne-analitike\/partnerji-se-predstavijo\/#breadcrumb\"},\"inLanguage\":\"sl-SI\",\"potentialAction\":[{\"@type\":\"ReadAction\",\"target\":[\"https:\/\/www.planetgv.si\/forum-podatkovne-analitike\/partnerji-se-predstavijo\/\"]}]},{\"@type\":\"ImageObject\",\"inLanguage\":\"sl-SI\",\"@id\":\"https:\/\/www.planetgv.si\/forum-podatkovne-analitike\/partnerji-se-predstavijo\/#primaryimage\",\"url\":\"https:\/\/www.planetgv.si\/wp-content\/uploads\/sites\/13\/2022\/12\/FPA23_OG_Image_1200x630px.png\",\"contentUrl\":\"https:\/\/www.planetgv.si\/wp-content\/uploads\/sites\/13\/2022\/12\/FPA23_OG_Image_1200x630px.png\",\"width\":1200,\"height\":630},{\"@type\":\"BreadcrumbList\",\"@id\":\"https:\/\/www.planetgv.si\/forum-podatkovne-analitike\/partnerji-se-predstavijo\/#breadcrumb\",\"itemListElement\":[{\"@type\":\"ListItem\",\"position\":1,\"name\":\"Home\",\"item\":\"https:\/\/www.planetgv.si\/forum-podatkovne-analitike\/homepage\/\"},{\"@type\":\"ListItem\",\"position\":2,\"name\":\"Partnerji se predstavijo\"}]},{\"@type\":\"WebSite\",\"@id\":\"https:\/\/www.planetgv.si\/forum-podatkovne-analitike\/#website\",\"url\":\"https:\/\/www.planetgv.si\/forum-podatkovne-analitike\/\",\"name\":\"Forum podatkovne analitike\",\"description\":\"Forum podatkovne analitike\",\"publisher\":{\"@id\":\"https:\/\/www.planetgv.si\/forum-podatkovne-analitike\/#organization\"},\"potentialAction\":[{\"@type\":\"SearchAction\",\"target\":{\"@type\":\"EntryPoint\",\"urlTemplate\":\"https:\/\/www.planetgv.si\/forum-podatkovne-analitike\/?s={search_term_string}\"},\"query-input\":\"required name=search_term_string\"}],\"inLanguage\":\"sl-SI\"},{\"@type\":\"Organization\",\"@id\":\"https:\/\/www.planetgv.si\/forum-podatkovne-analitike\/#organization\",\"name\":\"Forum podatkovne analitike\",\"url\":\"https:\/\/www.planetgv.si\/forum-podatkovne-analitike\/\",\"logo\":{\"@type\":\"ImageObject\",\"inLanguage\":\"sl-SI\",\"@id\":\"https:\/\/www.planetgv.si\/forum-podatkovne-analitike\/#\/schema\/logo\/image\/\",\"url\":\"https:\/\/www.planetgv.si\/forum-podatkovne-analitike\/wp-content\/uploads\/sites\/13\/2020\/06\/FPA_logo_400_400.jpg\",\"contentUrl\":\"https:\/\/www.planetgv.si\/forum-podatkovne-analitike\/wp-content\/uploads\/sites\/13\/2020\/06\/FPA_logo_400_400.jpg\",\"width\":400,\"height\":400,\"caption\":\"Forum podatkovne analitike\"},\"image\":{\"@id\":\"https:\/\/www.planetgv.si\/forum-podatkovne-analitike\/#\/schema\/logo\/image\/\"}}]}<\/script>\n<!-- \/ Yoast SEO plugin. -->","yoast_head_json":{"title":"Partnerji se predstavijo - Forum podatkovne analitike","robots":{"index":"index","follow":"follow","max-snippet":"max-snippet:-1","max-image-preview":"max-image-preview:large","max-video-preview":"max-video-preview:-1"},"canonical":"https:\/\/www.planetgv.si\/forum-podatkovne-analitike\/partnerji-se-predstavijo\/","og_locale":"sl_SI","og_type":"article","og_title":"Partnerji se predstavijo - Forum podatkovne analitike","og_url":"https:\/\/www.planetgv.si\/forum-podatkovne-analitike\/partnerji-se-predstavijo\/","og_site_name":"Forum podatkovne analitike","article_modified_time":"2025-03-27T12:57:34+00:00","og_image":[{"width":1200,"height":630,"url":"https:\/\/www.planetgv.si\/forum-podatkovne-analitike\/wp-content\/uploads\/sites\/13\/2022\/12\/FPA23_OG_Image_1200x630px.png","type":"image\/png"}],"twitter_card":"summary_large_image","twitter_misc":{"Est. reading time":"2 minuti"},"schema":{"@context":"https:\/\/schema.org","@graph":[{"@type":"WebPage","@id":"https:\/\/www.planetgv.si\/forum-podatkovne-analitike\/partnerji-se-predstavijo\/","url":"https:\/\/www.planetgv.si\/forum-podatkovne-analitike\/partnerji-se-predstavijo\/","name":"Partnerji se predstavijo - Forum podatkovne analitike","isPartOf":{"@id":"https:\/\/www.planetgv.si\/forum-podatkovne-analitike\/#website"},"primaryImageOfPage":{"@id":"https:\/\/www.planetgv.si\/forum-podatkovne-analitike\/partnerji-se-predstavijo\/#primaryimage"},"image":{"@id":"https:\/\/www.planetgv.si\/forum-podatkovne-analitike\/partnerji-se-predstavijo\/#primaryimage"},"thumbnailUrl":"https:\/\/www.planetgv.si\/wp-content\/uploads\/sites\/13\/2022\/12\/FPA23_OG_Image_1200x630px.png","datePublished":"2025-03-26T09:02:22+00:00","dateModified":"2025-03-27T12:57:34+00:00","breadcrumb":{"@id":"https:\/\/www.planetgv.si\/forum-podatkovne-analitike\/partnerji-se-predstavijo\/#breadcrumb"},"inLanguage":"sl-SI","potentialAction":[{"@type":"ReadAction","target":["https:\/\/www.planetgv.si\/forum-podatkovne-analitike\/partnerji-se-predstavijo\/"]}]},{"@type":"ImageObject","inLanguage":"sl-SI","@id":"https:\/\/www.planetgv.si\/forum-podatkovne-analitike\/partnerji-se-predstavijo\/#primaryimage","url":"https:\/\/www.planetgv.si\/wp-content\/uploads\/sites\/13\/2022\/12\/FPA23_OG_Image_1200x630px.png","contentUrl":"https:\/\/www.planetgv.si\/wp-content\/uploads\/sites\/13\/2022\/12\/FPA23_OG_Image_1200x630px.png","width":1200,"height":630},{"@type":"BreadcrumbList","@id":"https:\/\/www.planetgv.si\/forum-podatkovne-analitike\/partnerji-se-predstavijo\/#breadcrumb","itemListElement":[{"@type":"ListItem","position":1,"name":"Home","item":"https:\/\/www.planetgv.si\/forum-podatkovne-analitike\/homepage\/"},{"@type":"ListItem","position":2,"name":"Partnerji se predstavijo"}]},{"@type":"WebSite","@id":"https:\/\/www.planetgv.si\/forum-podatkovne-analitike\/#website","url":"https:\/\/www.planetgv.si\/forum-podatkovne-analitike\/","name":"Forum podatkovne analitike","description":"Forum podatkovne analitike","publisher":{"@id":"https:\/\/www.planetgv.si\/forum-podatkovne-analitike\/#organization"},"potentialAction":[{"@type":"SearchAction","target":{"@type":"EntryPoint","urlTemplate":"https:\/\/www.planetgv.si\/forum-podatkovne-analitike\/?s={search_term_string}"},"query-input":"required name=search_term_string"}],"inLanguage":"sl-SI"},{"@type":"Organization","@id":"https:\/\/www.planetgv.si\/forum-podatkovne-analitike\/#organization","name":"Forum podatkovne analitike","url":"https:\/\/www.planetgv.si\/forum-podatkovne-analitike\/","logo":{"@type":"ImageObject","inLanguage":"sl-SI","@id":"https:\/\/www.planetgv.si\/forum-podatkovne-analitike\/#\/schema\/logo\/image\/","url":"https:\/\/www.planetgv.si\/forum-podatkovne-analitike\/wp-content\/uploads\/sites\/13\/2020\/06\/FPA_logo_400_400.jpg","contentUrl":"https:\/\/www.planetgv.si\/forum-podatkovne-analitike\/wp-content\/uploads\/sites\/13\/2020\/06\/FPA_logo_400_400.jpg","width":400,"height":400,"caption":"Forum podatkovne analitike"},"image":{"@id":"https:\/\/www.planetgv.si\/forum-podatkovne-analitike\/#\/schema\/logo\/image\/"}}]}},"_links":{"self":[{"href":"https:\/\/www.planetgv.si\/forum-podatkovne-analitike\/wp-json\/wp\/v2\/pages\/4570"}],"collection":[{"href":"https:\/\/www.planetgv.si\/forum-podatkovne-analitike\/wp-json\/wp\/v2\/pages"}],"about":[{"href":"https:\/\/www.planetgv.si\/forum-podatkovne-analitike\/wp-json\/wp\/v2\/types\/page"}],"author":[{"embeddable":true,"href":"https:\/\/www.planetgv.si\/forum-podatkovne-analitike\/wp-json\/wp\/v2\/users\/59"}],"replies":[{"embeddable":true,"href":"https:\/\/www.planetgv.si\/forum-podatkovne-analitike\/wp-json\/wp\/v2\/comments?post=4570"}],"version-history":[{"count":0,"href":"https:\/\/www.planetgv.si\/forum-podatkovne-analitike\/wp-json\/wp\/v2\/pages\/4570\/revisions"}],"wp:featuredmedia":[{"embeddable":true,"href":"https:\/\/www.planetgv.si\/forum-podatkovne-analitike\/wp-json\/wp\/v2\/media\/3030"}],"wp:attachment":[{"href":"https:\/\/www.planetgv.si\/forum-podatkovne-analitike\/wp-json\/wp\/v2\/media?parent=4570"}],"curies":[{"name":"wp","href":"https:\/\/api.w.org\/{rel}","templated":true}]}}