{"id":220,"date":"2019-07-03T13:27:05","date_gmt":"2019-07-03T12:27:05","guid":{"rendered":"https:\/\/test.www.planetgv.si\/?page_id=220"},"modified":"2025-11-24T11:09:22","modified_gmt":"2025-11-24T10:09:22","slug":"prijava","status":"publish","type":"page","link":"https:\/\/www.planetgv.si\/forum-podatkovne-analitike\/prijava\/","title":{"rendered":"Prijava"},"content":{"rendered":"<div id='av_section_1'  class='avia-section av-lv3m-111327a077a42f254663cf2db71e2475 main_color avia-section-large avia-no-border-styling  avia-builder-el-0  el_before_av_section  avia-builder-el-first  banner avia-bg-style-scroll av-minimum-height av-minimum-height-custom av-height-custom  container_wrap fullsize'   data-av_minimum_height_px='470'><div class='container av-section-cont-open' style='height:470px'><main  role=\"main\" itemprop=\"mainContentOfPage\"  class='template-page content  av-content-full alpha units'><div class='post-entry post-entry-type-page post-entry-220'><div class='entry-content-wrapper clearfix'>\n\n<style type=\"text\/css\" data-created_by=\"avia_inline_auto\" id=\"style-css-av-23ru-7ef61b0891ec58b174515093af5ef491\">\n.flex_column.av-23ru-7ef61b0891ec58b174515093af5ef491{\nborder-radius:0px 0px 0px 0px;\npadding:0px 0px 0px 0px;\n}\n<\/style>\n<div  class='flex_column av-23ru-7ef61b0891ec58b174515093af5ef491 av_one_full  avia-builder-el-1  avia-builder-el-no-sibling  first flex_column_div av-zero-column-padding  '     ><section  class='av_textblock_section av-jxk287n1-daf6901d14470a303e5a4d6391051a5d '   itemscope=\"itemscope\" itemtype=\"https:\/\/schema.org\/CreativeWork\" ><div class='avia_textblock ow-text-light'  itemprop=\"text\" ><h1>Prijavite se<\/h1>\n<\/div><\/section><\/div>\n\n<\/div><\/div><\/main><!-- close content main element --><\/div><\/div><div id='av_section_2'  class='avia-section av-jxn7q2om-ee6715b1d591b03e220726f501c12e41 main_color avia-section-default avia-no-border-styling  avia-builder-el-3  el_after_av_section  el_before_av_section  ow-text-light p-100 ow-bg-dark avia-bg-style-scroll container_wrap fullsize'  ><div class='container av-section-cont-open' ><div class='template-page content  av-content-full alpha units'><div class='post-entry post-entry-type-page post-entry-220'><div class='entry-content-wrapper clearfix'>\n<section  class='av_textblock_section av-jxn7kr0g-429cb46c7933956a8666a04b4d847184 '   itemscope=\"itemscope\" itemtype=\"https:\/\/schema.org\/CreativeWork\" ><div class='avia_textblock'  itemprop=\"text\" ><p style=\"text-align: center\"><strong>Na dogodku se nam boste lahko pridru\u017eili v \u017eivo 24. marca 2026 v hotelu Four Points by Sheraton, Ljubljana Mons.<\/p>\n<p><\/strong><\/p>\n<p style=\"text-align: center\">\n<p style=\"text-align: center\">\n<\/div><\/section>\n\n<style type=\"text\/css\" data-created_by=\"avia_inline_auto\" id=\"style-css-av-7ld7w-40ce4090d1d5f10f7dcc28460ffa9c17\">\n#top .hr.hr-invisible.av-7ld7w-40ce4090d1d5f10f7dcc28460ffa9c17{\nheight:50px;\n}\n<\/style>\n<div  class='hr av-7ld7w-40ce4090d1d5f10f7dcc28460ffa9c17 hr-invisible  avia-builder-el-5  el_after_av_textblock  el_before_av_textblock '><span class='hr-inner '><span class=\"hr-inner-style\"><\/span><\/span><\/div>\n<section  class='av_textblock_section av-jxn7kr0g-3-53cd037b4cb92cce96837a8dd9f18963 '   itemscope=\"itemscope\" itemtype=\"https:\/\/schema.org\/CreativeWork\" ><div class='avia_textblock'  itemprop=\"text\" ><div class=\"ow-prices-wrap\"><div class=\"ow-single-price\"><div class=\"ow-single-price-content ow-bg-light ow-text-body\"><div class=\"ow-single-price-header text-center ow-bg-color\"><h3 class=\"ow-text-light\">Super zgodnja prijava do 31. 12. 2026<\/h3><\/div><div class=\"ow-single-price-text\"><p>Kotizacija vklju\u010duje:<\/p>\n<ul>\n<li>vstop na vsa predavanja,<\/li>\n<li>pogostitve med odmori,<\/li>\n<li>mre\u017eenje na dru\u017eenju po predavanjih,<\/li>\n<li>e-gradivo,<\/li>\n<li>potrdilo o udele\u017ebi.<\/li>\n<\/ul>\n\n<p>Cena ne vklju\u010duje DDV.<\/p>\n<p>Cena zgodnje prijave je na voljo le \u0161e do 31. 12. 2026<\/p><\/div><div class=\"ow-single-price-footer\"><div class=\"ow-price-wrap text-center\" data-early = \"1\"><span class=\"ow-early-bird-price\">220&euro;<\/span><span class=\"ow-regular-price\">440&euro;<\/span><\/div><div class=\"ow-text-light\"><div  class='avia-button-wrap av-av_button-31e596969663722960a60e0b1708dd09-wrap avia-button-center '><a href='https:\/\/www.planetgv.si\/forum-podatkovne-analitike\/checkout\/?add-to-cart=1120&variation_id=3006&quantity=1&attr-type=tip-prijave'  class='avia-button av-av_button-31e596969663722960a60e0b1708dd09 av-link-btn avia-icon_select-yes-left-icon avia-size-large avia-position-center avia-color-pink'   aria-label=\"\u017delim se prijaviti\"><span class='avia_button_icon avia_button_icon_left avia-svg-icon avia-font-svg_entypo-fontello' data-av_svg_icon='' data-av_iconset='svg_entypo-fontello'><\/span><span class='avia_iconbox_title' >\u017delim se prijaviti<\/span><\/a><\/div><\/div><\/div><\/div><\/div><\/div>\n<\/div><\/section>\n<\/div><\/div><\/div><!-- close content main div --><\/div><\/div><div id='av_section_3'  class='avia-section av-jxn7q2om-4-d396c02af273def774609fc1e8ae9e1b main_color avia-section-default avia-no-border-styling  avia-builder-el-7  el_after_av_section  el_before_av_one_full  avia-bg-style-scroll container_wrap fullsize'  ><div class='container av-section-cont-open' ><div class='template-page content  av-content-full alpha units'><div class='post-entry post-entry-type-page post-entry-220'><div class='entry-content-wrapper clearfix'>\n<section  class='av_textblock_section av-jxn7kr0g-2-b2ffb6c77807c497e030100b0879e720 '   itemscope=\"itemscope\" itemtype=\"https:\/\/schema.org\/CreativeWork\" ><div class='av-desktop-hide av-medium-hide av-small-hide av-mini-hide avia_textblock'  itemprop=\"text\" ><div class=\"ow-prices-wrap\"><div class=\"ow-single-price\"><div class=\"ow-single-price-content ow-bg-light ow-text-body\"><div class=\"ow-single-price-header text-center ow-bg-color\"><h3 class=\"ow-text-light\">Super zgodnja prijava do 31. 12. 2026<\/h3><\/div><div class=\"ow-single-price-text\"><p>Kotizacija vklju\u010duje:<\/p>\n<ul>\n<li>vstop na vsa predavanja,<\/li>\n<li>pogostitve med odmori,<\/li>\n<li>mre\u017eenje na dru\u017eenju po predavanjih,<\/li>\n<li>e-gradivo,<\/li>\n<li>potrdilo o udele\u017ebi.<\/li>\n<\/ul>\n\n<p>Cena ne vklju\u010duje DDV.<\/p>\n<p>Cena zgodnje prijave je na voljo le \u0161e do 31. 12. 2026<\/p><\/div><div class=\"ow-single-price-footer\"><div class=\"ow-price-wrap text-center\" data-early = \"1\"><span class=\"ow-early-bird-price\">220&euro;<\/span><span class=\"ow-regular-price\">440&euro;<\/span><\/div><div class=\"ow-text-light\"><div  class='avia-button-wrap av-av_button-31e596969663722960a60e0b1708dd09-wrap avia-button-center '><a href='https:\/\/www.planetgv.si\/forum-podatkovne-analitike\/checkout\/?add-to-cart=1120&variation_id=3006&quantity=1&attr-type=tip-prijave'  class='avia-button av-av_button-31e596969663722960a60e0b1708dd09 av-link-btn avia-icon_select-yes-left-icon avia-size-large avia-position-center avia-color-pink'   aria-label=\"\u017delim se prijaviti\"><span class='avia_button_icon avia_button_icon_left avia-svg-icon avia-font-svg_entypo-fontello' data-av_svg_icon='' data-av_iconset='svg_entypo-fontello'><\/span><span class='avia_iconbox_title' >\u017delim se prijaviti<\/span><\/a><\/div><\/div><\/div><\/div><\/div><\/div>\n<\/div><\/section>\n<\/div><\/div><\/div><!-- close content main div --><\/div><\/div><div id='after_section_3'  class='main_color av_default_container_wrap container_wrap fullsize'  ><div class='container av-section-cont-open' ><div class='template-page content  av-content-full alpha units'><div class='post-entry post-entry-type-page post-entry-220'><div class='entry-content-wrapper clearfix'><\/p>\n\n<style type=\"text\/css\" data-created_by=\"avia_inline_auto\" id=\"style-css-av-7zwd8-a69964fdf32010fdcd7261304e75939b\">\n.flex_column.av-7zwd8-a69964fdf32010fdcd7261304e75939b{\nborder-radius:0px 0px 0px 0px;\npadding:0px 0px 0px 0px;\n}\n<\/style>\n<div  class='flex_column av-7zwd8-a69964fdf32010fdcd7261304e75939b av_one_full  avia-builder-el-9  el_after_av_section  el_before_av_textblock  avia-builder-el-first  first flex_column_div av-zero-column-padding  '     ><section  class='av_textblock_section av-kx8pbonv-895f5ab8fa7befe5a813db7075ea5834 '   itemscope=\"itemscope\" itemtype=\"https:\/\/schema.org\/CreativeWork\" ><div class='avia_textblock'  itemprop=\"text\" ><p>Ob hkratni prijavi 3 ali ve\u010d oseb iz istega podjetja vam na aktualne kotizacije priznamo dodaten 5 % popust.<\/p>\n<p>\u010ce boste izkoristili skupinsko prijavo in nato eno ali ve\u010d oseb odjavili, vam bomo popuste prilagodili glede na veljavno cenovno politiko.<\/p>\n<p>Vsi zgoraj navedeni popusti se obra\u010dunajo ro\u010dno po oddani prijavi. Komentarje vpi\u0161ite v opombe.<\/p>\n<p>Za redne \u0161tudente, ki so stari do vklju\u010dno 26 let, je na voljo \u0161tudentska kotizacija, ki zna\u0161a 60 EUR z DDV. Ob prijavi v opombe vpi\u0161ite \u0160TUDENT ter po\u0161ljite pisno dokazilo na mail prijave@planetgv.si.<\/p>\n<p>Vsi zgoraj navedeni popusti se obra\u010dunajo ro\u010dno po oddani prijavi. Komentarje vpi\u0161ite v opombe.<\/p>\n<p><br class=\"avia-permanent-lb\" \/><strong>POGOJI PRIJAVE IN ODJAVE<\/strong><\/p>\n<p>Ugodnej\u0161e cene kotizacij veljajo ob prijavi in pla\u010dilu kotizacije do navedenega datuma.<\/p>\n<p>Nepla\u010dilo predra\u010duna in\/ali neudele\u017eba na konferenci ne pomeni avtomatske odjave s konference. V primeru, da se \u017eelite odjaviti morate to pisno sporo\u010diti na prijave@planetgv.si<\/p>\n<p>Odjava z dogodka brez stro\u0161kov je mo\u017ena do 4 delovne dni pred dogodkom. Zadnji dan za odjavo brez stro\u0161kov je 19. 3. 2026 do 23:59.<\/p>\n<p>Pri odjavi, ki bo posredovana po tem datumu, vam bomo kotizacijo zara\u010dunali v celoti.<\/p>\n<p>\u010ce udele\u017eba \u017ee prijavljene osebe ni mo\u017ena, lahko prijavite nadomestnega udele\u017eenca.<\/p>\n<\/div><\/section><\/div><section  class='av_textblock_section av-jxn7kr0g-1-5b027094d1b83f01ab6b717655d00def '   itemscope=\"itemscope\" itemtype=\"https:\/\/schema.org\/CreativeWork\" ><div class='av-desktop-hide av-medium-hide av-small-hide av-mini-hide avia_textblock'  itemprop=\"text\" ><\/div><\/section><\/p>\n","protected":false},"excerpt":{"rendered":"","protected":false},"author":1,"featured_media":4579,"parent":0,"menu_order":0,"comment_status":"closed","ping_status":"closed","template":"","meta":{"footnotes":""},"acf":[],"yoast_head":"<!-- This site is optimized with the Yoast SEO plugin v22.6 - https:\/\/yoast.com\/wordpress\/plugins\/seo\/ -->\n<title>Prijava - Forum podatkovne analitike<\/title>\n<meta name=\"description\" content=\"Forum podatkovne analitike je osrednji letni dogodek, ki povezuje vse poklice s podro\u010dja podatkovne analitike.\" \/>\n<meta name=\"robots\" content=\"index, follow, max-snippet:-1, max-image-preview:large, max-video-preview:-1\" \/>\n<link rel=\"canonical\" href=\"https:\/\/www.planetgv.si\/forum-podatkovne-analitike\/prijava\/\" \/>\n<meta property=\"og:locale\" content=\"sl_SI\" \/>\n<meta property=\"og:type\" content=\"article\" \/>\n<meta property=\"og:title\" content=\"Prijava\" \/>\n<meta property=\"og:description\" content=\"Forum podatkovne analitike je osrednji letni dogodek, ki povezuje vse poklice s podro\u010dja podatkovne analitike.\" \/>\n<meta property=\"og:url\" content=\"https:\/\/www.planetgv.si\/forum-podatkovne-analitike\/prijava\/\" \/>\n<meta property=\"og:site_name\" content=\"Forum podatkovne analitike\" \/>\n<meta property=\"article:modified_time\" content=\"2025-11-24T10:09:22+00:00\" \/>\n<meta property=\"og:image\" content=\"https:\/\/www.planetgv.si\/wp-content\/uploads\/sites\/13\/2022\/12\/FPA23_OG_Image_1200x630px.png\" \/>\n\t<meta property=\"og:image:width\" content=\"1200\" \/>\n\t<meta property=\"og:image:height\" content=\"630\" \/>\n\t<meta property=\"og:image:type\" content=\"image\/png\" \/>\n<meta name=\"twitter:card\" content=\"summary_large_image\" \/>\n<meta name=\"twitter:label1\" content=\"Est. reading time\" \/>\n\t<meta name=\"twitter:data1\" content=\"2 minuti\" \/>\n<script type=\"application\/ld+json\" class=\"yoast-schema-graph\">{\"@context\":\"https:\/\/schema.org\",\"@graph\":[{\"@type\":\"WebPage\",\"@id\":\"https:\/\/www.planetgv.si\/forum-podatkovne-analitike\/prijava\/\",\"url\":\"https:\/\/www.planetgv.si\/forum-podatkovne-analitike\/prijava\/\",\"name\":\"Prijava - Forum podatkovne analitike\",\"isPartOf\":{\"@id\":\"https:\/\/www.planetgv.si\/forum-podatkovne-analitike\/#website\"},\"primaryImageOfPage\":{\"@id\":\"https:\/\/www.planetgv.si\/forum-podatkovne-analitike\/prijava\/#primaryimage\"},\"image\":{\"@id\":\"https:\/\/www.planetgv.si\/forum-podatkovne-analitike\/prijava\/#primaryimage\"},\"thumbnailUrl\":\"https:\/\/www.planetgv.si\/wp-content\/uploads\/sites\/13\/2025\/03\/FPA26_OG-Image_1200x630px.png\",\"datePublished\":\"2019-07-03T12:27:05+00:00\",\"dateModified\":\"2025-11-24T10:09:22+00:00\",\"description\":\"Forum podatkovne analitike je osrednji letni dogodek, ki povezuje vse poklice s podro\u010dja podatkovne analitike.\",\"breadcrumb\":{\"@id\":\"https:\/\/www.planetgv.si\/forum-podatkovne-analitike\/prijava\/#breadcrumb\"},\"inLanguage\":\"sl-SI\",\"potentialAction\":[{\"@type\":\"ReadAction\",\"target\":[\"https:\/\/www.planetgv.si\/forum-podatkovne-analitike\/prijava\/\"]}]},{\"@type\":\"ImageObject\",\"inLanguage\":\"sl-SI\",\"@id\":\"https:\/\/www.planetgv.si\/forum-podatkovne-analitike\/prijava\/#primaryimage\",\"url\":\"https:\/\/www.planetgv.si\/wp-content\/uploads\/sites\/13\/2025\/03\/FPA26_OG-Image_1200x630px.png\",\"contentUrl\":\"https:\/\/www.planetgv.si\/wp-content\/uploads\/sites\/13\/2025\/03\/FPA26_OG-Image_1200x630px.png\",\"width\":1200,\"height\":630},{\"@type\":\"BreadcrumbList\",\"@id\":\"https:\/\/www.planetgv.si\/forum-podatkovne-analitike\/prijava\/#breadcrumb\",\"itemListElement\":[{\"@type\":\"ListItem\",\"position\":1,\"name\":\"Home\",\"item\":\"https:\/\/www.planetgv.si\/forum-podatkovne-analitike\/homepage\/\"},{\"@type\":\"ListItem\",\"position\":2,\"name\":\"Prijava\"}]},{\"@type\":\"WebSite\",\"@id\":\"https:\/\/www.planetgv.si\/forum-podatkovne-analitike\/#website\",\"url\":\"https:\/\/www.planetgv.si\/forum-podatkovne-analitike\/\",\"name\":\"Forum podatkovne analitike\",\"description\":\"Forum podatkovne analitike\",\"publisher\":{\"@id\":\"https:\/\/www.planetgv.si\/forum-podatkovne-analitike\/#organization\"},\"potentialAction\":[{\"@type\":\"SearchAction\",\"target\":{\"@type\":\"EntryPoint\",\"urlTemplate\":\"https:\/\/www.planetgv.si\/forum-podatkovne-analitike\/?s={search_term_string}\"},\"query-input\":\"required name=search_term_string\"}],\"inLanguage\":\"sl-SI\"},{\"@type\":\"Organization\",\"@id\":\"https:\/\/www.planetgv.si\/forum-podatkovne-analitike\/#organization\",\"name\":\"Forum podatkovne analitike\",\"url\":\"https:\/\/www.planetgv.si\/forum-podatkovne-analitike\/\",\"logo\":{\"@type\":\"ImageObject\",\"inLanguage\":\"sl-SI\",\"@id\":\"https:\/\/www.planetgv.si\/forum-podatkovne-analitike\/#\/schema\/logo\/image\/\",\"url\":\"https:\/\/www.planetgv.si\/forum-podatkovne-analitike\/wp-content\/uploads\/sites\/13\/2020\/06\/FPA_logo_400_400.jpg\",\"contentUrl\":\"https:\/\/www.planetgv.si\/forum-podatkovne-analitike\/wp-content\/uploads\/sites\/13\/2020\/06\/FPA_logo_400_400.jpg\",\"width\":400,\"height\":400,\"caption\":\"Forum podatkovne analitike\"},\"image\":{\"@id\":\"https:\/\/www.planetgv.si\/forum-podatkovne-analitike\/#\/schema\/logo\/image\/\"}}]}<\/script>\n<!-- \/ Yoast SEO plugin. -->","yoast_head_json":{"title":"Prijava - Forum podatkovne analitike","description":"Forum podatkovne analitike je osrednji letni dogodek, ki povezuje vse poklice s podro\u010dja podatkovne analitike.","robots":{"index":"index","follow":"follow","max-snippet":"max-snippet:-1","max-image-preview":"max-image-preview:large","max-video-preview":"max-video-preview:-1"},"canonical":"https:\/\/www.planetgv.si\/forum-podatkovne-analitike\/prijava\/","og_locale":"sl_SI","og_type":"article","og_title":"Prijava","og_description":"Forum podatkovne analitike je osrednji letni dogodek, ki povezuje vse poklice s podro\u010dja podatkovne analitike.","og_url":"https:\/\/www.planetgv.si\/forum-podatkovne-analitike\/prijava\/","og_site_name":"Forum podatkovne analitike","article_modified_time":"2025-11-24T10:09:22+00:00","og_image":[{"width":1200,"height":630,"url":"https:\/\/www.planetgv.si\/wp-content\/uploads\/sites\/13\/2022\/12\/FPA23_OG_Image_1200x630px.png","type":"image\/png"}],"twitter_card":"summary_large_image","twitter_misc":{"Est. reading time":"2 minuti"},"schema":{"@context":"https:\/\/schema.org","@graph":[{"@type":"WebPage","@id":"https:\/\/www.planetgv.si\/forum-podatkovne-analitike\/prijava\/","url":"https:\/\/www.planetgv.si\/forum-podatkovne-analitike\/prijava\/","name":"Prijava - Forum podatkovne analitike","isPartOf":{"@id":"https:\/\/www.planetgv.si\/forum-podatkovne-analitike\/#website"},"primaryImageOfPage":{"@id":"https:\/\/www.planetgv.si\/forum-podatkovne-analitike\/prijava\/#primaryimage"},"image":{"@id":"https:\/\/www.planetgv.si\/forum-podatkovne-analitike\/prijava\/#primaryimage"},"thumbnailUrl":"https:\/\/www.planetgv.si\/wp-content\/uploads\/sites\/13\/2025\/03\/FPA26_OG-Image_1200x630px.png","datePublished":"2019-07-03T12:27:05+00:00","dateModified":"2025-11-24T10:09:22+00:00","description":"Forum podatkovne analitike je osrednji letni dogodek, ki povezuje vse poklice s podro\u010dja podatkovne analitike.","breadcrumb":{"@id":"https:\/\/www.planetgv.si\/forum-podatkovne-analitike\/prijava\/#breadcrumb"},"inLanguage":"sl-SI","potentialAction":[{"@type":"ReadAction","target":["https:\/\/www.planetgv.si\/forum-podatkovne-analitike\/prijava\/"]}]},{"@type":"ImageObject","inLanguage":"sl-SI","@id":"https:\/\/www.planetgv.si\/forum-podatkovne-analitike\/prijava\/#primaryimage","url":"https:\/\/www.planetgv.si\/wp-content\/uploads\/sites\/13\/2025\/03\/FPA26_OG-Image_1200x630px.png","contentUrl":"https:\/\/www.planetgv.si\/wp-content\/uploads\/sites\/13\/2025\/03\/FPA26_OG-Image_1200x630px.png","width":1200,"height":630},{"@type":"BreadcrumbList","@id":"https:\/\/www.planetgv.si\/forum-podatkovne-analitike\/prijava\/#breadcrumb","itemListElement":[{"@type":"ListItem","position":1,"name":"Home","item":"https:\/\/www.planetgv.si\/forum-podatkovne-analitike\/homepage\/"},{"@type":"ListItem","position":2,"name":"Prijava"}]},{"@type":"WebSite","@id":"https:\/\/www.planetgv.si\/forum-podatkovne-analitike\/#website","url":"https:\/\/www.planetgv.si\/forum-podatkovne-analitike\/","name":"Forum podatkovne analitike","description":"Forum podatkovne analitike","publisher":{"@id":"https:\/\/www.planetgv.si\/forum-podatkovne-analitike\/#organization"},"potentialAction":[{"@type":"SearchAction","target":{"@type":"EntryPoint","urlTemplate":"https:\/\/www.planetgv.si\/forum-podatkovne-analitike\/?s={search_term_string}"},"query-input":"required name=search_term_string"}],"inLanguage":"sl-SI"},{"@type":"Organization","@id":"https:\/\/www.planetgv.si\/forum-podatkovne-analitike\/#organization","name":"Forum podatkovne analitike","url":"https:\/\/www.planetgv.si\/forum-podatkovne-analitike\/","logo":{"@type":"ImageObject","inLanguage":"sl-SI","@id":"https:\/\/www.planetgv.si\/forum-podatkovne-analitike\/#\/schema\/logo\/image\/","url":"https:\/\/www.planetgv.si\/forum-podatkovne-analitike\/wp-content\/uploads\/sites\/13\/2020\/06\/FPA_logo_400_400.jpg","contentUrl":"https:\/\/www.planetgv.si\/forum-podatkovne-analitike\/wp-content\/uploads\/sites\/13\/2020\/06\/FPA_logo_400_400.jpg","width":400,"height":400,"caption":"Forum podatkovne analitike"},"image":{"@id":"https:\/\/www.planetgv.si\/forum-podatkovne-analitike\/#\/schema\/logo\/image\/"}}]}},"_links":{"self":[{"href":"https:\/\/www.planetgv.si\/forum-podatkovne-analitike\/wp-json\/wp\/v2\/pages\/220"}],"collection":[{"href":"https:\/\/www.planetgv.si\/forum-podatkovne-analitike\/wp-json\/wp\/v2\/pages"}],"about":[{"href":"https:\/\/www.planetgv.si\/forum-podatkovne-analitike\/wp-json\/wp\/v2\/types\/page"}],"author":[{"embeddable":true,"href":"https:\/\/www.planetgv.si\/forum-podatkovne-analitike\/wp-json\/wp\/v2\/users\/1"}],"replies":[{"embeddable":true,"href":"https:\/\/www.planetgv.si\/forum-podatkovne-analitike\/wp-json\/wp\/v2\/comments?post=220"}],"version-history":[{"count":2,"href":"https:\/\/www.planetgv.si\/forum-podatkovne-analitike\/wp-json\/wp\/v2\/pages\/220\/revisions"}],"predecessor-version":[{"id":4881,"href":"https:\/\/www.planetgv.si\/forum-podatkovne-analitike\/wp-json\/wp\/v2\/pages\/220\/revisions\/4881"}],"wp:featuredmedia":[{"embeddable":true,"href":"https:\/\/www.planetgv.si\/forum-podatkovne-analitike\/wp-json\/wp\/v2\/media\/4579"}],"wp:attachment":[{"href":"https:\/\/www.planetgv.si\/forum-podatkovne-analitike\/wp-json\/wp\/v2\/media?parent=220"}],"curies":[{"name":"wp","href":"https:\/\/api.w.org\/{rel}","templated":true}]}}