{"id":1126,"date":"2019-09-20T10:53:23","date_gmt":"2019-09-20T09:53:23","guid":{"rendered":"https:\/\/www.planetgv.si\/forumanalitike\/?page_id=1126"},"modified":"2026-02-13T11:21:11","modified_gmt":"2026-02-13T10:21:11","slug":"partnerstvo","status":"publish","type":"page","link":"https:\/\/www.planetgv.si\/forum-podatkovne-analitike\/partnerstvo\/","title":{"rendered":"Partnerstvo"},"content":{"rendered":"<div id='av_section_1'  class='avia-section av-lv3m-111327a077a42f254663cf2db71e2475 main_color avia-section-large avia-no-border-styling  avia-builder-el-0  el_before_av_section  avia-builder-el-first  banner avia-bg-style-scroll av-minimum-height av-minimum-height-custom av-height-custom  container_wrap fullsize'   data-av_minimum_height_px='470'><div class='container av-section-cont-open' style='height:470px'><main  role=\"main\" itemprop=\"mainContentOfPage\"  class='template-page content  av-content-full alpha units'><div class='post-entry post-entry-type-page post-entry-1126'><div class='entry-content-wrapper clearfix'>\n\n<style type=\"text\/css\" data-created_by=\"avia_inline_auto\" id=\"style-css-av-23ru-7ef61b0891ec58b174515093af5ef491\">\n.flex_column.av-23ru-7ef61b0891ec58b174515093af5ef491{\nborder-radius:0px 0px 0px 0px;\npadding:0px 0px 0px 0px;\n}\n<\/style>\n<div  class='flex_column av-23ru-7ef61b0891ec58b174515093af5ef491 av_one_full  avia-builder-el-1  avia-builder-el-no-sibling  first flex_column_div av-zero-column-padding  '     ><section  class='av_textblock_section av-jxk287n1-daf6901d14470a303e5a4d6391051a5d '   itemscope=\"itemscope\" itemtype=\"https:\/\/schema.org\/CreativeWork\" ><div class='avia_textblock ow-text-light'  itemprop=\"text\" ><h1>Postanite partner<\/h1>\n<\/div><\/section><\/div>\n\n<\/div><\/div><\/main><!-- close content main element --><\/div><\/div><div id='av_section_2'  class='avia-section av-k0vzrm86-bb28268763142b3cf3dbc37db688a71c main_color avia-section-default avia-no-border-styling  avia-builder-el-3  el_after_av_section  el_before_av_one_half  pt-100 invalid-custom-class-found av-desktop-hide av-medium-hide av-small-hide av-mini-hide avia-bg-style-scroll container_wrap fullsize'  ><div class='container av-section-cont-open' ><div class='template-page content  av-content-full alpha units'><div class='post-entry post-entry-type-page post-entry-1126'><div class='entry-content-wrapper clearfix'>\n\n<style type=\"text\/css\" data-created_by=\"avia_inline_auto\" id=\"style-css-av-2d819pi-270503a55341927c486411cb79ff377e\">\n.flex_column.av-2d819pi-270503a55341927c486411cb79ff377e{\nborder-radius:0px 0px 0px 0px;\npadding:0px 0px 0px 0px;\n}\n<\/style>\n<div  class='flex_column av-2d819pi-270503a55341927c486411cb79ff377e av_one_full  avia-builder-el-4  avia-builder-el-no-sibling  first flex_column_div av-zero-column-padding  '     ><section  class='av_textblock_section av-k0vzsse9-0e3ff3e7b46c389990fc7e1fe0f5ad2b '   itemscope=\"itemscope\" itemtype=\"https:\/\/schema.org\/CreativeWork\" ><div class='avia_textblock ow-text'  itemprop=\"text\" ><h2>Organizatorji in partnerji<\/h2>\n<p>Forum podatkovne analitike 2022 poteka v soorganizaciji Planet GV in podjetja Result d.o.o.<\/p>\n<\/div><\/section><br \/>\n<div  class='avia-logo-element-container av-k0vzxg0f-5cc5ab337f84b9a3addbd869596e1ef3 av-border-deactivate avia-logo-grid avia-content-slider avia-smallarrow-slider avia-content-grid-active noHover avia-content-slider-odd  avia-builder-el-6  el_after_av_textblock  avia-builder-el-last  ow-logo-partnerji avia-content-slider1' ><div class='avia-smallarrow-slider-heading  no-logo-slider-heading '><div class='new-special-heading'>&nbsp;<\/div><\/div><div class=\"avia-content-slider-inner\"><div class=\"slide-entry-wrap\"><div  class='slide-entry av-77xvl2-8314ad0e95d2ce767c2cb3350f51e702 flex_column no_margin av_fullwidth real-thumbnail post-entry slide-entry-overview slide-loop-1 slide-parity-odd post-entry-last first'><a href=\"https:\/\/www.result.si\/\" data-rel='slide-1' class='slide-image' title='' target=\"_blank\" rel=\"noopener noreferrer\"><img width=\"210\" height=\"113\" src=\"https:\/\/www.planetgv.si\/wp-content\/uploads\/sites\/13\/2020\/06\/Result_210_113_1.png\" class=\"wp-image-1966 avia-img-lazy-loading-1966 attachment-no scaling size-no scaling\" alt=\"\" decoding=\"async\" loading=\"lazy\" \/><\/a><\/div><\/div><\/div><\/div><\/p><\/div>\n<\/div><\/div><\/div><!-- close content main div --><\/div><\/div><div id='after_section_2'  class='main_color av_default_container_wrap container_wrap fullsize'  ><div class='container av-section-cont-open' ><div class='template-page content  av-content-full alpha units'><div class='post-entry post-entry-type-page post-entry-1126'><div class='entry-content-wrapper clearfix'>\n\n<style type=\"text\/css\" data-created_by=\"avia_inline_auto\" id=\"style-css-av-4dow5i-8440882cdd0c77fab31211f1363b026e\">\n.flex_column.av-4dow5i-8440882cdd0c77fab31211f1363b026e{\nborder-radius:0px 0px 0px 0px;\npadding:0px 0px 0px 0px;\n}\n<\/style>\n<div  class='flex_column av-4dow5i-8440882cdd0c77fab31211f1363b026e av_one_half  avia-builder-el-7  el_after_av_section  el_before_av_one_half  avia-builder-el-first  first flex_column_div av-zero-column-padding  '     ><p>\n<style type=\"text\/css\" data-created_by=\"avia_inline_auto\" id=\"style-css-av-kx8uu96t-ced9bf8b708a81e270d6e0b1b758c8b8\">\n#top .hr.hr-invisible.av-kx8uu96t-ced9bf8b708a81e270d6e0b1b758c8b8{\nheight:80px;\n}\n<\/style>\n<div  class='hr av-kx8uu96t-ced9bf8b708a81e270d6e0b1b758c8b8 hr-invisible  avia-builder-el-8  el_before_av_textblock  avia-builder-el-first '><span class='hr-inner '><span class=\"hr-inner-style\"><\/span><\/span><\/div><br \/>\n<section  class='av_textblock_section av-kx7kg30j-e4a402fb04d1608e8f0c26f77297775d '   itemscope=\"itemscope\" itemtype=\"https:\/\/schema.org\/CreativeWork\" ><div class='avia_textblock'  itemprop=\"text\" ><h2 style=\"text-align: left\" align=\"center\">Izpostavite svojo vlogo, postanite na\u0161 partner<\/h2>\n<\/div><\/section><br \/>\n<section  class='av_textblock_section av-kx7kgrr7-61159b446ab57b0d9ed8c2fa35579f78 '   itemscope=\"itemscope\" itemtype=\"https:\/\/schema.org\/CreativeWork\" ><div class='avia_textblock'  itemprop=\"text\" ><p>Vas zanima sodelovanje na forumu, kjer bomo zdru\u017eili mo\u010di na temelju povezovanja, razvoja stroke in dviga njenega pomena v poslovni skupnosti? Va\u0161e sodelovanje na forumu predstavlja neprecenljivo prilo\u017enost za izmenjavo strokovnega znanja, spoznavanje novih ljudi ter vzpostavljanje novih poslovnih vezi in negovanje \u017ee obstoje\u010dih partnerstev. Va\u0161a prisotnost ne bo samo izbolj\u0161ala va\u0161e prepoznavnosti, temve\u010d bo tudi okrepila vidnost in pomen celotne panoge.<br \/>\n<br class=\"avia-permanent-lb\" \/><\/p>\n<p>Ne zamudite te izjemne prilo\u017enosti, da javno izpostavite svojo vlogo v tem hitro razvijajo\u010dem se podro\u010dju. Pripravili smo razli\u010dne mo\u017enosti sodelovanja, ki jih lahko prilagodimo va\u0161im specifi\u010dnim ciljem in \u017eeljam. Za ve\u010d informacij o mo\u017enostih sodelovanja in kako lahko skupaj ustvarimo ve\u010djo vrednost, se obrnite na nas na fpa@planetgv.si. Skupaj lahko ustvarimo dogodek, ki bo prina\u0161al vrednost za vse!<\/p>\n<\/div><\/section><br \/>\n<section  class='av_textblock_section av-kbf4egn7-4db6a5059f05050c45aae15df076f7d9 '   itemscope=\"itemscope\" itemtype=\"https:\/\/schema.org\/CreativeWork\" ><div class='avia_textblock'  itemprop=\"text\" ><h2>Kontaktirajte nas<\/h2>\n<p>Za vse nadaljnje informacije glede partnerstva na dogodku kontaktirajte: Gregor Baj\u017eelj, vodja partnerskih sodelovanj,\u00a0 e. <a href=\"mailto:gregor@planetgv.si\">gregor@planetgv.si<\/a>.<\/p>\n<\/div><\/section><\/p><\/div>\n\n<style type=\"text\/css\" data-created_by=\"avia_inline_auto\" id=\"style-css-av-1ysgp2-89400473ea72570ef05f46107f56a955\">\n.flex_column.av-1ysgp2-89400473ea72570ef05f46107f56a955{\nborder-radius:0px 0px 0px 0px;\npadding:0px 0px 0px 0px;\n}\n<\/style>\n<div  class='flex_column av-1ysgp2-89400473ea72570ef05f46107f56a955 av_one_half  avia-builder-el-12  el_after_av_one_half  el_before_av_section  avia-builder-el-last  flex_column_div av-zero-column-padding  '     ><p>\n<style type=\"text\/css\" data-created_by=\"avia_inline_auto\" id=\"style-css-av-kx8uucou-af1a1553bffcffef1d4f1945d3882e7e\">\n#top .hr.hr-invisible.av-kx8uucou-af1a1553bffcffef1d4f1945d3882e7e{\nheight:80px;\n}\n<\/style>\n<div  class='hr av-kx8uucou-af1a1553bffcffef1d4f1945d3882e7e hr-invisible  avia-builder-el-13  el_before_av_image  avia-builder-el-first '><span class='hr-inner '><span class=\"hr-inner-style\"><\/span><\/span><\/div><br \/>\n\n<style type=\"text\/css\" data-created_by=\"avia_inline_auto\" id=\"style-css-av-kx7kodpd-b7854b3169f8c1770b538e4d9bf13a4b\">\n.avia-image-container.av-kx7kodpd-b7854b3169f8c1770b538e4d9bf13a4b img.avia_image{\nbox-shadow:none;\n}\n.avia-image-container.av-kx7kodpd-b7854b3169f8c1770b538e4d9bf13a4b .av-image-caption-overlay-center{\ncolor:#ffffff;\n}\n<\/style>\n<div  class='avia-image-container av-kx7kodpd-b7854b3169f8c1770b538e4d9bf13a4b av-styling- avia-align-center  avia-builder-el-14  el_after_av_hr  avia-builder-el-last  bullets-top-right invalid-custom-class-found'   itemprop=\"image\" itemscope=\"itemscope\" itemtype=\"https:\/\/schema.org\/ImageObject\" ><div class=\"avia-image-container-inner\"><div class=\"avia-image-overlay-wrap\"><img decoding=\"async\" fetchpriority=\"high\" class='wp-image-3003 avia-img-lazy-loading-not-3003 avia_image ' src=\"https:\/\/www.planetgv.si\/wp-content\/uploads\/sites\/13\/2022\/11\/Forum-podatkovne-analitike-2022-119-1.jpg\" alt='' title='Forum podatkovne analitike 2022 (119)'  height=\"563\" width=\"846\"  itemprop=\"thumbnailUrl\" srcset=\"https:\/\/www.planetgv.si\/wp-content\/uploads\/sites\/13\/2022\/11\/Forum-podatkovne-analitike-2022-119-1.jpg 846w, https:\/\/www.planetgv.si\/wp-content\/uploads\/sites\/13\/2022\/11\/Forum-podatkovne-analitike-2022-119-1-300x200.jpg 300w, https:\/\/www.planetgv.si\/wp-content\/uploads\/sites\/13\/2022\/11\/Forum-podatkovne-analitike-2022-119-1-768x511.jpg 768w, https:\/\/www.planetgv.si\/wp-content\/uploads\/sites\/13\/2022\/11\/Forum-podatkovne-analitike-2022-119-1-705x469.jpg 705w, https:\/\/www.planetgv.si\/wp-content\/uploads\/sites\/13\/2022\/11\/Forum-podatkovne-analitike-2022-119-1-450x299.jpg 450w, https:\/\/www.planetgv.si\/wp-content\/uploads\/sites\/13\/2022\/11\/Forum-podatkovne-analitike-2022-119-1-600x399.jpg 600w\" sizes=\"(max-width: 846px) 100vw, 846px\" \/><\/div><\/div><\/div><\/p><\/div>\n<\/div><\/div><\/div><!-- close content main div --><\/div><\/div><div id='av_section_3'  class='avia-section av-av_section-7bde14187fc9be1fd20a7e73833688ab main_color avia-section-huge avia-no-border-styling  avia-builder-el-15  el_after_av_one_half  avia-builder-el-last  ow-homepage-partners avia-bg-style-scroll container_wrap fullsize'  ><div class='container av-section-cont-open' ><div class='template-page content  av-content-full alpha units'><div class='post-entry post-entry-type-page post-entry-1126'><div class='entry-content-wrapper clearfix'>\n\n<style type=\"text\/css\" data-created_by=\"avia_inline_auto\" id=\"style-css-av-av_one_full-e4e4be119530364d19eac733d4a94ec4\">\n.flex_column.av-av_one_full-e4e4be119530364d19eac733d4a94ec4{\nborder-radius:0px 0px 0px 0px;\npadding:0px 0px 0px 0px;\n}\n<\/style>\n<div  class='flex_column av-av_one_full-e4e4be119530364d19eac733d4a94ec4 av_one_full  avia-builder-el-16  avia-builder-el-no-sibling  first flex_column_div av-zero-column-padding  '     ><section  class='av_textblock_section av-av_textblock-0a02386ba751c47a474bb954b691abdd '   itemscope=\"itemscope\" itemtype=\"https:\/\/schema.org\/CreativeWork\" ><div class='avia_textblock'  itemprop=\"text\" ><h3 style=\"text-align: center\">PARTNERJI FORUMA PODATKOVNE ANALITIKE 2026<\/h3>\n<\/div><\/section><br \/>\n<div  class='avia-logo-element-container av-av_partner-f72b8863de0959763474a3150f578ef9 av-border-deactivate avia-logo-grid avia-content-slider avia-smallarrow-slider avia-content-grid-active noHover avia-content-slider-odd  avia-builder-el-18  el_after_av_textblock  el_before_av_textblock  ow-logo-partnerji avia-content-slider2' ><div class='avia-smallarrow-slider-heading  no-logo-slider-heading '><div class='new-special-heading'>&nbsp;<\/div><\/div><div class=\"avia-content-slider-inner\"><div class=\"slide-entry-wrap\"><div  class='slide-entry av-av_partner_logo-6c96257df675b1b8676d1a5e64afa2df flex_column no_margin av_fullwidth real-thumbnail post-entry slide-entry-overview slide-loop-1 slide-parity-odd  first'><a href=\"https:\/\/www.result.si\/\" data-rel='slide-2' class='slide-image' title='' target=\"_blank\" rel=\"noopener noreferrer\"><img width=\"210\" height=\"113\" src=\"https:\/\/www.planetgv.si\/wp-content\/uploads\/sites\/13\/2020\/06\/Result_210_113_1.png\" class=\"wp-image-1966 avia-img-lazy-loading-not-1966 attachment-no scaling size-no scaling\" alt=\"\" decoding=\"async\" \/><\/a><\/div><\/div><div class=\"slide-entry-wrap\"><div  class='slide-entry av-av_partner_logo-d0545e5c690cd4af6ebf3a86426bb4a6 flex_column no_margin av_fullwidth real-thumbnail post-entry slide-entry-overview slide-loop-2 slide-parity-odd post-entry-last first'><a href=\"https:\/\/www.be-terna.com\/solutions\/analytics-and-ai\/artificial-intelligence\/alisa-ai\" data-rel='slide-2' class='slide-image' title='' target=\"_blank\" rel=\"noopener noreferrer\"><img width=\"315\" height=\"170\" src=\"https:\/\/www.planetgv.si\/wp-content\/uploads\/sites\/13\/2025\/02\/Be-Terna.png\" class=\"wp-image-4431 avia-img-lazy-loading-4431 attachment-no scaling size-no scaling\" alt=\"\" decoding=\"async\" loading=\"lazy\" srcset=\"https:\/\/www.planetgv.si\/wp-content\/uploads\/sites\/13\/2025\/02\/Be-Terna.png 315w, https:\/\/www.planetgv.si\/wp-content\/uploads\/sites\/13\/2025\/02\/Be-Terna-300x162.png 300w\" sizes=\"(max-width: 315px) 100vw, 315px\" \/><\/a><\/div><\/div><\/div><\/div><br \/>\n<section  class='av_textblock_section av-av_textblock-0a02386ba751c47a474bb954b691abdd '   itemscope=\"itemscope\" itemtype=\"https:\/\/schema.org\/CreativeWork\" ><div class='avia_textblock'  itemprop=\"text\" ><h3 style=\"text-align: center\">URADNI PARTNER E-PODPISOVANJA<\/h3>\n<\/div><\/section><br \/>\n<div  class='avia-logo-element-container av-av_partner-f72b8863de0959763474a3150f578ef9 av-border-deactivate avia-logo-grid avia-content-slider avia-smallarrow-slider avia-content-grid-active noHover avia-content-slider-odd  avia-builder-el-20  el_after_av_textblock  avia-builder-el-last  ow-logo-partnerji avia-content-slider3' ><div class='avia-smallarrow-slider-heading  no-logo-slider-heading '><div class='new-special-heading'>&nbsp;<\/div><\/div><div class=\"avia-content-slider-inner\"><div class=\"slide-entry-wrap\"><div  class='slide-entry av-av_partner_logo-6c96257df675b1b8676d1a5e64afa2df flex_column no_margin av_fullwidth real-thumbnail post-entry slide-entry-overview slide-loop-1 slide-parity-odd  first'><a href=\"https:\/\/www.result.si\/\" data-rel='slide-3' class='slide-image' title='' target=\"_blank\" rel=\"noopener noreferrer\"><img width=\"210\" height=\"113\" src=\"https:\/\/www.planetgv.si\/wp-content\/uploads\/sites\/13\/2020\/06\/Result_210_113_1.png\" class=\"wp-image-1966 avia-img-lazy-loading-not-1966 attachment-no scaling size-no scaling\" alt=\"\" decoding=\"async\" \/><\/a><\/div><\/div><div class=\"slide-entry-wrap\"><div  class='slide-entry av-av_partner_logo-d0545e5c690cd4af6ebf3a86426bb4a6 flex_column no_margin av_fullwidth real-thumbnail post-entry slide-entry-overview slide-loop-2 slide-parity-odd post-entry-last first'><a href=\"https:\/\/www.be-terna.com\/solutions\/analytics-and-ai\/artificial-intelligence\/alisa-ai\" data-rel='slide-3' class='slide-image' title='' target=\"_blank\" rel=\"noopener noreferrer\"><img width=\"315\" height=\"170\" src=\"https:\/\/www.planetgv.si\/wp-content\/uploads\/sites\/13\/2025\/02\/Be-Terna.png\" class=\"wp-image-4431 avia-img-lazy-loading-not-4431 attachment-no scaling size-no scaling\" alt=\"\" decoding=\"async\" srcset=\"https:\/\/www.planetgv.si\/wp-content\/uploads\/sites\/13\/2025\/02\/Be-Terna.png 315w, https:\/\/www.planetgv.si\/wp-content\/uploads\/sites\/13\/2025\/02\/Be-Terna-300x162.png 300w\" sizes=\"(max-width: 315px) 100vw, 315px\" \/><\/a><\/div><\/div><\/div><\/div><\/p><\/div>\n\n","protected":false},"excerpt":{"rendered":"","protected":false},"author":1,"featured_media":4579,"parent":0,"menu_order":0,"comment_status":"closed","ping_status":"closed","template":"","meta":{"footnotes":""},"acf":[],"yoast_head":"<!-- This site is optimized with the Yoast SEO plugin v22.6 - https:\/\/yoast.com\/wordpress\/plugins\/seo\/ -->\n<title>Partnerstvo - Forum podatkovne analitike<\/title>\n<meta name=\"robots\" content=\"index, follow, max-snippet:-1, max-image-preview:large, max-video-preview:-1\" \/>\n<link rel=\"canonical\" href=\"https:\/\/www.planetgv.si\/forum-podatkovne-analitike\/partnerstvo\/\" \/>\n<meta property=\"og:locale\" content=\"sl_SI\" \/>\n<meta property=\"og:type\" content=\"article\" \/>\n<meta property=\"og:title\" content=\"Partnerstvo - Forum podatkovne analitike\" \/>\n<meta property=\"og:url\" content=\"https:\/\/www.planetgv.si\/forum-podatkovne-analitike\/partnerstvo\/\" \/>\n<meta property=\"og:site_name\" content=\"Forum podatkovne analitike\" \/>\n<meta property=\"article:modified_time\" content=\"2026-02-13T10:21:11+00:00\" \/>\n<meta property=\"og:image\" content=\"https:\/\/www.planetgv.si\/wp-content\/uploads\/sites\/13\/2025\/03\/FPA26_OG-Image_1200x630px.png\" \/>\n\t<meta property=\"og:image:width\" content=\"1200\" \/>\n\t<meta property=\"og:image:height\" content=\"630\" \/>\n\t<meta property=\"og:image:type\" content=\"image\/png\" \/>\n<meta name=\"twitter:card\" content=\"summary_large_image\" \/>\n<meta name=\"twitter:label1\" content=\"Est. reading time\" \/>\n\t<meta name=\"twitter:data1\" content=\"3 minute\" \/>\n<script type=\"application\/ld+json\" class=\"yoast-schema-graph\">{\"@context\":\"https:\/\/schema.org\",\"@graph\":[{\"@type\":\"WebPage\",\"@id\":\"https:\/\/www.planetgv.si\/forum-podatkovne-analitike\/partnerstvo\/\",\"url\":\"https:\/\/www.planetgv.si\/forum-podatkovne-analitike\/partnerstvo\/\",\"name\":\"Partnerstvo - Forum podatkovne analitike\",\"isPartOf\":{\"@id\":\"https:\/\/www.planetgv.si\/forum-podatkovne-analitike\/#website\"},\"primaryImageOfPage\":{\"@id\":\"https:\/\/www.planetgv.si\/forum-podatkovne-analitike\/partnerstvo\/#primaryimage\"},\"image\":{\"@id\":\"https:\/\/www.planetgv.si\/forum-podatkovne-analitike\/partnerstvo\/#primaryimage\"},\"thumbnailUrl\":\"https:\/\/www.planetgv.si\/wp-content\/uploads\/sites\/13\/2025\/03\/FPA26_OG-Image_1200x630px.png\",\"datePublished\":\"2019-09-20T09:53:23+00:00\",\"dateModified\":\"2026-02-13T10:21:11+00:00\",\"breadcrumb\":{\"@id\":\"https:\/\/www.planetgv.si\/forum-podatkovne-analitike\/partnerstvo\/#breadcrumb\"},\"inLanguage\":\"sl-SI\",\"potentialAction\":[{\"@type\":\"ReadAction\",\"target\":[\"https:\/\/www.planetgv.si\/forum-podatkovne-analitike\/partnerstvo\/\"]}]},{\"@type\":\"ImageObject\",\"inLanguage\":\"sl-SI\",\"@id\":\"https:\/\/www.planetgv.si\/forum-podatkovne-analitike\/partnerstvo\/#primaryimage\",\"url\":\"https:\/\/www.planetgv.si\/wp-content\/uploads\/sites\/13\/2025\/03\/FPA26_OG-Image_1200x630px.png\",\"contentUrl\":\"https:\/\/www.planetgv.si\/wp-content\/uploads\/sites\/13\/2025\/03\/FPA26_OG-Image_1200x630px.png\",\"width\":1200,\"height\":630},{\"@type\":\"BreadcrumbList\",\"@id\":\"https:\/\/www.planetgv.si\/forum-podatkovne-analitike\/partnerstvo\/#breadcrumb\",\"itemListElement\":[{\"@type\":\"ListItem\",\"position\":1,\"name\":\"Home\",\"item\":\"https:\/\/www.planetgv.si\/forum-podatkovne-analitike\/homepage\/\"},{\"@type\":\"ListItem\",\"position\":2,\"name\":\"Partnerstvo\"}]},{\"@type\":\"WebSite\",\"@id\":\"https:\/\/www.planetgv.si\/forum-podatkovne-analitike\/#website\",\"url\":\"https:\/\/www.planetgv.si\/forum-podatkovne-analitike\/\",\"name\":\"Forum podatkovne analitike\",\"description\":\"Forum podatkovne analitike\",\"publisher\":{\"@id\":\"https:\/\/www.planetgv.si\/forum-podatkovne-analitike\/#organization\"},\"potentialAction\":[{\"@type\":\"SearchAction\",\"target\":{\"@type\":\"EntryPoint\",\"urlTemplate\":\"https:\/\/www.planetgv.si\/forum-podatkovne-analitike\/?s={search_term_string}\"},\"query-input\":\"required name=search_term_string\"}],\"inLanguage\":\"sl-SI\"},{\"@type\":\"Organization\",\"@id\":\"https:\/\/www.planetgv.si\/forum-podatkovne-analitike\/#organization\",\"name\":\"Forum podatkovne analitike\",\"url\":\"https:\/\/www.planetgv.si\/forum-podatkovne-analitike\/\",\"logo\":{\"@type\":\"ImageObject\",\"inLanguage\":\"sl-SI\",\"@id\":\"https:\/\/www.planetgv.si\/forum-podatkovne-analitike\/#\/schema\/logo\/image\/\",\"url\":\"https:\/\/www.planetgv.si\/forum-podatkovne-analitike\/wp-content\/uploads\/sites\/13\/2020\/06\/FPA_logo_400_400.jpg\",\"contentUrl\":\"https:\/\/www.planetgv.si\/forum-podatkovne-analitike\/wp-content\/uploads\/sites\/13\/2020\/06\/FPA_logo_400_400.jpg\",\"width\":400,\"height\":400,\"caption\":\"Forum podatkovne analitike\"},\"image\":{\"@id\":\"https:\/\/www.planetgv.si\/forum-podatkovne-analitike\/#\/schema\/logo\/image\/\"}}]}<\/script>\n<!-- \/ Yoast SEO plugin. -->","yoast_head_json":{"title":"Partnerstvo - Forum podatkovne analitike","robots":{"index":"index","follow":"follow","max-snippet":"max-snippet:-1","max-image-preview":"max-image-preview:large","max-video-preview":"max-video-preview:-1"},"canonical":"https:\/\/www.planetgv.si\/forum-podatkovne-analitike\/partnerstvo\/","og_locale":"sl_SI","og_type":"article","og_title":"Partnerstvo - Forum podatkovne analitike","og_url":"https:\/\/www.planetgv.si\/forum-podatkovne-analitike\/partnerstvo\/","og_site_name":"Forum podatkovne analitike","article_modified_time":"2026-02-13T10:21:11+00:00","og_image":[{"width":1200,"height":630,"url":"https:\/\/www.planetgv.si\/wp-content\/uploads\/sites\/13\/2025\/03\/FPA26_OG-Image_1200x630px.png","type":"image\/png"}],"twitter_card":"summary_large_image","twitter_misc":{"Est. reading time":"3 minute"},"schema":{"@context":"https:\/\/schema.org","@graph":[{"@type":"WebPage","@id":"https:\/\/www.planetgv.si\/forum-podatkovne-analitike\/partnerstvo\/","url":"https:\/\/www.planetgv.si\/forum-podatkovne-analitike\/partnerstvo\/","name":"Partnerstvo - Forum podatkovne analitike","isPartOf":{"@id":"https:\/\/www.planetgv.si\/forum-podatkovne-analitike\/#website"},"primaryImageOfPage":{"@id":"https:\/\/www.planetgv.si\/forum-podatkovne-analitike\/partnerstvo\/#primaryimage"},"image":{"@id":"https:\/\/www.planetgv.si\/forum-podatkovne-analitike\/partnerstvo\/#primaryimage"},"thumbnailUrl":"https:\/\/www.planetgv.si\/wp-content\/uploads\/sites\/13\/2025\/03\/FPA26_OG-Image_1200x630px.png","datePublished":"2019-09-20T09:53:23+00:00","dateModified":"2026-02-13T10:21:11+00:00","breadcrumb":{"@id":"https:\/\/www.planetgv.si\/forum-podatkovne-analitike\/partnerstvo\/#breadcrumb"},"inLanguage":"sl-SI","potentialAction":[{"@type":"ReadAction","target":["https:\/\/www.planetgv.si\/forum-podatkovne-analitike\/partnerstvo\/"]}]},{"@type":"ImageObject","inLanguage":"sl-SI","@id":"https:\/\/www.planetgv.si\/forum-podatkovne-analitike\/partnerstvo\/#primaryimage","url":"https:\/\/www.planetgv.si\/wp-content\/uploads\/sites\/13\/2025\/03\/FPA26_OG-Image_1200x630px.png","contentUrl":"https:\/\/www.planetgv.si\/wp-content\/uploads\/sites\/13\/2025\/03\/FPA26_OG-Image_1200x630px.png","width":1200,"height":630},{"@type":"BreadcrumbList","@id":"https:\/\/www.planetgv.si\/forum-podatkovne-analitike\/partnerstvo\/#breadcrumb","itemListElement":[{"@type":"ListItem","position":1,"name":"Home","item":"https:\/\/www.planetgv.si\/forum-podatkovne-analitike\/homepage\/"},{"@type":"ListItem","position":2,"name":"Partnerstvo"}]},{"@type":"WebSite","@id":"https:\/\/www.planetgv.si\/forum-podatkovne-analitike\/#website","url":"https:\/\/www.planetgv.si\/forum-podatkovne-analitike\/","name":"Forum podatkovne analitike","description":"Forum podatkovne analitike","publisher":{"@id":"https:\/\/www.planetgv.si\/forum-podatkovne-analitike\/#organization"},"potentialAction":[{"@type":"SearchAction","target":{"@type":"EntryPoint","urlTemplate":"https:\/\/www.planetgv.si\/forum-podatkovne-analitike\/?s={search_term_string}"},"query-input":"required name=search_term_string"}],"inLanguage":"sl-SI"},{"@type":"Organization","@id":"https:\/\/www.planetgv.si\/forum-podatkovne-analitike\/#organization","name":"Forum podatkovne analitike","url":"https:\/\/www.planetgv.si\/forum-podatkovne-analitike\/","logo":{"@type":"ImageObject","inLanguage":"sl-SI","@id":"https:\/\/www.planetgv.si\/forum-podatkovne-analitike\/#\/schema\/logo\/image\/","url":"https:\/\/www.planetgv.si\/forum-podatkovne-analitike\/wp-content\/uploads\/sites\/13\/2020\/06\/FPA_logo_400_400.jpg","contentUrl":"https:\/\/www.planetgv.si\/forum-podatkovne-analitike\/wp-content\/uploads\/sites\/13\/2020\/06\/FPA_logo_400_400.jpg","width":400,"height":400,"caption":"Forum podatkovne analitike"},"image":{"@id":"https:\/\/www.planetgv.si\/forum-podatkovne-analitike\/#\/schema\/logo\/image\/"}}]}},"_links":{"self":[{"href":"https:\/\/www.planetgv.si\/forum-podatkovne-analitike\/wp-json\/wp\/v2\/pages\/1126"}],"collection":[{"href":"https:\/\/www.planetgv.si\/forum-podatkovne-analitike\/wp-json\/wp\/v2\/pages"}],"about":[{"href":"https:\/\/www.planetgv.si\/forum-podatkovne-analitike\/wp-json\/wp\/v2\/types\/page"}],"author":[{"embeddable":true,"href":"https:\/\/www.planetgv.si\/forum-podatkovne-analitike\/wp-json\/wp\/v2\/users\/1"}],"replies":[{"embeddable":true,"href":"https:\/\/www.planetgv.si\/forum-podatkovne-analitike\/wp-json\/wp\/v2\/comments?post=1126"}],"version-history":[{"count":8,"href":"https:\/\/www.planetgv.si\/forum-podatkovne-analitike\/wp-json\/wp\/v2\/pages\/1126\/revisions"}],"predecessor-version":[{"id":5102,"href":"https:\/\/www.planetgv.si\/forum-podatkovne-analitike\/wp-json\/wp\/v2\/pages\/1126\/revisions\/5102"}],"wp:featuredmedia":[{"embeddable":true,"href":"https:\/\/www.planetgv.si\/forum-podatkovne-analitike\/wp-json\/wp\/v2\/media\/4579"}],"wp:attachment":[{"href":"https:\/\/www.planetgv.si\/forum-podatkovne-analitike\/wp-json\/wp\/v2\/media?parent=1126"}],"curies":[{"name":"wp","href":"https:\/\/api.w.org\/{rel}","templated":true}]}}