{"id":220,"date":"2024-05-24T13:27:05","date_gmt":"2024-05-24T12:27:05","guid":{"rendered":"https:\/\/www.planetgv.si\/spdn\/?page_id=220"},"modified":"2025-08-01T10:57:59","modified_gmt":"2025-08-01T09:57:59","slug":"prijava","status":"publish","type":"page","link":"https:\/\/www.planetgv.si\/datainfo\/prijava\/","title":{"rendered":"Prijava"},"content":{"rendered":"<div id='av_section_1'  class='avia-section av-lv3m-5603ab1c7ab93be6bafbb719ae656bbc main_color avia-section-large avia-no-border-styling  avia-builder-el-0  el_before_av_section  avia-builder-el-first  banner avia-bg-style-scroll av-minimum-height av-minimum-height-25 av-height-25  container_wrap fullsize'   data-av_minimum_height_pc='25' data-av_min_height_opt='25'><div class='container av-section-cont-open' ><main  role=\"main\" itemprop=\"mainContentOfPage\"  class='template-page content  av-content-full alpha units'><div class='post-entry post-entry-type-page post-entry-220'><div class='entry-content-wrapper clearfix'>\n\n<style type=\"text\/css\" data-created_by=\"avia_inline_auto\" id=\"style-css-av-23ru-7ef61b0891ec58b174515093af5ef491\">\n.flex_column.av-23ru-7ef61b0891ec58b174515093af5ef491{\nborder-radius:0px 0px 0px 0px;\npadding:0px 0px 0px 0px;\n}\n<\/style>\n<div  class='flex_column av-23ru-7ef61b0891ec58b174515093af5ef491 av_one_full  avia-builder-el-1  avia-builder-el-no-sibling  first flex_column_div av-zero-column-padding  '     ><section  class='av_textblock_section av-jxk287n1-daf6901d14470a303e5a4d6391051a5d '   itemscope=\"itemscope\" itemtype=\"https:\/\/schema.org\/CreativeWork\" ><div class='avia_textblock ow-text-light'  itemprop=\"text\" ><h1>Prijavite se<\/h1>\n<\/div><\/section><\/div>\n\n<\/div><\/div><\/main><!-- close content main element --><\/div><\/div><div id='av_section_2'  class='avia-section av-jxn7q2om-ee6715b1d591b03e220726f501c12e41 main_color avia-section-default avia-no-border-styling  avia-builder-el-3  el_after_av_section  avia-builder-el-last  ow-text-light p-100 ow-bg-dark avia-bg-style-scroll container_wrap fullsize'  ><div class='container av-section-cont-open' ><div class='template-page content  av-content-full alpha units'><div class='post-entry post-entry-type-page post-entry-220'><div class='entry-content-wrapper clearfix'>\n<section  class='av_textblock_section av-jxn7kr0g-429cb46c7933956a8666a04b4d847184 '   itemscope=\"itemscope\" itemtype=\"https:\/\/schema.org\/CreativeWork\" ><div class='avia_textblock'  itemprop=\"text\" ><h4 style=\"text-align: center\">Letni seminar: Varstvo osebnih podatkov in informacijska varnost bo potekal hibridno. Na dogodku se nam lahko pridru\u017eite v \u017eivo 21. oktobra 2025 v Kristalni pala\u010di BTC, Ljubljana, ponujamo pa vam tudi mo\u017enost, da dogodek spremljate prek spleta.<\/h4>\n<\/div><\/section>\n<section  class='av_textblock_section av-jxn7kr0g-4-ec73a7e17ff38f35ff69f7051968806d '   itemscope=\"itemscope\" itemtype=\"https:\/\/schema.org\/CreativeWork\" ><div class='avia_textblock'  itemprop=\"text\" ><div class=\"disabled-tickets\" style=\"text-align:center;\"><p><p>Prijava trenutno ni mogo\u010da.<\/p>\n<\/p><\/div>\n<\/div><\/section>\n<section  class='av_textblock_section av-mdsncf2v-4236e25853aa9cf7978f6499978e85c1 '   itemscope=\"itemscope\" itemtype=\"https:\/\/schema.org\/CreativeWork\" ><div class='avia_textblock'  itemprop=\"text\" ><p style=\"text-align: center\">Nepla\u010dilo ali neudele\u017eba ne pomeni avtomatske odjave. Vse ostale pogoje prijave si lahko ogledate v <a href=\"https:\/\/www.planetgv.si\/splosni-pogoji\/\">Splo\u0161nih pogojih<\/a>.<\/p>\n<p style=\"text-align: center\">Komentarje lahko zapi\u0161ete v opombe. Dodatne informacije ali pomo\u010d pri prijavi: 080\u202f33\u202f44 | <a href=\"mailto:prijave@planetgv.si\">prijave@planetgv.si<\/a><\/p>\n<\/div><\/section>\n\n","protected":false},"excerpt":{"rendered":"","protected":false},"author":1,"featured_media":3115,"parent":0,"menu_order":0,"comment_status":"closed","ping_status":"closed","template":"","meta":{"footnotes":""},"acf":[],"yoast_head":"<!-- This site is optimized with the Yoast SEO plugin v22.6 - https:\/\/yoast.com\/wordpress\/plugins\/seo\/ -->\n<title>Prijava<\/title>\n<meta name=\"description\" content=\"Prijavite se \u0161e danes in si rezervirajte mesto na seminarju.\" \/>\n<meta name=\"robots\" content=\"index, follow, max-snippet:-1, max-image-preview:large, max-video-preview:-1\" \/>\n<link rel=\"canonical\" href=\"https:\/\/www.planetgv.si\/datainfo\/prijava\/\" \/>\n<meta property=\"og:locale\" content=\"sl_SI\" \/>\n<meta property=\"og:type\" content=\"article\" \/>\n<meta property=\"og:title\" content=\"Prijava\" \/>\n<meta property=\"og:description\" content=\"Prijavite se \u0161e danes in si rezervirajte mesto na seminarju.\" \/>\n<meta property=\"og:url\" content=\"https:\/\/www.planetgv.si\/datainfo\/prijava\/\" \/>\n<meta property=\"og:site_name\" content=\"Varstvo osebnih podatkov in informacijska varnost\" \/>\n<meta property=\"article:modified_time\" content=\"2025-08-01T09:57:59+00:00\" \/>\n<meta property=\"og:image\" content=\"https:\/\/www.planetgv.si\/datainfo\/wp-content\/uploads\/sites\/17\/2025\/08\/letni-seminar-OG-2025.png\" \/>\n\t<meta property=\"og:image:width\" content=\"1200\" \/>\n\t<meta property=\"og:image:height\" content=\"630\" \/>\n\t<meta property=\"og:image:type\" content=\"image\/png\" \/>\n<meta name=\"twitter:card\" content=\"summary_large_image\" \/>\n<meta name=\"twitter:label1\" content=\"Est. reading time\" \/>\n\t<meta name=\"twitter:data1\" content=\"1 minuta\" \/>\n<script type=\"application\/ld+json\" class=\"yoast-schema-graph\">{\"@context\":\"https:\/\/schema.org\",\"@graph\":[{\"@type\":\"WebPage\",\"@id\":\"https:\/\/www.planetgv.si\/datainfo\/prijava\/\",\"url\":\"https:\/\/www.planetgv.si\/datainfo\/prijava\/\",\"name\":\"Prijava\",\"isPartOf\":{\"@id\":\"https:\/\/www.planetgv.si\/datainfo\/#website\"},\"primaryImageOfPage\":{\"@id\":\"https:\/\/www.planetgv.si\/datainfo\/prijava\/#primaryimage\"},\"image\":{\"@id\":\"https:\/\/www.planetgv.si\/datainfo\/prijava\/#primaryimage\"},\"thumbnailUrl\":\"https:\/\/www.planetgv.si\/wp-content\/uploads\/sites\/17\/2025\/08\/letni-seminar-OG-2025.png\",\"datePublished\":\"2024-05-24T12:27:05+00:00\",\"dateModified\":\"2025-08-01T09:57:59+00:00\",\"description\":\"Prijavite se \u0161e danes in si rezervirajte mesto na seminarju.\",\"breadcrumb\":{\"@id\":\"https:\/\/www.planetgv.si\/datainfo\/prijava\/#breadcrumb\"},\"inLanguage\":\"sl-SI\",\"potentialAction\":[{\"@type\":\"ReadAction\",\"target\":[\"https:\/\/www.planetgv.si\/datainfo\/prijava\/\"]}]},{\"@type\":\"ImageObject\",\"inLanguage\":\"sl-SI\",\"@id\":\"https:\/\/www.planetgv.si\/datainfo\/prijava\/#primaryimage\",\"url\":\"https:\/\/www.planetgv.si\/wp-content\/uploads\/sites\/17\/2025\/08\/letni-seminar-OG-2025.png\",\"contentUrl\":\"https:\/\/www.planetgv.si\/wp-content\/uploads\/sites\/17\/2025\/08\/letni-seminar-OG-2025.png\",\"width\":1200,\"height\":630},{\"@type\":\"BreadcrumbList\",\"@id\":\"https:\/\/www.planetgv.si\/datainfo\/prijava\/#breadcrumb\",\"itemListElement\":[{\"@type\":\"ListItem\",\"position\":1,\"name\":\"Home\",\"item\":\"https:\/\/www.planetgv.si\/datainfo\/homepage\/\"},{\"@type\":\"ListItem\",\"position\":2,\"name\":\"Prijava\"}]},{\"@type\":\"WebSite\",\"@id\":\"https:\/\/www.planetgv.si\/datainfo\/#website\",\"url\":\"https:\/\/www.planetgv.si\/datainfo\/\",\"name\":\"Forum informacijske varnosti in varstva osebnih podatkov\",\"description\":\"Varstvo osebnih podatkov in informacijska varnost\",\"publisher\":{\"@id\":\"https:\/\/www.planetgv.si\/datainfo\/#organization\"},\"potentialAction\":[{\"@type\":\"SearchAction\",\"target\":{\"@type\":\"EntryPoint\",\"urlTemplate\":\"https:\/\/www.planetgv.si\/datainfo\/?s={search_term_string}\"},\"query-input\":\"required name=search_term_string\"}],\"inLanguage\":\"sl-SI\"},{\"@type\":\"Organization\",\"@id\":\"https:\/\/www.planetgv.si\/datainfo\/#organization\",\"name\":\"Forum informacijske varnosti in varstva osebnih podatkov\",\"url\":\"https:\/\/www.planetgv.si\/datainfo\/\",\"logo\":{\"@type\":\"ImageObject\",\"inLanguage\":\"sl-SI\",\"@id\":\"https:\/\/www.planetgv.si\/datainfo\/#\/schema\/logo\/image\/\",\"url\":\"https:\/\/www.planetgv.si\/forum-informacijske-varnosti-in-varstva-osebnih-podatkov\/wp-content\/uploads\/sites\/17\/2020\/02\/PlanetGV_210_113_1.png\",\"contentUrl\":\"https:\/\/www.planetgv.si\/forum-informacijske-varnosti-in-varstva-osebnih-podatkov\/wp-content\/uploads\/sites\/17\/2020\/02\/PlanetGV_210_113_1.png\",\"width\":210,\"height\":113,\"caption\":\"Forum informacijske varnosti in varstva osebnih podatkov\"},\"image\":{\"@id\":\"https:\/\/www.planetgv.si\/datainfo\/#\/schema\/logo\/image\/\"}}]}<\/script>\n<!-- \/ Yoast SEO plugin. -->","yoast_head_json":{"title":"Prijava","description":"Prijavite se \u0161e danes in si rezervirajte mesto na seminarju.","robots":{"index":"index","follow":"follow","max-snippet":"max-snippet:-1","max-image-preview":"max-image-preview:large","max-video-preview":"max-video-preview:-1"},"canonical":"https:\/\/www.planetgv.si\/datainfo\/prijava\/","og_locale":"sl_SI","og_type":"article","og_title":"Prijava","og_description":"Prijavite se \u0161e danes in si rezervirajte mesto na seminarju.","og_url":"https:\/\/www.planetgv.si\/datainfo\/prijava\/","og_site_name":"Varstvo osebnih podatkov in informacijska varnost","article_modified_time":"2025-08-01T09:57:59+00:00","og_image":[{"width":1200,"height":630,"url":"https:\/\/www.planetgv.si\/datainfo\/wp-content\/uploads\/sites\/17\/2025\/08\/letni-seminar-OG-2025.png","type":"image\/png"}],"twitter_card":"summary_large_image","twitter_misc":{"Est. reading time":"1 minuta"},"schema":{"@context":"https:\/\/schema.org","@graph":[{"@type":"WebPage","@id":"https:\/\/www.planetgv.si\/datainfo\/prijava\/","url":"https:\/\/www.planetgv.si\/datainfo\/prijava\/","name":"Prijava","isPartOf":{"@id":"https:\/\/www.planetgv.si\/datainfo\/#website"},"primaryImageOfPage":{"@id":"https:\/\/www.planetgv.si\/datainfo\/prijava\/#primaryimage"},"image":{"@id":"https:\/\/www.planetgv.si\/datainfo\/prijava\/#primaryimage"},"thumbnailUrl":"https:\/\/www.planetgv.si\/wp-content\/uploads\/sites\/17\/2025\/08\/letni-seminar-OG-2025.png","datePublished":"2024-05-24T12:27:05+00:00","dateModified":"2025-08-01T09:57:59+00:00","description":"Prijavite se \u0161e danes in si rezervirajte mesto na seminarju.","breadcrumb":{"@id":"https:\/\/www.planetgv.si\/datainfo\/prijava\/#breadcrumb"},"inLanguage":"sl-SI","potentialAction":[{"@type":"ReadAction","target":["https:\/\/www.planetgv.si\/datainfo\/prijava\/"]}]},{"@type":"ImageObject","inLanguage":"sl-SI","@id":"https:\/\/www.planetgv.si\/datainfo\/prijava\/#primaryimage","url":"https:\/\/www.planetgv.si\/wp-content\/uploads\/sites\/17\/2025\/08\/letni-seminar-OG-2025.png","contentUrl":"https:\/\/www.planetgv.si\/wp-content\/uploads\/sites\/17\/2025\/08\/letni-seminar-OG-2025.png","width":1200,"height":630},{"@type":"BreadcrumbList","@id":"https:\/\/www.planetgv.si\/datainfo\/prijava\/#breadcrumb","itemListElement":[{"@type":"ListItem","position":1,"name":"Home","item":"https:\/\/www.planetgv.si\/datainfo\/homepage\/"},{"@type":"ListItem","position":2,"name":"Prijava"}]},{"@type":"WebSite","@id":"https:\/\/www.planetgv.si\/datainfo\/#website","url":"https:\/\/www.planetgv.si\/datainfo\/","name":"Forum informacijske varnosti in varstva osebnih podatkov","description":"Varstvo osebnih podatkov in informacijska varnost","publisher":{"@id":"https:\/\/www.planetgv.si\/datainfo\/#organization"},"potentialAction":[{"@type":"SearchAction","target":{"@type":"EntryPoint","urlTemplate":"https:\/\/www.planetgv.si\/datainfo\/?s={search_term_string}"},"query-input":"required name=search_term_string"}],"inLanguage":"sl-SI"},{"@type":"Organization","@id":"https:\/\/www.planetgv.si\/datainfo\/#organization","name":"Forum informacijske varnosti in varstva osebnih podatkov","url":"https:\/\/www.planetgv.si\/datainfo\/","logo":{"@type":"ImageObject","inLanguage":"sl-SI","@id":"https:\/\/www.planetgv.si\/datainfo\/#\/schema\/logo\/image\/","url":"https:\/\/www.planetgv.si\/forum-informacijske-varnosti-in-varstva-osebnih-podatkov\/wp-content\/uploads\/sites\/17\/2020\/02\/PlanetGV_210_113_1.png","contentUrl":"https:\/\/www.planetgv.si\/forum-informacijske-varnosti-in-varstva-osebnih-podatkov\/wp-content\/uploads\/sites\/17\/2020\/02\/PlanetGV_210_113_1.png","width":210,"height":113,"caption":"Forum informacijske varnosti in varstva osebnih podatkov"},"image":{"@id":"https:\/\/www.planetgv.si\/datainfo\/#\/schema\/logo\/image\/"}}]}},"_links":{"self":[{"href":"https:\/\/www.planetgv.si\/datainfo\/wp-json\/wp\/v2\/pages\/220"}],"collection":[{"href":"https:\/\/www.planetgv.si\/datainfo\/wp-json\/wp\/v2\/pages"}],"about":[{"href":"https:\/\/www.planetgv.si\/datainfo\/wp-json\/wp\/v2\/types\/page"}],"author":[{"embeddable":true,"href":"https:\/\/www.planetgv.si\/datainfo\/wp-json\/wp\/v2\/users\/1"}],"replies":[{"embeddable":true,"href":"https:\/\/www.planetgv.si\/datainfo\/wp-json\/wp\/v2\/comments?post=220"}],"version-history":[{"count":4,"href":"https:\/\/www.planetgv.si\/datainfo\/wp-json\/wp\/v2\/pages\/220\/revisions"}],"predecessor-version":[{"id":3188,"href":"https:\/\/www.planetgv.si\/datainfo\/wp-json\/wp\/v2\/pages\/220\/revisions\/3188"}],"wp:featuredmedia":[{"embeddable":true,"href":"https:\/\/www.planetgv.si\/datainfo\/wp-json\/wp\/v2\/media\/3115"}],"wp:attachment":[{"href":"https:\/\/www.planetgv.si\/datainfo\/wp-json\/wp\/v2\/media?parent=220"}],"curies":[{"name":"wp","href":"https:\/\/api.w.org\/{rel}","templated":true}]}}