{"id":220,"date":"2019-07-03T13:27:05","date_gmt":"2019-07-03T12:27:05","guid":{"rendered":"https:\/\/test.www.planetgv.si\/?page_id=220"},"modified":"2026-02-11T15:57:36","modified_gmt":"2026-02-11T14:57:36","slug":"prijava","status":"publish","type":"page","link":"https:\/\/www.planetgv.si\/backup-page\/","title":{"rendered":"Prijava"},"content":{"rendered":"<div id='av_section_1'  class='avia-section av-lv3m-5603ab1c7ab93be6bafbb719ae656bbc main_color avia-section-large avia-no-border-styling  avia-builder-el-0  el_before_av_section  avia-builder-el-first  banner avia-bg-style-scroll av-minimum-height av-minimum-height-25 av-height-25  container_wrap fullsize'   data-av_minimum_height_pc='25' data-av_min_height_opt='25'><div class='container av-section-cont-open' ><main  role=\"main\" itemprop=\"mainContentOfPage\"  class='template-page content  av-content-full alpha units'><div class='post-entry post-entry-type-page post-entry-220'><div class='entry-content-wrapper clearfix'>\n\n<style type=\"text\/css\" data-created_by=\"avia_inline_auto\" id=\"style-css-av-23ru-7ef61b0891ec58b174515093af5ef491\">\n.flex_column.av-23ru-7ef61b0891ec58b174515093af5ef491{\nborder-radius:0px 0px 0px 0px;\npadding:0px 0px 0px 0px;\n}\n<\/style>\n<div  class='flex_column av-23ru-7ef61b0891ec58b174515093af5ef491 av_one_full  avia-builder-el-1  avia-builder-el-no-sibling  first flex_column_div av-zero-column-padding  '     ><section  class='av_textblock_section av-jxk287n1-1c4c13aca62400cd0d7946742bac5086 '   itemscope=\"itemscope\" itemtype=\"https:\/\/schema.org\/CreativeWork\" ><div class='avia_textblock ow-text-light'  itemprop=\"text\" ><h1 style=\"text-align: center\">Nakup vstopnice<\/h1>\n<\/div><\/section><\/div>\n\n<\/div><\/div><\/main><!-- close content main element --><\/div><\/div><div id='av_section_2'  class='avia-section av-bu24s-eb50de5f73538f9d154ccb98cc4dc629 main_color avia-section-default avia-no-border-styling  avia-builder-el-3  el_after_av_section  avia-builder-el-last  avia-bg-style-scroll container_wrap fullsize'  ><div class='container av-section-cont-open' ><div class='template-page content  av-content-full alpha units'><div class='post-entry post-entry-type-page post-entry-220'><div class='entry-content-wrapper clearfix'>\n<section  class='av_textblock_section av-mli5ie1b-caeef2c2ef3eeb77633aab349e85b37e '   itemscope=\"itemscope\" itemtype=\"https:\/\/schema.org\/CreativeWork\" ><div class='avia_textblock'  itemprop=\"text\" ><p style=\"text-align: center\">Administracijo prijav in izdajo ra\u010dunov za dogodek vodi organizator Planet GV d.o.o.<\/p>\n<\/div><\/section>\n<section  class='av_textblock_section av-jxn7kr0g-9-0ea1f9be69ffa1d3885a9ea386b7dfd0 '   itemscope=\"itemscope\" itemtype=\"https:\/\/schema.org\/CreativeWork\" ><div class='avia_textblock'  itemprop=\"text\" ><div class=\"ow-prices-wrap\"><div class=\"ow-single-price\"><div class=\"ow-single-price-content ow-bg-light ow-text-body\"><div class=\"ow-single-price-header text-center ow-bg-color\"><h3 class=\"ow-text-light\">Vstopnica MEN-TAL 2026<\/h3><\/div><div class=\"ow-single-price-text\"><p>Pridru\u017eite se nam na konferenci MEN-TAL 2026 v \u017eivo.<\/p>\n<p>Cena ne vklju\u010duje DDV; ta bo obra\u010dunan ob zaklju\u010dku pla\u010dila.<\/p>\n<\/div><div class=\"ow-single-price-footer\"><div class=\"ow-price-wrap text-center\" data-early = \"0\"><span class=\"ow-regular-price\">99&euro;<\/span><\/div><div class=\"ow-text-light\"><div  class='avia-button-wrap av-av_button-0a1e2b26781465031238aa15748e06a4-wrap avia-button-center '><a href='https:\/\/www.planetgv.si\/backup-page\/checkout\/?add-to-cart=1355&variation_id=1357&quantity=1&attr-type=tip-prijave'  class='avia-button av-av_button-0a1e2b26781465031238aa15748e06a4 av-link-btn avia-icon_select-yes-left-icon avia-size-large avia-position-center avia-color-pink'   aria-label=\"I would like to register\"><span class='avia_button_icon avia_button_icon_left avia-svg-icon avia-font-svg_entypo-fontello' data-av_svg_icon='' data-av_iconset='svg_entypo-fontello'><\/span><span class='avia_iconbox_title' >I would like to register<\/span><\/a><\/div><\/div><\/div><\/div><\/div><div class=\"ow-single-price\"><div class=\"ow-single-price-content ow-bg-light ow-text-body\"><div class=\"ow-single-price-header text-center ow-bg-color\"><h3 class=\"ow-text-light\">Vstopnica MEN-TAL 2026 z dodatno donacijo<\/h3><\/div><div class=\"ow-single-price-text\"><p>Pridru\u017eite se nam na konferenci MEN-TAL 2026 v \u017eivo.<\/p>\n<p>Kotizacija vklju\u010duje tudi <strong>dodatni dobrodelni prispevek<\/strong>.<\/p>\n<p>Cena ne vklju\u010duje DDV; ta bo obra\u010dunan ob zaklju\u010dku pla\u010dila.<\/p>\n<\/div><div class=\"ow-single-price-footer\"><div class=\"ow-price-wrap text-center\" data-early = \"0\"><span class=\"ow-regular-price\">129&euro;<\/span><\/div><div class=\"ow-text-light\"><div  class='avia-button-wrap av-av_button-ab1bc53786dfa00ff307fe8091a44350-wrap avia-button-center '><a href='https:\/\/www.planetgv.si\/backup-page\/checkout\/?add-to-cart=1355&variation_id=1356&quantity=1&attr-type=tip-prijave'  class='avia-button av-av_button-ab1bc53786dfa00ff307fe8091a44350 av-link-btn avia-icon_select-yes-left-icon avia-size-large avia-position-center avia-color-pink'   aria-label=\"I would like to register\"><span class='avia_button_icon avia_button_icon_left avia-svg-icon avia-font-svg_entypo-fontello' data-av_svg_icon='' data-av_iconset='svg_entypo-fontello'><\/span><span class='avia_iconbox_title' >I would like to register<\/span><\/a><\/div><\/div><\/div><\/div><\/div><\/div>\n<\/div><\/section>\n\n","protected":false},"excerpt":{"rendered":"","protected":false},"author":1,"featured_media":0,"parent":0,"menu_order":0,"comment_status":"closed","ping_status":"closed","template":"","meta":{"footnotes":""},"acf":[],"yoast_head":"<!-- This site is optimized with the Yoast SEO plugin v22.6 - https:\/\/yoast.com\/wordpress\/plugins\/seo\/ -->\n<title>Prijava - 1. SLOVENSKA MEN-TAL KONFERENCA<\/title>\n<meta name=\"robots\" content=\"noindex, follow, max-snippet:-1, max-image-preview:large, max-video-preview:-1\" \/>\n<meta property=\"og:locale\" content=\"en_US\" \/>\n<meta property=\"og:type\" content=\"article\" \/>\n<meta property=\"og:title\" content=\"Prijava - 1. SLOVENSKA MEN-TAL KONFERENCA\" \/>\n<meta property=\"og:url\" content=\"https:\/\/www.planetgv.si\/backup-page\/\" \/>\n<meta property=\"og:site_name\" content=\"1. SLOVENSKA MEN-TAL KONFERENCA\" \/>\n<meta property=\"article:modified_time\" content=\"2026-02-11T14:57:36+00:00\" \/>\n<meta name=\"twitter:card\" content=\"summary_large_image\" \/>\n<meta name=\"twitter:label1\" content=\"Est. reading time\" \/>\n\t<meta name=\"twitter:data1\" content=\"1 minute\" \/>\n<script type=\"application\/ld+json\" class=\"yoast-schema-graph\">{\"@context\":\"https:\/\/schema.org\",\"@graph\":[{\"@type\":\"WebPage\",\"@id\":\"https:\/\/www.planetgv.si\/backup-page\/\",\"url\":\"https:\/\/www.planetgv.si\/backup-page\/\",\"name\":\"Prijava - 1. SLOVENSKA MEN-TAL KONFERENCA\",\"isPartOf\":{\"@id\":\"https:\/\/www.planetgv.si\/backup-page\/#website\"},\"datePublished\":\"2019-07-03T12:27:05+00:00\",\"dateModified\":\"2026-02-11T14:57:36+00:00\",\"breadcrumb\":{\"@id\":\"https:\/\/www.planetgv.si\/backup-page\/#breadcrumb\"},\"inLanguage\":\"en-US\",\"potentialAction\":[{\"@type\":\"ReadAction\",\"target\":[\"https:\/\/www.planetgv.si\/backup-page\/\"]}]},{\"@type\":\"BreadcrumbList\",\"@id\":\"https:\/\/www.planetgv.si\/backup-page\/#breadcrumb\",\"itemListElement\":[{\"@type\":\"ListItem\",\"position\":1,\"name\":\"Home\",\"item\":\"https:\/\/www.planetgv.si\/backup-page\/\"},{\"@type\":\"ListItem\",\"position\":2,\"name\":\"Prijava\"}]},{\"@type\":\"WebSite\",\"@id\":\"https:\/\/www.planetgv.si\/backup-page\/#website\",\"url\":\"https:\/\/www.planetgv.si\/backup-page\/\",\"name\":\"1. SLOVENSKA MEN-TAL KONFERENCA\",\"description\":\"\",\"potentialAction\":[{\"@type\":\"SearchAction\",\"target\":{\"@type\":\"EntryPoint\",\"urlTemplate\":\"https:\/\/www.planetgv.si\/backup-page\/?s={search_term_string}\"},\"query-input\":\"required name=search_term_string\"}],\"inLanguage\":\"en-US\"}]}<\/script>\n<!-- \/ Yoast SEO plugin. -->","yoast_head_json":{"title":"Prijava - 1. SLOVENSKA MEN-TAL KONFERENCA","robots":{"index":"noindex","follow":"follow","max-snippet":"max-snippet:-1","max-image-preview":"max-image-preview:large","max-video-preview":"max-video-preview:-1"},"og_locale":"en_US","og_type":"article","og_title":"Prijava - 1. SLOVENSKA MEN-TAL KONFERENCA","og_url":"https:\/\/www.planetgv.si\/backup-page\/","og_site_name":"1. SLOVENSKA MEN-TAL KONFERENCA","article_modified_time":"2026-02-11T14:57:36+00:00","twitter_card":"summary_large_image","twitter_misc":{"Est. reading time":"1 minute"},"schema":{"@context":"https:\/\/schema.org","@graph":[{"@type":"WebPage","@id":"https:\/\/www.planetgv.si\/backup-page\/","url":"https:\/\/www.planetgv.si\/backup-page\/","name":"Prijava - 1. SLOVENSKA MEN-TAL KONFERENCA","isPartOf":{"@id":"https:\/\/www.planetgv.si\/backup-page\/#website"},"datePublished":"2019-07-03T12:27:05+00:00","dateModified":"2026-02-11T14:57:36+00:00","breadcrumb":{"@id":"https:\/\/www.planetgv.si\/backup-page\/#breadcrumb"},"inLanguage":"en-US","potentialAction":[{"@type":"ReadAction","target":["https:\/\/www.planetgv.si\/backup-page\/"]}]},{"@type":"BreadcrumbList","@id":"https:\/\/www.planetgv.si\/backup-page\/#breadcrumb","itemListElement":[{"@type":"ListItem","position":1,"name":"Home","item":"https:\/\/www.planetgv.si\/backup-page\/"},{"@type":"ListItem","position":2,"name":"Prijava"}]},{"@type":"WebSite","@id":"https:\/\/www.planetgv.si\/backup-page\/#website","url":"https:\/\/www.planetgv.si\/backup-page\/","name":"1. SLOVENSKA MEN-TAL KONFERENCA","description":"","potentialAction":[{"@type":"SearchAction","target":{"@type":"EntryPoint","urlTemplate":"https:\/\/www.planetgv.si\/backup-page\/?s={search_term_string}"},"query-input":"required name=search_term_string"}],"inLanguage":"en-US"}]}},"_links":{"self":[{"href":"https:\/\/www.planetgv.si\/backup-page\/wp-json\/wp\/v2\/pages\/220"}],"collection":[{"href":"https:\/\/www.planetgv.si\/backup-page\/wp-json\/wp\/v2\/pages"}],"about":[{"href":"https:\/\/www.planetgv.si\/backup-page\/wp-json\/wp\/v2\/types\/page"}],"author":[{"embeddable":true,"href":"https:\/\/www.planetgv.si\/backup-page\/wp-json\/wp\/v2\/users\/1"}],"replies":[{"embeddable":true,"href":"https:\/\/www.planetgv.si\/backup-page\/wp-json\/wp\/v2\/comments?post=220"}],"version-history":[{"count":19,"href":"https:\/\/www.planetgv.si\/backup-page\/wp-json\/wp\/v2\/pages\/220\/revisions"}],"predecessor-version":[{"id":1527,"href":"https:\/\/www.planetgv.si\/backup-page\/wp-json\/wp\/v2\/pages\/220\/revisions\/1527"}],"wp:attachment":[{"href":"https:\/\/www.planetgv.si\/backup-page\/wp-json\/wp\/v2\/media?parent=220"}],"curies":[{"name":"wp","href":"https:\/\/api.w.org\/{rel}","templated":true}]}}